{"id":8062,"date":"2020-10-28T19:56:34","date_gmt":"2020-10-28T18:56:34","guid":{"rendered":"https:\/\/akasel.com\/library\/"},"modified":"2025-09-26T07:55:19","modified_gmt":"2025-09-26T05:55:19","slug":"bibliotek","status":"publish","type":"page","link":"https:\/\/akasel.com\/se\/bibliotek\/","title":{"rendered":"Bibliotek"},"content":{"rendered":"<p>H\u00e4r hittar du dokumentation om v\u00e5ra produkter.<\/p>\n<p>Anv\u00e4ndarguider \u00e4r manualer som beskriver hur du anv\u00e4nder v\u00e5ra produkter p\u00e5 r\u00e4tt s\u00e4tt.<\/p>\n<p>Produktbroschyrer beskriver enskilda produkter eller produktgrupper.<\/p>\n<p>Faktablad ger detaljerade beskrivningar av utvalda produkter.<\/p>\n<p>F\u00f6rbrukningskatalogen inneh\u00e5ller alla v\u00e5ra produkter tillsammans med detaljerade beskrivningar och till\u00e4mpningsrekommendationer.<\/p>\n<p>H\u00e5llbarhet f\u00f6r Akasel-f\u00f6rbrukningsmaterial ger viktig information om korrekt f\u00f6rvaring och hur du bevarar produktkvaliteten \u00f6ver tid. Mer information finns i <a href=\"https:\/\/akasel.com\/se\/wp-content\/uploads\/sites\/5\/2025\/01\/hallbarhet-for-akasel-forbrukningsmaterial-se.pdf\">H\u00e5llbarhet f\u00f6r Akasel-f\u00f6rbrukningsmaterial<\/a>.<\/p>\n","protected":false},"excerpt":{"rendered":"<p>H\u00e4r hittar du dokumentation om v\u00e5ra produkter. Anv\u00e4ndarguider \u00e4r manualer som beskriver hur du anv\u00e4nder v\u00e5ra produkter p\u00e5 r\u00e4tt s\u00e4tt&#8230;.<\/p>\n","protected":false},"author":1,"featured_media":0,"parent":0,"menu_order":0,"comment_status":"closed","ping_status":"open","template":"","meta":{"footnotes":""},"class_list":["post-8062","page","type-page","status-publish","hentry"],"acf":[],"yoast_head":"<!-- This site is optimized with the Yoast SEO plugin v21.7 - https:\/\/yoast.com\/wordpress\/plugins\/seo\/ -->\n<title>Bibliotek | Anv\u00e4ndarhandb\u00f6cker &amp; Produktbroschyrer | AKASEL A\/S<\/title>\n<meta name=\"description\" content=\"Hitta information om Akasels metallografiska produkter. Tillg\u00e5ng till anv\u00e4ndarhandb\u00f6cker, produktbroschyrer och faktablad.\" \/>\n<meta name=\"robots\" content=\"index, follow, max-snippet:-1, max-image-preview:large, max-video-preview:-1\" \/>\n<link rel=\"canonical\" href=\"https:\/\/akasel.com\/se\/bibliotek\/\" \/>\n<meta property=\"og:locale\" content=\"sv_SE\" \/>\n<meta property=\"og:type\" content=\"article\" \/>\n<meta property=\"og:title\" content=\"Bibliotek | Anv\u00e4ndarhandb\u00f6cker &amp; Produktbroschyrer | AKASEL A\/S\" \/>\n<meta property=\"og:description\" content=\"Hitta information om Akasels metallografiska produkter. Tillg\u00e5ng till anv\u00e4ndarhandb\u00f6cker, produktbroschyrer och faktablad.\" \/>\n<meta property=\"og:url\" content=\"https:\/\/akasel.com\/se\/bibliotek\/\" \/>\n<meta property=\"og:site_name\" content=\"AKASEL A\/S\" \/>\n<meta property=\"article:modified_time\" content=\"2025-09-26T05:55:19+00:00\" \/>\n<meta name=\"twitter:card\" content=\"summary_large_image\" \/>\n<meta name=\"twitter:label1\" content=\"Ber\u00e4knad l\u00e4stid\" \/>\n\t<meta name=\"twitter:data1\" content=\"1 minut\" \/>\n<!-- \/ Yoast SEO plugin. -->","yoast_head_json":{"title":"Bibliotek | Anv\u00e4ndarhandb\u00f6cker & Produktbroschyrer | AKASEL A\/S","description":"Hitta information om Akasels metallografiska produkter. Tillg\u00e5ng till anv\u00e4ndarhandb\u00f6cker, produktbroschyrer och faktablad.","robots":{"index":"index","follow":"follow","max-snippet":"max-snippet:-1","max-image-preview":"max-image-preview:large","max-video-preview":"max-video-preview:-1"},"canonical":"https:\/\/akasel.com\/se\/bibliotek\/","og_locale":"sv_SE","og_type":"article","og_title":"Bibliotek | Anv\u00e4ndarhandb\u00f6cker & Produktbroschyrer | AKASEL A\/S","og_description":"Hitta information om Akasels metallografiska produkter. Tillg\u00e5ng till anv\u00e4ndarhandb\u00f6cker, produktbroschyrer och faktablad.","og_url":"https:\/\/akasel.com\/se\/bibliotek\/","og_site_name":"AKASEL A\/S","article_modified_time":"2025-09-26T05:55:19+00:00","twitter_card":"summary_large_image","twitter_misc":{"Ber\u00e4knad l\u00e4stid":"1 minut"},"schema":{"@context":"https:\/\/schema.org","@graph":[{"@type":"WebPage","@id":"https:\/\/akasel.com\/se\/bibliotek\/","url":"https:\/\/akasel.com\/se\/bibliotek\/","name":"Bibliotek | Anv\u00e4ndarhandb\u00f6cker & Produktbroschyrer | AKASEL A\/S","isPartOf":{"@id":"https:\/\/akasel.com\/se\/#website"},"datePublished":"2020-10-28T18:56:34+00:00","dateModified":"2025-09-26T05:55:19+00:00","description":"Hitta information om Akasels metallografiska produkter. Tillg\u00e5ng till anv\u00e4ndarhandb\u00f6cker, produktbroschyrer och faktablad.","breadcrumb":{"@id":"https:\/\/akasel.com\/se\/bibliotek\/#breadcrumb"},"inLanguage":"sv-SE","potentialAction":[{"@type":"ReadAction","target":["https:\/\/akasel.com\/se\/bibliotek\/"]}]},{"@type":"BreadcrumbList","@id":"https:\/\/akasel.com\/se\/bibliotek\/#breadcrumb","itemListElement":[{"@type":"ListItem","position":1,"name":"Home","item":"https:\/\/akasel.com\/se\/"},{"@type":"ListItem","position":2,"name":"Bibliotek"}]},{"@type":"WebSite","@id":"https:\/\/akasel.com\/se\/#website","url":"https:\/\/akasel.com\/se\/","name":"AKASEL A\/S","description":"","potentialAction":[{"@type":"SearchAction","target":{"@type":"EntryPoint","urlTemplate":"https:\/\/akasel.com\/se\/?s={search_term_string}"},"query-input":"required name=search_term_string"}],"inLanguage":"sv-SE"}]}},"_links":{"self":[{"href":"https:\/\/akasel.com\/se\/wp-json\/wp\/v2\/pages\/8062"}],"collection":[{"href":"https:\/\/akasel.com\/se\/wp-json\/wp\/v2\/pages"}],"about":[{"href":"https:\/\/akasel.com\/se\/wp-json\/wp\/v2\/types\/page"}],"author":[{"embeddable":true,"href":"https:\/\/akasel.com\/se\/wp-json\/wp\/v2\/users\/1"}],"replies":[{"embeddable":true,"href":"https:\/\/akasel.com\/se\/wp-json\/wp\/v2\/comments?post=8062"}],"version-history":[{"count":3,"href":"https:\/\/akasel.com\/se\/wp-json\/wp\/v2\/pages\/8062\/revisions"}],"predecessor-version":[{"id":12199,"href":"https:\/\/akasel.com\/se\/wp-json\/wp\/v2\/pages\/8062\/revisions\/12199"}],"wp:attachment":[{"href":"https:\/\/akasel.com\/se\/wp-json\/wp\/v2\/media?parent=8062"}],"curies":[{"name":"wp","href":"https:\/\/api.w.org\/{rel}","templated":true}]}}