{"id":8064,"date":"2020-11-10T10:23:14","date_gmt":"2020-11-10T09:23:14","guid":{"rendered":"https:\/\/akasel.com\/aka-brief\/"},"modified":"2025-09-26T07:55:18","modified_gmt":"2025-09-26T05:55:18","slug":"aka-brief","status":"publish","type":"page","link":"https:\/\/akasel.com\/se\/aka-brief\/","title":{"rendered":"Aka-Brief"},"content":{"rendered":"<p>Dessutom visas en mikrograf med det f\u00f6rv\u00e4ntade prepareringsresultatet efter varje steg.<br \/>\nDetta g\u00f6r det m\u00f6jligt f\u00f6r dig att avg\u00f6ra om de enskilda stegen har slutf\u00f6rts framg\u00e5ngsrikt eller om n\u00e5got m\u00e5ste \u00e4ndras.<\/p>\n<p>Det finns tv\u00e5 olika typer av prepareringsmetoder: Specifika metoder f\u00f6r vissa material och Allm\u00e4nna metoder f\u00f6r en rad olika material baserat p\u00e5 deras h\u00e5rdhet. Alla metoder \u00e4r noggrant optimerade f\u00f6r att ge b\u00e4sta m\u00f6jliga kvalitet till l\u00e4gsta m\u00f6jliga kostnad.<\/p>\n<p>Klicka p\u00e5 en l\u00e4nk nedan f\u00f6r att se och ladda ner Aka-Brief f\u00f6r ett specifikt material eller materialomr\u00e5de.<\/p>\n<p>Vi har ett Demo Kit f\u00f6r varje Aka-Brief f\u00f6rberedelsemetod, s\u00e5 att du kan testa den n\u00e4r det passar dig. Du hittar v\u00e5ra demokit <a href=\"https:\/\/akasel.com\/se\/category\/demo-kit\/\">h\u00e4r<\/a>.<\/p>\n<div  class=' split-sektion columns-3 boxed-items'>\n<span  class='split-sektion-item'>\n<figure class=\"wp-block-image\"><img decoding=\"async\" class=\"wp-image-5373\" src=\"https:\/\/akasel.com\/wp-content\/uploads\/2023\/08\/aka-brief-2021-2-uk5-web-pdf-1024x724-1.jpg\" alt=\"Aka Brief 2021 2 Uk5 Web Pdf 1024x724 1\" \/><\/figure>\n<p>Koppar och kopparlegeringar<\/p>\n<p><a href=\"https:\/\/akasel.com\/wp-content\/uploads\/2024\/01\/aka-brief-1-uk14-web.pdf\">L\u00e4nk<\/a><\/p>\n<\/span>\n<span  class='split-sektion-item'>\n<figure class=\"wp-block-image\"><img decoding=\"async\" src=\"https:\/\/akasel.com\/se\/wp-content\/uploads\/sites\/5\/2024\/06\/aka-brief-2-uk15-web-page-0001.jpg\" alt=\"Aka-Brief_#2_UK15_WEB\" \/><\/figure>\n<p>Flerskiktskeramiska Kondensatorer (MLCC)<\/p>\n<p><a href=\"https:\/\/akasel.com\/wp-content\/uploads\/2024\/06\/aka-brief-2-uk15-web.pdf\">L\u00e4nk<\/a><\/p>\n<\/span>\n<span  class='split-sektion-item'>\n<figure class=\"wp-block-image\"><img decoding=\"async\" src=\"https:\/\/akasel.com\/wp-content\/uploads\/2023\/08\/aka-brief-2021-3-uk5-web-pdf-1024x724-1.jpg\" alt=\"\" \/><\/figure>\n<p>Rent titan<\/p>\n<p><a href=\"https:\/\/akasel.com\/wp-content\/uploads\/2023\/12\/aka-brief-3-uk14-web.pdf\">L\u00e4nk<\/a><\/p>\n<\/span>\n<span  class='split-sektion-item'>\n<figure class=\"wp-block-image\"><img decoding=\"async\" src=\"https:\/\/akasel.com\/wp-content\/uploads\/2023\/08\/aka-brief-2021-4-uk5-web-pdf-1024x724-1.jpg\" alt=\"\" \/><\/figure>\n<p>Aluminiumlegeringar<\/p>\n<p><a href=\"https:\/\/akasel.com\/wp-content\/uploads\/2023\/12\/aka-brief-4-uk14-web.pdf\">L\u00e4nk<\/a><\/p>\n<\/span>\n<span  class='split-sektion-item'>\n<figure class=\"wp-block-image\"><img decoding=\"async\" src=\"https:\/\/akasel.com\/wp-content\/uploads\/2023\/12\/aka-brief-5-uk-web.png\" alt=\"\" \/><\/figure>\n<p>Delar belagda med termisk sprutning av metall\/komposit<\/p>\n<p><a href=\"https:\/\/akasel.com\/wp-content\/uploads\/2024\/07\/aka-brief-5-uk14-web.pdf\">L\u00e4nk<\/a><\/p>\n<\/span>\n<span  class='split-sektion-item'>\n<figure class=\"wp-block-image size-full\"><img decoding=\"async\" class=\"wp-image-10836\" src=\"https:\/\/akasel.com\/wp-content\/uploads\/2023\/08\/aka-brief-2023-6-uk-web-1-3.png\" alt=\"Aka Brief 2023 6 Uk Web 1 3\" \/><\/figure>\n<p>Belagda sintrade karbider<\/p>\n<p><a href=\"https:\/\/akasel.com\/wp-content\/uploads\/2023\/12\/aka-brief-6-uk14-web.pdf\">L\u00e4nk<\/a><\/p>\n<\/span>\n<span  class='split-sektion-item'>\n<figure class=\"wp-block-image\"><img decoding=\"async\" src=\"https:\/\/akasel.com\/wp-content\/uploads\/2023\/08\/aka-brief-2021-7-uk5-web-pdf-1024x724-1.jpg\" alt=\"\" \/><\/figure>\n<p>Rostfria och duplexa st\u00e5l<\/p>\n<p><a href=\"https:\/\/akasel.com\/wp-content\/uploads\/2023\/12\/aka-brief-7-uk14-web.pdf\">L\u00e4nk<\/a><\/p>\n<\/span>\n<span  class='split-sektion-item'>\n<figure class=\"wp-block-image\"><img decoding=\"async\" src=\"https:\/\/akasel.com\/wp-content\/uploads\/2023\/08\/aka-brief-2021-8-uk5-web-pdf-1024x724-1.jpg\" alt=\"\" \/><\/figure>\n<p>Titanlegeringar<\/p>\n<p><a href=\"https:\/\/akasel.com\/wp-content\/uploads\/2023\/12\/aka-brief-8-uk14-web.pdf\">L\u00e4nk<\/a><\/p>\n<\/span>\n<span  class='split-sektion-item'>\n<figure class=\"wp-block-image\"><img decoding=\"async\" src=\"https:\/\/akasel.com\/wp-content\/uploads\/2023\/12\/aka-brief-9-uk-web.png\" alt=\"\" \/><\/figure>\n<p>Kolfiberkompositer<\/p>\n<p><a href=\"https:\/\/akasel.com\/wp-content\/uploads\/2023\/12\/aka-brief-9-uk14-web.pdf\">L\u00e4nk<\/a><\/p>\n<\/span>\n<span  class='split-sektion-item'>\n<figure class=\"wp-block-image\"><img decoding=\"async\" class=\"wp-image-10529\" src=\"https:\/\/akasel.com\/wp-content\/uploads\/2023\/08\/aka-brief-2022-10-1-1024x724-1.jpg\" alt=\"aka-brief-2022-10-1\" \/><\/figure>\n<p>Material med h\u00e5rdhet 50-150 HV<\/p>\n<p><a href=\"https:\/\/akasel.com\/wp-content\/uploads\/2023\/12\/aka-brief-10-uk14-web.pdf\">L\u00e4nk<\/a><\/p>\n<\/span>\n<span  class='split-sektion-item'>\n<figure class=\"wp-block-image\"><img decoding=\"async\" class=\"wp-image-10536\" src=\"https:\/\/akasel.com\/wp-content\/uploads\/2023\/08\/aka-brief-2022-11uk-1-1024x724-1.jpg\" alt=\"aka-brief-2022-11uk-1\" \/><\/figure>\n<p>Material med h\u00e5rdhet 400-700 HV<\/p>\n<p><a href=\"https:\/\/akasel.com\/wp-content\/uploads\/2023\/12\/aka-brief-11-uk14-web.pdf\">L\u00e4nk<\/a><\/p>\n<\/span>\n<span  class='split-sektion-item'>\n<figure class=\"wp-block-image\"><img decoding=\"async\" src=\"https:\/\/akasel.com\/se\/wp-content\/uploads\/sites\/5\/2024\/06\/aka-brief-2023-12-uk16-web-page-0001.jpg\" alt=\"Aka-Brief-2023_#12_UK16_WEB\" \/><\/figure>\n<p>Material med h\u00e5rdhet 700-2000 HV<\/p>\n<p><a href=\"https:\/\/akasel.com\/wp-content\/uploads\/2024\/06\/aka-brief-2023-12-uk16-web.pdf\">L\u00e4nk<\/a><\/p>\n<\/span>\n<span  class='split-sektion-item'>\n<figure class=\"wp-block-image\"><img decoding=\"async\" src=\"https:\/\/akasel.com\/wp-content\/uploads\/2023\/08\/aka-brief-2021-13-uk5-web-pdf-1024x724-1.jpg\" alt=\"\" \/><\/figure>\n<p>Elektroniska komponenter<\/p>\n<p><a href=\"https:\/\/akasel.com\/wp-content\/uploads\/2023\/12\/aka-brief-13-uk14-web.pdf\">L\u00e4nk<\/a><\/p>\n<\/span>\n<span  class='split-sektion-item'>\n<figure class=\"wp-block-image\"><img decoding=\"async\" src=\"https:\/\/akasel.com\/wp-content\/uploads\/2023\/08\/aka-brief-2021-14-uk5-web-pdf-1024x724-1.jpg\" alt=\"\" \/><\/figure>\n<p>Gjutj\u00e4rn<\/p>\n<p><a href=\"https:\/\/akasel.com\/wp-content\/uploads\/2023\/12\/aka-brief-14-uk14-web.pdf\">L\u00e4nk<\/a><\/p>\n<\/span>\n<span  class='split-sektion-item'>\n<figure class=\"wp-block-image\"><img decoding=\"async\" src=\"https:\/\/akasel.com\/wp-content\/uploads\/2023\/08\/aka-brief-2021-15-uk5-web-pdf-1024x724-1.jpg\" alt=\"\" \/><\/figure>\n<p>F\u00f6rzinkat st\u00e5l<\/p>\n<p><a href=\"https:\/\/akasel.com\/wp-content\/uploads\/2024\/07\/aka-brief-15-uk14-web.pdf\">L\u00e4nk<\/a><\/p>\n<\/span>\n<span  class='split-sektion-item'>\n<figure class=\"wp-block-image\"><img decoding=\"async\" class=\"wp-image-10541\" src=\"https:\/\/akasel.com\/wp-content\/uploads\/2023\/08\/aka-brief-2022-16-uk-1-1024x724-1.jpg\" alt=\"aka-brief-2022-16-uk-1\" \/><\/figure>\n<p>Material med h\u00e5rdhet 150-400 HV<\/p>\n<p><a href=\"https:\/\/akasel.com\/wp-content\/uploads\/2024\/07\/aka-brief-16-uk14-web.pdf\">L\u00e4nk<\/a><\/p>\n<\/span>\n<span  class='split-sektion-item'>\n<figure class=\"wp-block-image\"><img decoding=\"async\" src=\"https:\/\/akasel.com\/wp-content\/uploads\/2023\/12\/aka-brief-17-uk-web.png\" alt=\"\" \/><\/figure>\n<p>Nitrerade och nitrokarburerade st\u00e5l<\/p>\n<p><a href=\"https:\/\/akasel.com\/wp-content\/uploads\/2023\/12\/aka-brief-17-uk14-web.pdf\">L\u00e4nk<\/a><\/p>\n<\/span>\n<span  class='split-sektion-item'>\n<figure class=\"wp-block-image\"><img decoding=\"async\" src=\"https:\/\/akasel.com\/wp-content\/uploads\/2023\/08\/aka-brief-2021-18-uk5-web-pdf-1024x724-1.jpg\" alt=\"\" \/><\/figure>\n<p>Yth\u00e4rdat st\u00e5l<\/p>\n<p><a href=\"https:\/\/akasel.com\/wp-content\/uploads\/2023\/12\/aka-brief-18-uk14-web.pdf\">L\u00e4nk<\/a><\/p>\n<\/span>\n<span  class='split-sektion-item'>\n<figure class=\"wp-block-image\"><img decoding=\"async\" src=\"https:\/\/akasel.com\/wp-content\/uploads\/2023\/08\/aka-brief-2021-19-uk5-web-pdf-1024x724-1.jpg\" alt=\"\" \/><\/figure>\n<p>Superlegeringar med diffusionsbel\u00e4ggningar<\/p>\n<p><a href=\"https:\/\/akasel.com\/wp-content\/uploads\/2023\/12\/aka-brief-19-uk14-web.pdf\">L\u00e4nk<\/a><\/p>\n<\/span>\n<span  class='split-sektion-item'>\n<figure class=\"wp-block-image\"><img decoding=\"async\" src=\"https:\/\/akasel.com\/wp-content\/uploads\/2023\/08\/aka-brief-2021-20-uk5-web-pdf-1024x724-1.jpg\" alt=\"\" \/><\/figure>\n<p>Superlegeringar<\/p>\n<p><a href=\"https:\/\/akasel.com\/wp-content\/uploads\/2023\/12\/aka-brief-20-uk14-web.pdf\">L\u00e4nk<\/a><\/p>\n<\/span>\n<span  class='split-sektion-item'>\n<figure class=\"wp-block-image\"><img decoding=\"async\" src=\"https:\/\/akasel.com\/wp-content\/uploads\/2023\/12\/aka-brief-21-uk-web.png\" alt=\"\" \/><\/figure>\n<p>Delar belagda med keramisk termisk sprutning<\/p>\n<p><a href=\"https:\/\/akasel.com\/wp-content\/uploads\/2023\/12\/aka-brief-21-uk14-web.pdf\">L\u00e4nk<\/a><\/p>\n<\/span>\n<\/div>\n","protected":false},"excerpt":{"rendered":"<p>Dessutom visas en mikrograf med det f\u00f6rv\u00e4ntade prepareringsresultatet efter varje steg. Detta g\u00f6r det m\u00f6jligt f\u00f6r dig att avg\u00f6ra om&#8230;<\/p>\n","protected":false},"author":1,"featured_media":8086,"parent":0,"menu_order":0,"comment_status":"closed","ping_status":"open","template":"","meta":{"footnotes":""},"class_list":["post-8064","page","type-page","status-publish","has-post-thumbnail","hentry"],"acf":[],"yoast_head":"<!-- This site is optimized with the Yoast SEO plugin v21.7 - https:\/\/yoast.com\/wordpress\/plugins\/seo\/ -->\n<title>Aka-Brief Guide till Metallografiska Preparationsmetoder | AKASEL<\/title>\n<meta name=\"description\" content=\"Utforska Aka-Briefs metoder f\u00f6r metallografisk f\u00f6rberedelse med optimerade slip- och poleringsl\u00f6sningar f\u00f6r b\u00e4sta resultat och kostnadseffektivitet.\" \/>\n<meta name=\"robots\" content=\"index, follow, max-snippet:-1, max-image-preview:large, max-video-preview:-1\" \/>\n<link rel=\"canonical\" href=\"https:\/\/akasel.com\/se\/aka-brief\/\" \/>\n<meta property=\"og:locale\" content=\"sv_SE\" \/>\n<meta property=\"og:type\" content=\"article\" \/>\n<meta property=\"og:title\" content=\"Aka-Brief Guide till Metallografiska Preparationsmetoder | AKASEL\" \/>\n<meta property=\"og:description\" content=\"Utforska Aka-Briefs metoder f\u00f6r metallografisk f\u00f6rberedelse med optimerade slip- och poleringsl\u00f6sningar f\u00f6r b\u00e4sta resultat och kostnadseffektivitet.\" \/>\n<meta property=\"og:url\" content=\"https:\/\/akasel.com\/se\/aka-brief\/\" \/>\n<meta property=\"og:site_name\" content=\"AKASEL A\/S\" \/>\n<meta property=\"article:modified_time\" content=\"2025-09-26T05:55:18+00:00\" \/>\n<meta property=\"og:image\" content=\"https:\/\/akasel.com\/se\/wp-content\/uploads\/sites\/5\/2023\/08\/brass.jpg\" \/>\n\t<meta property=\"og:image:width\" content=\"300\" \/>\n\t<meta property=\"og:image:height\" content=\"212\" \/>\n\t<meta property=\"og:image:type\" content=\"image\/jpeg\" \/>\n<meta name=\"twitter:card\" content=\"summary_large_image\" \/>\n<meta name=\"twitter:label1\" content=\"Ber\u00e4knad l\u00e4stid\" \/>\n\t<meta name=\"twitter:data1\" content=\"7 minuter\" \/>\n<!-- \/ Yoast SEO plugin. -->","yoast_head_json":{"title":"Aka-Brief Guide till Metallografiska Preparationsmetoder | AKASEL","description":"Utforska Aka-Briefs metoder f\u00f6r metallografisk f\u00f6rberedelse med optimerade slip- och poleringsl\u00f6sningar f\u00f6r b\u00e4sta resultat och kostnadseffektivitet.","robots":{"index":"index","follow":"follow","max-snippet":"max-snippet:-1","max-image-preview":"max-image-preview:large","max-video-preview":"max-video-preview:-1"},"canonical":"https:\/\/akasel.com\/se\/aka-brief\/","og_locale":"sv_SE","og_type":"article","og_title":"Aka-Brief Guide till Metallografiska Preparationsmetoder | AKASEL","og_description":"Utforska Aka-Briefs metoder f\u00f6r metallografisk f\u00f6rberedelse med optimerade slip- och poleringsl\u00f6sningar f\u00f6r b\u00e4sta resultat och kostnadseffektivitet.","og_url":"https:\/\/akasel.com\/se\/aka-brief\/","og_site_name":"AKASEL A\/S","article_modified_time":"2025-09-26T05:55:18+00:00","og_image":[{"width":300,"height":212,"url":"https:\/\/akasel.com\/se\/wp-content\/uploads\/sites\/5\/2023\/08\/brass.jpg","type":"image\/jpeg"}],"twitter_card":"summary_large_image","twitter_misc":{"Ber\u00e4knad l\u00e4stid":"7 minuter"},"schema":{"@context":"https:\/\/schema.org","@graph":[{"@type":"WebPage","@id":"https:\/\/akasel.com\/se\/aka-brief\/","url":"https:\/\/akasel.com\/se\/aka-brief\/","name":"Aka-Brief Guide till Metallografiska Preparationsmetoder | AKASEL","isPartOf":{"@id":"https:\/\/akasel.com\/se\/#website"},"datePublished":"2020-11-10T09:23:14+00:00","dateModified":"2025-09-26T05:55:18+00:00","description":"Utforska Aka-Briefs metoder f\u00f6r metallografisk f\u00f6rberedelse med optimerade slip- och poleringsl\u00f6sningar f\u00f6r b\u00e4sta resultat och kostnadseffektivitet.","breadcrumb":{"@id":"https:\/\/akasel.com\/se\/aka-brief\/#breadcrumb"},"inLanguage":"sv-SE","potentialAction":[{"@type":"ReadAction","target":["https:\/\/akasel.com\/se\/aka-brief\/"]}]},{"@type":"BreadcrumbList","@id":"https:\/\/akasel.com\/se\/aka-brief\/#breadcrumb","itemListElement":[{"@type":"ListItem","position":1,"name":"Home","item":"https:\/\/akasel.com\/se\/"},{"@type":"ListItem","position":2,"name":"Aka-Brief"}]},{"@type":"WebSite","@id":"https:\/\/akasel.com\/se\/#website","url":"https:\/\/akasel.com\/se\/","name":"AKASEL A\/S","description":"","potentialAction":[{"@type":"SearchAction","target":{"@type":"EntryPoint","urlTemplate":"https:\/\/akasel.com\/se\/?s={search_term_string}"},"query-input":"required name=search_term_string"}],"inLanguage":"sv-SE"}]}},"_links":{"self":[{"href":"https:\/\/akasel.com\/se\/wp-json\/wp\/v2\/pages\/8064"}],"collection":[{"href":"https:\/\/akasel.com\/se\/wp-json\/wp\/v2\/pages"}],"about":[{"href":"https:\/\/akasel.com\/se\/wp-json\/wp\/v2\/types\/page"}],"author":[{"embeddable":true,"href":"https:\/\/akasel.com\/se\/wp-json\/wp\/v2\/users\/1"}],"replies":[{"embeddable":true,"href":"https:\/\/akasel.com\/se\/wp-json\/wp\/v2\/comments?post=8064"}],"version-history":[{"count":15,"href":"https:\/\/akasel.com\/se\/wp-json\/wp\/v2\/pages\/8064\/revisions"}],"predecessor-version":[{"id":11955,"href":"https:\/\/akasel.com\/se\/wp-json\/wp\/v2\/pages\/8064\/revisions\/11955"}],"wp:featuredmedia":[{"embeddable":true,"href":"https:\/\/akasel.com\/se\/wp-json\/wp\/v2\/media\/8086"}],"wp:attachment":[{"href":"https:\/\/akasel.com\/se\/wp-json\/wp\/v2\/media?parent=8064"}],"curies":[{"name":"wp","href":"https:\/\/api.w.org\/{rel}","templated":true}]}}