{"id":8116,"date":"2020-11-12T20:01:44","date_gmt":"2020-11-12T19:01:44","guid":{"rendered":"https:\/\/akasel.com\/dealers\/"},"modified":"2025-09-26T07:55:21","modified_gmt":"2025-09-26T05:55:21","slug":"distributorer","status":"publish","type":"page","link":"https:\/\/akasel.com\/se\/distributorer\/","title":{"rendered":"Distribut\u00f6rer"},"content":{"rendered":"<p>Akasel \u00e4r n\u00e4rvarande \u00f6ver hela v\u00e4rlden genom ett n\u00e4tverk av mycket kompetenta distribut\u00f6rer. V\u00e5ra distribut\u00f6rer \u00e4r en viktig del i att vara det smartare alternativet.<\/p>\n<p>V\u00e4lj din v\u00e4rldsdel p\u00e5 v\u00e4nster sida f\u00f6r att f\u00e5 en \u00f6versikt \u00f6ver v\u00e5ra distribut\u00f6rer i din region.<\/p>\n<p>Om det inte finns n\u00e5gon distribut\u00f6r i ditt land, v\u00e4nligen kontakta oss p\u00e5 <a href=\"mailto:sales@akasel.com\">info@akasel.com<\/a><\/p>\n","protected":false},"excerpt":{"rendered":"<p>Akasel \u00e4r n\u00e4rvarande \u00f6ver hela v\u00e4rlden genom ett n\u00e4tverk av mycket kompetenta distribut\u00f6rer. V\u00e5ra distribut\u00f6rer \u00e4r en viktig del i&#8230;<\/p>\n","protected":false},"author":1,"featured_media":0,"parent":0,"menu_order":0,"comment_status":"closed","ping_status":"open","template":"","meta":{"footnotes":""},"class_list":["post-8116","page","type-page","status-publish","hentry"],"acf":[],"yoast_head":"<!-- This site is optimized with the Yoast SEO plugin v21.7 - https:\/\/yoast.com\/wordpress\/plugins\/seo\/ -->\n<title>Hitta Din Lokala Akasel Distribut\u00f6r V\u00e4rlden \u00d6ver | Akasel A\/S<\/title>\n<meta name=\"description\" content=\"Utforska v\u00e5rt globala n\u00e4tverk av auktoriserade distribut\u00f6rer och hitta expertr\u00e5dgivning och produkter f\u00f6r materialografisk provberedning n\u00e4ra dig.\" \/>\n<meta name=\"robots\" content=\"index, follow, max-snippet:-1, max-image-preview:large, max-video-preview:-1\" \/>\n<link rel=\"canonical\" href=\"https:\/\/akasel.com\/se\/distributorer\/\" \/>\n<meta property=\"og:locale\" content=\"sv_SE\" \/>\n<meta property=\"og:type\" content=\"article\" \/>\n<meta property=\"og:title\" content=\"Hitta Din Lokala Akasel Distribut\u00f6r V\u00e4rlden \u00d6ver | Akasel A\/S\" \/>\n<meta property=\"og:description\" content=\"Utforska v\u00e5rt globala n\u00e4tverk av auktoriserade distribut\u00f6rer och hitta expertr\u00e5dgivning och produkter f\u00f6r materialografisk provberedning n\u00e4ra dig.\" \/>\n<meta property=\"og:url\" content=\"https:\/\/akasel.com\/se\/distributorer\/\" \/>\n<meta property=\"og:site_name\" content=\"AKASEL A\/S\" \/>\n<meta property=\"article:modified_time\" content=\"2025-09-26T05:55:21+00:00\" \/>\n<meta name=\"twitter:card\" content=\"summary_large_image\" \/>\n<meta name=\"twitter:label1\" content=\"Ber\u00e4knad l\u00e4stid\" \/>\n\t<meta name=\"twitter:data1\" content=\"1 minut\" \/>\n<!-- \/ Yoast SEO plugin. -->","yoast_head_json":{"title":"Hitta Din Lokala Akasel Distribut\u00f6r V\u00e4rlden \u00d6ver | Akasel A\/S","description":"Utforska v\u00e5rt globala n\u00e4tverk av auktoriserade distribut\u00f6rer och hitta expertr\u00e5dgivning och produkter f\u00f6r materialografisk provberedning n\u00e4ra dig.","robots":{"index":"index","follow":"follow","max-snippet":"max-snippet:-1","max-image-preview":"max-image-preview:large","max-video-preview":"max-video-preview:-1"},"canonical":"https:\/\/akasel.com\/se\/distributorer\/","og_locale":"sv_SE","og_type":"article","og_title":"Hitta Din Lokala Akasel Distribut\u00f6r V\u00e4rlden \u00d6ver | Akasel A\/S","og_description":"Utforska v\u00e5rt globala n\u00e4tverk av auktoriserade distribut\u00f6rer och hitta expertr\u00e5dgivning och produkter f\u00f6r materialografisk provberedning n\u00e4ra dig.","og_url":"https:\/\/akasel.com\/se\/distributorer\/","og_site_name":"AKASEL A\/S","article_modified_time":"2025-09-26T05:55:21+00:00","twitter_card":"summary_large_image","twitter_misc":{"Ber\u00e4knad l\u00e4stid":"1 minut"},"schema":{"@context":"https:\/\/schema.org","@graph":[{"@type":"WebPage","@id":"https:\/\/akasel.com\/se\/distributorer\/","url":"https:\/\/akasel.com\/se\/distributorer\/","name":"Hitta Din Lokala Akasel Distribut\u00f6r V\u00e4rlden \u00d6ver | Akasel A\/S","isPartOf":{"@id":"https:\/\/akasel.com\/se\/#website"},"datePublished":"2020-11-12T19:01:44+00:00","dateModified":"2025-09-26T05:55:21+00:00","description":"Utforska v\u00e5rt globala n\u00e4tverk av auktoriserade distribut\u00f6rer och hitta expertr\u00e5dgivning och produkter f\u00f6r materialografisk provberedning n\u00e4ra dig.","breadcrumb":{"@id":"https:\/\/akasel.com\/se\/distributorer\/#breadcrumb"},"inLanguage":"sv-SE","potentialAction":[{"@type":"ReadAction","target":["https:\/\/akasel.com\/se\/distributorer\/"]}]},{"@type":"BreadcrumbList","@id":"https:\/\/akasel.com\/se\/distributorer\/#breadcrumb","itemListElement":[{"@type":"ListItem","position":1,"name":"Home","item":"https:\/\/akasel.com\/se\/"},{"@type":"ListItem","position":2,"name":"Distribut\u00f6rer"}]},{"@type":"WebSite","@id":"https:\/\/akasel.com\/se\/#website","url":"https:\/\/akasel.com\/se\/","name":"AKASEL A\/S","description":"","potentialAction":[{"@type":"SearchAction","target":{"@type":"EntryPoint","urlTemplate":"https:\/\/akasel.com\/se\/?s={search_term_string}"},"query-input":"required name=search_term_string"}],"inLanguage":"sv-SE"}]}},"_links":{"self":[{"href":"https:\/\/akasel.com\/se\/wp-json\/wp\/v2\/pages\/8116"}],"collection":[{"href":"https:\/\/akasel.com\/se\/wp-json\/wp\/v2\/pages"}],"about":[{"href":"https:\/\/akasel.com\/se\/wp-json\/wp\/v2\/types\/page"}],"author":[{"embeddable":true,"href":"https:\/\/akasel.com\/se\/wp-json\/wp\/v2\/users\/1"}],"replies":[{"embeddable":true,"href":"https:\/\/akasel.com\/se\/wp-json\/wp\/v2\/comments?post=8116"}],"version-history":[{"count":3,"href":"https:\/\/akasel.com\/se\/wp-json\/wp\/v2\/pages\/8116\/revisions"}],"predecessor-version":[{"id":11895,"href":"https:\/\/akasel.com\/se\/wp-json\/wp\/v2\/pages\/8116\/revisions\/11895"}],"wp:attachment":[{"href":"https:\/\/akasel.com\/se\/wp-json\/wp\/v2\/media?parent=8116"}],"curies":[{"name":"wp","href":"https:\/\/api.w.org\/{rel}","templated":true}]}}