{"id":8212,"date":"2020-11-16T19:03:48","date_gmt":"2020-11-16T18:03:48","guid":{"rendered":"https:\/\/akasel.com\/sds\/"},"modified":"2025-09-26T07:55:27","modified_gmt":"2025-09-26T05:55:27","slug":"sds","status":"publish","type":"page","link":"https:\/\/akasel.com\/se\/sds-pds\/sds\/","title":{"rendered":"SDS"},"content":{"rendered":"<p>P\u00e5 Akasel tar vi v\u00e5rt ansvar f\u00f6r operat\u00f6rernas s\u00e4kerhet p\u00e5 allvar. D\u00e4rf\u00f6r har alla produkter som inneh\u00e5ller en potentiell risk ett s\u00e4kerhetsdatablad (SDS). Dessutom har alla v\u00e5ra flytande produkter ocks\u00e5 ett s\u00e4kerhetsdatablad, \u00e4ven om de inte \u00e4r f\u00f6rknippade med en potentiell fara.<\/p>\n<p>S\u00e4kerhetsdatabladen finns tillg\u00e4ngliga p\u00e5 olika spr\u00e5k. Klicka till v\u00e4nster f\u00f6r att v\u00e4lja mellan de tillg\u00e4ngliga spr\u00e5ken.<\/p>\n<p>Fasta produkter utan associerade faror representeras med ett produktdatablad, PDS.<\/p>\n<p>Tidigare bestod v\u00e5ra produktnummer av 4 siffror. Vi har sammanst\u00e4llt en konverteringslista som inneh\u00e5ller b\u00e5de nya och gamla produktnummer, s\u00e5 att du enkelt kan hitta det SDB som motsvarar din produkt med ett gammalt produktnummer, om du beh\u00f6ver det.<\/p>\n<p>Du hittar konverteringslistan nedan:<br \/>\n<a href=\"\/wp-content\/uploads\/2020\/11\/conversionlistsds_uk.pdf\" target=\"_blank\" rel=\"noreferrer noopener\">Lista \u00f6ver konverteringar<\/a><\/p>\n","protected":false},"excerpt":{"rendered":"<p>P\u00e5 Akasel tar vi v\u00e5rt ansvar f\u00f6r operat\u00f6rernas s\u00e4kerhet p\u00e5 allvar. D\u00e4rf\u00f6r har alla produkter som inneh\u00e5ller en potentiell risk&#8230;<\/p>\n","protected":false},"author":1,"featured_media":0,"parent":8416,"menu_order":0,"comment_status":"closed","ping_status":"open","template":"","meta":{"footnotes":""},"class_list":["post-8212","page","type-page","status-publish","hentry"],"acf":[],"yoast_head":"<!-- This site is optimized with the Yoast SEO plugin v21.7 - https:\/\/yoast.com\/wordpress\/plugins\/seo\/ -->\n<title>S\u00e4kerhetsdatablad (SDS) f\u00f6r Akasel F\u00f6rbrukningsvaror | Akasel A\/S<\/title>\n<meta name=\"description\" content=\"Ladda ner uppdaterade s\u00e4kerhetsdatablad f\u00f6r v\u00e5ra metallografiska produkter och f\u00e5 detaljerad information om hantering, risker och skydds\u00e5tg\u00e4rder.\" \/>\n<meta name=\"robots\" content=\"index, follow, max-snippet:-1, max-image-preview:large, max-video-preview:-1\" \/>\n<link rel=\"canonical\" href=\"https:\/\/akasel.com\/se\/sds-pds\/sds\/\" \/>\n<meta property=\"og:locale\" content=\"sv_SE\" \/>\n<meta property=\"og:type\" content=\"article\" \/>\n<meta property=\"og:title\" content=\"S\u00e4kerhetsdatablad (SDS) f\u00f6r Akasel F\u00f6rbrukningsvaror | Akasel A\/S\" \/>\n<meta property=\"og:description\" content=\"Ladda ner uppdaterade s\u00e4kerhetsdatablad f\u00f6r v\u00e5ra metallografiska produkter och f\u00e5 detaljerad information om hantering, risker och skydds\u00e5tg\u00e4rder.\" \/>\n<meta property=\"og:url\" content=\"https:\/\/akasel.com\/se\/sds-pds\/sds\/\" \/>\n<meta property=\"og:site_name\" content=\"AKASEL A\/S\" \/>\n<meta property=\"article:modified_time\" content=\"2025-09-26T05:55:27+00:00\" \/>\n<meta name=\"twitter:card\" content=\"summary_large_image\" \/>\n<meta name=\"twitter:label1\" content=\"Ber\u00e4knad l\u00e4stid\" \/>\n\t<meta name=\"twitter:data1\" content=\"1 minut\" \/>\n<!-- \/ Yoast SEO plugin. -->","yoast_head_json":{"title":"S\u00e4kerhetsdatablad (SDS) f\u00f6r Akasel F\u00f6rbrukningsvaror | Akasel A\/S","description":"Ladda ner uppdaterade s\u00e4kerhetsdatablad f\u00f6r v\u00e5ra metallografiska produkter och f\u00e5 detaljerad information om hantering, risker och skydds\u00e5tg\u00e4rder.","robots":{"index":"index","follow":"follow","max-snippet":"max-snippet:-1","max-image-preview":"max-image-preview:large","max-video-preview":"max-video-preview:-1"},"canonical":"https:\/\/akasel.com\/se\/sds-pds\/sds\/","og_locale":"sv_SE","og_type":"article","og_title":"S\u00e4kerhetsdatablad (SDS) f\u00f6r Akasel F\u00f6rbrukningsvaror | Akasel A\/S","og_description":"Ladda ner uppdaterade s\u00e4kerhetsdatablad f\u00f6r v\u00e5ra metallografiska produkter och f\u00e5 detaljerad information om hantering, risker och skydds\u00e5tg\u00e4rder.","og_url":"https:\/\/akasel.com\/se\/sds-pds\/sds\/","og_site_name":"AKASEL A\/S","article_modified_time":"2025-09-26T05:55:27+00:00","twitter_card":"summary_large_image","twitter_misc":{"Ber\u00e4knad l\u00e4stid":"1 minut"},"schema":{"@context":"https:\/\/schema.org","@graph":[{"@type":"WebPage","@id":"https:\/\/akasel.com\/se\/sds-pds\/sds\/","url":"https:\/\/akasel.com\/se\/sds-pds\/sds\/","name":"S\u00e4kerhetsdatablad (SDS) f\u00f6r Akasel F\u00f6rbrukningsvaror | Akasel A\/S","isPartOf":{"@id":"https:\/\/akasel.com\/se\/#website"},"datePublished":"2020-11-16T18:03:48+00:00","dateModified":"2025-09-26T05:55:27+00:00","description":"Ladda ner uppdaterade s\u00e4kerhetsdatablad f\u00f6r v\u00e5ra metallografiska produkter och f\u00e5 detaljerad information om hantering, risker och skydds\u00e5tg\u00e4rder.","breadcrumb":{"@id":"https:\/\/akasel.com\/se\/sds-pds\/sds\/#breadcrumb"},"inLanguage":"sv-SE","potentialAction":[{"@type":"ReadAction","target":["https:\/\/akasel.com\/se\/sds-pds\/sds\/"]}]},{"@type":"BreadcrumbList","@id":"https:\/\/akasel.com\/se\/sds-pds\/sds\/#breadcrumb","itemListElement":[{"@type":"ListItem","position":1,"name":"Home","item":"https:\/\/akasel.com\/se\/"},{"@type":"ListItem","position":2,"name":"SDS\/PDS","item":"https:\/\/akasel.com\/se\/sds-pds\/"},{"@type":"ListItem","position":3,"name":"SDS"}]},{"@type":"WebSite","@id":"https:\/\/akasel.com\/se\/#website","url":"https:\/\/akasel.com\/se\/","name":"AKASEL A\/S","description":"","potentialAction":[{"@type":"SearchAction","target":{"@type":"EntryPoint","urlTemplate":"https:\/\/akasel.com\/se\/?s={search_term_string}"},"query-input":"required name=search_term_string"}],"inLanguage":"sv-SE"}]}},"_links":{"self":[{"href":"https:\/\/akasel.com\/se\/wp-json\/wp\/v2\/pages\/8212"}],"collection":[{"href":"https:\/\/akasel.com\/se\/wp-json\/wp\/v2\/pages"}],"about":[{"href":"https:\/\/akasel.com\/se\/wp-json\/wp\/v2\/types\/page"}],"author":[{"embeddable":true,"href":"https:\/\/akasel.com\/se\/wp-json\/wp\/v2\/users\/1"}],"replies":[{"embeddable":true,"href":"https:\/\/akasel.com\/se\/wp-json\/wp\/v2\/comments?post=8212"}],"version-history":[{"count":3,"href":"https:\/\/akasel.com\/se\/wp-json\/wp\/v2\/pages\/8212\/revisions"}],"predecessor-version":[{"id":12337,"href":"https:\/\/akasel.com\/se\/wp-json\/wp\/v2\/pages\/8212\/revisions\/12337"}],"up":[{"embeddable":true,"href":"https:\/\/akasel.com\/se\/wp-json\/wp\/v2\/pages\/8416"}],"wp:attachment":[{"href":"https:\/\/akasel.com\/se\/wp-json\/wp\/v2\/media?parent=8212"}],"curies":[{"name":"wp","href":"https:\/\/api.w.org\/{rel}","templated":true}]}}