{"id":8222,"date":"2020-11-16T19:40:10","date_gmt":"2020-11-16T18:40:10","guid":{"rendered":"https:\/\/akasel.com\/library\/user-guides\/"},"modified":"2025-09-26T07:55:19","modified_gmt":"2025-09-26T05:55:19","slug":"anvandarhandbocker","status":"publish","type":"page","link":"https:\/\/akasel.com\/se\/bibliotek\/anvandarhandbocker\/","title":{"rendered":"Anv\u00e4ndarhandb\u00f6cker"},"content":{"rendered":"<p>Vi levererar anv\u00e4ndarhandb\u00f6cker med v\u00e5ra produkter f\u00f6r att f\u00f6rklara den exakta anv\u00e4ndningen. H\u00e4r finns de f\u00f6r nedladdning om du skulle ha tappat bort dem.<\/p>\n<p>Anv\u00e4ndarhandb\u00f6ckerna finns tillg\u00e4ngliga p\u00e5 olika spr\u00e5k. Klicka till v\u00e4nster f\u00f6r att v\u00e4lja mellan de tillg\u00e4ngliga spr\u00e5ken.<\/p>\n","protected":false},"excerpt":{"rendered":"<p>Vi levererar anv\u00e4ndarhandb\u00f6cker med v\u00e5ra produkter f\u00f6r att f\u00f6rklara den exakta anv\u00e4ndningen. H\u00e4r finns de f\u00f6r nedladdning om du skulle&#8230;<\/p>\n","protected":false},"author":1,"featured_media":0,"parent":8062,"menu_order":0,"comment_status":"closed","ping_status":"open","template":"","meta":{"footnotes":""},"class_list":["post-8222","page","type-page","status-publish","hentry"],"acf":[],"yoast_head":"<!-- This site is optimized with the Yoast SEO plugin v21.7 - https:\/\/yoast.com\/wordpress\/plugins\/seo\/ -->\n<title>Anv\u00e4ndarhandb\u00f6cker f\u00f6r Akasel F\u00f6rbrukningsvaror | AKASEL A\/S<\/title>\n<meta name=\"description\" content=\"H\u00e4mta detaljerade anv\u00e4ndarhandb\u00f6cker p\u00e5 engelska f\u00f6r Akasels f\u00f6rbrukningsvaror. Optimera dina metallografiska processer med v\u00e5ra guider.\" \/>\n<meta name=\"robots\" content=\"index, follow, max-snippet:-1, max-image-preview:large, max-video-preview:-1\" \/>\n<link rel=\"canonical\" href=\"https:\/\/akasel.com\/se\/bibliotek\/anvandarhandbocker\/\" \/>\n<meta property=\"og:locale\" content=\"sv_SE\" \/>\n<meta property=\"og:type\" content=\"article\" \/>\n<meta property=\"og:title\" content=\"Anv\u00e4ndarhandb\u00f6cker f\u00f6r Akasel F\u00f6rbrukningsvaror | AKASEL A\/S\" \/>\n<meta property=\"og:description\" content=\"H\u00e4mta detaljerade anv\u00e4ndarhandb\u00f6cker p\u00e5 engelska f\u00f6r Akasels f\u00f6rbrukningsvaror. Optimera dina metallografiska processer med v\u00e5ra guider.\" \/>\n<meta property=\"og:url\" content=\"https:\/\/akasel.com\/se\/bibliotek\/anvandarhandbocker\/\" \/>\n<meta property=\"og:site_name\" content=\"AKASEL A\/S\" \/>\n<meta property=\"article:modified_time\" content=\"2025-09-26T05:55:19+00:00\" \/>\n<meta name=\"twitter:card\" content=\"summary_large_image\" \/>\n<meta name=\"twitter:label1\" content=\"Ber\u00e4knad l\u00e4stid\" \/>\n\t<meta name=\"twitter:data1\" content=\"1 minut\" \/>\n<!-- \/ Yoast SEO plugin. -->","yoast_head_json":{"title":"Anv\u00e4ndarhandb\u00f6cker f\u00f6r Akasel F\u00f6rbrukningsvaror | AKASEL A\/S","description":"H\u00e4mta detaljerade anv\u00e4ndarhandb\u00f6cker p\u00e5 engelska f\u00f6r Akasels f\u00f6rbrukningsvaror. Optimera dina metallografiska processer med v\u00e5ra guider.","robots":{"index":"index","follow":"follow","max-snippet":"max-snippet:-1","max-image-preview":"max-image-preview:large","max-video-preview":"max-video-preview:-1"},"canonical":"https:\/\/akasel.com\/se\/bibliotek\/anvandarhandbocker\/","og_locale":"sv_SE","og_type":"article","og_title":"Anv\u00e4ndarhandb\u00f6cker f\u00f6r Akasel F\u00f6rbrukningsvaror | AKASEL A\/S","og_description":"H\u00e4mta detaljerade anv\u00e4ndarhandb\u00f6cker p\u00e5 engelska f\u00f6r Akasels f\u00f6rbrukningsvaror. Optimera dina metallografiska processer med v\u00e5ra guider.","og_url":"https:\/\/akasel.com\/se\/bibliotek\/anvandarhandbocker\/","og_site_name":"AKASEL A\/S","article_modified_time":"2025-09-26T05:55:19+00:00","twitter_card":"summary_large_image","twitter_misc":{"Ber\u00e4knad l\u00e4stid":"1 minut"},"schema":{"@context":"https:\/\/schema.org","@graph":[{"@type":"WebPage","@id":"https:\/\/akasel.com\/se\/bibliotek\/anvandarhandbocker\/","url":"https:\/\/akasel.com\/se\/bibliotek\/anvandarhandbocker\/","name":"Anv\u00e4ndarhandb\u00f6cker f\u00f6r Akasel F\u00f6rbrukningsvaror | AKASEL A\/S","isPartOf":{"@id":"https:\/\/akasel.com\/se\/#website"},"datePublished":"2020-11-16T18:40:10+00:00","dateModified":"2025-09-26T05:55:19+00:00","description":"H\u00e4mta detaljerade anv\u00e4ndarhandb\u00f6cker p\u00e5 engelska f\u00f6r Akasels f\u00f6rbrukningsvaror. Optimera dina metallografiska processer med v\u00e5ra guider.","breadcrumb":{"@id":"https:\/\/akasel.com\/se\/bibliotek\/anvandarhandbocker\/#breadcrumb"},"inLanguage":"sv-SE","potentialAction":[{"@type":"ReadAction","target":["https:\/\/akasel.com\/se\/bibliotek\/anvandarhandbocker\/"]}]},{"@type":"BreadcrumbList","@id":"https:\/\/akasel.com\/se\/bibliotek\/anvandarhandbocker\/#breadcrumb","itemListElement":[{"@type":"ListItem","position":1,"name":"Home","item":"https:\/\/akasel.com\/se\/"},{"@type":"ListItem","position":2,"name":"Bibliotek","item":"https:\/\/akasel.com\/se\/bibliotek\/"},{"@type":"ListItem","position":3,"name":"Anv\u00e4ndarhandb\u00f6cker"}]},{"@type":"WebSite","@id":"https:\/\/akasel.com\/se\/#website","url":"https:\/\/akasel.com\/se\/","name":"AKASEL A\/S","description":"","potentialAction":[{"@type":"SearchAction","target":{"@type":"EntryPoint","urlTemplate":"https:\/\/akasel.com\/se\/?s={search_term_string}"},"query-input":"required name=search_term_string"}],"inLanguage":"sv-SE"}]}},"_links":{"self":[{"href":"https:\/\/akasel.com\/se\/wp-json\/wp\/v2\/pages\/8222"}],"collection":[{"href":"https:\/\/akasel.com\/se\/wp-json\/wp\/v2\/pages"}],"about":[{"href":"https:\/\/akasel.com\/se\/wp-json\/wp\/v2\/types\/page"}],"author":[{"embeddable":true,"href":"https:\/\/akasel.com\/se\/wp-json\/wp\/v2\/users\/1"}],"replies":[{"embeddable":true,"href":"https:\/\/akasel.com\/se\/wp-json\/wp\/v2\/comments?post=8222"}],"version-history":[{"count":2,"href":"https:\/\/akasel.com\/se\/wp-json\/wp\/v2\/pages\/8222\/revisions"}],"predecessor-version":[{"id":11716,"href":"https:\/\/akasel.com\/se\/wp-json\/wp\/v2\/pages\/8222\/revisions\/11716"}],"up":[{"embeddable":true,"href":"https:\/\/akasel.com\/se\/wp-json\/wp\/v2\/pages\/8062"}],"wp:attachment":[{"href":"https:\/\/akasel.com\/se\/wp-json\/wp\/v2\/media?parent=8222"}],"curies":[{"name":"wp","href":"https:\/\/api.w.org\/{rel}","templated":true}]}}