{"id":8231,"date":"2020-11-16T19:57:39","date_gmt":"2020-11-16T18:57:39","guid":{"rendered":"https:\/\/akasel.com\/library\/consumables-catalogues\/"},"modified":"2026-01-07T15:41:31","modified_gmt":"2026-01-07T14:41:31","slug":"kataloger-over-forbrukningsvaror","status":"publish","type":"page","link":"https:\/\/akasel.com\/se\/bibliotek\/kataloger-over-forbrukningsvaror\/","title":{"rendered":"Kataloger \u00f6ver f\u00f6rbrukningsvaror"},"content":{"rendered":"<p>H\u00e4r hittar du de senaste katalogerna \u00f6ver f\u00f6rbrukningsvaror, som inneh\u00e5ller de produkter som f\u00f6r n\u00e4rvarande finns tillg\u00e4ngliga, f\u00f6r nedladdning.<\/p>\n<p>Om du saknar n\u00e5got, v\u00e4nligen skicka ett mail till: <a href=\"mailto:info@akasel.com\" target=\"_blank\" rel=\"noreferrer noopener\">info@akasel.com<\/a>.<\/p>\n<div  class=' split-sektion columns-3 boxed-items'> <span  class='split-sektion-item'>\n<figure class=\"wp-block-image\"><img loading=\"lazy\" decoding=\"async\" class=\"alignnone size-full wp-image-11205\" src=\"https:\/\/akasel.com\/wp-content\/uploads\/2026\/01\/akasel-katalog-2026-se.jpg\" alt=\"Akasels \" width=\"1000\" height=\"1414\" \/><\/figure>\n<p>Katalog \u00f6ver f\u00f6rbrukningsvaror 2026<\/p>\n<p><a href=\"https:\/\/akasel.com\/wp-content\/uploads\/2026\/01\/katalog-2026-se-web.pdf\">L\u00e4nk<\/a><\/p>\n<\/span> <span  class='split-sektion-item'>\n<figure class=\"wp-block-image\"><img loading=\"lazy\" decoding=\"async\" class=\"alignnone size-full wp-image-11204\" src=\"https:\/\/akasel.com\/wp-content\/uploads\/2026\/01\/akasel-catalogue-2026.jpg\" alt=\"Akasel's Consumables Catalogue 2025 provides an extensive overview of high-quality consumables for metallographic sample preparation, including products for cutting, mounting, grinding, and polishing.\" width=\"1000\" height=\"1414\" \/><\/figure>\n<p>Consumables Catalogue 2026<\/p>\n<p><a href=\"https:\/\/akasel.com\/wp-content\/uploads\/2026\/01\/catalogue-2026-web.pdf\">L\u00e4nk<\/a><\/p>\n<\/span> <\/div>\n","protected":false},"excerpt":{"rendered":"<p>H\u00e4r hittar du de senaste katalogerna \u00f6ver f\u00f6rbrukningsvaror, som inneh\u00e5ller de produkter som f\u00f6r n\u00e4rvarande finns tillg\u00e4ngliga, f\u00f6r nedladdning. Om&#8230;<\/p>\n","protected":false},"author":1,"featured_media":8236,"parent":8062,"menu_order":0,"comment_status":"closed","ping_status":"open","template":"","meta":{"footnotes":""},"class_list":["post-8231","page","type-page","status-publish","has-post-thumbnail","hentry"],"acf":[],"yoast_head":"<!-- This site is optimized with the Yoast SEO plugin v21.7 - https:\/\/yoast.com\/wordpress\/plugins\/seo\/ -->\n<title>Kataloger \u00f6ver Metallografiska F\u00f6rbrukningsvaror | AKASEL A\/S<\/title>\n<meta name=\"description\" content=\"Ladda ner Akasels senaste kataloger f\u00f6r metallografisk f\u00f6rbrukning. F\u00e5 detaljerad produktinformation f\u00f6r att \u00f6ka ditt laboratoriums effektivitet.\" \/>\n<meta name=\"robots\" content=\"index, follow, max-snippet:-1, max-image-preview:large, max-video-preview:-1\" \/>\n<link rel=\"canonical\" href=\"https:\/\/akasel.com\/se\/bibliotek\/kataloger-over-forbrukningsvaror\/\" \/>\n<meta property=\"og:locale\" content=\"sv_SE\" \/>\n<meta property=\"og:type\" content=\"article\" \/>\n<meta property=\"og:title\" content=\"Kataloger \u00f6ver Metallografiska F\u00f6rbrukningsvaror | AKASEL A\/S\" \/>\n<meta property=\"og:description\" content=\"Ladda ner Akasels senaste kataloger f\u00f6r metallografisk f\u00f6rbrukning. F\u00e5 detaljerad produktinformation f\u00f6r att \u00f6ka ditt laboratoriums effektivitet.\" \/>\n<meta property=\"og:url\" content=\"https:\/\/akasel.com\/se\/bibliotek\/kataloger-over-forbrukningsvaror\/\" \/>\n<meta property=\"og:site_name\" content=\"AKASEL A\/S\" \/>\n<meta property=\"article:modified_time\" content=\"2026-01-07T14:41:31+00:00\" \/>\n<meta property=\"og:image\" content=\"https:\/\/akasel.com\/se\/wp-content\/uploads\/sites\/5\/2023\/08\/consumable-test.png\" \/>\n\t<meta property=\"og:image:width\" content=\"594\" \/>\n\t<meta property=\"og:image:height\" content=\"838\" \/>\n\t<meta property=\"og:image:type\" content=\"image\/png\" \/>\n<meta name=\"twitter:card\" content=\"summary_large_image\" \/>\n<meta name=\"twitter:label1\" content=\"Ber\u00e4knad l\u00e4stid\" \/>\n\t<meta name=\"twitter:data1\" content=\"1 minut\" \/>\n<!-- \/ Yoast SEO plugin. -->","yoast_head_json":{"title":"Kataloger \u00f6ver Metallografiska F\u00f6rbrukningsvaror | AKASEL A\/S","description":"Ladda ner Akasels senaste kataloger f\u00f6r metallografisk f\u00f6rbrukning. F\u00e5 detaljerad produktinformation f\u00f6r att \u00f6ka ditt laboratoriums effektivitet.","robots":{"index":"index","follow":"follow","max-snippet":"max-snippet:-1","max-image-preview":"max-image-preview:large","max-video-preview":"max-video-preview:-1"},"canonical":"https:\/\/akasel.com\/se\/bibliotek\/kataloger-over-forbrukningsvaror\/","og_locale":"sv_SE","og_type":"article","og_title":"Kataloger \u00f6ver Metallografiska F\u00f6rbrukningsvaror | AKASEL A\/S","og_description":"Ladda ner Akasels senaste kataloger f\u00f6r metallografisk f\u00f6rbrukning. F\u00e5 detaljerad produktinformation f\u00f6r att \u00f6ka ditt laboratoriums effektivitet.","og_url":"https:\/\/akasel.com\/se\/bibliotek\/kataloger-over-forbrukningsvaror\/","og_site_name":"AKASEL A\/S","article_modified_time":"2026-01-07T14:41:31+00:00","og_image":[{"width":594,"height":838,"url":"https:\/\/akasel.com\/se\/wp-content\/uploads\/sites\/5\/2023\/08\/consumable-test.png","type":"image\/png"}],"twitter_card":"summary_large_image","twitter_misc":{"Ber\u00e4knad l\u00e4stid":"1 minut"},"schema":{"@context":"https:\/\/schema.org","@graph":[{"@type":"WebPage","@id":"https:\/\/akasel.com\/se\/bibliotek\/kataloger-over-forbrukningsvaror\/","url":"https:\/\/akasel.com\/se\/bibliotek\/kataloger-over-forbrukningsvaror\/","name":"Kataloger \u00f6ver Metallografiska F\u00f6rbrukningsvaror | AKASEL A\/S","isPartOf":{"@id":"https:\/\/akasel.com\/se\/#website"},"datePublished":"2020-11-16T18:57:39+00:00","dateModified":"2026-01-07T14:41:31+00:00","description":"Ladda ner Akasels senaste kataloger f\u00f6r metallografisk f\u00f6rbrukning. F\u00e5 detaljerad produktinformation f\u00f6r att \u00f6ka ditt laboratoriums effektivitet.","breadcrumb":{"@id":"https:\/\/akasel.com\/se\/bibliotek\/kataloger-over-forbrukningsvaror\/#breadcrumb"},"inLanguage":"sv-SE","potentialAction":[{"@type":"ReadAction","target":["https:\/\/akasel.com\/se\/bibliotek\/kataloger-over-forbrukningsvaror\/"]}]},{"@type":"BreadcrumbList","@id":"https:\/\/akasel.com\/se\/bibliotek\/kataloger-over-forbrukningsvaror\/#breadcrumb","itemListElement":[{"@type":"ListItem","position":1,"name":"Home","item":"https:\/\/akasel.com\/se\/"},{"@type":"ListItem","position":2,"name":"Bibliotek","item":"https:\/\/akasel.com\/se\/bibliotek\/"},{"@type":"ListItem","position":3,"name":"Kataloger \u00f6ver f\u00f6rbrukningsvaror"}]},{"@type":"WebSite","@id":"https:\/\/akasel.com\/se\/#website","url":"https:\/\/akasel.com\/se\/","name":"AKASEL A\/S","description":"","potentialAction":[{"@type":"SearchAction","target":{"@type":"EntryPoint","urlTemplate":"https:\/\/akasel.com\/se\/?s={search_term_string}"},"query-input":"required name=search_term_string"}],"inLanguage":"sv-SE"}]}},"_links":{"self":[{"href":"https:\/\/akasel.com\/se\/wp-json\/wp\/v2\/pages\/8231"}],"collection":[{"href":"https:\/\/akasel.com\/se\/wp-json\/wp\/v2\/pages"}],"about":[{"href":"https:\/\/akasel.com\/se\/wp-json\/wp\/v2\/types\/page"}],"author":[{"embeddable":true,"href":"https:\/\/akasel.com\/se\/wp-json\/wp\/v2\/users\/1"}],"replies":[{"embeddable":true,"href":"https:\/\/akasel.com\/se\/wp-json\/wp\/v2\/comments?post=8231"}],"version-history":[{"count":14,"href":"https:\/\/akasel.com\/se\/wp-json\/wp\/v2\/pages\/8231\/revisions"}],"predecessor-version":[{"id":12578,"href":"https:\/\/akasel.com\/se\/wp-json\/wp\/v2\/pages\/8231\/revisions\/12578"}],"up":[{"embeddable":true,"href":"https:\/\/akasel.com\/se\/wp-json\/wp\/v2\/pages\/8062"}],"wp:featuredmedia":[{"embeddable":true,"href":"https:\/\/akasel.com\/se\/wp-json\/wp\/v2\/media\/8236"}],"wp:attachment":[{"href":"https:\/\/akasel.com\/se\/wp-json\/wp\/v2\/media?parent=8231"}],"curies":[{"name":"wp","href":"https:\/\/api.w.org\/{rel}","templated":true}]}}