{"id":8251,"date":"2020-11-16T20:05:49","date_gmt":"2020-11-16T19:05:49","guid":{"rendered":"https:\/\/akasel.com\/library\/videos\/"},"modified":"2025-09-26T07:55:20","modified_gmt":"2025-09-26T05:55:20","slug":"videor","status":"publish","type":"page","link":"https:\/\/akasel.com\/se\/bibliotek\/videor\/","title":{"rendered":"Videor"},"content":{"rendered":"<p>H\u00e4r hittar du olika korta videor som f\u00f6rklarar hur v\u00e5ra produkter anv\u00e4nds p\u00e5 r\u00e4tt s\u00e4tt.<\/p>\n<p>Klicka p\u00e5 ett av namnen nedan f\u00f6r att starta videon.<\/p>\n<p><strong>Allm\u00e4nt<\/strong><br \/>\n<a href=\"https:\/\/akasel.com\/wp-content\/uploads\/2020\/11\/about_akasel.mp4\" target=\"_blank\" rel=\"noopener noreferrer\">Om Akasel<\/a><br \/>\n<a href=\"https:\/\/akasel.com\/wp-content\/uploads\/2020\/11\/maintaining-the-planeness-of-magnetic-support-discs.mp4\" target=\"_blank\" rel=\"noopener noreferrer\">Bibeh\u00e5lla planheten hos magnetiska st\u00f6dskivor<\/a><br \/>\n<a href=\"https:\/\/akasel.com\/wp-content\/uploads\/2020\/11\/the-application-areas-of-aka-rhaco.mp4\" target=\"_blank\" rel=\"noopener noreferrer\">Anv\u00e4ndningsomr\u00e5den f\u00f6r Aka-Rhaco<\/a><br \/>\n<a href=\"https:\/\/akasel.com\/wp-content\/uploads\/2025\/08\/the-importance-of-cleaning-your-metallographic-sample-properly-low-res.mp4\">Vikten av att reng\u00f6ra ditt metallografiska prov p\u00e5 r\u00e4tt s\u00e4tt<\/a><\/p>\n<p><strong>Kapskivor<\/strong><br \/>\n<a href=\"https:\/\/akasel.com\/aka-cut-350-500-650-hv-compressed\/\" target=\"_blank\" rel=\"noopener noreferrer\">Aka-Cut 350 HV, 500 HV &amp; 650 HV: Introduktionsvideo<\/a><\/p>\n<p><strong>Montering<br \/>\n<\/strong><a href=\"https:\/\/akasel.com\/wp-content\/uploads\/2025\/08\/expanding-the-akasel-hot-mounting-range-aka-resin-pp.mp4\">Ut\u00f6kning av Akasels varmmonteringssortiment Aka Resin PP<\/a><br \/>\n<a href=\"https:\/\/akasel.com\/wp-content\/uploads\/2020\/11\/the-correct-use-of-acrylic-cold-mounting-resins.mp4\" target=\"_blank\" rel=\"noopener noreferrer\">Korrekt anv\u00e4ndning av akrylhartser f\u00f6r kallmontering<\/a><br \/>\n<a href=\"https:\/\/akasel.com\/wp-content\/uploads\/2020\/11\/the-correct-use-of-epoxy-cold-mounting-resins.mp4\" target=\"_blank\" rel=\"noopener noreferrer\">Korrekt anv\u00e4ndning av epoxihartser f\u00f6r kallmontering<\/a><\/p>\n<p><strong>Slipning<\/strong><br \/>\n<a href=\"https:\/\/akasel.com\/wp-content\/uploads\/2020\/11\/how-to-use-aka-piatto-piatto.mp4\" target=\"_blank\" rel=\"noopener noreferrer\">Hur man anv\u00e4nder Aka-Piatto &amp; Piatto+<\/a><br \/>\n<a href=\"https:\/\/akasel.com\/wp-content\/uploads\/2020\/11\/how-to-use-aka-allegran-largan.mp4\" target=\"_blank\" rel=\"noopener noreferrer\">Hur man anv\u00e4nder Aka-Allegran &amp; Largan<\/a><br \/>\n<a href=\"https:\/\/akasel.com\/wp-content\/uploads\/2024\/10\/userguide-rhacogrit-updated-2024.mp4\" target=\"_blank\" rel=\"noopener noreferrer\">Anv\u00e4ndarhandb\u00f6cker Rhaco Grit<\/a><\/p>\n<p><strong>Polering<\/strong><br \/>\n<a href=\"https:\/\/akasel.com\/wp-content\/uploads\/2020\/11\/applying-of-aka-stick.mp4\" target=\"_blank\" rel=\"noopener noreferrer\">Applicering av Aka-Stick<\/a><br \/>\n<a href=\"https:\/\/akasel.com\/wp-content\/uploads\/2024\/10\/user-guide-mag-polishing-cloth-2024.mp4\" target=\"_blank\" rel=\"noopener noreferrer\">Anv\u00e4ndarhandb\u00f6cker Mag Polishing<\/a><\/p>\n","protected":false},"excerpt":{"rendered":"<p>H\u00e4r hittar du olika korta videor som f\u00f6rklarar hur v\u00e5ra produkter anv\u00e4nds p\u00e5 r\u00e4tt s\u00e4tt. Klicka p\u00e5 ett av namnen&#8230;<\/p>\n","protected":false},"author":1,"featured_media":0,"parent":8062,"menu_order":0,"comment_status":"closed","ping_status":"open","template":"","meta":{"footnotes":""},"class_list":["post-8251","page","type-page","status-publish","hentry"],"acf":[],"yoast_head":"<!-- This site is optimized with the Yoast SEO plugin v21.7 - https:\/\/yoast.com\/wordpress\/plugins\/seo\/ -->\n<title>Utforska V\u00e5r Videobibliotek f\u00f6r Metallografiska Tekniker | AKASEL<\/title>\n<meta name=\"description\" content=\"Se instruktionsvideor om Akasel-produkter. L\u00e4r dig montering, slipning och polering f\u00f6r att f\u00f6rb\u00e4ttra dina metallografiska processer.\" \/>\n<meta name=\"robots\" content=\"index, follow, max-snippet:-1, max-image-preview:large, max-video-preview:-1\" \/>\n<link rel=\"canonical\" href=\"https:\/\/akasel.com\/se\/bibliotek\/videor\/\" \/>\n<meta property=\"og:locale\" content=\"sv_SE\" \/>\n<meta property=\"og:type\" content=\"article\" \/>\n<meta property=\"og:title\" content=\"Utforska V\u00e5r Videobibliotek f\u00f6r Metallografiska Tekniker | AKASEL\" \/>\n<meta property=\"og:description\" content=\"Se instruktionsvideor om Akasel-produkter. L\u00e4r dig montering, slipning och polering f\u00f6r att f\u00f6rb\u00e4ttra dina metallografiska processer.\" \/>\n<meta property=\"og:url\" content=\"https:\/\/akasel.com\/se\/bibliotek\/videor\/\" \/>\n<meta property=\"og:site_name\" content=\"AKASEL A\/S\" \/>\n<meta property=\"article:modified_time\" content=\"2025-09-26T05:55:20+00:00\" \/>\n<meta name=\"twitter:card\" content=\"summary_large_image\" \/>\n<meta name=\"twitter:label1\" content=\"Ber\u00e4knad l\u00e4stid\" \/>\n\t<meta name=\"twitter:data1\" content=\"1 minut\" \/>\n<!-- \/ Yoast SEO plugin. -->","yoast_head_json":{"title":"Utforska V\u00e5r Videobibliotek f\u00f6r Metallografiska Tekniker | AKASEL","description":"Se instruktionsvideor om Akasel-produkter. L\u00e4r dig montering, slipning och polering f\u00f6r att f\u00f6rb\u00e4ttra dina metallografiska processer.","robots":{"index":"index","follow":"follow","max-snippet":"max-snippet:-1","max-image-preview":"max-image-preview:large","max-video-preview":"max-video-preview:-1"},"canonical":"https:\/\/akasel.com\/se\/bibliotek\/videor\/","og_locale":"sv_SE","og_type":"article","og_title":"Utforska V\u00e5r Videobibliotek f\u00f6r Metallografiska Tekniker | AKASEL","og_description":"Se instruktionsvideor om Akasel-produkter. L\u00e4r dig montering, slipning och polering f\u00f6r att f\u00f6rb\u00e4ttra dina metallografiska processer.","og_url":"https:\/\/akasel.com\/se\/bibliotek\/videor\/","og_site_name":"AKASEL A\/S","article_modified_time":"2025-09-26T05:55:20+00:00","twitter_card":"summary_large_image","twitter_misc":{"Ber\u00e4knad l\u00e4stid":"1 minut"},"schema":{"@context":"https:\/\/schema.org","@graph":[{"@type":"WebPage","@id":"https:\/\/akasel.com\/se\/bibliotek\/videor\/","url":"https:\/\/akasel.com\/se\/bibliotek\/videor\/","name":"Utforska V\u00e5r Videobibliotek f\u00f6r Metallografiska Tekniker | AKASEL","isPartOf":{"@id":"https:\/\/akasel.com\/se\/#website"},"datePublished":"2020-11-16T19:05:49+00:00","dateModified":"2025-09-26T05:55:20+00:00","description":"Se instruktionsvideor om Akasel-produkter. L\u00e4r dig montering, slipning och polering f\u00f6r att f\u00f6rb\u00e4ttra dina metallografiska processer.","breadcrumb":{"@id":"https:\/\/akasel.com\/se\/bibliotek\/videor\/#breadcrumb"},"inLanguage":"sv-SE","potentialAction":[{"@type":"ReadAction","target":["https:\/\/akasel.com\/se\/bibliotek\/videor\/"]}]},{"@type":"BreadcrumbList","@id":"https:\/\/akasel.com\/se\/bibliotek\/videor\/#breadcrumb","itemListElement":[{"@type":"ListItem","position":1,"name":"Home","item":"https:\/\/akasel.com\/se\/"},{"@type":"ListItem","position":2,"name":"Bibliotek","item":"https:\/\/akasel.com\/se\/bibliotek\/"},{"@type":"ListItem","position":3,"name":"Videor"}]},{"@type":"WebSite","@id":"https:\/\/akasel.com\/se\/#website","url":"https:\/\/akasel.com\/se\/","name":"AKASEL A\/S","description":"","potentialAction":[{"@type":"SearchAction","target":{"@type":"EntryPoint","urlTemplate":"https:\/\/akasel.com\/se\/?s={search_term_string}"},"query-input":"required name=search_term_string"}],"inLanguage":"sv-SE"}]}},"_links":{"self":[{"href":"https:\/\/akasel.com\/se\/wp-json\/wp\/v2\/pages\/8251"}],"collection":[{"href":"https:\/\/akasel.com\/se\/wp-json\/wp\/v2\/pages"}],"about":[{"href":"https:\/\/akasel.com\/se\/wp-json\/wp\/v2\/types\/page"}],"author":[{"embeddable":true,"href":"https:\/\/akasel.com\/se\/wp-json\/wp\/v2\/users\/1"}],"replies":[{"embeddable":true,"href":"https:\/\/akasel.com\/se\/wp-json\/wp\/v2\/comments?post=8251"}],"version-history":[{"count":10,"href":"https:\/\/akasel.com\/se\/wp-json\/wp\/v2\/pages\/8251\/revisions"}],"predecessor-version":[{"id":12530,"href":"https:\/\/akasel.com\/se\/wp-json\/wp\/v2\/pages\/8251\/revisions\/12530"}],"up":[{"embeddable":true,"href":"https:\/\/akasel.com\/se\/wp-json\/wp\/v2\/pages\/8062"}],"wp:attachment":[{"href":"https:\/\/akasel.com\/se\/wp-json\/wp\/v2\/media?parent=8251"}],"curies":[{"name":"wp","href":"https:\/\/api.w.org\/{rel}","templated":true}]}}