{"id":8252,"date":"2020-11-16T20:12:35","date_gmt":"2020-11-16T19:12:35","guid":{"rendered":"https:\/\/akasel.com\/library\/product-brochures\/"},"modified":"2025-09-26T07:55:20","modified_gmt":"2025-09-26T05:55:20","slug":"produktbroschyrer","status":"publish","type":"page","link":"https:\/\/akasel.com\/se\/bibliotek\/produktbroschyrer\/","title":{"rendered":"Produktbroschyrer"},"content":{"rendered":"<p>H\u00e4r hittar du broschyrer om Akasels produkter f\u00f6r nedladdning. Klicka till v\u00e4nster f\u00f6r att v\u00e4lja mellan de tillg\u00e4ngliga spr\u00e5ken.<\/p>\n<p>H\u00e4r hittar du broschyrerna f\u00f6r Akasels produkter f\u00f6r nedladdning. Klicka p\u00e5 l\u00e4nkarna f\u00f6r att v\u00e4lja ett av de tillg\u00e4ngliga spr\u00e5ken.<\/p>\n<p>H\u00e4r hittar du katalogen \u00f6ver Akasel-produkter som du kan k\u00f6pa. Klicka p\u00e5 v\u00e4nster sida f\u00f6r att se vilka spr\u00e5k som finns tillg\u00e4ngliga.<\/p>\n","protected":false},"excerpt":{"rendered":"<p>H\u00e4r hittar du broschyrer om Akasels produkter f\u00f6r nedladdning. Klicka till v\u00e4nster f\u00f6r att v\u00e4lja mellan de tillg\u00e4ngliga spr\u00e5ken. H\u00e4r&#8230;<\/p>\n","protected":false},"author":1,"featured_media":0,"parent":8062,"menu_order":0,"comment_status":"closed","ping_status":"open","template":"","meta":{"footnotes":""},"class_list":["post-8252","page","type-page","status-publish","hentry"],"acf":[],"yoast_head":"<!-- This site is optimized with the Yoast SEO plugin v21.7 - https:\/\/yoast.com\/wordpress\/plugins\/seo\/ -->\n<title>Produktbroschyrer | Metallografiska F\u00f6rbrukningsvaror | Akasel A\/S<\/title>\n<meta name=\"description\" content=\"Utforska och ladda ner v\u00e5ra produktbroschyrer om metallografiska f\u00f6rbrukningsvaror. F\u00e5 detaljerad information om v\u00e5ra h\u00f6gkvalitativa produkter.\" \/>\n<meta name=\"robots\" content=\"index, follow, max-snippet:-1, max-image-preview:large, max-video-preview:-1\" \/>\n<link rel=\"canonical\" href=\"https:\/\/akasel.com\/se\/bibliotek\/produktbroschyrer\/\" \/>\n<meta property=\"og:locale\" content=\"sv_SE\" \/>\n<meta property=\"og:type\" content=\"article\" \/>\n<meta property=\"og:title\" content=\"Produktbroschyrer | Metallografiska F\u00f6rbrukningsvaror | Akasel A\/S\" \/>\n<meta property=\"og:description\" content=\"Utforska och ladda ner v\u00e5ra produktbroschyrer om metallografiska f\u00f6rbrukningsvaror. F\u00e5 detaljerad information om v\u00e5ra h\u00f6gkvalitativa produkter.\" \/>\n<meta property=\"og:url\" content=\"https:\/\/akasel.com\/se\/bibliotek\/produktbroschyrer\/\" \/>\n<meta property=\"og:site_name\" content=\"AKASEL A\/S\" \/>\n<meta property=\"article:modified_time\" content=\"2025-09-26T05:55:20+00:00\" \/>\n<meta name=\"twitter:card\" content=\"summary_large_image\" \/>\n<meta name=\"twitter:label1\" content=\"Ber\u00e4knad l\u00e4stid\" \/>\n\t<meta name=\"twitter:data1\" content=\"1 minut\" \/>\n<!-- \/ Yoast SEO plugin. -->","yoast_head_json":{"title":"Produktbroschyrer | Metallografiska F\u00f6rbrukningsvaror | Akasel A\/S","description":"Utforska och ladda ner v\u00e5ra produktbroschyrer om metallografiska f\u00f6rbrukningsvaror. F\u00e5 detaljerad information om v\u00e5ra h\u00f6gkvalitativa produkter.","robots":{"index":"index","follow":"follow","max-snippet":"max-snippet:-1","max-image-preview":"max-image-preview:large","max-video-preview":"max-video-preview:-1"},"canonical":"https:\/\/akasel.com\/se\/bibliotek\/produktbroschyrer\/","og_locale":"sv_SE","og_type":"article","og_title":"Produktbroschyrer | Metallografiska F\u00f6rbrukningsvaror | Akasel A\/S","og_description":"Utforska och ladda ner v\u00e5ra produktbroschyrer om metallografiska f\u00f6rbrukningsvaror. F\u00e5 detaljerad information om v\u00e5ra h\u00f6gkvalitativa produkter.","og_url":"https:\/\/akasel.com\/se\/bibliotek\/produktbroschyrer\/","og_site_name":"AKASEL A\/S","article_modified_time":"2025-09-26T05:55:20+00:00","twitter_card":"summary_large_image","twitter_misc":{"Ber\u00e4knad l\u00e4stid":"1 minut"},"schema":{"@context":"https:\/\/schema.org","@graph":[{"@type":"WebPage","@id":"https:\/\/akasel.com\/se\/bibliotek\/produktbroschyrer\/","url":"https:\/\/akasel.com\/se\/bibliotek\/produktbroschyrer\/","name":"Produktbroschyrer | Metallografiska F\u00f6rbrukningsvaror | Akasel A\/S","isPartOf":{"@id":"https:\/\/akasel.com\/se\/#website"},"datePublished":"2020-11-16T19:12:35+00:00","dateModified":"2025-09-26T05:55:20+00:00","description":"Utforska och ladda ner v\u00e5ra produktbroschyrer om metallografiska f\u00f6rbrukningsvaror. F\u00e5 detaljerad information om v\u00e5ra h\u00f6gkvalitativa produkter.","breadcrumb":{"@id":"https:\/\/akasel.com\/se\/bibliotek\/produktbroschyrer\/#breadcrumb"},"inLanguage":"sv-SE","potentialAction":[{"@type":"ReadAction","target":["https:\/\/akasel.com\/se\/bibliotek\/produktbroschyrer\/"]}]},{"@type":"BreadcrumbList","@id":"https:\/\/akasel.com\/se\/bibliotek\/produktbroschyrer\/#breadcrumb","itemListElement":[{"@type":"ListItem","position":1,"name":"Home","item":"https:\/\/akasel.com\/se\/"},{"@type":"ListItem","position":2,"name":"Bibliotek","item":"https:\/\/akasel.com\/se\/bibliotek\/"},{"@type":"ListItem","position":3,"name":"Produktbroschyrer"}]},{"@type":"WebSite","@id":"https:\/\/akasel.com\/se\/#website","url":"https:\/\/akasel.com\/se\/","name":"AKASEL A\/S","description":"","potentialAction":[{"@type":"SearchAction","target":{"@type":"EntryPoint","urlTemplate":"https:\/\/akasel.com\/se\/?s={search_term_string}"},"query-input":"required name=search_term_string"}],"inLanguage":"sv-SE"}]}},"_links":{"self":[{"href":"https:\/\/akasel.com\/se\/wp-json\/wp\/v2\/pages\/8252"}],"collection":[{"href":"https:\/\/akasel.com\/se\/wp-json\/wp\/v2\/pages"}],"about":[{"href":"https:\/\/akasel.com\/se\/wp-json\/wp\/v2\/types\/page"}],"author":[{"embeddable":true,"href":"https:\/\/akasel.com\/se\/wp-json\/wp\/v2\/users\/1"}],"replies":[{"embeddable":true,"href":"https:\/\/akasel.com\/se\/wp-json\/wp\/v2\/comments?post=8252"}],"version-history":[{"count":3,"href":"https:\/\/akasel.com\/se\/wp-json\/wp\/v2\/pages\/8252\/revisions"}],"predecessor-version":[{"id":11724,"href":"https:\/\/akasel.com\/se\/wp-json\/wp\/v2\/pages\/8252\/revisions\/11724"}],"up":[{"embeddable":true,"href":"https:\/\/akasel.com\/se\/wp-json\/wp\/v2\/pages\/8062"}],"wp:attachment":[{"href":"https:\/\/akasel.com\/se\/wp-json\/wp\/v2\/media?parent=8252"}],"curies":[{"name":"wp","href":"https:\/\/api.w.org\/{rel}","templated":true}]}}