{"id":8266,"date":"2020-11-16T20:25:45","date_gmt":"2020-11-16T19:25:45","guid":{"rendered":"https:\/\/akasel.com\/library\/product-brochures\/product-brochures-english\/"},"modified":"2026-04-09T08:41:03","modified_gmt":"2026-04-09T06:41:03","slug":"produktbroschyrer-engelska","status":"publish","type":"page","link":"https:\/\/akasel.com\/se\/bibliotek\/produktbroschyrer\/produktbroschyrer-engelska\/","title":{"rendered":"Produktbroschyrer &#8211; Engelska"},"content":{"rendered":"<p>Click on the product name below to open the Product Brochure.<\/p>\n<div  class=' split-sektion columns-3 boxed-items'> <span  class='split-sektion-item full-width-item'>\n<p><strong>F\u00f6rberedelse av metallografiska prover<\/strong><\/p>\n<\/span> <span  class='split-sektion-item'>\n<figure class=\"wp-block-image\"><img decoding=\"async\" src=\"https:\/\/akasel.com\/se\/wp-content\/uploads\/sites\/5\/2024\/06\/akasel-solutions-2024-front-page.jpg\" alt=\"Akasel's Omfattande Produktbroschyr: En detaljerad \u00f6versikt \u00f6ver h\u00f6gkvalitativa f\u00f6rbrukningsmaterial f\u00f6r metallografisk provberedning, inklusive l\u00f6sningar f\u00f6r kapning, montering, slipning och polering.\" \/><\/figure>\n<p>Akasel Metallographic Solutions<\/p>\n<p><a href=\"https:\/\/akasel.com\/wp-content\/uploads\/2024\/06\/akasel-solutions-2024.pdf\">Link<\/a><\/p>\n<\/span> <\/div><div  class=' split-sektion columns-3 boxed-items'> <span  class='split-sektion-item full-width-item'>\n<div  class=' split-sektion columns-3 boxed-items'><\/div> <span  class='split-sektion-item full-width-item'><\/span>\n<p><strong>Kapskivor<\/strong><\/p>\n<\/span> <span  class='split-sektion-item'>\n<figure class=\"wp-block-image\"><img decoding=\"async\" src=\"https:\/\/akasel.com\/wp-content\/uploads\/2023\/08\/aka-cut-uk-pdf-724x1024-1.jpg\" alt=\"Akasel's Aka-Cut Produktbroschyr: Detaljerad information om h\u00f6gkvalitativa kapbladsanpassade f\u00f6r metallografisk provberedning, som erbjuder optimal ytkvalitet, l\u00e5ng livsl\u00e4ngd och reproducerbarhet.\" \/><\/figure>\n<p>Aka-Cut, Cut-off Wheels<\/p>\n<p><a href=\"https:\/\/akasel.com\/wp-content\/uploads\/2024\/06\/aka-cut-product-brochure.pdf\">Link<\/a><\/p>\n<\/span> <span  class='split-sektion-item'>\n<figure class=\"wp-block-image\"><img decoding=\"async\" src=\"https:\/\/akasel.com\/wp-content\/uploads\/2024\/11\/1730451056362-b5827c75-dca2-4d2c-a859-e59acf1a9601-1.jpg\" alt=\"Akasel's F\u00f6rst\u00e4rkta Kapblad Broschyr: Detaljerad information om h\u00f6gpresterande, fiberf\u00f6rst\u00e4rkta kapbladsanpassade f\u00f6r optimal metallografisk sektionering, som erbjuder f\u00f6rb\u00e4ttrad h\u00e5llbarhet, \u00f6verl\u00e4gsen ytkvalitet och kostnadseffektiva l\u00f6sningar f\u00f6r olika materialh\u00e5rdhetsomr\u00e5den.\" \/><\/figure>\n<p>Aka-Cut, Reinforced Cut-off Wheels<\/p>\n<p><a href=\"https:\/\/akasel.com\/wp-content\/uploads\/2024\/11\/reinforced-cut-off-wheels-brochure-en-web.pdf\">Link<\/a><\/p>\n<\/span> <\/div><div  class=' split-sektion columns-3 boxed-items'> <span  class='split-sektion-item full-width-item'>\n<div  class=' split-sektion columns-3 boxed-items'><\/div> <span  class='split-sektion-item full-width-item'><\/span>\n<p><strong>Ingjutning<\/strong><\/p>\n<\/span> <span  class='split-sektion-item'>\n<figure class=\"wp-block-image\"><img decoding=\"async\" src=\"https:\/\/akasel.com\/wp-content\/uploads\/2025\/05\/1747054816128-69ff516a-44f8-4c76-bd89-fd532c30362e-1.jpg\" alt=\"\" \/><\/figure>\n<p>Varmingjutning<\/p>\n<p><a href=\"https:\/\/akasel.com\/wp-content\/uploads\/2025\/05\/hot-mounting-brochure-uk-web.pdf\">Link<\/a><\/p>\n<\/span> <\/div><div  class=' split-sektion columns-3 boxed-items'> <span  class='split-sektion-item full-width-item'>\n<p><strong>Jutning<\/strong><\/p>\n<\/span> <span  class='split-sektion-item'>\n<figure class=\"wp-block-image\"><img decoding=\"async\" src=\"https:\/\/akasel.com\/wp-content\/uploads\/2024\/01\/aka-piatto-brochure-2023-en-web-1-1.png\" alt=\"Akasel's Aka-Piatto Produktbroschyr: Omfattande detaljer om diamantslipningsskivor som \u00e4r utformade f\u00f6r effektiv plan- och finslipning vid metallografisk provberedning, med h\u00f6g materialborttagningshastighet, perfekt planhet och l\u00e5ng livsl\u00e4ngd.\" \/><\/figure>\n<p>Aka-Piatto, Grinding Discs<\/p>\n<p><a href=\"https:\/\/akasel.com\/wp-content\/uploads\/2024\/06\/aka-piatto-product-brochure.pdf\">Link<\/a><\/p>\n<\/span> <span  class='split-sektion-item'>\n<figure class=\"wp-block-image size-large\"><img decoding=\"async\" class=\"wp-image-5570\" src=\"https:\/\/akasel.com\/wp-content\/uploads\/2023\/08\/rgd-uk2-724x1024-1.jpg\" alt=\"Akasel's Rigid Grinding Discs Produktbroschyr: Detaljerad information om Aka-Allegran och Aka-Largan-skivor f\u00f6r enstegs finslipning vid metallografisk provberedning, med snabb materialborttagning, perfekt planhet och kantbevarande f\u00f6r olika material.\" \/><\/figure>\n<p>Rigid Grinding Discs<\/p>\n<p><a href=\"https:\/\/akasel.com\/wp-content\/uploads\/2024\/06\/rigid-grinding-discs-product-brochure.pdf\">Link<\/a><\/p>\n<\/span> <\/div><div  class=' split-sektion columns-3 boxed-items'> <span  class='split-sektion-item full-width-item'>\n<p><strong>Slipning<\/strong><\/p>\n<\/span> <span  class='split-sektion-item'>\n<figure class=\"wp-block-image\"><img decoding=\"async\" src=\"https:\/\/akasel.com\/wp-content\/uploads\/2023\/08\/diaultra-brochure-uk-pdf-724x1024-1.jpg\" alt=\"Akasel's DiaUltra Produktbroschyr: Omfattande detaljer om avancerade 2-i-1-diamantsuspensioner som \u00e4r designade f\u00f6r ultrafast metallografisk provberedning, med h\u00f6gre materialborttagningshastigheter, snabbare f\u00f6rberedelseshastigheter och \u00f6verl\u00e4gsen ytkvalitet.\" \/><\/figure>\n<p>DiaUltra<\/p>\n<p><a href=\"https:\/\/akasel.com\/wp-content\/uploads\/2024\/06\/diaultra-product-brochure.pdf\">Link<\/a><\/p>\n<\/span> <span  class='split-sektion-item'>\n<figure class=\"wp-block-image\"><img decoding=\"async\" src=\"https:\/\/akasel.com\/wp-content\/uploads\/2023\/08\/polishing-cloths-uk-pdf-724x1024-1.jpg\" alt=\"Akasel's Polishing Cloths Produktbroschyr: Omfattande detaljer om ett brett utbud av polerdukar designade f\u00f6r metallografisk finslipning och polering, l\u00e4mpliga f\u00f6r olika material och applikationer.\" \/><\/figure>\n<p>Polishing Cloths<\/p>\n<p><a href=\"https:\/\/akasel.com\/wp-content\/uploads\/2024\/06\/polishing-cloth-product-brochure.pdf\">Link<\/a><\/p>\n<\/span> <span  class='split-sektion-item'>\n<figure class=\"wp-block-image\"><img decoding=\"async\" src=\"https:\/\/akasel.com\/wp-content\/uploads\/2023\/08\/diamond-suspension-uk-pdf-724x1024-1.jpg\" alt=\"Akasel's Diamond Suspension Produktbroschyr: Omfattande detaljer om ett utbud av diamantsuspensioner anpassade f\u00f6r metallografisk provberedning, inklusive polykrystallina och monokrystallina alternativ, h\u00f6gkoncentrerade formuleringar och vattenfria varianter f\u00f6r vattenk\u00e4nsliga material.\" \/><\/figure>\n<p>Diamond Suspensions<\/p>\n<p><a href=\"https:\/\/akasel.com\/wp-content\/uploads\/2024\/06\/diamond-suspension-product-brochure.pdf\">Link<\/a><\/p>\n<\/span> <div  class=' split-sektion columns-3 boxed-items'><\/div> <span  class='split-sektion-item full-width-item'>\n<p><strong>Polering<\/strong><\/p>\n<\/span> <span  class='split-sektion-item'>\n<figure class=\"wp-block-image size-large\"><img decoding=\"async\" class=\"wp-image-5576\" src=\"https:\/\/akasel.com\/wp-content\/uploads\/2023\/08\/op-uk2-724x1024-1.jpg\" alt=\"Akasel's Oxide Polishing Produktbroschyr: Omfattande detaljer om submikroniska oxidpoleringssuspensioner f\u00f6r metallografisk provberedning, som erbjuder deformationfritt polering, snabba resultat och anti-torkmedel f\u00f6r att f\u00f6rhindra kristallisering p\u00e5 polerdukar och i doseringsr\u00f6r.\" \/><\/figure>\n<p>Oxide Polishing<\/p>\n<p><a href=\"https:\/\/akasel.com\/wp-content\/uploads\/2024\/06\/oxide-polishing-product-brochure.pdf\">Link<\/a><\/p>\n<\/span> <\/div>\n","protected":false},"excerpt":{"rendered":"<p>Click on the product name below to open the Product Brochure.<\/p>\n","protected":false},"author":1,"featured_media":8275,"parent":8252,"menu_order":0,"comment_status":"closed","ping_status":"open","template":"","meta":{"footnotes":""},"class_list":["post-8266","page","type-page","status-publish","has-post-thumbnail","hentry"],"acf":[],"yoast_head":"<!-- This site is optimized with the Yoast SEO plugin v21.7 - https:\/\/yoast.com\/wordpress\/plugins\/seo\/ -->\n<title>Produktbroschyrer f\u00f6r Metallografiska F\u00f6rbrukningsvaror | Akasel<\/title>\n<meta name=\"description\" content=\"Ladda ner Akasels produktbroschyrer f\u00f6r detaljerad information om metallografiska f\u00f6rbrukningsvaror. F\u00e5 de senaste insikterna och produktdetaljerna.\" \/>\n<meta name=\"robots\" content=\"index, follow, max-snippet:-1, max-image-preview:large, max-video-preview:-1\" \/>\n<link rel=\"canonical\" href=\"https:\/\/akasel.com\/se\/bibliotek\/produktbroschyrer\/produktbroschyrer-engelska\/\" \/>\n<meta property=\"og:locale\" content=\"sv_SE\" \/>\n<meta property=\"og:type\" content=\"article\" \/>\n<meta property=\"og:title\" content=\"Produktbroschyrer f\u00f6r Metallografiska F\u00f6rbrukningsvaror | Akasel\" \/>\n<meta property=\"og:description\" content=\"Ladda ner Akasels produktbroschyrer f\u00f6r detaljerad information om metallografiska f\u00f6rbrukningsvaror. F\u00e5 de senaste insikterna och produktdetaljerna.\" \/>\n<meta property=\"og:url\" content=\"https:\/\/akasel.com\/se\/bibliotek\/produktbroschyrer\/produktbroschyrer-engelska\/\" \/>\n<meta property=\"og:site_name\" content=\"AKASEL A\/S\" \/>\n<meta property=\"article:modified_time\" content=\"2026-04-09T06:41:03+00:00\" \/>\n<meta property=\"og:image\" content=\"https:\/\/akasel.com\/se\/wp-content\/uploads\/sites\/5\/2023\/08\/image.jpeg\" \/>\n\t<meta property=\"og:image:width\" content=\"724\" \/>\n\t<meta property=\"og:image:height\" content=\"1024\" \/>\n\t<meta property=\"og:image:type\" content=\"image\/jpeg\" \/>\n<meta name=\"twitter:card\" content=\"summary_large_image\" \/>\n<meta name=\"twitter:label1\" content=\"Ber\u00e4knad l\u00e4stid\" \/>\n\t<meta name=\"twitter:data1\" content=\"4 minuter\" \/>\n<!-- \/ Yoast SEO plugin. -->","yoast_head_json":{"title":"Produktbroschyrer f\u00f6r Metallografiska F\u00f6rbrukningsvaror | Akasel","description":"Ladda ner Akasels produktbroschyrer f\u00f6r detaljerad information om metallografiska f\u00f6rbrukningsvaror. F\u00e5 de senaste insikterna och produktdetaljerna.","robots":{"index":"index","follow":"follow","max-snippet":"max-snippet:-1","max-image-preview":"max-image-preview:large","max-video-preview":"max-video-preview:-1"},"canonical":"https:\/\/akasel.com\/se\/bibliotek\/produktbroschyrer\/produktbroschyrer-engelska\/","og_locale":"sv_SE","og_type":"article","og_title":"Produktbroschyrer f\u00f6r Metallografiska F\u00f6rbrukningsvaror | Akasel","og_description":"Ladda ner Akasels produktbroschyrer f\u00f6r detaljerad information om metallografiska f\u00f6rbrukningsvaror. F\u00e5 de senaste insikterna och produktdetaljerna.","og_url":"https:\/\/akasel.com\/se\/bibliotek\/produktbroschyrer\/produktbroschyrer-engelska\/","og_site_name":"AKASEL A\/S","article_modified_time":"2026-04-09T06:41:03+00:00","og_image":[{"width":724,"height":1024,"url":"https:\/\/akasel.com\/se\/wp-content\/uploads\/sites\/5\/2023\/08\/image.jpeg","type":"image\/jpeg"}],"twitter_card":"summary_large_image","twitter_misc":{"Ber\u00e4knad l\u00e4stid":"4 minuter"},"schema":{"@context":"https:\/\/schema.org","@graph":[{"@type":"WebPage","@id":"https:\/\/akasel.com\/se\/bibliotek\/produktbroschyrer\/produktbroschyrer-engelska\/","url":"https:\/\/akasel.com\/se\/bibliotek\/produktbroschyrer\/produktbroschyrer-engelska\/","name":"Produktbroschyrer f\u00f6r Metallografiska F\u00f6rbrukningsvaror | Akasel","isPartOf":{"@id":"https:\/\/akasel.com\/se\/#website"},"datePublished":"2020-11-16T19:25:45+00:00","dateModified":"2026-04-09T06:41:03+00:00","description":"Ladda ner Akasels produktbroschyrer f\u00f6r detaljerad information om metallografiska f\u00f6rbrukningsvaror. F\u00e5 de senaste insikterna och produktdetaljerna.","breadcrumb":{"@id":"https:\/\/akasel.com\/se\/bibliotek\/produktbroschyrer\/produktbroschyrer-engelska\/#breadcrumb"},"inLanguage":"sv-SE","potentialAction":[{"@type":"ReadAction","target":["https:\/\/akasel.com\/se\/bibliotek\/produktbroschyrer\/produktbroschyrer-engelska\/"]}]},{"@type":"BreadcrumbList","@id":"https:\/\/akasel.com\/se\/bibliotek\/produktbroschyrer\/produktbroschyrer-engelska\/#breadcrumb","itemListElement":[{"@type":"ListItem","position":1,"name":"Home","item":"https:\/\/akasel.com\/se\/"},{"@type":"ListItem","position":2,"name":"Bibliotek","item":"https:\/\/akasel.com\/se\/bibliotek\/"},{"@type":"ListItem","position":3,"name":"Produktbroschyrer","item":"https:\/\/akasel.com\/se\/bibliotek\/produktbroschyrer\/"},{"@type":"ListItem","position":4,"name":"Produktbroschyrer &#8211; Engelska"}]},{"@type":"WebSite","@id":"https:\/\/akasel.com\/se\/#website","url":"https:\/\/akasel.com\/se\/","name":"AKASEL A\/S","description":"","potentialAction":[{"@type":"SearchAction","target":{"@type":"EntryPoint","urlTemplate":"https:\/\/akasel.com\/se\/?s={search_term_string}"},"query-input":"required name=search_term_string"}],"inLanguage":"sv-SE"}]}},"_links":{"self":[{"href":"https:\/\/akasel.com\/se\/wp-json\/wp\/v2\/pages\/8266"}],"collection":[{"href":"https:\/\/akasel.com\/se\/wp-json\/wp\/v2\/pages"}],"about":[{"href":"https:\/\/akasel.com\/se\/wp-json\/wp\/v2\/types\/page"}],"author":[{"embeddable":true,"href":"https:\/\/akasel.com\/se\/wp-json\/wp\/v2\/users\/1"}],"replies":[{"embeddable":true,"href":"https:\/\/akasel.com\/se\/wp-json\/wp\/v2\/comments?post=8266"}],"version-history":[{"count":16,"href":"https:\/\/akasel.com\/se\/wp-json\/wp\/v2\/pages\/8266\/revisions"}],"predecessor-version":[{"id":12621,"href":"https:\/\/akasel.com\/se\/wp-json\/wp\/v2\/pages\/8266\/revisions\/12621"}],"up":[{"embeddable":true,"href":"https:\/\/akasel.com\/se\/wp-json\/wp\/v2\/pages\/8252"}],"wp:featuredmedia":[{"embeddable":true,"href":"https:\/\/akasel.com\/se\/wp-json\/wp\/v2\/media\/8275"}],"wp:attachment":[{"href":"https:\/\/akasel.com\/se\/wp-json\/wp\/v2\/media?parent=8266"}],"curies":[{"name":"wp","href":"https:\/\/api.w.org\/{rel}","templated":true}]}}