{"id":8299,"date":"2020-11-16T20:35:02","date_gmt":"2020-11-16T19:35:02","guid":{"rendered":"https:\/\/akasel.com\/dealers\/africa\/"},"modified":"2026-01-21T08:01:40","modified_gmt":"2026-01-21T07:01:40","slug":"afrika","status":"publish","type":"page","link":"https:\/\/akasel.com\/se\/distributorer\/afrika\/","title":{"rendered":"Afrika"},"content":{"rendered":"<h2>Algeriet<\/h2>\n<h4>ACM Export &amp; Tj\u00e4nster<\/h4>\n<p>41 rue dedieu 69100 Villeurbanne<br \/>\nE-post: <a href=\"mailto:acm@acm-export.com\" target=\"_blank\" rel=\"noreferrer noopener\">acm@acm-export.com<\/a><br \/>\nTfn: +33 6 35 25 94 32\/+212 6 91 82 69 90<\/p>\n<h2>Botswana<\/h2>\n<h4>Scientific &amp; Precision Solutions (Pty) Ltd<\/h4>\n<p>Cnr Commissioner &amp; Christopher Street, Boksburg East, 1459<br \/>\n<a href=\"https:\/\/spsrsa.co.za\/contact\/\" target=\"_blank\" rel=\"noreferrer noopener\" data-type=\"URL\" data-id=\"https:\/\/spsrsa.co.za\/contact\/\">www.spsrsa.co.za<\/a><br \/>\nE-post: <a href=\"mailto:brianb@spsrsa.co.za\" target=\"_blank\" rel=\"noreferrer noopener\">brianb@spsrsa.co.za<\/a><br \/>\nTfn: +27 (0) 71 365 7915<\/p>\n<h2>Marocko<\/h2>\n<h4>ACM Export &amp; Tj\u00e4nster<\/h4>\n<p>41 rue dedieu 69100 Villeurbanne<br \/>\nE-post: <a href=\"mailto:acm@acm-export.com\" target=\"_blank\" rel=\"noreferrer noopener\">acm@acm-export.com<\/a><br \/>\nTfn: +33 6 35 25 94 32\/+212 6 91 82 69 90<\/p>\n[\/span]<span  class='split-sektion-item'><\/span>\n<h2>Namibia<\/h2>\n<h4>Scientific &amp; Precision Solutions (Pty) Ltd<\/h4>\n<p>Cnr Commissioner &amp; Christopher Street, Boksburg East, 1459<br \/>\n<a href=\"https:\/\/www.spsrsa.co.za\/contact_us.html\" target=\"_blank\" rel=\"noreferrer noopener\" data-type=\"URL\" data-id=\"https:\/\/www.spsrsa.co.za\/contact_us.html\">www.spsrsa.co.za<\/a><br \/>\nE-post: <a href=\"mailto:brianb@spsrsa.co.za\" target=\"_blank\" rel=\"noreferrer noopener\">brianb@spsrsa.co.za<\/a><br \/>\nTfn: +27 (0) 71 365 7915<\/p>\n<h2>Sydafrika (Lesotho och Swaziland)<\/h2>\n<h4>Scientific &amp; Precision Solutions (Pty) Ltd<\/h4>\n<p>Cnr Commissioner &amp; Christopher Street, Boksburg East, 1459<br \/>\nw<a href=\"https:\/\/spsrsa.co.za\/contact\/\" target=\"_blank\" rel=\"noreferrer noopener\" data-type=\"URL\" data-id=\"https:\/\/spsrsa.co.za\/contact\/\">ww.spsr<\/a> sa.co.za<br \/>\nE-post: <a href=\"mailto:brianb@spsrsa.co.za\" target=\"_blank\" rel=\"noreferrer noopener\">brianb@spsrsa.co.za<\/a><br \/>\nTfn: +27 (0) 71 365 7915<\/p>\n<h2>Tunisien<\/h2>\n<h4>ACM Export &amp; Tj\u00e4nster<\/h4>\n<p>41 rue dedieu 69100 Villeurbanne<br \/>\nE-post: <a href=\"mailto:acm@acm-export.com\" target=\"_blank\" rel=\"noreferrer noopener\">acm@acm-export.com<\/a><br \/>\nTfn: +33 6 35 25 94 32\/+212 6 91 82 69 90<\/p>\n","protected":false},"excerpt":{"rendered":"<p>Algeriet ACM Export &amp; Tj\u00e4nster 41 rue dedieu 69100 Villeurbanne E-post: acm@acm-export.com Tfn: +33 6 35 25 94 32\/+212 6&#8230;<\/p>\n","protected":false},"author":1,"featured_media":0,"parent":8116,"menu_order":0,"comment_status":"closed","ping_status":"open","template":"","meta":{"footnotes":""},"class_list":["post-8299","page","type-page","status-publish","hentry"],"acf":[],"yoast_head":"<!-- This site is optimized with the Yoast SEO plugin v21.7 - https:\/\/yoast.com\/wordpress\/plugins\/seo\/ -->\n<title>Hitta Din Lokala Akasel Distribut\u00f6r i Afrika | Akasel A\/S<\/title>\n<meta name=\"description\" content=\"Uppt\u00e4ck Akasels distribut\u00f6rer i Afrika. F\u00e5 kontaktinformation och support f\u00f6r v\u00e5ra metallografiska produkter genom lokala representanter.\" \/>\n<meta name=\"robots\" content=\"index, follow, max-snippet:-1, max-image-preview:large, max-video-preview:-1\" \/>\n<link rel=\"canonical\" href=\"https:\/\/akasel.com\/se\/distributorer\/afrika\/\" \/>\n<meta property=\"og:locale\" content=\"sv_SE\" \/>\n<meta property=\"og:type\" content=\"article\" \/>\n<meta property=\"og:title\" content=\"Hitta Din Lokala Akasel Distribut\u00f6r i Afrika | Akasel A\/S\" \/>\n<meta property=\"og:description\" content=\"Uppt\u00e4ck Akasels distribut\u00f6rer i Afrika. F\u00e5 kontaktinformation och support f\u00f6r v\u00e5ra metallografiska produkter genom lokala representanter.\" \/>\n<meta property=\"og:url\" content=\"https:\/\/akasel.com\/se\/distributorer\/afrika\/\" \/>\n<meta property=\"og:site_name\" content=\"AKASEL A\/S\" \/>\n<meta property=\"article:modified_time\" content=\"2026-01-21T07:01:40+00:00\" \/>\n<meta name=\"twitter:card\" content=\"summary_large_image\" \/>\n<meta name=\"twitter:label1\" content=\"Ber\u00e4knad l\u00e4stid\" \/>\n\t<meta name=\"twitter:data1\" content=\"1 minut\" \/>\n<!-- \/ Yoast SEO plugin. -->","yoast_head_json":{"title":"Hitta Din Lokala Akasel Distribut\u00f6r i Afrika | Akasel A\/S","description":"Uppt\u00e4ck Akasels distribut\u00f6rer i Afrika. F\u00e5 kontaktinformation och support f\u00f6r v\u00e5ra metallografiska produkter genom lokala representanter.","robots":{"index":"index","follow":"follow","max-snippet":"max-snippet:-1","max-image-preview":"max-image-preview:large","max-video-preview":"max-video-preview:-1"},"canonical":"https:\/\/akasel.com\/se\/distributorer\/afrika\/","og_locale":"sv_SE","og_type":"article","og_title":"Hitta Din Lokala Akasel Distribut\u00f6r i Afrika | Akasel A\/S","og_description":"Uppt\u00e4ck Akasels distribut\u00f6rer i Afrika. F\u00e5 kontaktinformation och support f\u00f6r v\u00e5ra metallografiska produkter genom lokala representanter.","og_url":"https:\/\/akasel.com\/se\/distributorer\/afrika\/","og_site_name":"AKASEL A\/S","article_modified_time":"2026-01-21T07:01:40+00:00","twitter_card":"summary_large_image","twitter_misc":{"Ber\u00e4knad l\u00e4stid":"1 minut"},"schema":{"@context":"https:\/\/schema.org","@graph":[{"@type":"WebPage","@id":"https:\/\/akasel.com\/se\/distributorer\/afrika\/","url":"https:\/\/akasel.com\/se\/distributorer\/afrika\/","name":"Hitta Din Lokala Akasel Distribut\u00f6r i Afrika | Akasel A\/S","isPartOf":{"@id":"https:\/\/akasel.com\/se\/#website"},"datePublished":"2020-11-16T19:35:02+00:00","dateModified":"2026-01-21T07:01:40+00:00","description":"Uppt\u00e4ck Akasels distribut\u00f6rer i Afrika. F\u00e5 kontaktinformation och support f\u00f6r v\u00e5ra metallografiska produkter genom lokala representanter.","breadcrumb":{"@id":"https:\/\/akasel.com\/se\/distributorer\/afrika\/#breadcrumb"},"inLanguage":"sv-SE","potentialAction":[{"@type":"ReadAction","target":["https:\/\/akasel.com\/se\/distributorer\/afrika\/"]}]},{"@type":"BreadcrumbList","@id":"https:\/\/akasel.com\/se\/distributorer\/afrika\/#breadcrumb","itemListElement":[{"@type":"ListItem","position":1,"name":"Home","item":"https:\/\/akasel.com\/se\/"},{"@type":"ListItem","position":2,"name":"Distribut\u00f6rer","item":"https:\/\/akasel.com\/se\/distributorer\/"},{"@type":"ListItem","position":3,"name":"Afrika"}]},{"@type":"WebSite","@id":"https:\/\/akasel.com\/se\/#website","url":"https:\/\/akasel.com\/se\/","name":"AKASEL A\/S","description":"","potentialAction":[{"@type":"SearchAction","target":{"@type":"EntryPoint","urlTemplate":"https:\/\/akasel.com\/se\/?s={search_term_string}"},"query-input":"required name=search_term_string"}],"inLanguage":"sv-SE"}]}},"_links":{"self":[{"href":"https:\/\/akasel.com\/se\/wp-json\/wp\/v2\/pages\/8299"}],"collection":[{"href":"https:\/\/akasel.com\/se\/wp-json\/wp\/v2\/pages"}],"about":[{"href":"https:\/\/akasel.com\/se\/wp-json\/wp\/v2\/types\/page"}],"author":[{"embeddable":true,"href":"https:\/\/akasel.com\/se\/wp-json\/wp\/v2\/users\/1"}],"replies":[{"embeddable":true,"href":"https:\/\/akasel.com\/se\/wp-json\/wp\/v2\/comments?post=8299"}],"version-history":[{"count":9,"href":"https:\/\/akasel.com\/se\/wp-json\/wp\/v2\/pages\/8299\/revisions"}],"predecessor-version":[{"id":12587,"href":"https:\/\/akasel.com\/se\/wp-json\/wp\/v2\/pages\/8299\/revisions\/12587"}],"up":[{"embeddable":true,"href":"https:\/\/akasel.com\/se\/wp-json\/wp\/v2\/pages\/8116"}],"wp:attachment":[{"href":"https:\/\/akasel.com\/se\/wp-json\/wp\/v2\/media?parent=8299"}],"curies":[{"name":"wp","href":"https:\/\/api.w.org\/{rel}","templated":true}]}}