{"id":8347,"date":"2020-11-17T16:28:34","date_gmt":"2020-11-17T15:28:34","guid":{"rendered":"https:\/\/akasel.com\/library\/user-guides\/user-guides-english\/"},"modified":"2025-09-26T07:55:19","modified_gmt":"2025-09-26T05:55:19","slug":"anvandarhandbocker-engelska","status":"publish","type":"page","link":"https:\/\/akasel.com\/se\/bibliotek\/anvandarhandbocker\/anvandarhandbocker-engelska\/","title":{"rendered":"Anv\u00e4ndarhandb\u00f6cker &#8211; Engelska"},"content":{"rendered":"<p>Klicka p\u00e5 produktnamnet nedan f\u00f6r att visa och ladda ner respektive anv\u00e4ndarhandbok.<\/p>\n<div  class=' split-sektion columns-3 boxed-items'>\n<span  class='split-sektion-item full-width-item'>\n<p><strong>F\u00f6rberedelse av prov<\/strong><\/p>\n<\/span>\n<span  class='split-sektion-item'>\n<figure class=\"wp-block-image size-full\"><img decoding=\"async\" class=\"wp-image-11539\" src=\"https:\/\/akasel.com\/wp-content\/uploads\/2023\/08\/demo-kit-brochure-2023-uk-web.png\" alt=\"Akasel Demo Kit Anv\u00e4ndarhandbok: Omfattande instruktioner f\u00f6r metallografisk provberedning med Akasels f\u00f6rbrukningsmaterial, inklusive slip- och poleringstekniker.\" \/><\/figure>\n<p>Demo-kit<\/p>\n<p><a href=\"https:\/\/akasel.com\/wp-content\/uploads\/2024\/06\/akasel-demo-kit-user-guide.pdf\">l\u00e4nk<\/a><\/p>\n<\/span>\n<\/div>\n<div  class=' split-sektion columns-3 boxed-items'>\n<span  class='split-sektion-item full-width-item'>\n<p><strong>Sk\u00e4rning<\/strong><\/p>\n<\/span>\n<span  class='split-sektion-item'>\n<figure class=\"wp-block-image size-large\"><img decoding=\"async\" class=\"wp-image-5679\" src=\"https:\/\/akasel.com\/wp-content\/uploads\/2023\/08\/cut-off-wheels-uk-2.jpg\" alt=\"Akasel's Aka-Cut Kapbladsanv\u00e4ndarhandbok: Detaljerade instruktioner f\u00f6r optimalt metallografiskt sk\u00e4rande, inklusive korrekt fl\u00e4nsstorlek, matningshastigheter, kyltekniker och skivunderh\u00e5ll.\" \/><\/figure>\n<p>Aka-Cut<\/p>\n<p><a href=\"https:\/\/akasel.com\/wp-content\/uploads\/2025\/07\/98012863-manual-aka-cut-uk-a5.pdf\">l\u00e4nk<\/a><\/p>\n<\/span>\n<span  class='split-sektion-item'>\n<figure class=\"wp-block-image\"><img decoding=\"async\" src=\"https:\/\/akasel.com\/wp-content\/uploads\/2024\/11\/aka-cut-superabrasive-cut-off-wheels-user-guide-front-eng-uk.jpg\" alt=\"Akasel's Aka-Cut Superabrasiva Kapblad Anv\u00e4ndarhandbok: Detaljerade instruktioner f\u00f6r optimalt metallografiskt sk\u00e4rande med diamant- och CBN-blad, inklusive matningshastigheter, RPM-inst\u00e4llningar, kylning och underh\u00e5ll.\" \/><\/figure>\n<p>Superabrasiva kapskivor<\/p>\n<p><a href=\"https:\/\/akasel.com\/wp-content\/uploads\/2024\/11\/aka-cut-superabrasive-cut-off-wheels-user-guide.pdf\">link<\/a><\/p>\n<\/span>\n<\/div>\n<div  class=' split-sektion columns-3 boxed-items'>\n<span  class='split-sektion-item full-width-item'>\n<p><strong>Montering<\/strong><\/p>\n<\/span>\n<span  class='split-sektion-item'>\n<figure class=\"wp-block-image\"><img decoding=\"async\" src=\"https:\/\/akasel.com\/wp-content\/uploads\/2023\/08\/aka-clear-2-pdf-724x1024-1.jpg\" alt=\"Akasel's Aka-Clear-2 Anv\u00e4ndarhandbok: Steg-f\u00f6r-steg-instruktioner f\u00f6r anv\u00e4ndning av det tv\u00e5komponents snabtorkande akrylsystemet f\u00f6r transparenta montagesystem i metallografi, idealiskt f\u00f6r felanalys och f\u00f6rberedelse av elektroniska komponenter.\" \/><\/figure>\n<p>Aka-Clear-2<\/p>\n<p><a href=\"https:\/\/akasel.com\/wp-content\/uploads\/2024\/06\/aka-clear-2-user-guide.pdf\">l\u00e4nk<\/a><\/p>\n<\/span>\n<span  class='split-sektion-item'>\n<figure class=\"wp-block-image\"><img decoding=\"async\" src=\"https:\/\/akasel.com\/wp-content\/uploads\/2023\/08\/aka-cure-slow-pdf-724x1024-1.jpg\" alt=\"Akasel's Aka-Cure Slow Anv\u00e4ndarhandbok: Steg-f\u00f6r-steg-instruktioner f\u00f6r anv\u00e4ndning av den l\u00e5ngsamt h\u00e4rdande epoxidh\u00e4rdaren med Aka-Resin Flytande Epoxi, idealisk f\u00f6r impr\u00e4gnering och montering av v\u00e4rmek\u00e4nsliga prover i metallografi.\" \/><\/figure>\n<p>Aka-Kur L\u00e5ngsam<\/p>\n<p><a href=\"https:\/\/akasel.com\/wp-content\/uploads\/2024\/06\/aka-cure-slow-user-guide.pdf\">l\u00e4nk<\/a><\/p>\n<\/span>\n<span  class='split-sektion-item'>\n<figure class=\"wp-block-image\"><img decoding=\"async\" src=\"https:\/\/akasel.com\/wp-content\/uploads\/2023\/08\/aka-cure-quick-pdf-724x1024-1.jpg\" alt=\"Akasel's Aka-Cure Quick Anv\u00e4ndarhandbok: Steg-f\u00f6r-steg-instruktioner f\u00f6r anv\u00e4ndning av den snabbt h\u00e4rdande epoxidh\u00e4rdaren med Aka-Resin Flytande Epoxi, idealisk f\u00f6r snabb montering av metallografiska prover.\" \/><\/figure>\n<p>Aka-Cure Snabb<\/p>\n<p><a href=\"https:\/\/akasel.com\/wp-content\/uploads\/2024\/06\/aka-cure-quick-user-guide.pdf\">l\u00e4nk<\/a><\/p>\n<\/span>\n<span  class='split-sektion-item'>\n<figure class=\"wp-block-image size-large\"><img decoding=\"async\" class=\"wp-image-3941\" src=\"https:\/\/akasel.com\/wp-content\/uploads\/2023\/08\/maould.jpg\" alt=\"Akasel's Aka-Mould Anv\u00e4ndarhandbok: Steg-f\u00f6r-steg-instruktioner f\u00f6r anv\u00e4ndning av Aka-Mould med Aka-NoStick V\u00e4tska f\u00f6r effektiv provmontering i metallografi.\" \/><\/figure>\n<p>Aka-Mould<\/p>\n<p><a href=\"https:\/\/akasel.com\/wp-content\/uploads\/2025\/07\/manual-mould-uk.pdf\">l\u00e4nk<\/a><\/p>\n<\/span>\n<span  class='split-sektion-item'>\n<figure class=\"wp-block-image size-large is-resized\"><img loading=\"lazy\" decoding=\"async\" class=\"wp-image-10895\" src=\"https:\/\/akasel.com\/wp-content\/uploads\/2023\/08\/user-guide-silicone-lid-uk-729x1024-1.png\" alt=\"Akasel's Aka-Mould med Siliklock Anv\u00e4ndarhandbok: Steg-f\u00f6r-steg-instruktioner f\u00f6r anv\u00e4ndning av Aka-Mould med ett siliklock och Aka-NoStick V\u00e4tska f\u00f6r effektiv provmontering i metallografi.\" width=\"155\" height=\"215\" \/><\/figure>\n<p>Aka-form med silikonlock<\/p>\n<p><a href=\"https:\/\/akasel.com\/wp-content\/uploads\/2025\/07\/98012904-manual-mould-silicone-lid-uk-de6-a5.pdf\">l\u00e4nk<\/a><\/p>\n<\/span>\n<\/div>\n<div  class=' split-sektion columns-3 boxed-items'>\n<span  class='split-sektion-item full-width-item'>\n<p><strong>Magnetisk anpassning<\/strong><\/p>\n<\/span>\n<span  class='split-sektion-item'>\n<figure class=\"wp-block-image size-large\"><img decoding=\"async\" class=\"wp-image-5697\" src=\"https:\/\/akasel.com\/wp-content\/uploads\/2023\/08\/magnet-uk-3.jpg\" alt=\"Akasel's Aka-Magnet Anv\u00e4ndarhandbok: Steg-f\u00f6r-steg-instruktioner f\u00f6r installation och underh\u00e5ll av Aka-Magnet, en polymerbaserad magnetfolie som omvandlar standardf\u00f6rberedelseskivor till magnetiska st\u00f6dsivor f\u00f6r effektiv metallografisk provberedning.\" \/><\/figure>\n<p>Aka-Magnet<\/p>\n<p><a href=\"https:\/\/akasel.com\/wp-content\/uploads\/2025\/07\/user-guide-aka-magnet-uk.pdf\">l\u00e4nk<\/a><\/p>\n<\/span>\n<span  class='split-sektion-item'>\n<figure class=\"wp-block-image size-large\"><img decoding=\"async\" class=\"wp-image-5709\" src=\"https:\/\/akasel.com\/wp-content\/uploads\/2023\/08\/aka-rhaco-uk-3.jpg\" alt=\"Akasel's Rhaco Anv\u00e4ndarhandbok: Steg-f\u00f6r-steg-instruktioner f\u00f6r anv\u00e4ndning av Rhaco-skivor vid metallografisk provberedning, inklusive s\u00e4kerst\u00e4llande av skivornas planhet, korrekt applicering av slippapper eller polerdukar och underh\u00e5llstips.\" \/><\/figure>\n<p>Aka-Rhaco<\/p>\n<p><a href=\"https:\/\/akasel.com\/wp-content\/uploads\/2025\/07\/0074-manual-rhaco-uk-a5.pdf\">l\u00e4nk<\/a><\/p>\n<\/span>\n<span  class='split-sektion-item'>\n<figure class=\"wp-block-image size-large\"><img decoding=\"async\" class=\"wp-image-10920\" src=\"https:\/\/akasel.com\/wp-content\/uploads\/2023\/08\/user-guide-aka-ronan-3d-uk-729x1024-1.png\" alt=\"Akasel's Aka-Ronan 3D Anv\u00e4ndarhandbok: Steg-f\u00f6r-steg-instruktioner f\u00f6r anv\u00e4ndning av st\u00e5ldisken med 3D-polymerbel\u00e4ggning f\u00f6r att anpassa sj\u00e4lvh\u00e4ftande polerdukar och slippapper f\u00f6r magnetiskt st\u00f6d vid metallografisk provberedning.\" \/><\/figure>\n<p>Aka-Ronan 3D<\/p>\n<p><a href=\"https:\/\/akasel.com\/wp-content\/uploads\/2025\/07\/user-guide-aka-ronan-3d-uk.pdf\">l\u00e4nk<\/a><\/p>\n<\/span>\n<\/div>\n<div  class=' split-sektion columns-3 boxed-items'>\n<span  class='split-sektion-item full-width-item'>\n<p><strong>Slipning<\/strong><\/p>\n<\/span>\n<span  class='split-sektion-item'>\n<figure class=\"wp-block-image size-large\"><img decoding=\"async\" class=\"wp-image-5721\" src=\"https:\/\/akasel.com\/wp-content\/uploads\/2023\/08\/piatto-uk-3.jpg\" alt=\"Akasel's Aka-Piatto och Aka-Piatto+ Anv\u00e4ndarhandbok: Steg-f\u00f6r-steg-instruktioner f\u00f6r slipning av metallografiska prover med Aka-Piatto- och Aka-Piatto+-skivor, inklusive rekommendationer f\u00f6r kraftinst\u00e4llningar, RPM och underh\u00e5llstips.\" \/><\/figure>\n<p>Aka-Piatto och Piatto+<\/p>\n<p><a href=\"https:\/\/akasel.com\/wp-content\/uploads\/2025\/07\/98012867-manual-piatto-piatto-uk-a5.pdf\">l\u00e4nk<\/a><\/p>\n<\/span>\n<span  class='split-sektion-item'>\n<figure class=\"wp-block-image size-large\"><img decoding=\"async\" class=\"wp-image-5724\" src=\"https:\/\/akasel.com\/wp-content\/uploads\/2023\/08\/rhaco-grit-uk-3.jpg\" alt=\"Akasel's Rhaco Grit Anv\u00e4ndarhandbok: Steg-f\u00f6r-steg-instruktioner f\u00f6r anv\u00e4ndning av Rhaco Grit slippapper vid metallografisk provberedning, inklusive rekommendationer f\u00f6r kraftinst\u00e4llningar, RPM och underh\u00e5llstips.\" \/><\/figure>\n<p>Rhaco Grit<\/p>\n<p><a href=\"https:\/\/akasel.com\/wp-content\/uploads\/2025\/07\/98012866-manual-rhaco-grit-uk-a5.pdf\">l\u00e4nk<\/a><\/p>\n<\/span>\n<\/div>\n<div  class=' split-sektion columns-3 boxed-items'>\n<span  class='split-sektion-item full-width-item'>\n<p><strong>Finmalning<\/strong><\/p>\n<\/span>\n<span  class='split-sektion-item'>\n<figure class=\"wp-block-image size-large\"><img decoding=\"async\" class=\"wp-image-5912\" src=\"https:\/\/akasel.com\/wp-content\/uploads\/2023\/08\/allegran-uk.jpg\" alt=\"Akasel's Aka-Allegran 9, 6 och 3 Anv\u00e4ndarhandbok: Steg-f\u00f6r-steg-instruktioner f\u00f6r finslipning av metallografiska prover med Aka-Allegran-skivor, inklusive provf\u00f6rdelning, sm\u00f6rjtekniker, rekommenderade kornstorlekar, kraftinst\u00e4llningar, RPM och underh\u00e5llstips.\" \/><\/figure>\n<p>Aka-Allegran 9<\/p>\n<p><a href=\"https:\/\/akasel.com\/wp-content\/uploads\/2025\/07\/98012862-manual-allegran-9-6-3-uk-a5.pdf\">l\u00e4nk<\/a><\/p>\n<\/span>\n<span  class='split-sektion-item'>\n<figure class=\"wp-block-image size-large\"><img decoding=\"async\" class=\"wp-image-5919\" src=\"https:\/\/akasel.com\/wp-content\/uploads\/2023\/08\/allegran-uk-1.jpg\" alt=\"Akasel's Aka-Allegran 9, 6 och 3 Anv\u00e4ndarhandbok: Steg-f\u00f6r-steg-instruktioner f\u00f6r finslipning av metallografiska prover med Aka-Allegran-skivor, inklusive provf\u00f6rdelning, sm\u00f6rjtekniker, rekommenderade kornstorlekar, kraftinst\u00e4llningar, RPM och underh\u00e5llstips.\" \/><\/figure>\n<p>Aka-Allegran 6<\/p>\n<p><a href=\"https:\/\/akasel.com\/wp-content\/uploads\/2025\/07\/98012862-manual-allegran-9-6-3-uk-a5.pdf\">l\u00e4nk<\/a><\/p>\n<\/span>\n<span  class='split-sektion-item'>\n<figure class=\"wp-block-image size-large\"><img decoding=\"async\" class=\"wp-image-5925\" src=\"https:\/\/akasel.com\/wp-content\/uploads\/2023\/08\/allegran-uk-2.jpg\" alt=\"Akasel's Aka-Allegran 9, 6 och 3 Anv\u00e4ndarhandbok: Steg-f\u00f6r-steg-instruktioner f\u00f6r finslipning av metallografiska prover med Aka-Allegran-skivor, inklusive provf\u00f6rdelning, sm\u00f6rjtekniker, rekommenderade kornstorlekar, kraftinst\u00e4llningar, RPM och underh\u00e5llstips.\" \/><\/figure>\n<p>Aka-Allegran 3<\/p>\n<p><a href=\"https:\/\/akasel.com\/wp-content\/uploads\/2025\/07\/98012862-manual-allegran-9-6-3-uk-a5.pdf\">l\u00e4nk<\/a><\/p>\n<\/span>\n<span  class='split-sektion-item'>\n<figure class=\"wp-block-image size-large\"><img decoding=\"async\" class=\"wp-image-5928\" src=\"https:\/\/akasel.com\/wp-content\/uploads\/2023\/08\/allegran-uk-3.jpg\" alt=\"Akasel's Aka-Allegran 1 Anv\u00e4ndarhandbok: Steg-f\u00f6r-steg-instruktioner f\u00f6r finslipning och polering av metallografiska prover med Aka-Allegran 1-skivan, inklusive provf\u00f6rdelning, sm\u00f6rjtekniker, rekommenderade kornstorlekar (3 - 0,1 \u00b5m), kraftinst\u00e4llningar, RPM och underh\u00e5llstips.\" \/><\/figure>\n<p>Aka-Allegran 1<\/p>\n<p><a href=\"https:\/\/akasel.com\/wp-content\/uploads\/2025\/07\/98012880-manual-allegran-1-uk-a5.pdf\">l\u00e4nk<\/a><\/p>\n<\/span>\n<span  class='split-sektion-item'>\n<figure class=\"wp-block-image size-large\"><img decoding=\"async\" class=\"wp-image-5912\" src=\"https:\/\/akasel.com\/wp-content\/uploads\/2023\/08\/allegran-uk.jpg\" alt=\"Akasel's Aka-Largan 9 Anv\u00e4ndarhandbok: Steg-f\u00f6r-steg-instruktioner f\u00f6r finslipning av metallografiska prover med Aka-Largan 9-skivan, inklusive provf\u00f6rdelning, sm\u00f6rjtekniker, rekommenderade kornstorlekar (15 - 3 \u00b5m), kraftinst\u00e4llningar, RPM och underh\u00e5llstips.\" \/><\/figure>\n<p>Aka-Largan 9<\/p>\n<p><a href=\"https:\/\/akasel.com\/wp-content\/uploads\/2025\/07\/98012902-manual-largan-9-uk-a5.pdf\">l\u00e4nk<\/a><\/p>\n<\/span>\n<\/div>\n<div  class=' split-sektion columns-3 boxed-items'>\n<span  class='split-sektion-item full-width-item'>\n<p><strong>Polering<\/strong><\/p>\n<\/span>\n<span  class='split-sektion-item'>\n<figure class=\"wp-block-image size-large\"><img decoding=\"async\" class=\"wp-image-5739\" src=\"https:\/\/akasel.com\/wp-content\/uploads\/2023\/08\/mag-cloth-uk-3.jpg\" alt=\"Akasel's Mag Polishing Cloth Anv\u00e4ndarhandbok: Steg-f\u00f6r-steg-instruktioner f\u00f6r anv\u00e4ndning av magnetiska polerdukar vid metallografisk provberedning, inklusive korrekt placering p\u00e5 det magnetiska st\u00f6det, provf\u00f6rdelning, sm\u00f6rjtekniker och underh\u00e5llstips.\" \/><\/figure>\n<p>Magnetisk polerduk<\/p>\n<p><a href=\"https:\/\/akasel.com\/wp-content\/uploads\/2025\/07\/98012865-manual-mag-cloth-uk-a5.pdf\">l\u00e4nk<\/a><\/p>\n<\/span>\n<span  class='split-sektion-item'>\n<figure class=\"wp-block-image size-large\"><img decoding=\"async\" class=\"wp-image-5742\" src=\"https:\/\/akasel.com\/wp-content\/uploads\/2023\/08\/psa-cloth-uk-3.jpg\" alt=\"Akasel's PSA Polishing Cloths Anv\u00e4ndarhandbok: Steg-f\u00f6r-steg-instruktioner f\u00f6r applicering av sj\u00e4lvh\u00e4ftande polerdukar vid metallografisk provberedning, inklusive verifiering av skivornas planhet, korrekt placering av duken f\u00f6r att undvika luftbubblor, provf\u00f6rdelning, sm\u00f6rjtekniker och underh\u00e5llstips.\" \/><\/figure>\n<p>Sj\u00e4lvh\u00e4ftande polerduk<\/p>\n<p><a href=\"https:\/\/akasel.com\/wp-content\/uploads\/2025\/07\/manual-psa-polishing-cloth-uk-a5.pdf\">l\u00e4nk<\/a><\/p>\n<\/span>\n<span  class='split-sektion-item'>\n<figure class=\"wp-block-image size-large\"><img decoding=\"async\" class=\"wp-image-5745\" src=\"https:\/\/akasel.com\/wp-content\/uploads\/2025\/07\/0071-diamond-paste-uk-cover.jpg\" alt=\"Akasel's Diamond Paste Anv\u00e4ndarhandbok: Steg-f\u00f6r-steg-instruktioner f\u00f6r applicering av diamantpasta vid metallografisk provberedning, inklusive doseringstekniker, korrekt applicering p\u00e5 polerdukar, sm\u00f6rjtekniker och underh\u00e5llstips.\" \/><\/figure>\n<p>Aka-Paste<\/p>\n<p><a href=\"https:\/\/akasel.com\/wp-content\/uploads\/2025\/07\/0071-manual-diamond-paste-uk-a5-akasel-20.pdf\">l\u00e4nk<\/a><\/p>\n<\/span>\n<span  class='split-sektion-item'>\n<figure class=\"wp-block-image size-large\"><img decoding=\"async\" class=\"wp-image-5748\" src=\"https:\/\/akasel.com\/wp-content\/uploads\/2025\/07\/0072-diamond-stick-uk-cover.jpg\" alt=\"Akasel's Diamond Stick Anv\u00e4ndarhandbok: Steg-f\u00f6r-steg-instruktioner f\u00f6r att f\u00f6rbereda nya polerdukar med diamantpasta vid metallografisk provberedning, inklusive doseringstekniker, appliceringsm\u00f6nster, sm\u00f6rjtekniker och underh\u00e5llstips.\" \/><\/figure>\n<p>Aka-Stick<\/p>\n<p><a href=\"https:\/\/akasel.com\/wp-content\/uploads\/2025\/07\/0072-manual-diamond-stick-uk-a5-akasel-20.pdf\">l\u00e4nk<\/a><\/p>\n<\/span>\n<\/div>\n<div  class=' split-sektion columns-3 boxed-items'>\n<span  class='split-sektion-item full-width-item'>\n<p><strong>Accessories<\/strong><\/p>\n<\/span>\n<span  class='split-sektion-item'>\n<figure class=\"wp-block-image size-full\">\n  <img decoding=\"async\" class=\"wp-image-XXXXX\" src=\"https:\/\/akasel.com\/wp-content\/uploads\/2025\/07\/0075-disc-cabinet-uk-cover.jpg\" alt=\"Akasel Disc Cabinet Anv\u00e4ndarmanual: Instruktioner f\u00f6r f\u00f6rvaring och underh\u00e5ll vid metallografisk provberedning.\" \/><br \/>\n<\/figure>\n<p>Skivsk\u00e5p<\/p>\n<p><a href=\"https:\/\/akasel.com\/wp-content\/uploads\/2025\/07\/0075-manual-disc-cabinet-uk-a5-akasel.pdf\">link<\/a><\/p>\n<\/span>\n<\/div>\n","protected":false},"excerpt":{"rendered":"<p>Klicka p\u00e5 produktnamnet nedan f\u00f6r att visa och ladda ner respektive anv\u00e4ndarhandbok.<\/p>\n","protected":false},"author":1,"featured_media":8353,"parent":8222,"menu_order":0,"comment_status":"closed","ping_status":"open","template":"","meta":{"footnotes":""},"class_list":["post-8347","page","type-page","status-publish","has-post-thumbnail","hentry"],"acf":[],"yoast_head":"<!-- This site is optimized with the Yoast SEO plugin v21.7 - https:\/\/yoast.com\/wordpress\/plugins\/seo\/ -->\n<title>Engelska Anv\u00e4ndarhandb\u00f6cker f\u00f6r F\u00f6rbrukningsvaror | Akasel A\/S<\/title>\n<meta name=\"description\" content=\"Ladda ner anv\u00e4ndarhandboken f\u00f6r Akasels f\u00f6rbrukningsvaror p\u00e5 engelska. F\u00e5 detaljerade instruktioner f\u00f6r att optimera dina metallografiska processer.\" \/>\n<meta name=\"robots\" content=\"index, follow, max-snippet:-1, max-image-preview:large, max-video-preview:-1\" \/>\n<link rel=\"canonical\" href=\"https:\/\/akasel.com\/se\/bibliotek\/anvandarhandbocker\/anvandarhandbocker-engelska\/\" \/>\n<meta property=\"og:locale\" content=\"sv_SE\" \/>\n<meta property=\"og:type\" content=\"article\" \/>\n<meta property=\"og:title\" content=\"Engelska Anv\u00e4ndarhandb\u00f6cker f\u00f6r F\u00f6rbrukningsvaror | Akasel A\/S\" \/>\n<meta property=\"og:description\" content=\"Ladda ner anv\u00e4ndarhandboken f\u00f6r Akasels f\u00f6rbrukningsvaror p\u00e5 engelska. F\u00e5 detaljerade instruktioner f\u00f6r att optimera dina metallografiska processer.\" \/>\n<meta property=\"og:url\" content=\"https:\/\/akasel.com\/se\/bibliotek\/anvandarhandbocker\/anvandarhandbocker-engelska\/\" \/>\n<meta property=\"og:site_name\" content=\"AKASEL A\/S\" \/>\n<meta property=\"article:modified_time\" content=\"2025-09-26T05:55:19+00:00\" \/>\n<meta property=\"og:image\" content=\"https:\/\/akasel.com\/se\/wp-content\/uploads\/sites\/5\/2023\/08\/maould.jpg\" \/>\n\t<meta property=\"og:image:width\" content=\"724\" \/>\n\t<meta property=\"og:image:height\" content=\"1024\" \/>\n\t<meta property=\"og:image:type\" content=\"image\/jpeg\" \/>\n<meta name=\"twitter:card\" content=\"summary_large_image\" \/>\n<meta name=\"twitter:label1\" content=\"Ber\u00e4knad l\u00e4stid\" \/>\n\t<meta name=\"twitter:data1\" content=\"7 minuter\" \/>\n<!-- \/ Yoast SEO plugin. -->","yoast_head_json":{"title":"Engelska Anv\u00e4ndarhandb\u00f6cker f\u00f6r F\u00f6rbrukningsvaror | Akasel A\/S","description":"Ladda ner anv\u00e4ndarhandboken f\u00f6r Akasels f\u00f6rbrukningsvaror p\u00e5 engelska. F\u00e5 detaljerade instruktioner f\u00f6r att optimera dina metallografiska processer.","robots":{"index":"index","follow":"follow","max-snippet":"max-snippet:-1","max-image-preview":"max-image-preview:large","max-video-preview":"max-video-preview:-1"},"canonical":"https:\/\/akasel.com\/se\/bibliotek\/anvandarhandbocker\/anvandarhandbocker-engelska\/","og_locale":"sv_SE","og_type":"article","og_title":"Engelska Anv\u00e4ndarhandb\u00f6cker f\u00f6r F\u00f6rbrukningsvaror | Akasel A\/S","og_description":"Ladda ner anv\u00e4ndarhandboken f\u00f6r Akasels f\u00f6rbrukningsvaror p\u00e5 engelska. F\u00e5 detaljerade instruktioner f\u00f6r att optimera dina metallografiska processer.","og_url":"https:\/\/akasel.com\/se\/bibliotek\/anvandarhandbocker\/anvandarhandbocker-engelska\/","og_site_name":"AKASEL A\/S","article_modified_time":"2025-09-26T05:55:19+00:00","og_image":[{"width":724,"height":1024,"url":"https:\/\/akasel.com\/se\/wp-content\/uploads\/sites\/5\/2023\/08\/maould.jpg","type":"image\/jpeg"}],"twitter_card":"summary_large_image","twitter_misc":{"Ber\u00e4knad l\u00e4stid":"7 minuter"},"schema":{"@context":"https:\/\/schema.org","@graph":[{"@type":"WebPage","@id":"https:\/\/akasel.com\/se\/bibliotek\/anvandarhandbocker\/anvandarhandbocker-engelska\/","url":"https:\/\/akasel.com\/se\/bibliotek\/anvandarhandbocker\/anvandarhandbocker-engelska\/","name":"Engelska Anv\u00e4ndarhandb\u00f6cker f\u00f6r F\u00f6rbrukningsvaror | Akasel A\/S","isPartOf":{"@id":"https:\/\/akasel.com\/se\/#website"},"datePublished":"2020-11-17T15:28:34+00:00","dateModified":"2025-09-26T05:55:19+00:00","description":"Ladda ner anv\u00e4ndarhandboken f\u00f6r Akasels f\u00f6rbrukningsvaror p\u00e5 engelska. F\u00e5 detaljerade instruktioner f\u00f6r att optimera dina metallografiska processer.","breadcrumb":{"@id":"https:\/\/akasel.com\/se\/bibliotek\/anvandarhandbocker\/anvandarhandbocker-engelska\/#breadcrumb"},"inLanguage":"sv-SE","potentialAction":[{"@type":"ReadAction","target":["https:\/\/akasel.com\/se\/bibliotek\/anvandarhandbocker\/anvandarhandbocker-engelska\/"]}]},{"@type":"BreadcrumbList","@id":"https:\/\/akasel.com\/se\/bibliotek\/anvandarhandbocker\/anvandarhandbocker-engelska\/#breadcrumb","itemListElement":[{"@type":"ListItem","position":1,"name":"Home","item":"https:\/\/akasel.com\/se\/"},{"@type":"ListItem","position":2,"name":"Bibliotek","item":"https:\/\/akasel.com\/se\/bibliotek\/"},{"@type":"ListItem","position":3,"name":"Anv\u00e4ndarhandb\u00f6cker","item":"https:\/\/akasel.com\/se\/bibliotek\/anvandarhandbocker\/"},{"@type":"ListItem","position":4,"name":"Anv\u00e4ndarhandb\u00f6cker &#8211; Engelska"}]},{"@type":"WebSite","@id":"https:\/\/akasel.com\/se\/#website","url":"https:\/\/akasel.com\/se\/","name":"AKASEL A\/S","description":"","potentialAction":[{"@type":"SearchAction","target":{"@type":"EntryPoint","urlTemplate":"https:\/\/akasel.com\/se\/?s={search_term_string}"},"query-input":"required name=search_term_string"}],"inLanguage":"sv-SE"}]}},"_links":{"self":[{"href":"https:\/\/akasel.com\/se\/wp-json\/wp\/v2\/pages\/8347"}],"collection":[{"href":"https:\/\/akasel.com\/se\/wp-json\/wp\/v2\/pages"}],"about":[{"href":"https:\/\/akasel.com\/se\/wp-json\/wp\/v2\/types\/page"}],"author":[{"embeddable":true,"href":"https:\/\/akasel.com\/se\/wp-json\/wp\/v2\/users\/1"}],"replies":[{"embeddable":true,"href":"https:\/\/akasel.com\/se\/wp-json\/wp\/v2\/comments?post=8347"}],"version-history":[{"count":15,"href":"https:\/\/akasel.com\/se\/wp-json\/wp\/v2\/pages\/8347\/revisions"}],"predecessor-version":[{"id":12489,"href":"https:\/\/akasel.com\/se\/wp-json\/wp\/v2\/pages\/8347\/revisions\/12489"}],"up":[{"embeddable":true,"href":"https:\/\/akasel.com\/se\/wp-json\/wp\/v2\/pages\/8222"}],"wp:featuredmedia":[{"embeddable":true,"href":"https:\/\/akasel.com\/se\/wp-json\/wp\/v2\/media\/8353"}],"wp:attachment":[{"href":"https:\/\/akasel.com\/se\/wp-json\/wp\/v2\/media?parent=8347"}],"curies":[{"name":"wp","href":"https:\/\/api.w.org\/{rel}","templated":true}]}}