{"id":8446,"date":"2022-05-12T13:06:11","date_gmt":"2022-05-12T11:06:11","guid":{"rendered":"https:\/\/akasel.com\/customer-registration\/"},"modified":"2025-09-26T07:55:24","modified_gmt":"2025-09-26T05:55:24","slug":"kundregistrering","status":"publish","type":"page","link":"https:\/\/akasel.com\/se\/kundregistrering\/","title":{"rendered":"Kundregistrering"},"content":{"rendered":"","protected":false},"excerpt":{"rendered":"","protected":false},"author":1,"featured_media":0,"parent":0,"menu_order":0,"comment_status":"closed","ping_status":"open","template":"","meta":{"footnotes":""},"class_list":["post-8446","page","type-page","status-publish","hentry"],"acf":[],"yoast_head":"<!-- This site is optimized with the Yoast SEO plugin v21.7 - https:\/\/yoast.com\/wordpress\/plugins\/seo\/ -->\n<title>Kundregistrering hos AKASEL A\/S | Ans\u00f6k om Ett Konto Nu!<\/title>\n<meta name=\"description\" content=\"Registrera dig som kund hos Akasel f\u00f6r att f\u00e5 tillg\u00e5ng till v\u00e5r webbshop, se priser och l\u00e4gga best\u00e4llningar. Fyll i formul\u00e4ret f\u00f6r att ans\u00f6ka om ett konto\" \/>\n<meta name=\"robots\" content=\"index, follow, max-snippet:-1, max-image-preview:large, max-video-preview:-1\" \/>\n<link rel=\"canonical\" href=\"https:\/\/akasel.com\/se\/kundregistrering\/\" \/>\n<meta property=\"og:locale\" content=\"sv_SE\" \/>\n<meta property=\"og:type\" content=\"article\" \/>\n<meta property=\"og:title\" content=\"Kundregistrering hos AKASEL A\/S | Ans\u00f6k om Ett Konto Nu!\" \/>\n<meta property=\"og:description\" content=\"Registrera dig som kund hos Akasel f\u00f6r att f\u00e5 tillg\u00e5ng till v\u00e5r webbshop, se priser och l\u00e4gga best\u00e4llningar. Fyll i formul\u00e4ret f\u00f6r att ans\u00f6ka om ett konto\" \/>\n<meta property=\"og:url\" content=\"https:\/\/akasel.com\/se\/kundregistrering\/\" \/>\n<meta property=\"og:site_name\" content=\"AKASEL A\/S\" \/>\n<meta property=\"article:modified_time\" content=\"2025-09-26T05:55:24+00:00\" \/>\n<meta name=\"twitter:card\" content=\"summary_large_image\" \/>\n<meta name=\"twitter:label1\" content=\"Ber\u00e4knad l\u00e4stid\" \/>\n\t<meta name=\"twitter:data1\" content=\"1 minut\" \/>\n<!-- \/ Yoast SEO plugin. -->","yoast_head_json":{"title":"Kundregistrering hos AKASEL A\/S | Ans\u00f6k om Ett Konto Nu!","description":"Registrera dig som kund hos Akasel f\u00f6r att f\u00e5 tillg\u00e5ng till v\u00e5r webbshop, se priser och l\u00e4gga best\u00e4llningar. Fyll i formul\u00e4ret f\u00f6r att ans\u00f6ka om ett konto","robots":{"index":"index","follow":"follow","max-snippet":"max-snippet:-1","max-image-preview":"max-image-preview:large","max-video-preview":"max-video-preview:-1"},"canonical":"https:\/\/akasel.com\/se\/kundregistrering\/","og_locale":"sv_SE","og_type":"article","og_title":"Kundregistrering hos AKASEL A\/S | Ans\u00f6k om Ett Konto Nu!","og_description":"Registrera dig som kund hos Akasel f\u00f6r att f\u00e5 tillg\u00e5ng till v\u00e5r webbshop, se priser och l\u00e4gga best\u00e4llningar. Fyll i formul\u00e4ret f\u00f6r att ans\u00f6ka om ett konto","og_url":"https:\/\/akasel.com\/se\/kundregistrering\/","og_site_name":"AKASEL A\/S","article_modified_time":"2025-09-26T05:55:24+00:00","twitter_card":"summary_large_image","twitter_misc":{"Ber\u00e4knad l\u00e4stid":"1 minut"},"schema":{"@context":"https:\/\/schema.org","@graph":[{"@type":"WebPage","@id":"https:\/\/akasel.com\/se\/kundregistrering\/","url":"https:\/\/akasel.com\/se\/kundregistrering\/","name":"Kundregistrering hos AKASEL A\/S | Ans\u00f6k om Ett Konto Nu!","isPartOf":{"@id":"https:\/\/akasel.com\/se\/#website"},"datePublished":"2022-05-12T11:06:11+00:00","dateModified":"2025-09-26T05:55:24+00:00","description":"Registrera dig som kund hos Akasel f\u00f6r att f\u00e5 tillg\u00e5ng till v\u00e5r webbshop, se priser och l\u00e4gga best\u00e4llningar. Fyll i formul\u00e4ret f\u00f6r att ans\u00f6ka om ett konto","breadcrumb":{"@id":"https:\/\/akasel.com\/se\/kundregistrering\/#breadcrumb"},"inLanguage":"sv-SE","potentialAction":[{"@type":"ReadAction","target":["https:\/\/akasel.com\/se\/kundregistrering\/"]}]},{"@type":"BreadcrumbList","@id":"https:\/\/akasel.com\/se\/kundregistrering\/#breadcrumb","itemListElement":[{"@type":"ListItem","position":1,"name":"Home","item":"https:\/\/akasel.com\/se\/"},{"@type":"ListItem","position":2,"name":"Kundregistrering"}]},{"@type":"WebSite","@id":"https:\/\/akasel.com\/se\/#website","url":"https:\/\/akasel.com\/se\/","name":"AKASEL A\/S","description":"","potentialAction":[{"@type":"SearchAction","target":{"@type":"EntryPoint","urlTemplate":"https:\/\/akasel.com\/se\/?s={search_term_string}"},"query-input":"required name=search_term_string"}],"inLanguage":"sv-SE"}]}},"_links":{"self":[{"href":"https:\/\/akasel.com\/se\/wp-json\/wp\/v2\/pages\/8446"}],"collection":[{"href":"https:\/\/akasel.com\/se\/wp-json\/wp\/v2\/pages"}],"about":[{"href":"https:\/\/akasel.com\/se\/wp-json\/wp\/v2\/types\/page"}],"author":[{"embeddable":true,"href":"https:\/\/akasel.com\/se\/wp-json\/wp\/v2\/users\/1"}],"replies":[{"embeddable":true,"href":"https:\/\/akasel.com\/se\/wp-json\/wp\/v2\/comments?post=8446"}],"version-history":[{"count":15,"href":"https:\/\/akasel.com\/se\/wp-json\/wp\/v2\/pages\/8446\/revisions"}],"predecessor-version":[{"id":12545,"href":"https:\/\/akasel.com\/se\/wp-json\/wp\/v2\/pages\/8446\/revisions\/12545"}],"wp:attachment":[{"href":"https:\/\/akasel.com\/se\/wp-json\/wp\/v2\/media?parent=8446"}],"curies":[{"name":"wp","href":"https:\/\/api.w.org\/{rel}","templated":true}]}}