{"id":8448,"date":"2022-09-09T08:34:25","date_gmt":"2022-09-09T06:34:25","guid":{"rendered":"https:\/\/akasel.com\/country-application\/"},"modified":"2025-09-26T07:55:24","modified_gmt":"2025-09-26T05:55:24","slug":"land-ansokan","status":"publish","type":"page","link":"https:\/\/akasel.com\/se\/land-ansokan\/","title":{"rendered":"Land ans\u00f6kan"},"content":{"rendered":"<p>Tack f\u00f6r att du meddelar oss att du \u00e4r intresserad av att vi levererar till ditt land!<\/p>\n<p>Vi granskar regelbundet dessa meddelanden och meddelar dig n\u00e4r ditt land \u00e4r tillg\u00e4ngligt f\u00f6r leverans.<\/p>\n","protected":false},"excerpt":{"rendered":"<p>Tack f\u00f6r att du meddelar oss att du \u00e4r intresserad av att vi levererar till ditt land! Vi granskar regelbundet&#8230;<\/p>\n","protected":false},"author":1,"featured_media":0,"parent":0,"menu_order":0,"comment_status":"closed","ping_status":"open","template":"","meta":{"footnotes":""},"class_list":["post-8448","page","type-page","status-publish","hentry"],"acf":[],"yoast_head":"<!-- This site is optimized with the Yoast SEO plugin v21.7 - https:\/\/yoast.com\/wordpress\/plugins\/seo\/ -->\n<title>Land ans\u00f6kan - AKASEL A\/S<\/title>\n<meta name=\"robots\" content=\"noindex, nofollow\" \/>\n<meta property=\"og:locale\" content=\"sv_SE\" \/>\n<meta property=\"og:type\" content=\"article\" \/>\n<meta property=\"og:title\" content=\"Land ans\u00f6kan - AKASEL A\/S\" \/>\n<meta property=\"og:description\" content=\"Tack f\u00f6r att du meddelar oss att du \u00e4r intresserad av att vi levererar till ditt land! Vi granskar regelbundet...\" \/>\n<meta property=\"og:url\" content=\"https:\/\/akasel.com\/se\/land-ansokan\/\" \/>\n<meta property=\"og:site_name\" content=\"AKASEL A\/S\" \/>\n<meta property=\"article:modified_time\" content=\"2025-09-26T05:55:24+00:00\" \/>\n<meta name=\"twitter:card\" content=\"summary_large_image\" \/>\n<meta name=\"twitter:label1\" content=\"Ber\u00e4knad l\u00e4stid\" \/>\n\t<meta name=\"twitter:data1\" content=\"1 minut\" \/>\n<!-- \/ Yoast SEO plugin. -->","yoast_head_json":{"title":"Land ans\u00f6kan - AKASEL A\/S","robots":{"index":"noindex","follow":"nofollow"},"og_locale":"sv_SE","og_type":"article","og_title":"Land ans\u00f6kan - AKASEL A\/S","og_description":"Tack f\u00f6r att du meddelar oss att du \u00e4r intresserad av att vi levererar till ditt land! Vi granskar regelbundet...","og_url":"https:\/\/akasel.com\/se\/land-ansokan\/","og_site_name":"AKASEL A\/S","article_modified_time":"2025-09-26T05:55:24+00:00","twitter_card":"summary_large_image","twitter_misc":{"Ber\u00e4knad l\u00e4stid":"1 minut"},"schema":{"@context":"https:\/\/schema.org","@graph":[{"@type":"WebPage","@id":"https:\/\/akasel.com\/se\/land-ansokan\/","url":"https:\/\/akasel.com\/se\/land-ansokan\/","name":"Land ans\u00f6kan - AKASEL A\/S","isPartOf":{"@id":"https:\/\/akasel.com\/se\/#website"},"datePublished":"2022-09-09T06:34:25+00:00","dateModified":"2025-09-26T05:55:24+00:00","breadcrumb":{"@id":"https:\/\/akasel.com\/se\/land-ansokan\/#breadcrumb"},"inLanguage":"sv-SE","potentialAction":[{"@type":"ReadAction","target":["https:\/\/akasel.com\/se\/land-ansokan\/"]}]},{"@type":"BreadcrumbList","@id":"https:\/\/akasel.com\/se\/land-ansokan\/#breadcrumb","itemListElement":[{"@type":"ListItem","position":1,"name":"Home","item":"https:\/\/akasel.com\/se\/"},{"@type":"ListItem","position":2,"name":"Land ans\u00f6kan"}]},{"@type":"WebSite","@id":"https:\/\/akasel.com\/se\/#website","url":"https:\/\/akasel.com\/se\/","name":"AKASEL A\/S","description":"","potentialAction":[{"@type":"SearchAction","target":{"@type":"EntryPoint","urlTemplate":"https:\/\/akasel.com\/se\/?s={search_term_string}"},"query-input":"required name=search_term_string"}],"inLanguage":"sv-SE"}]}},"_links":{"self":[{"href":"https:\/\/akasel.com\/se\/wp-json\/wp\/v2\/pages\/8448"}],"collection":[{"href":"https:\/\/akasel.com\/se\/wp-json\/wp\/v2\/pages"}],"about":[{"href":"https:\/\/akasel.com\/se\/wp-json\/wp\/v2\/types\/page"}],"author":[{"embeddable":true,"href":"https:\/\/akasel.com\/se\/wp-json\/wp\/v2\/users\/1"}],"replies":[{"embeddable":true,"href":"https:\/\/akasel.com\/se\/wp-json\/wp\/v2\/comments?post=8448"}],"version-history":[{"count":2,"href":"https:\/\/akasel.com\/se\/wp-json\/wp\/v2\/pages\/8448\/revisions"}],"predecessor-version":[{"id":11960,"href":"https:\/\/akasel.com\/se\/wp-json\/wp\/v2\/pages\/8448\/revisions\/11960"}],"wp:attachment":[{"href":"https:\/\/akasel.com\/se\/wp-json\/wp\/v2\/media?parent=8448"}],"curies":[{"name":"wp","href":"https:\/\/api.w.org\/{rel}","templated":true}]}}