{"id":8449,"date":"2022-09-12T10:33:53","date_gmt":"2022-09-12T08:33:53","guid":{"rendered":"https:\/\/akasel.com\/cookie-policy\/"},"modified":"2025-09-26T07:55:26","modified_gmt":"2025-09-26T05:55:26","slug":"policy-for-kakor","status":"publish","type":"page","link":"https:\/\/akasel.com\/se\/policy-for-kakor\/","title":{"rendered":"Policy f\u00f6r kakor"},"content":{"rendered":"<p><strong>Anv\u00e4ndning av cookies<\/strong><\/p>\n<p>Denna sida beskriver AKASEL A\/S policy f\u00f6r anv\u00e4ndning av cookies genom att bes\u00f6ka akasel.com\/se. Genom att bes\u00f6ka webbplatsen AKASEL A\/S accepterar du f\u00f6ljande cookiepolicy.<\/p>\n<p><a href=\"https:\/\/akasel.com\/se\/integritetspolicy\/\">L\u00e4s om v\u00e5r integritetspolicy<\/a><\/p>\n<h2>Vad \u00e4r en cookie?<\/h2>\n<p>En cookie \u00e4r en liten textfil som sparas i webbl\u00e4saren p\u00e5 din dator, smartphone, surfplatta eller n\u00e5gon annan enhet som du anv\u00e4nder f\u00f6r att bes\u00f6ka webbsidor. Cookies g\u00f6r det m\u00f6jligt att identifiera din dator etc. och lagra information om ditt beteende p\u00e5 internet, inklusive vilka sidor och funktioner du bes\u00f6ker med din webbl\u00e4sare, samt s\u00e4kerst\u00e4lla att webbplatsen fungerar p\u00e5 en teknisk niv\u00e5. I vissa fall \u00e4r cookies n\u00f6dv\u00e4ndiga f\u00f6r att en webbplats ska fungera som avsett. En cookie \u00e4r statisk, vilket inneb\u00e4r att den inte kan sprida datorvirus eller p\u00e5 annat s\u00e4tt sprida skadliga datorprogram. Den \u00e4r anonym och inneh\u00e5ller ingen egen personlig information. Cookies anv\u00e4nds av i stort sett alla webbplatser.<\/p>\n<h2>Olika typer av cookies<\/h2>\n<p>Det finns tv\u00e5 typer av cookies: Sessionscookies och permanenta cookies. Sessionscookies raderas automatiskt av webbl\u00e4saren n\u00e4r du st\u00e4nger den. Permanenta cookies sparas p\u00e5 din enhet under en viss tid, varefter de upph\u00f6r att g\u00e4lla.<\/p>\n<p>Man skiljer mellan f\u00f6rstapartscookies och tredjepartscookies. F\u00f6rstapartscookies placeras av den webbplats du bes\u00f6ker, medan tredjepartscookies placeras av en tredje part med inbyggda element p\u00e5 den webbplats du bes\u00f6ker. Tredjepartscookies placeras bland annat av webbanalysprogram som Google Analytics och WebTrends.<\/p>\n<p>Denna cookiepolicy g\u00e4ller endast f\u00f6r akasel.com\/se. Genom att klicka p\u00e5 l\u00e4nkar eller andra funktioner, som navigerar till andra webbplatser, tar AKASEL A\/S inget ansvar eller kontroll \u00f6ver vilka cookies som kan komma att anv\u00e4ndas.<\/p>\n<h2>Cookies p\u00e5 akasel.com\/se<\/h2>\n<div class=\"cookie-manager--cookie-table\" data-cookie-declaration=\"\"><\/div>\n<h2>Hur undviker eller raderar du cookies?<\/h2>\n<p>Om du inte vill lagra n\u00e5gra cookies fr\u00e5n akasel.com\/se, kan du alltid blockera alla cookies, radera befintliga cookies p\u00e5 din enhet eller f\u00e5 en varning innan en cookie lagras. I alla webbl\u00e4sare kan du radera cookies en i taget eller alla p\u00e5 en g\u00e5ng. Hur du g\u00f6r det beror p\u00e5 vilken webbl\u00e4sare du anv\u00e4nder. F\u00f6lj l\u00e4nkarna nedan f\u00f6r att hitta en guide f\u00f6r din webbl\u00e4sare. Kom ih\u00e5g att om du anv\u00e4nder flera webbl\u00e4sare m\u00e5ste du radera cookies f\u00f6r dem alla.<\/p>\n<ul>\n<li style=\"list-style-type: none;\">\n<ul>\n<li><a href=\"https:\/\/support.microsoft.com\/da-dk\/help\/278835\/how-to-delete-cookie-files-in-internet-explorer\" target=\"_blank\" rel=\"noopener noreferrer\">Guide f\u00f6r att radera cookies i Internet Explorer<\/a><\/li>\n<li><a href=\"https:\/\/support.microsoft.com\/da-dk\/help\/4027947\/microsoft-edge-delete-cookies\" target=\"_blank\" rel=\"noopener noreferrer\">Guide f\u00f6r att radera cookies i Microsoft Edge<\/a><\/li>\n<li><a href=\"https:\/\/support.apple.com\/kb\/PH17191\" target=\"_blank\" rel=\"noopener noreferrer\">Guide f\u00f6r att radera cookies i webbl\u00e4saren Safari<\/a><\/li>\n<li><a href=\"http:\/\/support.google.com\/chrome\/bin\/answer.py?hl=da&amp;answer=95647\" target=\"_blank\" rel=\"noopener noreferrer\">Guide f\u00f6r att radera cookies i webbl\u00e4saren Google Chrome<\/a><\/li>\n<li><a href=\"http:\/\/support.mozilla.org\/da\/kb\/delete-cookies-remove-info-websites-stored?redirectlocale=en-US&amp;redirectslug=Deleting+cookies\" target=\"_blank\" rel=\"noopener noreferrer\">Guide f\u00f6r att ta bort cookies i webbl\u00e4saren Mozilla Firefox<\/a><\/li>\n<li><a href=\"http:\/\/timeread.hubpages.com\/hub\/How-to-delete-internet-cookies-on-your-Droid-or-any-Android-device\" target=\"_blank\" rel=\"noopener noreferrer\">Guide f\u00f6r att radera cookies p\u00e5 Android-telefoner<\/a><\/li>\n<li><a href=\"http:\/\/help.opera.com\/Windows\/9.51\/da\/cookies.html\" target=\"_blank\" rel=\"noopener noreferrer\">Guide f\u00f6r att radera cookies i webbl\u00e4saren Opera<\/a><\/li>\n<li><a href=\"http:\/\/support.apple.com\/kb\/HT1677?viewlocale=da_DK\" target=\"_blank\" rel=\"noopener noreferrer\">Guide f\u00f6r att radera cookies p\u00e5 iPad, iPhone, iPod touch<\/a><\/li>\n<li><a href=\"https:\/\/kb.wisc.edu\/page.php?id=24078\" target=\"_blank\" rel=\"noopener noreferrer\">Guide f\u00f6r att ta bort cookies fr\u00e5n Windows Phone<\/a><\/li>\n<\/ul>\n<\/li>\n<\/ul>\n<h2>Vad h\u00e4nder om du inte accepterar eller raderar dina cookies?<\/h2>\n<p>Om du v\u00e4ljer att blockera alla cookies eller radera befintliga cookies p\u00e5 din enhet kommer du fortfarande att kunna l\u00e4sa texten p\u00e5 akasel.com\/se. Det kan finnas funktioner och tj\u00e4nster som du inte kan anv\u00e4nda, eftersom de f\u00f6ruts\u00e4tter att webbplatsen kommer ih\u00e5g de val du g\u00f6r.<\/p>\n<h2>Regler<\/h2>\n<p>Reglerna f\u00f6r AKASEL A\/S anv\u00e4ndning av cookies hittar du nedan:<\/p>\n<p><a href=\"https:\/\/www.retsinformation.dk\/eli\/lta\/2011\/1148\" target=\"_blank\" rel=\"noopener noreferrer\">Deklaration om cookies<\/a><br \/>\n<a href=\"https:\/\/www.datatilsynet.dk\/hvad-siger-reglerne\/vejledning\/gdpr-univers-for-smaa-virksomheder\/cookies-og-gdpr\" target=\"_blank\" rel=\"noopener noreferrer\">Instruktion om cookies<\/a><\/p>\n<h2>Kontakt<\/h2>\n<p>Du \u00e4r v\u00e4lkommen att kontakta oss om du har n\u00e5gra ytterligare fr\u00e5gor om anv\u00e4ndningen av cookies p\u00e5 akasel.com\/se.<\/p>\n","protected":false},"excerpt":{"rendered":"<p>Anv\u00e4ndning av cookies Denna sida beskriver policy f\u00f6r anv\u00e4ndning av cookies genom att bes\u00f6ka . Genom att bes\u00f6ka webbplatsen accepterar&#8230;<\/p>\n","protected":false},"author":1,"featured_media":0,"parent":0,"menu_order":0,"comment_status":"closed","ping_status":"open","template":"","meta":{"footnotes":""},"class_list":["post-8449","page","type-page","status-publish","hentry"],"acf":[],"yoast_head":"<!-- This site is optimized with the Yoast SEO plugin v21.7 - https:\/\/yoast.com\/wordpress\/plugins\/seo\/ -->\n<title>Policy f\u00f6r kakor - AKASEL A\/S<\/title>\n<meta name=\"robots\" content=\"index, follow, max-snippet:-1, max-image-preview:large, max-video-preview:-1\" \/>\n<link rel=\"canonical\" href=\"https:\/\/akasel.com\/se\/policy-for-kakor\/\" \/>\n<meta property=\"og:locale\" content=\"sv_SE\" \/>\n<meta property=\"og:type\" content=\"article\" \/>\n<meta property=\"og:title\" content=\"Policy f\u00f6r kakor - AKASEL A\/S\" \/>\n<meta property=\"og:description\" content=\"Anv\u00e4ndning av cookies Denna sida beskriver policy f\u00f6r anv\u00e4ndning av cookies genom att bes\u00f6ka . Genom att bes\u00f6ka webbplatsen accepterar...\" \/>\n<meta property=\"og:url\" content=\"https:\/\/akasel.com\/se\/policy-for-kakor\/\" \/>\n<meta property=\"og:site_name\" content=\"AKASEL A\/S\" \/>\n<meta property=\"article:modified_time\" content=\"2025-09-26T05:55:26+00:00\" \/>\n<meta name=\"twitter:card\" content=\"summary_large_image\" \/>\n<meta name=\"twitter:label1\" content=\"Ber\u00e4knad l\u00e4stid\" \/>\n\t<meta name=\"twitter:data1\" content=\"4 minuter\" \/>\n<!-- \/ Yoast SEO plugin. -->","yoast_head_json":{"title":"Policy f\u00f6r kakor - AKASEL A\/S","robots":{"index":"index","follow":"follow","max-snippet":"max-snippet:-1","max-image-preview":"max-image-preview:large","max-video-preview":"max-video-preview:-1"},"canonical":"https:\/\/akasel.com\/se\/policy-for-kakor\/","og_locale":"sv_SE","og_type":"article","og_title":"Policy f\u00f6r kakor - AKASEL A\/S","og_description":"Anv\u00e4ndning av cookies Denna sida beskriver policy f\u00f6r anv\u00e4ndning av cookies genom att bes\u00f6ka . Genom att bes\u00f6ka webbplatsen accepterar...","og_url":"https:\/\/akasel.com\/se\/policy-for-kakor\/","og_site_name":"AKASEL A\/S","article_modified_time":"2025-09-26T05:55:26+00:00","twitter_card":"summary_large_image","twitter_misc":{"Ber\u00e4knad l\u00e4stid":"4 minuter"},"schema":{"@context":"https:\/\/schema.org","@graph":[{"@type":"WebPage","@id":"https:\/\/akasel.com\/se\/policy-for-kakor\/","url":"https:\/\/akasel.com\/se\/policy-for-kakor\/","name":"Policy f\u00f6r kakor - AKASEL A\/S","isPartOf":{"@id":"https:\/\/akasel.com\/se\/#website"},"datePublished":"2022-09-12T08:33:53+00:00","dateModified":"2025-09-26T05:55:26+00:00","breadcrumb":{"@id":"https:\/\/akasel.com\/se\/policy-for-kakor\/#breadcrumb"},"inLanguage":"sv-SE","potentialAction":[{"@type":"ReadAction","target":["https:\/\/akasel.com\/se\/policy-for-kakor\/"]}]},{"@type":"BreadcrumbList","@id":"https:\/\/akasel.com\/se\/policy-for-kakor\/#breadcrumb","itemListElement":[{"@type":"ListItem","position":1,"name":"Home","item":"https:\/\/akasel.com\/se\/"},{"@type":"ListItem","position":2,"name":"Policy f\u00f6r kakor"}]},{"@type":"WebSite","@id":"https:\/\/akasel.com\/se\/#website","url":"https:\/\/akasel.com\/se\/","name":"AKASEL A\/S","description":"","potentialAction":[{"@type":"SearchAction","target":{"@type":"EntryPoint","urlTemplate":"https:\/\/akasel.com\/se\/?s={search_term_string}"},"query-input":"required name=search_term_string"}],"inLanguage":"sv-SE"}]}},"_links":{"self":[{"href":"https:\/\/akasel.com\/se\/wp-json\/wp\/v2\/pages\/8449"}],"collection":[{"href":"https:\/\/akasel.com\/se\/wp-json\/wp\/v2\/pages"}],"about":[{"href":"https:\/\/akasel.com\/se\/wp-json\/wp\/v2\/types\/page"}],"author":[{"embeddable":true,"href":"https:\/\/akasel.com\/se\/wp-json\/wp\/v2\/users\/1"}],"replies":[{"embeddable":true,"href":"https:\/\/akasel.com\/se\/wp-json\/wp\/v2\/comments?post=8449"}],"version-history":[{"count":3,"href":"https:\/\/akasel.com\/se\/wp-json\/wp\/v2\/pages\/8449\/revisions"}],"predecessor-version":[{"id":11500,"href":"https:\/\/akasel.com\/se\/wp-json\/wp\/v2\/pages\/8449\/revisions\/11500"}],"wp:attachment":[{"href":"https:\/\/akasel.com\/se\/wp-json\/wp\/v2\/media?parent=8449"}],"curies":[{"name":"wp","href":"https:\/\/api.w.org\/{rel}","templated":true}]}}