{"id":10011,"date":"2020-10-29T10:55:46","date_gmt":"2020-10-29T09:55:46","guid":{"rendered":"https:\/\/akasel.com\/p\/aka-ronan\/"},"modified":"2026-01-05T17:44:08","modified_gmt":"2026-01-05T16:44:08","slug":"aka-ronan-3d","status":"publish","type":"product","link":"https:\/\/akasel.com\/se\/shop\/metallografisk-polering\/polerdukar\/aka-ronan-3d\/","title":{"rendered":"Aka-Ronan 3D"},"content":{"rendered":"<p>Tillg\u00e4nglig storlek: 200 mm, 250 mm, 300 mm<\/p>\n<p>Tillg\u00e4ngligt inneh\u00e5ll: 2 st.<\/p>\n<p><a href=\"https:\/\/akasel.com\/wp-content\/uploads\/2023\/01\/user-guide-aka-ronan-3d-ukde.pdf\">Aka-Ronan 3D Anv\u00e4ndarhandb\u00f6cker<\/a><\/p>\n<p><a href=\"https:\/\/akasel.com\/wp-content\/uploads\/2024\/06\/polishing-cloth-product-brochure.pdf\">Polerdukar Produktbroschyrer (EN)<\/a><\/p>\n<p><a href=\"https:\/\/akasel.com\/wp-content\/uploads\/2024\/05\/75131201uk.pdf\">PDS Aka-Ronan 3D<\/a><\/p>\n","protected":false},"excerpt":{"rendered":"<p>St\u00e5lskiva med 3D polymerbel\u00e4ggning.<\/p>\n<p>Aka-Ronan anv\u00e4nds f\u00f6r att anpassa sj\u00e4lvh\u00e4ftande dukar och sj\u00e4lvh\u00e4ftande slipskivor f\u00f6r anv\u00e4ndning p\u00e5 en magnetisk st\u00f6dskiva.<\/p>\n<p>Aka-Ronan 3D kan anv\u00e4ndas om och om igen.<\/p>\n","protected":false},"featured_media":10012,"template":"","meta":[],"product_cat":[344,303,341],"product_tag":[],"class_list":["post-10011","product","type-product","status-publish","has-post-thumbnail","hentry","product_cat-metallografisk-polering","product_cat-polerdukar","product_cat-adapterskivor-polerdukar"],"yoast_head":"<!-- This site is optimized with the Yoast SEO plugin v21.7 - https:\/\/yoast.com\/wordpress\/plugins\/seo\/ -->\n<title>Mag-Ronan 3D | 3D Polymerbel\u00e4ggning f\u00f6r Polering | Akasel A\/S<\/title>\n<meta name=\"description\" content=\"tforska Mag-Ronan 3D, en st\u00e5lskiva med 3D polymerbel\u00e4ggning f\u00f6r att anpassa sj\u00e4lvh\u00e4ftande dukar och slipskivor till magnetiska st\u00f6dskivor.\" \/>\n<meta name=\"robots\" content=\"index, follow, max-snippet:-1, max-image-preview:large, max-video-preview:-1\" \/>\n<link rel=\"canonical\" href=\"https:\/\/akasel.com\/se\/shop\/metallografisk-polering\/polerdukar\/aka-ronan-3d\/\" \/>\n<meta property=\"og:locale\" content=\"sv_SE\" \/>\n<meta property=\"og:type\" content=\"article\" \/>\n<meta property=\"og:title\" content=\"Mag-Ronan 3D | 3D Polymerbel\u00e4ggning f\u00f6r Polering | Akasel A\/S\" \/>\n<meta property=\"og:description\" content=\"tforska Mag-Ronan 3D, en st\u00e5lskiva med 3D polymerbel\u00e4ggning f\u00f6r att anpassa sj\u00e4lvh\u00e4ftande dukar och slipskivor till magnetiska st\u00f6dskivor.\" \/>\n<meta property=\"og:url\" content=\"https:\/\/akasel.com\/se\/shop\/metallografisk-polering\/polerdukar\/aka-ronan-3d\/\" \/>\n<meta property=\"og:site_name\" content=\"AKASEL A\/S\" \/>\n<meta property=\"article:modified_time\" content=\"2026-01-05T16:44:08+00:00\" \/>\n<meta property=\"og:image\" content=\"https:\/\/akasel.com\/se\/wp-content\/uploads\/sites\/5\/2023\/09\/aka-ronan-3d-web.png\" \/>\n\t<meta property=\"og:image:width\" content=\"1214\" \/>\n\t<meta property=\"og:image:height\" content=\"1209\" \/>\n\t<meta property=\"og:image:type\" content=\"image\/png\" \/>\n<meta name=\"twitter:card\" content=\"summary_large_image\" \/>\n<meta name=\"twitter:label1\" content=\"Ber\u00e4knad l\u00e4stid\" \/>\n\t<meta name=\"twitter:data1\" content=\"1 minut\" \/>\n<!-- \/ Yoast SEO plugin. -->","yoast_head_json":{"title":"Mag-Ronan 3D | 3D Polymerbel\u00e4ggning f\u00f6r Polering | Akasel A\/S","description":"tforska Mag-Ronan 3D, en st\u00e5lskiva med 3D polymerbel\u00e4ggning f\u00f6r att anpassa sj\u00e4lvh\u00e4ftande dukar och slipskivor till magnetiska st\u00f6dskivor.","robots":{"index":"index","follow":"follow","max-snippet":"max-snippet:-1","max-image-preview":"max-image-preview:large","max-video-preview":"max-video-preview:-1"},"canonical":"https:\/\/akasel.com\/se\/shop\/metallografisk-polering\/polerdukar\/aka-ronan-3d\/","og_locale":"sv_SE","og_type":"article","og_title":"Mag-Ronan 3D | 3D Polymerbel\u00e4ggning f\u00f6r Polering | Akasel A\/S","og_description":"tforska Mag-Ronan 3D, en st\u00e5lskiva med 3D polymerbel\u00e4ggning f\u00f6r att anpassa sj\u00e4lvh\u00e4ftande dukar och slipskivor till magnetiska st\u00f6dskivor.","og_url":"https:\/\/akasel.com\/se\/shop\/metallografisk-polering\/polerdukar\/aka-ronan-3d\/","og_site_name":"AKASEL A\/S","article_modified_time":"2026-01-05T16:44:08+00:00","og_image":[{"width":1214,"height":1209,"url":"https:\/\/akasel.com\/se\/wp-content\/uploads\/sites\/5\/2023\/09\/aka-ronan-3d-web.png","type":"image\/png"}],"twitter_card":"summary_large_image","twitter_misc":{"Ber\u00e4knad l\u00e4stid":"1 minut"},"schema":{"@context":"https:\/\/schema.org","@graph":[{"@type":"WebPage","@id":"https:\/\/akasel.com\/se\/shop\/metallografisk-polering\/polerdukar\/aka-ronan-3d\/","url":"https:\/\/akasel.com\/se\/shop\/metallografisk-polering\/polerdukar\/aka-ronan-3d\/","name":"Mag-Ronan 3D | 3D Polymerbel\u00e4ggning f\u00f6r Polering | Akasel A\/S","isPartOf":{"@id":"https:\/\/akasel.com\/se\/#website"},"datePublished":"2020-10-29T09:55:46+00:00","dateModified":"2026-01-05T16:44:08+00:00","description":"tforska Mag-Ronan 3D, en st\u00e5lskiva med 3D polymerbel\u00e4ggning f\u00f6r att anpassa sj\u00e4lvh\u00e4ftande dukar och slipskivor till magnetiska st\u00f6dskivor.","breadcrumb":{"@id":"https:\/\/akasel.com\/se\/shop\/metallografisk-polering\/polerdukar\/aka-ronan-3d\/#breadcrumb"},"inLanguage":"sv-SE","potentialAction":[{"@type":"ReadAction","target":["https:\/\/akasel.com\/se\/shop\/metallografisk-polering\/polerdukar\/aka-ronan-3d\/"]}]},{"@type":"BreadcrumbList","@id":"https:\/\/akasel.com\/se\/shop\/metallografisk-polering\/polerdukar\/aka-ronan-3d\/#breadcrumb","itemListElement":[{"@type":"ListItem","position":1,"name":"Home","item":"https:\/\/akasel.com\/se\/"},{"@type":"ListItem","position":2,"name":"Shop","item":"https:\/\/akasel.com\/se\/shop\/"},{"@type":"ListItem","position":3,"name":"Aka-Ronan 3D"}]},{"@type":"WebSite","@id":"https:\/\/akasel.com\/se\/#website","url":"https:\/\/akasel.com\/se\/","name":"AKASEL A\/S","description":"","potentialAction":[{"@type":"SearchAction","target":{"@type":"EntryPoint","urlTemplate":"https:\/\/akasel.com\/se\/?s={search_term_string}"},"query-input":"required name=search_term_string"}],"inLanguage":"sv-SE"}]}},"_links":{"self":[{"href":"https:\/\/akasel.com\/se\/wp-json\/wp\/v3\/product\/10011"}],"collection":[{"href":"https:\/\/akasel.com\/se\/wp-json\/wp\/v3\/product"}],"about":[{"href":"https:\/\/akasel.com\/se\/wp-json\/wp\/v2\/types\/product"}],"wp:featuredmedia":[{"embeddable":true,"href":"https:\/\/akasel.com\/se\/wp-json\/wp\/v2\/media\/10012"}],"wp:attachment":[{"href":"https:\/\/akasel.com\/se\/wp-json\/wp\/v2\/media?parent=10011"}],"wp:term":[{"taxonomy":"product_cat","embeddable":true,"href":"https:\/\/akasel.com\/se\/wp-json\/wp\/v2\/product_cat?post=10011"},{"taxonomy":"product_tag","embeddable":true,"href":"https:\/\/akasel.com\/se\/wp-json\/wp\/v2\/product_tag?post=10011"}],"curies":[{"name":"wp","href":"https:\/\/api.w.org\/{rel}","templated":true}]}}