{"id":10019,"date":"2020-10-29T12:03:40","date_gmt":"2020-10-29T11:03:40","guid":{"rendered":"https:\/\/akasel.com\/p\/aka-piatto-220\/"},"modified":"2026-01-05T17:40:19","modified_gmt":"2026-01-05T16:40:19","slug":"aka-piatto-220","status":"publish","type":"product","link":"https:\/\/akasel.com\/se\/shop\/slipning\/diamantslipskivor\/aka-piatto-220\/","title":{"rendered":"Aka-Piatto 220"},"content":{"rendered":"<p>Tillg\u00e4nglig storlek: 200 mm, 250 mm, 300 mm, 350 mm<\/p>\n<p>Tillg\u00e4nglig m\u00e4ngd: 1 St.<\/p>\n<p><a href=\"https:\/\/akasel.com\/wp-content\/uploads\/2023\/03\/98012867-67310004-manual-piattopiatto-ukde-a5.pdf\">Aka-Piatto and Piatto+ Anv\u00e4ndarhandb\u00f6cker<\/a><\/p>\n<p><a href=\"https:\/\/akasel.com\/wp-content\/uploads\/2024\/06\/aka-piatto-product-brochure.pdf\">Aka-Piatto, Grinding Discs Produktbroschyrer<\/a><\/p>\n<p><a href=\"https:\/\/akasel.com\/wp-content\/uploads\/2024\/05\/6500uk-1.pdf\">PDS Aka-Piatto, Aka-Piatto+ (EN)<\/a><\/p>\n<div style=\"position: relative; padding-bottom: 56.25%; height: 0; overflow: hidden; max-width: 100%; height: auto;\">\n    <video style=\"position: absolute; top: 0; left: 0; width: 100%; height: 100%;\"  \ncontrols \n           preload=\"metadata\" \n           poster=\"https:\/\/akasel.com\/wp-content\/uploads\/2024\/09\/how-to-use-aka-piatto-piatto.png\"><source src=\"https:\/\/akasel.com\/wp-content\/uploads\/2020\/11\/how-to-use-aka-piatto-piatto.mp4\" type=\"video\/mp4\">Your browser does not support video playback.<\/video>\n<\/div>\n","protected":false},"excerpt":{"rendered":"<p>Utm\u00e4rkt f\u00f6r planslipning av prover med en h\u00e5rdhet p\u00e5 150 HV &#8211; 1000 HV.<\/p>\n<p>Aka-Piatto 220\/75 \u00b5m anv\u00e4nds f\u00f6r planslipning av enskilda prover, d\u00e4r du beh\u00f6ver ta bort mycket material.<\/p>\n<p>F\u00f6r planslipning av spr\u00f6da prover, som keramik, cermets och sintrade karbider, rekommenderas Aka-Piatto+.<\/p>\n<p><span style=\"font-weight: 400;\">Aka-Piatto och Aka-Piatto+ diamantslipskivor \u00e4r f\u00e4rdiga att anv\u00e4ndas. De m\u00e5ste dressas med en dressstav d\u00e5 och d\u00e5 beroende p\u00e5 vilket material som ska bearbetas. Detta g\u00f6rs f\u00f6r att s\u00e4kerst\u00e4lla en kontinuerligt h\u00f6g materialavverkning<\/span><span style=\"font-weight: 400;\">.<\/span><\/p>\n","protected":false},"featured_media":11533,"template":"","meta":[],"product_cat":[334,301,302],"product_tag":[],"class_list":["post-10019","product","type-product","status-publish","has-post-thumbnail","hentry","product_cat-slipning","product_cat-diamantslipskivor","product_cat-planslipning"],"yoast_head":"<!-- This site is optimized with the Yoast SEO plugin v21.7 - https:\/\/yoast.com\/wordpress\/plugins\/seo\/ -->\n<title>Aka-Piatto 220 Diamantslipskiva | Optimal f\u00f6r planslipning | Akasel<\/title>\n<meta name=\"description\" content=\"F\u00f6rb\u00e4ttra din slipningsprocess med en robust diamantdisc som s\u00e4kerst\u00e4ller j\u00e4mna resultat och h\u00f6g h\u00e5llbarhet f\u00f6r detaljerade metallografiska applikationer.\" \/>\n<meta name=\"robots\" content=\"index, follow, max-snippet:-1, max-image-preview:large, max-video-preview:-1\" \/>\n<link rel=\"canonical\" href=\"https:\/\/akasel.com\/se\/shop\/slipning\/diamantslipskivor\/aka-piatto-220\/\" \/>\n<meta property=\"og:locale\" content=\"sv_SE\" \/>\n<meta property=\"og:type\" content=\"article\" \/>\n<meta property=\"og:title\" content=\"Aka-Piatto 220 Diamantslipskiva | Optimal f\u00f6r planslipning | Akasel\" \/>\n<meta property=\"og:description\" content=\"F\u00f6rb\u00e4ttra din slipningsprocess med en robust diamantdisc som s\u00e4kerst\u00e4ller j\u00e4mna resultat och h\u00f6g h\u00e5llbarhet f\u00f6r detaljerade metallografiska applikationer.\" \/>\n<meta property=\"og:url\" content=\"https:\/\/akasel.com\/se\/shop\/slipning\/diamantslipskivor\/aka-piatto-220\/\" \/>\n<meta property=\"og:site_name\" content=\"AKASEL A\/S\" \/>\n<meta property=\"article:modified_time\" content=\"2026-01-05T16:40:19+00:00\" \/>\n<meta property=\"og:image\" content=\"https:\/\/akasel.com\/se\/wp-content\/uploads\/sites\/5\/2020\/10\/aka-piatto-220-768x765.png\" \/>\n\t<meta property=\"og:image:width\" content=\"768\" \/>\n\t<meta property=\"og:image:height\" content=\"765\" \/>\n\t<meta property=\"og:image:type\" content=\"image\/png\" \/>\n<meta name=\"twitter:card\" content=\"summary_large_image\" \/>\n<meta name=\"twitter:label1\" content=\"Ber\u00e4knad l\u00e4stid\" \/>\n\t<meta name=\"twitter:data1\" content=\"1 minut\" \/>\n<!-- \/ Yoast SEO plugin. -->","yoast_head_json":{"title":"Aka-Piatto 220 Diamantslipskiva | Optimal f\u00f6r planslipning | Akasel","description":"F\u00f6rb\u00e4ttra din slipningsprocess med en robust diamantdisc som s\u00e4kerst\u00e4ller j\u00e4mna resultat och h\u00f6g h\u00e5llbarhet f\u00f6r detaljerade metallografiska applikationer.","robots":{"index":"index","follow":"follow","max-snippet":"max-snippet:-1","max-image-preview":"max-image-preview:large","max-video-preview":"max-video-preview:-1"},"canonical":"https:\/\/akasel.com\/se\/shop\/slipning\/diamantslipskivor\/aka-piatto-220\/","og_locale":"sv_SE","og_type":"article","og_title":"Aka-Piatto 220 Diamantslipskiva | Optimal f\u00f6r planslipning | Akasel","og_description":"F\u00f6rb\u00e4ttra din slipningsprocess med en robust diamantdisc som s\u00e4kerst\u00e4ller j\u00e4mna resultat och h\u00f6g h\u00e5llbarhet f\u00f6r detaljerade metallografiska applikationer.","og_url":"https:\/\/akasel.com\/se\/shop\/slipning\/diamantslipskivor\/aka-piatto-220\/","og_site_name":"AKASEL A\/S","article_modified_time":"2026-01-05T16:40:19+00:00","og_image":[{"width":768,"height":765,"url":"https:\/\/akasel.com\/se\/wp-content\/uploads\/sites\/5\/2020\/10\/aka-piatto-220-768x765.png","type":"image\/png"}],"twitter_card":"summary_large_image","twitter_misc":{"Ber\u00e4knad l\u00e4stid":"1 minut"},"schema":{"@context":"https:\/\/schema.org","@graph":[{"@type":"WebPage","@id":"https:\/\/akasel.com\/se\/shop\/slipning\/diamantslipskivor\/aka-piatto-220\/","url":"https:\/\/akasel.com\/se\/shop\/slipning\/diamantslipskivor\/aka-piatto-220\/","name":"Aka-Piatto 220 Diamantslipskiva | Optimal f\u00f6r planslipning | Akasel","isPartOf":{"@id":"https:\/\/akasel.com\/se\/#website"},"datePublished":"2020-10-29T11:03:40+00:00","dateModified":"2026-01-05T16:40:19+00:00","description":"F\u00f6rb\u00e4ttra din slipningsprocess med en robust diamantdisc som s\u00e4kerst\u00e4ller j\u00e4mna resultat och h\u00f6g h\u00e5llbarhet f\u00f6r detaljerade metallografiska applikationer.","breadcrumb":{"@id":"https:\/\/akasel.com\/se\/shop\/slipning\/diamantslipskivor\/aka-piatto-220\/#breadcrumb"},"inLanguage":"sv-SE","potentialAction":[{"@type":"ReadAction","target":["https:\/\/akasel.com\/se\/shop\/slipning\/diamantslipskivor\/aka-piatto-220\/"]}]},{"@type":"BreadcrumbList","@id":"https:\/\/akasel.com\/se\/shop\/slipning\/diamantslipskivor\/aka-piatto-220\/#breadcrumb","itemListElement":[{"@type":"ListItem","position":1,"name":"Home","item":"https:\/\/akasel.com\/se\/"},{"@type":"ListItem","position":2,"name":"Shop","item":"https:\/\/akasel.com\/se\/shop\/"},{"@type":"ListItem","position":3,"name":"Aka-Piatto 220"}]},{"@type":"WebSite","@id":"https:\/\/akasel.com\/se\/#website","url":"https:\/\/akasel.com\/se\/","name":"AKASEL A\/S","description":"","potentialAction":[{"@type":"SearchAction","target":{"@type":"EntryPoint","urlTemplate":"https:\/\/akasel.com\/se\/?s={search_term_string}"},"query-input":"required name=search_term_string"}],"inLanguage":"sv-SE"}]}},"_links":{"self":[{"href":"https:\/\/akasel.com\/se\/wp-json\/wp\/v3\/product\/10019"}],"collection":[{"href":"https:\/\/akasel.com\/se\/wp-json\/wp\/v3\/product"}],"about":[{"href":"https:\/\/akasel.com\/se\/wp-json\/wp\/v2\/types\/product"}],"wp:featuredmedia":[{"embeddable":true,"href":"https:\/\/akasel.com\/se\/wp-json\/wp\/v2\/media\/11533"}],"wp:attachment":[{"href":"https:\/\/akasel.com\/se\/wp-json\/wp\/v2\/media?parent=10019"}],"wp:term":[{"taxonomy":"product_cat","embeddable":true,"href":"https:\/\/akasel.com\/se\/wp-json\/wp\/v2\/product_cat?post=10019"},{"taxonomy":"product_tag","embeddable":true,"href":"https:\/\/akasel.com\/se\/wp-json\/wp\/v2\/product_tag?post=10019"}],"curies":[{"name":"wp","href":"https:\/\/api.w.org\/{rel}","templated":true}]}}