{"id":10080,"date":"2020-10-29T13:34:03","date_gmt":"2020-10-29T12:34:03","guid":{"rendered":"https:\/\/akasel.com\/p\/demo-kit-carbon-composites\/"},"modified":"2026-01-05T17:43:55","modified_gmt":"2026-01-05T16:43:55","slug":"demo-kit-carbon-fibres-composites","status":"publish","type":"product","link":"https:\/\/akasel.com\/se\/shop\/demo-kit\/demo-kit-carbon-fibres-composites\/","title":{"rendered":"Demo Kit Carbon Fibres Composites"},"content":{"rendered":"","protected":false},"excerpt":{"rendered":"<p>Demokit f\u00f6r beredning av kolkompositer. Det inneh\u00e5ller alla f\u00f6rbrukningsvaror som beh\u00f6vs f\u00f6r att k\u00f6ra v\u00e5r specifika metod f\u00f6r detta material.<\/p>\n<p>L\u00e4nk till Aka-Brief prepareringsmetod: <a href=\"https:\/\/akasel.com\/wp-content\/uploads\/2023\/12\/aka-brief-9-uk14-web.pdf\" target=\"_blank\" rel=\"noopener noreferrer\">h\u00e4r<\/a><\/p>\n","protected":false},"featured_media":12513,"template":"","meta":[],"product_cat":[348],"product_tag":[],"class_list":["post-10080","product","type-product","status-publish","has-post-thumbnail","hentry","product_cat-demo-kit"],"yoast_head":"<!-- This site is optimized with the Yoast SEO plugin v21.7 - https:\/\/yoast.com\/wordpress\/plugins\/seo\/ -->\n<title>Akasel Demo Kit Kolfiberkompositer | Prova Nu!<\/title>\n<meta name=\"description\" content=\"Testa v\u00e5rt demokit f\u00f6r beredning av kolfiberkompositer. Inneh\u00e5ller alla n\u00f6dv\u00e4ndiga f\u00f6rbrukningsvaror och metoder f\u00f6r optimal f\u00f6rberedelse.\" \/>\n<meta name=\"robots\" content=\"index, follow, max-snippet:-1, max-image-preview:large, max-video-preview:-1\" \/>\n<link rel=\"canonical\" href=\"https:\/\/akasel.com\/se\/shop\/demo-kit\/demo-kit-carbon-fibres-composites\/\" \/>\n<meta property=\"og:locale\" content=\"sv_SE\" \/>\n<meta property=\"og:type\" content=\"article\" \/>\n<meta property=\"og:title\" content=\"Akasel Demo Kit Kolfiberkompositer | Prova Nu!\" \/>\n<meta property=\"og:description\" content=\"Testa v\u00e5rt demokit f\u00f6r beredning av kolfiberkompositer. Inneh\u00e5ller alla n\u00f6dv\u00e4ndiga f\u00f6rbrukningsvaror och metoder f\u00f6r optimal f\u00f6rberedelse.\" \/>\n<meta property=\"og:url\" content=\"https:\/\/akasel.com\/se\/shop\/demo-kit\/demo-kit-carbon-fibres-composites\/\" \/>\n<meta property=\"og:site_name\" content=\"AKASEL A\/S\" \/>\n<meta property=\"article:modified_time\" content=\"2026-01-05T16:43:55+00:00\" \/>\n<meta property=\"og:image\" content=\"https:\/\/akasel.com\/se\/wp-content\/uploads\/sites\/5\/2025\/07\/demo-kit-carbon-fibres-composites-768x621.png\" \/>\n\t<meta property=\"og:image:width\" content=\"768\" \/>\n\t<meta property=\"og:image:height\" content=\"621\" \/>\n\t<meta property=\"og:image:type\" content=\"image\/png\" \/>\n<meta name=\"twitter:card\" content=\"summary_large_image\" \/>\n<meta name=\"twitter:label1\" content=\"Ber\u00e4knad l\u00e4stid\" \/>\n\t<meta name=\"twitter:data1\" content=\"1 minut\" \/>\n<!-- \/ Yoast SEO plugin. -->","yoast_head_json":{"title":"Akasel Demo Kit Kolfiberkompositer | Prova Nu!","description":"Testa v\u00e5rt demokit f\u00f6r beredning av kolfiberkompositer. Inneh\u00e5ller alla n\u00f6dv\u00e4ndiga f\u00f6rbrukningsvaror och metoder f\u00f6r optimal f\u00f6rberedelse.","robots":{"index":"index","follow":"follow","max-snippet":"max-snippet:-1","max-image-preview":"max-image-preview:large","max-video-preview":"max-video-preview:-1"},"canonical":"https:\/\/akasel.com\/se\/shop\/demo-kit\/demo-kit-carbon-fibres-composites\/","og_locale":"sv_SE","og_type":"article","og_title":"Akasel Demo Kit Kolfiberkompositer | Prova Nu!","og_description":"Testa v\u00e5rt demokit f\u00f6r beredning av kolfiberkompositer. Inneh\u00e5ller alla n\u00f6dv\u00e4ndiga f\u00f6rbrukningsvaror och metoder f\u00f6r optimal f\u00f6rberedelse.","og_url":"https:\/\/akasel.com\/se\/shop\/demo-kit\/demo-kit-carbon-fibres-composites\/","og_site_name":"AKASEL A\/S","article_modified_time":"2026-01-05T16:43:55+00:00","og_image":[{"width":768,"height":621,"url":"https:\/\/akasel.com\/se\/wp-content\/uploads\/sites\/5\/2025\/07\/demo-kit-carbon-fibres-composites-768x621.png","type":"image\/png"}],"twitter_card":"summary_large_image","twitter_misc":{"Ber\u00e4knad l\u00e4stid":"1 minut"},"schema":{"@context":"https:\/\/schema.org","@graph":[{"@type":"WebPage","@id":"https:\/\/akasel.com\/se\/shop\/demo-kit\/demo-kit-carbon-fibres-composites\/","url":"https:\/\/akasel.com\/se\/shop\/demo-kit\/demo-kit-carbon-fibres-composites\/","name":"Akasel Demo Kit Kolfiberkompositer | Prova Nu!","isPartOf":{"@id":"https:\/\/akasel.com\/se\/#website"},"datePublished":"2020-10-29T12:34:03+00:00","dateModified":"2026-01-05T16:43:55+00:00","description":"Testa v\u00e5rt demokit f\u00f6r beredning av kolfiberkompositer. Inneh\u00e5ller alla n\u00f6dv\u00e4ndiga f\u00f6rbrukningsvaror och metoder f\u00f6r optimal f\u00f6rberedelse.","breadcrumb":{"@id":"https:\/\/akasel.com\/se\/shop\/demo-kit\/demo-kit-carbon-fibres-composites\/#breadcrumb"},"inLanguage":"sv-SE","potentialAction":[{"@type":"ReadAction","target":["https:\/\/akasel.com\/se\/shop\/demo-kit\/demo-kit-carbon-fibres-composites\/"]}]},{"@type":"BreadcrumbList","@id":"https:\/\/akasel.com\/se\/shop\/demo-kit\/demo-kit-carbon-fibres-composites\/#breadcrumb","itemListElement":[{"@type":"ListItem","position":1,"name":"Home","item":"https:\/\/akasel.com\/se\/"},{"@type":"ListItem","position":2,"name":"Shop","item":"https:\/\/akasel.com\/se\/shop\/"},{"@type":"ListItem","position":3,"name":"Demo Kit Carbon Fibres Composites"}]},{"@type":"WebSite","@id":"https:\/\/akasel.com\/se\/#website","url":"https:\/\/akasel.com\/se\/","name":"AKASEL A\/S","description":"","potentialAction":[{"@type":"SearchAction","target":{"@type":"EntryPoint","urlTemplate":"https:\/\/akasel.com\/se\/?s={search_term_string}"},"query-input":"required name=search_term_string"}],"inLanguage":"sv-SE"}]}},"_links":{"self":[{"href":"https:\/\/akasel.com\/se\/wp-json\/wp\/v3\/product\/10080"}],"collection":[{"href":"https:\/\/akasel.com\/se\/wp-json\/wp\/v3\/product"}],"about":[{"href":"https:\/\/akasel.com\/se\/wp-json\/wp\/v2\/types\/product"}],"wp:featuredmedia":[{"embeddable":true,"href":"https:\/\/akasel.com\/se\/wp-json\/wp\/v2\/media\/12513"}],"wp:attachment":[{"href":"https:\/\/akasel.com\/se\/wp-json\/wp\/v2\/media?parent=10080"}],"wp:term":[{"taxonomy":"product_cat","embeddable":true,"href":"https:\/\/akasel.com\/se\/wp-json\/wp\/v2\/product_cat?post=10080"},{"taxonomy":"product_tag","embeddable":true,"href":"https:\/\/akasel.com\/se\/wp-json\/wp\/v2\/product_tag?post=10080"}],"curies":[{"name":"wp","href":"https:\/\/api.w.org\/{rel}","templated":true}]}}