{"id":10088,"date":"2020-10-29T13:46:28","date_gmt":"2020-10-29T12:46:28","guid":{"rendered":"https:\/\/akasel.com\/p\/rhaco-grit-p220\/"},"modified":"2026-01-05T17:41:01","modified_gmt":"2026-01-05T16:41:01","slug":"rhaco-grit-p220","status":"publish","type":"product","link":"https:\/\/akasel.com\/se\/shop\/slippapper\/slippapper-planslipning\/rhaco-grit-p220\/","title":{"rendered":"Rhaco Grit P220"},"content":{"rendered":"<p>Tillg\u00e4nglig storlek: 200 mm, 230 mm, 250 mm, 300 mm<\/p>\n<p>Tillg\u00e4nglig m\u00e4ngd: 100 St<\/p>\n<p><a href=\"https:\/\/akasel.com\/wp-content\/uploads\/2024\/05\/7000uk-1.pdf\">PDS Rhaco-Grit (EN)<\/a><\/p>\n<p><a href=\"https:\/\/akasel.com\/wp-content\/uploads\/2023\/03\/98012866-67350002-manual-rhaco-grit-ukde-a5.pdf\">Rhaco Grit Anv\u00e4ndarhandb\u00f6cker (EN)<\/a><\/p>\n<div style=\"position: relative; padding-bottom: 56.25%; height: 0; overflow: hidden; max-width: 100%; height: auto;\">\n    <video style=\"position: absolute; top: 0; left: 0; width: 100%; height: 100%;\"  \ncontrols \n           preload=\"metadata\" \n           poster=\"https:\/\/akasel.com\/wp-content\/uploads\/2024\/10\/rhaco-gritt-thumbnail.jpg\"><source src=\"https:\/\/akasel.com\/wp-content\/uploads\/2024\/10\/userguide-rhacogrit-updated-2024.mp4\" type=\"video\/mp4\">Your browser does not support video playback.<\/video>\n<\/div>\n","protected":false},"excerpt":{"rendered":"<p>Rhaco Grit \u00e4r ett h\u00f6gkvalitativt slippapper som kan anv\u00e4ndas f\u00f6r planslipning av alla material, men \u00e4r det optimala valet om du bearbetar mjuka och duktila material.<\/p>\n<p>Ger 2-3 g\u00e5nger l\u00e4ngre livsl\u00e4ngd och 100% h\u00f6gre materialavverkning \u00e4n vanligt slippapper tack vare att Al\u2082O\u2083 anv\u00e4nds som slipmedel. Detta g\u00f6r Rhaco Grit till det optimala valet f\u00f6r snabb slipning. Ingen krullning.<\/p>\n<p>Rhaco Grit kan ers\u00e4tta dyra PSA- eller foliebaserade slippapper n\u00e4r det anv\u00e4nds tillsammans med <a href=\"https:\/\/akasel.com\/se\/shop\/metallografisk-polering\/polerdukar\/aka-rhaco\/\">v\u00e5rt unika Aka-Rhaco<\/a>.<\/p>\n","protected":false},"featured_media":11685,"template":"","meta":[],"product_cat":[334,335,308],"product_tag":[],"class_list":["post-10088","product","type-product","status-publish","has-post-thumbnail","hentry","product_cat-slipning","product_cat-slippapper","product_cat-slippapper-planslipning"],"yoast_head":"<!-- This site is optimized with the Yoast SEO plugin v21.7 - https:\/\/yoast.com\/wordpress\/plugins\/seo\/ -->\n<title>Rhaco Grit P220 | Planslipning f\u00f6r Metallografi | AKASEL A\/S<\/title>\n<meta name=\"description\" content=\"Optimera ditt metallografiska arbetsfl\u00f6de med v\u00e5rt planslippapper som levererar precisa och tillf\u00f6rlitliga resultat f\u00f6r mjuka och duktila material.\" \/>\n<meta name=\"robots\" content=\"index, follow, max-snippet:-1, max-image-preview:large, max-video-preview:-1\" \/>\n<link rel=\"canonical\" href=\"https:\/\/akasel.com\/se\/shop\/slippapper\/slippapper-planslipning\/rhaco-grit-p220\/\" \/>\n<meta property=\"og:locale\" content=\"sv_SE\" \/>\n<meta property=\"og:type\" content=\"article\" \/>\n<meta property=\"og:title\" content=\"Rhaco Grit P220 | Planslipning f\u00f6r Metallografi | AKASEL A\/S\" \/>\n<meta property=\"og:description\" content=\"Optimera ditt metallografiska arbetsfl\u00f6de med v\u00e5rt planslippapper som levererar precisa och tillf\u00f6rlitliga resultat f\u00f6r mjuka och duktila material.\" \/>\n<meta property=\"og:url\" content=\"https:\/\/akasel.com\/se\/shop\/slippapper\/slippapper-planslipning\/rhaco-grit-p220\/\" \/>\n<meta property=\"og:site_name\" content=\"AKASEL A\/S\" \/>\n<meta property=\"article:modified_time\" content=\"2026-01-05T16:41:01+00:00\" \/>\n<meta property=\"og:image\" content=\"https:\/\/akasel.com\/se\/wp-content\/uploads\/sites\/5\/2020\/10\/rhaco-grit-768x752.png\" \/>\n\t<meta property=\"og:image:width\" content=\"768\" \/>\n\t<meta property=\"og:image:height\" content=\"752\" \/>\n\t<meta property=\"og:image:type\" content=\"image\/png\" \/>\n<meta name=\"twitter:card\" content=\"summary_large_image\" \/>\n<meta name=\"twitter:label1\" content=\"Ber\u00e4knad l\u00e4stid\" \/>\n\t<meta name=\"twitter:data1\" content=\"1 minut\" \/>\n<!-- \/ Yoast SEO plugin. -->","yoast_head_json":{"title":"Rhaco Grit P220 | Planslipning f\u00f6r Metallografi | AKASEL A\/S","description":"Optimera ditt metallografiska arbetsfl\u00f6de med v\u00e5rt planslippapper som levererar precisa och tillf\u00f6rlitliga resultat f\u00f6r mjuka och duktila material.","robots":{"index":"index","follow":"follow","max-snippet":"max-snippet:-1","max-image-preview":"max-image-preview:large","max-video-preview":"max-video-preview:-1"},"canonical":"https:\/\/akasel.com\/se\/shop\/slippapper\/slippapper-planslipning\/rhaco-grit-p220\/","og_locale":"sv_SE","og_type":"article","og_title":"Rhaco Grit P220 | Planslipning f\u00f6r Metallografi | AKASEL A\/S","og_description":"Optimera ditt metallografiska arbetsfl\u00f6de med v\u00e5rt planslippapper som levererar precisa och tillf\u00f6rlitliga resultat f\u00f6r mjuka och duktila material.","og_url":"https:\/\/akasel.com\/se\/shop\/slippapper\/slippapper-planslipning\/rhaco-grit-p220\/","og_site_name":"AKASEL A\/S","article_modified_time":"2026-01-05T16:41:01+00:00","og_image":[{"width":768,"height":752,"url":"https:\/\/akasel.com\/se\/wp-content\/uploads\/sites\/5\/2020\/10\/rhaco-grit-768x752.png","type":"image\/png"}],"twitter_card":"summary_large_image","twitter_misc":{"Ber\u00e4knad l\u00e4stid":"1 minut"},"schema":{"@context":"https:\/\/schema.org","@graph":[{"@type":"WebPage","@id":"https:\/\/akasel.com\/se\/shop\/slippapper\/slippapper-planslipning\/rhaco-grit-p220\/","url":"https:\/\/akasel.com\/se\/shop\/slippapper\/slippapper-planslipning\/rhaco-grit-p220\/","name":"Rhaco Grit P220 | Planslipning f\u00f6r Metallografi | AKASEL A\/S","isPartOf":{"@id":"https:\/\/akasel.com\/se\/#website"},"datePublished":"2020-10-29T12:46:28+00:00","dateModified":"2026-01-05T16:41:01+00:00","description":"Optimera ditt metallografiska arbetsfl\u00f6de med v\u00e5rt planslippapper som levererar precisa och tillf\u00f6rlitliga resultat f\u00f6r mjuka och duktila material.","breadcrumb":{"@id":"https:\/\/akasel.com\/se\/shop\/slippapper\/slippapper-planslipning\/rhaco-grit-p220\/#breadcrumb"},"inLanguage":"sv-SE","potentialAction":[{"@type":"ReadAction","target":["https:\/\/akasel.com\/se\/shop\/slippapper\/slippapper-planslipning\/rhaco-grit-p220\/"]}]},{"@type":"BreadcrumbList","@id":"https:\/\/akasel.com\/se\/shop\/slippapper\/slippapper-planslipning\/rhaco-grit-p220\/#breadcrumb","itemListElement":[{"@type":"ListItem","position":1,"name":"Home","item":"https:\/\/akasel.com\/se\/"},{"@type":"ListItem","position":2,"name":"Shop","item":"https:\/\/akasel.com\/se\/shop\/"},{"@type":"ListItem","position":3,"name":"Rhaco Grit P220"}]},{"@type":"WebSite","@id":"https:\/\/akasel.com\/se\/#website","url":"https:\/\/akasel.com\/se\/","name":"AKASEL A\/S","description":"","potentialAction":[{"@type":"SearchAction","target":{"@type":"EntryPoint","urlTemplate":"https:\/\/akasel.com\/se\/?s={search_term_string}"},"query-input":"required name=search_term_string"}],"inLanguage":"sv-SE"}]}},"_links":{"self":[{"href":"https:\/\/akasel.com\/se\/wp-json\/wp\/v3\/product\/10088"}],"collection":[{"href":"https:\/\/akasel.com\/se\/wp-json\/wp\/v3\/product"}],"about":[{"href":"https:\/\/akasel.com\/se\/wp-json\/wp\/v2\/types\/product"}],"wp:featuredmedia":[{"embeddable":true,"href":"https:\/\/akasel.com\/se\/wp-json\/wp\/v2\/media\/11685"}],"wp:attachment":[{"href":"https:\/\/akasel.com\/se\/wp-json\/wp\/v2\/media?parent=10088"}],"wp:term":[{"taxonomy":"product_cat","embeddable":true,"href":"https:\/\/akasel.com\/se\/wp-json\/wp\/v2\/product_cat?post=10088"},{"taxonomy":"product_tag","embeddable":true,"href":"https:\/\/akasel.com\/se\/wp-json\/wp\/v2\/product_tag?post=10088"}],"curies":[{"name":"wp","href":"https:\/\/api.w.org\/{rel}","templated":true}]}}