{"id":10095,"date":"2020-10-29T14:06:14","date_gmt":"2020-10-29T13:06:14","guid":{"rendered":"https:\/\/akasel.com\/p\/rhaco-grit-p500\/"},"modified":"2026-01-05T17:41:02","modified_gmt":"2026-01-05T16:41:02","slug":"rhaco-grit-p500","status":"publish","type":"product","link":"https:\/\/akasel.com\/se\/shop\/slippapper\/slippapper-finslipning\/rhaco-grit-p500\/","title":{"rendered":"Rhaco Grit P500"},"content":{"rendered":"<p>Tillg\u00e4nglig storlek: 200 mm, 230 mm, 250 mm, 300 mm<\/p>\n<p>Tillg\u00e4nglig m\u00e4ngd: 100 St<\/p>\n<p><a href=\"https:\/\/akasel.com\/wp-content\/uploads\/2024\/05\/7000uk-1.pdf\">PDS Rhaco-Grit (EN)<\/a><\/p>\n<p><a href=\"https:\/\/akasel.com\/wp-content\/uploads\/2023\/03\/98012866-67350002-manual-rhaco-grit-ukde-a5.pdf\">Rhaco Grit Anv\u00e4ndarhandb\u00f6cker (EN)<\/a><\/p>\n<div style=\"position: relative; padding-bottom: 56.25%; height: 0; overflow: hidden; max-width: 100%; height: auto;\">\n    <video style=\"position: absolute; top: 0; left: 0; width: 100%; height: 100%;\"  \ncontrols \n           preload=\"metadata\" \n           poster=\"https:\/\/akasel.com\/wp-content\/uploads\/2024\/10\/rhaco-gritt-thumbnail.jpg\"><source src=\"https:\/\/akasel.com\/wp-content\/uploads\/2024\/10\/userguide-rhacogrit-updated-2024.mp4\" type=\"video\/mp4\">Your browser does not support video playback.<\/video>\n<\/div>\n","protected":false},"excerpt":{"rendered":"<p>H\u00f6gkvalitativt slippapper som kan anv\u00e4ndas f\u00f6r finslipning av alla material, men \u00e4r det optimala valet vid beredning av mjuka och sega material.<\/p>\n<p>Rhaco Grit f\u00f6r finslipning ger bra kanth\u00e5llning, optimal planhet och ingen krullning p\u00e5 grund av det s\u00e4tt som slippapperet tillverkas p\u00e5.<\/p>\n<p>N\u00e4r det anv\u00e4nds tillsammans med <a href=\"https:\/\/akasel.com\/se\/shop\/metallografisk-polering\/polerdukar\/aka-rhaco\/\">v\u00e5rt unika Aka-Rhaco<\/a> kan det ers\u00e4tta dyra PSA- eller foliebaserade slippapper.<\/p>\n","protected":false},"featured_media":11543,"template":"","meta":[],"product_cat":[334,335,325],"product_tag":[],"class_list":["post-10095","product","type-product","status-publish","has-post-thumbnail","hentry","product_cat-slipning","product_cat-slippapper","product_cat-slippapper-finslipning"],"yoast_head":"<!-- This site is optimized with the Yoast SEO plugin v21.7 - https:\/\/yoast.com\/wordpress\/plugins\/seo\/ -->\n<title>Rhaco Grit P500 | Finslipning f\u00f6r Metallografi | AKASEL A\/S<\/title>\n<meta name=\"description\" content=\"Upplev h\u00f6gkvalitativ finslipning f\u00f6r metallografiska till\u00e4mpningar som kr\u00e4ver noggrann ytf\u00f6rberedning och konsekventa resultat.\" \/>\n<meta name=\"robots\" content=\"index, follow, max-snippet:-1, max-image-preview:large, max-video-preview:-1\" \/>\n<link rel=\"canonical\" href=\"https:\/\/akasel.com\/se\/shop\/slippapper\/slippapper-finslipning\/rhaco-grit-p500\/\" \/>\n<meta property=\"og:locale\" content=\"sv_SE\" \/>\n<meta property=\"og:type\" content=\"article\" \/>\n<meta property=\"og:title\" content=\"Rhaco Grit P500 | Finslipning f\u00f6r Metallografi | AKASEL A\/S\" \/>\n<meta property=\"og:description\" content=\"Upplev h\u00f6gkvalitativ finslipning f\u00f6r metallografiska till\u00e4mpningar som kr\u00e4ver noggrann ytf\u00f6rberedning och konsekventa resultat.\" \/>\n<meta property=\"og:url\" content=\"https:\/\/akasel.com\/se\/shop\/slippapper\/slippapper-finslipning\/rhaco-grit-p500\/\" \/>\n<meta property=\"og:site_name\" content=\"AKASEL A\/S\" \/>\n<meta property=\"article:modified_time\" content=\"2026-01-05T16:41:02+00:00\" \/>\n<meta property=\"og:image\" content=\"https:\/\/akasel.com\/se\/wp-content\/uploads\/sites\/5\/2023\/05\/rhaco-grit-1.png\" \/>\n\t<meta property=\"og:image:width\" content=\"2351\" \/>\n\t<meta property=\"og:image:height\" content=\"2362\" \/>\n\t<meta property=\"og:image:type\" content=\"image\/png\" \/>\n<meta name=\"twitter:card\" content=\"summary_large_image\" \/>\n<meta name=\"twitter:label1\" content=\"Ber\u00e4knad l\u00e4stid\" \/>\n\t<meta name=\"twitter:data1\" content=\"1 minut\" \/>\n<!-- \/ Yoast SEO plugin. -->","yoast_head_json":{"title":"Rhaco Grit P500 | Finslipning f\u00f6r Metallografi | AKASEL A\/S","description":"Upplev h\u00f6gkvalitativ finslipning f\u00f6r metallografiska till\u00e4mpningar som kr\u00e4ver noggrann ytf\u00f6rberedning och konsekventa resultat.","robots":{"index":"index","follow":"follow","max-snippet":"max-snippet:-1","max-image-preview":"max-image-preview:large","max-video-preview":"max-video-preview:-1"},"canonical":"https:\/\/akasel.com\/se\/shop\/slippapper\/slippapper-finslipning\/rhaco-grit-p500\/","og_locale":"sv_SE","og_type":"article","og_title":"Rhaco Grit P500 | Finslipning f\u00f6r Metallografi | AKASEL A\/S","og_description":"Upplev h\u00f6gkvalitativ finslipning f\u00f6r metallografiska till\u00e4mpningar som kr\u00e4ver noggrann ytf\u00f6rberedning och konsekventa resultat.","og_url":"https:\/\/akasel.com\/se\/shop\/slippapper\/slippapper-finslipning\/rhaco-grit-p500\/","og_site_name":"AKASEL A\/S","article_modified_time":"2026-01-05T16:41:02+00:00","og_image":[{"width":2351,"height":2362,"url":"https:\/\/akasel.com\/se\/wp-content\/uploads\/sites\/5\/2023\/05\/rhaco-grit-1.png","type":"image\/png"}],"twitter_card":"summary_large_image","twitter_misc":{"Ber\u00e4knad l\u00e4stid":"1 minut"},"schema":{"@context":"https:\/\/schema.org","@graph":[{"@type":"WebPage","@id":"https:\/\/akasel.com\/se\/shop\/slippapper\/slippapper-finslipning\/rhaco-grit-p500\/","url":"https:\/\/akasel.com\/se\/shop\/slippapper\/slippapper-finslipning\/rhaco-grit-p500\/","name":"Rhaco Grit P500 | Finslipning f\u00f6r Metallografi | AKASEL A\/S","isPartOf":{"@id":"https:\/\/akasel.com\/se\/#website"},"datePublished":"2020-10-29T13:06:14+00:00","dateModified":"2026-01-05T16:41:02+00:00","description":"Upplev h\u00f6gkvalitativ finslipning f\u00f6r metallografiska till\u00e4mpningar som kr\u00e4ver noggrann ytf\u00f6rberedning och konsekventa resultat.","breadcrumb":{"@id":"https:\/\/akasel.com\/se\/shop\/slippapper\/slippapper-finslipning\/rhaco-grit-p500\/#breadcrumb"},"inLanguage":"sv-SE","potentialAction":[{"@type":"ReadAction","target":["https:\/\/akasel.com\/se\/shop\/slippapper\/slippapper-finslipning\/rhaco-grit-p500\/"]}]},{"@type":"BreadcrumbList","@id":"https:\/\/akasel.com\/se\/shop\/slippapper\/slippapper-finslipning\/rhaco-grit-p500\/#breadcrumb","itemListElement":[{"@type":"ListItem","position":1,"name":"Home","item":"https:\/\/akasel.com\/se\/"},{"@type":"ListItem","position":2,"name":"Shop","item":"https:\/\/akasel.com\/se\/shop\/"},{"@type":"ListItem","position":3,"name":"Rhaco Grit P500"}]},{"@type":"WebSite","@id":"https:\/\/akasel.com\/se\/#website","url":"https:\/\/akasel.com\/se\/","name":"AKASEL A\/S","description":"","potentialAction":[{"@type":"SearchAction","target":{"@type":"EntryPoint","urlTemplate":"https:\/\/akasel.com\/se\/?s={search_term_string}"},"query-input":"required name=search_term_string"}],"inLanguage":"sv-SE"}]}},"_links":{"self":[{"href":"https:\/\/akasel.com\/se\/wp-json\/wp\/v3\/product\/10095"}],"collection":[{"href":"https:\/\/akasel.com\/se\/wp-json\/wp\/v3\/product"}],"about":[{"href":"https:\/\/akasel.com\/se\/wp-json\/wp\/v2\/types\/product"}],"wp:featuredmedia":[{"embeddable":true,"href":"https:\/\/akasel.com\/se\/wp-json\/wp\/v2\/media\/11543"}],"wp:attachment":[{"href":"https:\/\/akasel.com\/se\/wp-json\/wp\/v2\/media?parent=10095"}],"wp:term":[{"taxonomy":"product_cat","embeddable":true,"href":"https:\/\/akasel.com\/se\/wp-json\/wp\/v2\/product_cat?post=10095"},{"taxonomy":"product_tag","embeddable":true,"href":"https:\/\/akasel.com\/se\/wp-json\/wp\/v2\/product_tag?post=10095"}],"curies":[{"name":"wp","href":"https:\/\/api.w.org\/{rel}","templated":true}]}}