{"id":10105,"date":"2020-10-29T14:58:19","date_gmt":"2020-10-29T13:58:19","guid":{"rendered":"https:\/\/akasel.com\/p\/aka-poly-plus-1-%c2%b5m\/"},"modified":"2026-01-05T17:42:55","modified_gmt":"2026-01-05T16:42:55","slug":"aka-poly-1-%c2%b5m-2","status":"publish","type":"product","link":"https:\/\/akasel.com\/se\/shop\/metallografisk-polering\/diamantprodukter\/aka-poly-1-%c2%b5m-2\/","title":{"rendered":"Aka-Poly+ 1 \u00b5m"},"content":{"rendered":"<p>Tillg\u00e4ngligt inneh\u00e5ll: 500 ml, 1 l<\/p>\n<p><a href=\"https:\/\/akasel.com\/wp-content\/uploads\/2024\/11\/sds-aka-mono-aka-poly-aka-mono-aka-poly-se-v30.pdf\">SDS Aka-Poly+ &amp; Aka-Mono+ (SE)<\/a><\/p>\n<p><a href=\"https:\/\/akasel.com\/wp-content\/uploads\/2024\/06\/diamond-suspension-product-brochure.pdf\">Diamantsuspension Produktbroschyrer (EN)<\/a><\/p>\n<p>&nbsp;<\/p>\n","protected":false},"excerpt":{"rendered":"<p>H\u00f6gkoncentrerad polykristallin diamantsuspension f\u00f6r metallografisk provberedning.<\/p>\n<p>Rekommenderas f\u00f6r alla material, men \u00e4r idealisk f\u00f6r mycket h\u00e5rda material \u2013 utom vattenk\u00e4nsliga.<\/p>\n<p>Aka-Poly+ s\u00e4kerst\u00e4ller snabbast m\u00f6jliga preparering med enast\u00e5ende avverkningshastighet. Ger m\u00f6jlighet till exakt justering av f\u00f6rh\u00e5llandet mellan diamantsuspension och sm\u00f6rjmedel.<\/p>\n<p>Diamantkoncentration p\u00e5 40 ct\/l<br \/>\n100% polykristallina diamanter<br \/>\nMedian (50%) 1 \u00b5m<br \/>\nTolerans 0,95 &#8211; 1,05 \u00b5m<br \/>\n\u00d6vre gr\u00e4ns (99%) 1,7 \u00b5m<\/p>\n<p>F\u00e5r inte uts\u00e4ttas f\u00f6r direkt solljus.<\/p>\n","protected":false},"featured_media":11640,"template":"","meta":[],"product_cat":[344,320,340,329],"product_tag":[],"class_list":["post-10105","product","type-product","status-publish","has-post-thumbnail","hentry","product_cat-metallografisk-polering","product_cat-diamantprodukter","product_cat-diamantsuspension","product_cat-aka-poly-aka-mono-diamant-upphangningar"],"yoast_head":"<!-- This site is optimized with the Yoast SEO plugin v21.7 - https:\/\/yoast.com\/wordpress\/plugins\/seo\/ -->\n<title>Aka-Poly+ 1 \u00b5m | Polykrystallin Diamantsuspension | AKASEL A\/S<\/title>\n<meta name=\"description\" content=\"F\u00e5 h\u00f6gprecisionspolering med 1 \u00b5m suspensionen. Idealisk f\u00f6r detaljerad ytberedning och konsekventa resultat vid metallografisk polering.\" \/>\n<meta name=\"robots\" content=\"index, follow, max-snippet:-1, max-image-preview:large, max-video-preview:-1\" \/>\n<link rel=\"canonical\" href=\"https:\/\/akasel.com\/se\/shop\/metallografisk-polering\/diamantprodukter\/aka-poly-1-\u00b5m-2\/\" \/>\n<meta property=\"og:locale\" content=\"sv_SE\" \/>\n<meta property=\"og:type\" content=\"article\" \/>\n<meta property=\"og:title\" content=\"Aka-Poly+ 1 \u00b5m | Polykrystallin Diamantsuspension | AKASEL A\/S\" \/>\n<meta property=\"og:description\" content=\"F\u00e5 h\u00f6gprecisionspolering med 1 \u00b5m suspensionen. Idealisk f\u00f6r detaljerad ytberedning och konsekventa resultat vid metallografisk polering.\" \/>\n<meta property=\"og:url\" content=\"https:\/\/akasel.com\/se\/shop\/metallografisk-polering\/diamantprodukter\/aka-poly-1-\u00b5m-2\/\" \/>\n<meta property=\"og:site_name\" content=\"AKASEL A\/S\" \/>\n<meta property=\"article:modified_time\" content=\"2026-01-05T16:42:55+00:00\" \/>\n<meta property=\"og:image\" content=\"https:\/\/akasel.com\/se\/wp-content\/uploads\/sites\/5\/2020\/10\/44144013.png\" \/>\n\t<meta property=\"og:image:width\" content=\"1501\" \/>\n\t<meta property=\"og:image:height\" content=\"2560\" \/>\n\t<meta property=\"og:image:type\" content=\"image\/png\" \/>\n<meta name=\"twitter:card\" content=\"summary_large_image\" \/>\n<meta name=\"twitter:label1\" content=\"Ber\u00e4knad l\u00e4stid\" \/>\n\t<meta name=\"twitter:data1\" content=\"1 minut\" \/>\n<!-- \/ Yoast SEO plugin. -->","yoast_head_json":{"title":"Aka-Poly+ 1 \u00b5m | Polykrystallin Diamantsuspension | AKASEL A\/S","description":"F\u00e5 h\u00f6gprecisionspolering med 1 \u00b5m suspensionen. Idealisk f\u00f6r detaljerad ytberedning och konsekventa resultat vid metallografisk polering.","robots":{"index":"index","follow":"follow","max-snippet":"max-snippet:-1","max-image-preview":"max-image-preview:large","max-video-preview":"max-video-preview:-1"},"canonical":"https:\/\/akasel.com\/se\/shop\/metallografisk-polering\/diamantprodukter\/aka-poly-1-\u00b5m-2\/","og_locale":"sv_SE","og_type":"article","og_title":"Aka-Poly+ 1 \u00b5m | Polykrystallin Diamantsuspension | AKASEL A\/S","og_description":"F\u00e5 h\u00f6gprecisionspolering med 1 \u00b5m suspensionen. Idealisk f\u00f6r detaljerad ytberedning och konsekventa resultat vid metallografisk polering.","og_url":"https:\/\/akasel.com\/se\/shop\/metallografisk-polering\/diamantprodukter\/aka-poly-1-\u00b5m-2\/","og_site_name":"AKASEL A\/S","article_modified_time":"2026-01-05T16:42:55+00:00","og_image":[{"width":1501,"height":2560,"url":"https:\/\/akasel.com\/se\/wp-content\/uploads\/sites\/5\/2020\/10\/44144013.png","type":"image\/png"}],"twitter_card":"summary_large_image","twitter_misc":{"Ber\u00e4knad l\u00e4stid":"1 minut"},"schema":{"@context":"https:\/\/schema.org","@graph":[{"@type":"WebPage","@id":"https:\/\/akasel.com\/se\/shop\/metallografisk-polering\/diamantprodukter\/aka-poly-1-%c2%b5m-2\/","url":"https:\/\/akasel.com\/se\/shop\/metallografisk-polering\/diamantprodukter\/aka-poly-1-%c2%b5m-2\/","name":"Aka-Poly+ 1 \u00b5m | Polykrystallin Diamantsuspension | AKASEL A\/S","isPartOf":{"@id":"https:\/\/akasel.com\/se\/#website"},"datePublished":"2020-10-29T13:58:19+00:00","dateModified":"2026-01-05T16:42:55+00:00","description":"F\u00e5 h\u00f6gprecisionspolering med 1 \u00b5m suspensionen. Idealisk f\u00f6r detaljerad ytberedning och konsekventa resultat vid metallografisk polering.","breadcrumb":{"@id":"https:\/\/akasel.com\/se\/shop\/metallografisk-polering\/diamantprodukter\/aka-poly-1-%c2%b5m-2\/#breadcrumb"},"inLanguage":"sv-SE","potentialAction":[{"@type":"ReadAction","target":["https:\/\/akasel.com\/se\/shop\/metallografisk-polering\/diamantprodukter\/aka-poly-1-%c2%b5m-2\/"]}]},{"@type":"BreadcrumbList","@id":"https:\/\/akasel.com\/se\/shop\/metallografisk-polering\/diamantprodukter\/aka-poly-1-%c2%b5m-2\/#breadcrumb","itemListElement":[{"@type":"ListItem","position":1,"name":"Home","item":"https:\/\/akasel.com\/se\/"},{"@type":"ListItem","position":2,"name":"Shop","item":"https:\/\/akasel.com\/se\/shop\/"},{"@type":"ListItem","position":3,"name":"Aka-Poly+ 1 \u00b5m"}]},{"@type":"WebSite","@id":"https:\/\/akasel.com\/se\/#website","url":"https:\/\/akasel.com\/se\/","name":"AKASEL A\/S","description":"","potentialAction":[{"@type":"SearchAction","target":{"@type":"EntryPoint","urlTemplate":"https:\/\/akasel.com\/se\/?s={search_term_string}"},"query-input":"required name=search_term_string"}],"inLanguage":"sv-SE"}]}},"_links":{"self":[{"href":"https:\/\/akasel.com\/se\/wp-json\/wp\/v3\/product\/10105"}],"collection":[{"href":"https:\/\/akasel.com\/se\/wp-json\/wp\/v3\/product"}],"about":[{"href":"https:\/\/akasel.com\/se\/wp-json\/wp\/v2\/types\/product"}],"wp:featuredmedia":[{"embeddable":true,"href":"https:\/\/akasel.com\/se\/wp-json\/wp\/v2\/media\/11640"}],"wp:attachment":[{"href":"https:\/\/akasel.com\/se\/wp-json\/wp\/v2\/media?parent=10105"}],"wp:term":[{"taxonomy":"product_cat","embeddable":true,"href":"https:\/\/akasel.com\/se\/wp-json\/wp\/v2\/product_cat?post=10105"},{"taxonomy":"product_tag","embeddable":true,"href":"https:\/\/akasel.com\/se\/wp-json\/wp\/v2\/product_tag?post=10105"}],"curies":[{"name":"wp","href":"https:\/\/api.w.org\/{rel}","templated":true}]}}