{"id":10113,"date":"2020-10-29T15:10:34","date_gmt":"2020-10-29T14:10:34","guid":{"rendered":"https:\/\/akasel.com\/p\/sic-grinding-stone-nf10\/"},"modified":"2026-01-05T17:41:04","modified_gmt":"2026-01-05T16:41:04","slug":"sic-grinding-stone-nf10","status":"publish","type":"product","link":"https:\/\/akasel.com\/se\/shop\/slipning\/slipstenar\/sic-grinding-stone-nf10\/","title":{"rendered":"SiC Grinding Stone NF10"},"content":{"rendered":"<p>Tillg\u00e4nglig storlek: 356 mm<\/p>\n<p>Tillg\u00e4nglig m\u00e4ngd: 1 St.<\/p>\n<p><a href=\"https:\/\/akasel.com\/wp-content\/uploads\/2024\/05\/6070uk-1.pdf\">SDS Slipstenar (EN)<\/a><\/p>\n<p>&nbsp;<\/p>\n","protected":false},"excerpt":{"rendered":"<p>Slipsten i kiselkarbid f\u00f6r slipning av icke-j\u00e4rnmetaller.<br \/>\nV\u00e5ra slipstenar garanterar absolut plana provytor.<\/p>\n<p>kornstorlek 150.<\/p>\n","protected":false},"featured_media":11547,"template":"","meta":[],"product_cat":[334,343],"product_tag":[],"class_list":["post-10113","product","type-product","status-publish","has-post-thumbnail","hentry","product_cat-slipning","product_cat-slipstenar"],"yoast_head":"<!-- This site is optimized with the Yoast SEO plugin v21.7 - https:\/\/yoast.com\/wordpress\/plugins\/seo\/ -->\n<title>SiC Slipsten NF10 | Slipning av Icke-j\u00e4rnmetaller | AKASEL A\/S<\/title>\n<meta name=\"description\" content=\"Slip icke-j\u00e4rnmetaller effektivt med denna h\u00e5llbara SiC-slipsten. Idealisk f\u00f6r metallografisk provberedning med exakt materialborttagning och plana ytor.\" \/>\n<meta name=\"robots\" content=\"index, follow, max-snippet:-1, max-image-preview:large, max-video-preview:-1\" \/>\n<link rel=\"canonical\" href=\"https:\/\/akasel.com\/se\/shop\/slipning\/slipstenar\/sic-grinding-stone-nf10\/\" \/>\n<meta property=\"og:locale\" content=\"sv_SE\" \/>\n<meta property=\"og:type\" content=\"article\" \/>\n<meta property=\"og:title\" content=\"SiC Slipsten NF10 | Slipning av Icke-j\u00e4rnmetaller | AKASEL A\/S\" \/>\n<meta property=\"og:description\" content=\"Slip icke-j\u00e4rnmetaller effektivt med denna h\u00e5llbara SiC-slipsten. Idealisk f\u00f6r metallografisk provberedning med exakt materialborttagning och plana ytor.\" \/>\n<meta property=\"og:url\" content=\"https:\/\/akasel.com\/se\/shop\/slipning\/slipstenar\/sic-grinding-stone-nf10\/\" \/>\n<meta property=\"og:site_name\" content=\"AKASEL A\/S\" \/>\n<meta property=\"article:modified_time\" content=\"2026-01-05T16:41:04+00:00\" \/>\n<meta property=\"og:image\" content=\"https:\/\/akasel.com\/se\/wp-content\/uploads\/sites\/5\/2020\/10\/grinding-stone-nf10-1-768x600.png\" \/>\n\t<meta property=\"og:image:width\" content=\"768\" \/>\n\t<meta property=\"og:image:height\" content=\"600\" \/>\n\t<meta property=\"og:image:type\" content=\"image\/png\" \/>\n<meta name=\"twitter:card\" content=\"summary_large_image\" \/>\n<meta name=\"twitter:label1\" content=\"Ber\u00e4knad l\u00e4stid\" \/>\n\t<meta name=\"twitter:data1\" content=\"1 minut\" \/>\n<!-- \/ Yoast SEO plugin. -->","yoast_head_json":{"title":"SiC Slipsten NF10 | Slipning av Icke-j\u00e4rnmetaller | AKASEL A\/S","description":"Slip icke-j\u00e4rnmetaller effektivt med denna h\u00e5llbara SiC-slipsten. Idealisk f\u00f6r metallografisk provberedning med exakt materialborttagning och plana ytor.","robots":{"index":"index","follow":"follow","max-snippet":"max-snippet:-1","max-image-preview":"max-image-preview:large","max-video-preview":"max-video-preview:-1"},"canonical":"https:\/\/akasel.com\/se\/shop\/slipning\/slipstenar\/sic-grinding-stone-nf10\/","og_locale":"sv_SE","og_type":"article","og_title":"SiC Slipsten NF10 | Slipning av Icke-j\u00e4rnmetaller | AKASEL A\/S","og_description":"Slip icke-j\u00e4rnmetaller effektivt med denna h\u00e5llbara SiC-slipsten. Idealisk f\u00f6r metallografisk provberedning med exakt materialborttagning och plana ytor.","og_url":"https:\/\/akasel.com\/se\/shop\/slipning\/slipstenar\/sic-grinding-stone-nf10\/","og_site_name":"AKASEL A\/S","article_modified_time":"2026-01-05T16:41:04+00:00","og_image":[{"width":768,"height":600,"url":"https:\/\/akasel.com\/se\/wp-content\/uploads\/sites\/5\/2020\/10\/grinding-stone-nf10-1-768x600.png","type":"image\/png"}],"twitter_card":"summary_large_image","twitter_misc":{"Ber\u00e4knad l\u00e4stid":"1 minut"},"schema":{"@context":"https:\/\/schema.org","@graph":[{"@type":"WebPage","@id":"https:\/\/akasel.com\/se\/shop\/slipning\/slipstenar\/sic-grinding-stone-nf10\/","url":"https:\/\/akasel.com\/se\/shop\/slipning\/slipstenar\/sic-grinding-stone-nf10\/","name":"SiC Slipsten NF10 | Slipning av Icke-j\u00e4rnmetaller | AKASEL A\/S","isPartOf":{"@id":"https:\/\/akasel.com\/se\/#website"},"datePublished":"2020-10-29T14:10:34+00:00","dateModified":"2026-01-05T16:41:04+00:00","description":"Slip icke-j\u00e4rnmetaller effektivt med denna h\u00e5llbara SiC-slipsten. Idealisk f\u00f6r metallografisk provberedning med exakt materialborttagning och plana ytor.","breadcrumb":{"@id":"https:\/\/akasel.com\/se\/shop\/slipning\/slipstenar\/sic-grinding-stone-nf10\/#breadcrumb"},"inLanguage":"sv-SE","potentialAction":[{"@type":"ReadAction","target":["https:\/\/akasel.com\/se\/shop\/slipning\/slipstenar\/sic-grinding-stone-nf10\/"]}]},{"@type":"BreadcrumbList","@id":"https:\/\/akasel.com\/se\/shop\/slipning\/slipstenar\/sic-grinding-stone-nf10\/#breadcrumb","itemListElement":[{"@type":"ListItem","position":1,"name":"Home","item":"https:\/\/akasel.com\/se\/"},{"@type":"ListItem","position":2,"name":"Shop","item":"https:\/\/akasel.com\/se\/shop\/"},{"@type":"ListItem","position":3,"name":"SiC Grinding Stone NF10"}]},{"@type":"WebSite","@id":"https:\/\/akasel.com\/se\/#website","url":"https:\/\/akasel.com\/se\/","name":"AKASEL A\/S","description":"","potentialAction":[{"@type":"SearchAction","target":{"@type":"EntryPoint","urlTemplate":"https:\/\/akasel.com\/se\/?s={search_term_string}"},"query-input":"required name=search_term_string"}],"inLanguage":"sv-SE"}]}},"_links":{"self":[{"href":"https:\/\/akasel.com\/se\/wp-json\/wp\/v3\/product\/10113"}],"collection":[{"href":"https:\/\/akasel.com\/se\/wp-json\/wp\/v3\/product"}],"about":[{"href":"https:\/\/akasel.com\/se\/wp-json\/wp\/v2\/types\/product"}],"wp:featuredmedia":[{"embeddable":true,"href":"https:\/\/akasel.com\/se\/wp-json\/wp\/v2\/media\/11547"}],"wp:attachment":[{"href":"https:\/\/akasel.com\/se\/wp-json\/wp\/v2\/media?parent=10113"}],"wp:term":[{"taxonomy":"product_cat","embeddable":true,"href":"https:\/\/akasel.com\/se\/wp-json\/wp\/v2\/product_cat?post=10113"},{"taxonomy":"product_tag","embeddable":true,"href":"https:\/\/akasel.com\/se\/wp-json\/wp\/v2\/product_tag?post=10113"}],"curies":[{"name":"wp","href":"https:\/\/api.w.org\/{rel}","templated":true}]}}