{"id":10118,"date":"2020-10-29T15:07:54","date_gmt":"2020-10-29T14:07:54","guid":{"rendered":"https:\/\/akasel.com\/p\/aka-poly-wf-0-25-%c2%b5m\/"},"modified":"2026-01-05T17:43:00","modified_gmt":"2026-01-05T16:43:00","slug":"aka-poly-wf-025-%c2%b5m","status":"publish","type":"product","link":"https:\/\/akasel.com\/se\/shop\/metallografisk-polering\/diamantprodukter\/aka-poly-wf-025-%c2%b5m\/","title":{"rendered":"Aka-Poly WF 0,25 \u00b5m"},"content":{"rendered":"<p>Tillg\u00e4ngligt inneh\u00e5ll: 500 ml, 1 l<\/p>\n<p><a href=\"https:\/\/akasel.com\/wp-content\/uploads\/2024\/11\/sds-aka-poly-water-free-se-v10.pdf\">SDS Aka-Poly &amp; Aka-Mono WF (SE)<\/a><\/p>\n<p><a href=\"https:\/\/akasel.com\/wp-content\/uploads\/2024\/06\/diamond-suspension-product-brochure.pdf\">Diamantsuspension Produktbroschyrer (EN)<\/a><\/p>\n<p>&nbsp;<\/p>\n","protected":false},"excerpt":{"rendered":"<p>Vattenfri polykristallin diamantsuspension f\u00f6r metallografisk provberedning av vattenk\u00e4nsliga material. Denna helt glykolbaserade formulering \u00e4r fri fr\u00e5n olja, farliga \u00e4mnen och brandfarliga komponenter och inneh\u00e5ller mindre \u00e4n 0,1 % vatten.<\/p>\n<p>Aka-Poly WF ger mycket snabb provberedning och m\u00f6jlighet till exakt justering av f\u00f6rh\u00e5llandet mellan diamantsuspension och sm\u00f6rjmedel.<\/p>\n<p>F\u00f6r b\u00e4sta resultat rekommenderas att den anv\u00e4nds tillsammans med v\u00e5rt vattenfria sm\u00f6rjmedel, , <a href=\"https:\/\/akasel.com\/se\/shop\/metallographic-polishing\/lubricants\/aka-lube-clear-wf\/\">Aka-Lube Clear<\/a>.<\/p>\n<p>Diamantkoncentration p\u00e5 20 ct\/l<br \/>\n100% polykristallina diamanter<br \/>\nMedian (50%) 0,21 \u00b5m<br \/>\nTolerans 0,18 &#8211; 0,24 \u00b5m<br \/>\n\u00d6vre gr\u00e4ns (99%) 0,53 \u00b5m<\/p>\n<p>Skaka f\u00f6re anv\u00e4ndning, denna produkt \u00e4r inte stabil.<\/p>\n","protected":false},"featured_media":11644,"template":"","meta":[],"product_cat":[344,320,340,342],"product_tag":[],"class_list":["post-10118","product","type-product","status-publish","has-post-thumbnail","hentry","product_cat-metallografisk-polering","product_cat-diamantprodukter","product_cat-diamantsuspension","product_cat-aka-poly-wf"],"yoast_head":"<!-- This site is optimized with the Yoast SEO plugin v21.7 - https:\/\/yoast.com\/wordpress\/plugins\/seo\/ -->\n<title>Aka-Poly WF 0.25 \u00b5m | Vattenfri Diamantsuspension | AKASEL A\/S<\/title>\n<meta name=\"description\" content=\"F\u00e5 en \u00f6verl\u00e4gsen ytfinish med v\u00e5r vattenfria diamantsuspension. Perfekt f\u00f6r polering av vattensensitiva material med precision och konsekventa resultat.\" \/>\n<meta name=\"robots\" content=\"index, follow, max-snippet:-1, max-image-preview:large, max-video-preview:-1\" \/>\n<link rel=\"canonical\" href=\"https:\/\/akasel.com\/se\/shop\/metallografisk-polering\/diamantprodukter\/aka-poly-wf-025-\u00b5m\/\" \/>\n<meta property=\"og:locale\" content=\"sv_SE\" \/>\n<meta property=\"og:type\" content=\"article\" \/>\n<meta property=\"og:title\" content=\"Aka-Poly WF 0.25 \u00b5m | Vattenfri Diamantsuspension | AKASEL A\/S\" \/>\n<meta property=\"og:description\" content=\"F\u00e5 en \u00f6verl\u00e4gsen ytfinish med v\u00e5r vattenfria diamantsuspension. Perfekt f\u00f6r polering av vattensensitiva material med precision och konsekventa resultat.\" \/>\n<meta property=\"og:url\" content=\"https:\/\/akasel.com\/se\/shop\/metallografisk-polering\/diamantprodukter\/aka-poly-wf-025-\u00b5m\/\" \/>\n<meta property=\"og:site_name\" content=\"AKASEL A\/S\" \/>\n<meta property=\"article:modified_time\" content=\"2026-01-05T16:43:00+00:00\" \/>\n<meta property=\"og:image\" content=\"https:\/\/akasel.com\/se\/wp-content\/uploads\/sites\/5\/2020\/10\/44162513.png\" \/>\n\t<meta property=\"og:image:width\" content=\"1501\" \/>\n\t<meta property=\"og:image:height\" content=\"2560\" \/>\n\t<meta property=\"og:image:type\" content=\"image\/png\" \/>\n<meta name=\"twitter:card\" content=\"summary_large_image\" \/>\n<meta name=\"twitter:label1\" content=\"Ber\u00e4knad l\u00e4stid\" \/>\n\t<meta name=\"twitter:data1\" content=\"1 minut\" \/>\n<!-- \/ Yoast SEO plugin. -->","yoast_head_json":{"title":"Aka-Poly WF 0.25 \u00b5m | Vattenfri Diamantsuspension | AKASEL A\/S","description":"F\u00e5 en \u00f6verl\u00e4gsen ytfinish med v\u00e5r vattenfria diamantsuspension. Perfekt f\u00f6r polering av vattensensitiva material med precision och konsekventa resultat.","robots":{"index":"index","follow":"follow","max-snippet":"max-snippet:-1","max-image-preview":"max-image-preview:large","max-video-preview":"max-video-preview:-1"},"canonical":"https:\/\/akasel.com\/se\/shop\/metallografisk-polering\/diamantprodukter\/aka-poly-wf-025-\u00b5m\/","og_locale":"sv_SE","og_type":"article","og_title":"Aka-Poly WF 0.25 \u00b5m | Vattenfri Diamantsuspension | AKASEL A\/S","og_description":"F\u00e5 en \u00f6verl\u00e4gsen ytfinish med v\u00e5r vattenfria diamantsuspension. Perfekt f\u00f6r polering av vattensensitiva material med precision och konsekventa resultat.","og_url":"https:\/\/akasel.com\/se\/shop\/metallografisk-polering\/diamantprodukter\/aka-poly-wf-025-\u00b5m\/","og_site_name":"AKASEL A\/S","article_modified_time":"2026-01-05T16:43:00+00:00","og_image":[{"width":1501,"height":2560,"url":"https:\/\/akasel.com\/se\/wp-content\/uploads\/sites\/5\/2020\/10\/44162513.png","type":"image\/png"}],"twitter_card":"summary_large_image","twitter_misc":{"Ber\u00e4knad l\u00e4stid":"1 minut"},"schema":{"@context":"https:\/\/schema.org","@graph":[{"@type":"WebPage","@id":"https:\/\/akasel.com\/se\/shop\/metallografisk-polering\/diamantprodukter\/aka-poly-wf-025-%c2%b5m\/","url":"https:\/\/akasel.com\/se\/shop\/metallografisk-polering\/diamantprodukter\/aka-poly-wf-025-%c2%b5m\/","name":"Aka-Poly WF 0.25 \u00b5m | Vattenfri Diamantsuspension | AKASEL A\/S","isPartOf":{"@id":"https:\/\/akasel.com\/se\/#website"},"datePublished":"2020-10-29T14:07:54+00:00","dateModified":"2026-01-05T16:43:00+00:00","description":"F\u00e5 en \u00f6verl\u00e4gsen ytfinish med v\u00e5r vattenfria diamantsuspension. Perfekt f\u00f6r polering av vattensensitiva material med precision och konsekventa resultat.","breadcrumb":{"@id":"https:\/\/akasel.com\/se\/shop\/metallografisk-polering\/diamantprodukter\/aka-poly-wf-025-%c2%b5m\/#breadcrumb"},"inLanguage":"sv-SE","potentialAction":[{"@type":"ReadAction","target":["https:\/\/akasel.com\/se\/shop\/metallografisk-polering\/diamantprodukter\/aka-poly-wf-025-%c2%b5m\/"]}]},{"@type":"BreadcrumbList","@id":"https:\/\/akasel.com\/se\/shop\/metallografisk-polering\/diamantprodukter\/aka-poly-wf-025-%c2%b5m\/#breadcrumb","itemListElement":[{"@type":"ListItem","position":1,"name":"Home","item":"https:\/\/akasel.com\/se\/"},{"@type":"ListItem","position":2,"name":"Shop","item":"https:\/\/akasel.com\/se\/shop\/"},{"@type":"ListItem","position":3,"name":"Aka-Poly WF 0,25 \u00b5m"}]},{"@type":"WebSite","@id":"https:\/\/akasel.com\/se\/#website","url":"https:\/\/akasel.com\/se\/","name":"AKASEL A\/S","description":"","potentialAction":[{"@type":"SearchAction","target":{"@type":"EntryPoint","urlTemplate":"https:\/\/akasel.com\/se\/?s={search_term_string}"},"query-input":"required name=search_term_string"}],"inLanguage":"sv-SE"}]}},"_links":{"self":[{"href":"https:\/\/akasel.com\/se\/wp-json\/wp\/v3\/product\/10118"}],"collection":[{"href":"https:\/\/akasel.com\/se\/wp-json\/wp\/v3\/product"}],"about":[{"href":"https:\/\/akasel.com\/se\/wp-json\/wp\/v2\/types\/product"}],"wp:featuredmedia":[{"embeddable":true,"href":"https:\/\/akasel.com\/se\/wp-json\/wp\/v2\/media\/11644"}],"wp:attachment":[{"href":"https:\/\/akasel.com\/se\/wp-json\/wp\/v2\/media?parent=10118"}],"wp:term":[{"taxonomy":"product_cat","embeddable":true,"href":"https:\/\/akasel.com\/se\/wp-json\/wp\/v2\/product_cat?post=10118"},{"taxonomy":"product_tag","embeddable":true,"href":"https:\/\/akasel.com\/se\/wp-json\/wp\/v2\/product_tag?post=10118"}],"curies":[{"name":"wp","href":"https:\/\/api.w.org\/{rel}","templated":true}]}}