{"id":10133,"date":"2020-10-29T15:20:14","date_gmt":"2020-10-29T14:20:14","guid":{"rendered":"https:\/\/akasel.com\/p\/aka-spray-mono-1-%c2%b5m\/"},"modified":"2026-01-05T17:43:03","modified_gmt":"2026-01-05T16:43:03","slug":"aka-spray-mono-1-%c2%b5m","status":"publish","type":"product","link":"https:\/\/akasel.com\/se\/shop\/metallografisk-polering\/diamantprodukter\/aka-spray-mono-1-%c2%b5m\/","title":{"rendered":"Aka-Spray Mono 1 \u00b5m"},"content":{"rendered":"<p>Tillg\u00e4ngligt inneh\u00e5ll: 165 ml<\/p>\n<p>Farligt gods: Ytterligare avgifter kan tillkomma f\u00f6r frakt.<\/p>\n<p><a href=\"https:\/\/akasel.com\/wp-content\/uploads\/2024\/11\/sds-aka-spray-monopoly-se-v10.pdf\">SDS Aka-Spray (SE)<\/a><\/p>\n<p>&nbsp;<\/p>\n","protected":false},"excerpt":{"rendered":"<p>Monokristallin diamantspray f\u00f6r metallografisk provberedning.<\/p>\n<p>Aka-Spray Mono l\u00e4mnar ett fritt skurande lager av diamanter som ger h\u00f6g avverkningshastighet.<\/p>\n<p>Diamantkoncentration p\u00e5 26,5 ct\/l<br \/>\n100% monokristallina diamanter<br \/>\nMedian (50%) 1 \u00b5m<br \/>\nTolerans 0,95 &#8211; 1,05 \u00b5m<br \/>\n\u00d6vre gr\u00e4ns (99%) 1,7 \u00b5m<\/p>\n<p>Skaka f\u00f6re anv\u00e4ndning, denna produkt \u00e4r inte stabil.<\/p>\n","protected":false},"featured_media":11670,"template":"","meta":[],"product_cat":[344,320,326,337],"product_tag":[],"class_list":["post-10133","product","type-product","status-publish","has-post-thumbnail","hentry","product_cat-metallografisk-polering","product_cat-diamantprodukter","product_cat-andra-diamantprodukter","product_cat-diamantspray"],"yoast_head":"<!-- This site is optimized with the Yoast SEO plugin v21.7 - https:\/\/yoast.com\/wordpress\/plugins\/seo\/ -->\n<title>Aka-Spray Mono 1 \u00b5m | Diamantspray f\u00f6r Metallografi | Akasel A\/S<\/title>\n<meta name=\"description\" content=\"F\u00e5 precis polering med v\u00e5r 1 \u00b5m diamantspray, som l\u00e4mnar ett frislipande lager f\u00f6r h\u00f6g avverkningsgrad och exakta ytor vid metallografiska f\u00f6rberedelser.\" \/>\n<meta name=\"robots\" content=\"index, follow, max-snippet:-1, max-image-preview:large, max-video-preview:-1\" \/>\n<link rel=\"canonical\" href=\"https:\/\/akasel.com\/se\/shop\/metallografisk-polering\/diamantprodukter\/aka-spray-mono-1-\u00b5m\/\" \/>\n<meta property=\"og:locale\" content=\"sv_SE\" \/>\n<meta property=\"og:type\" content=\"article\" \/>\n<meta property=\"og:title\" content=\"Aka-Spray Mono 1 \u00b5m | Diamantspray f\u00f6r Metallografi | Akasel A\/S\" \/>\n<meta property=\"og:description\" content=\"F\u00e5 precis polering med v\u00e5r 1 \u00b5m diamantspray, som l\u00e4mnar ett frislipande lager f\u00f6r h\u00f6g avverkningsgrad och exakta ytor vid metallografiska f\u00f6rberedelser.\" \/>\n<meta property=\"og:url\" content=\"https:\/\/akasel.com\/se\/shop\/metallografisk-polering\/diamantprodukter\/aka-spray-mono-1-\u00b5m\/\" \/>\n<meta property=\"og:site_name\" content=\"AKASEL A\/S\" \/>\n<meta property=\"article:modified_time\" content=\"2026-01-05T16:43:03+00:00\" \/>\n<meta property=\"og:image\" content=\"https:\/\/akasel.com\/se\/wp-content\/uploads\/sites\/5\/2020\/10\/45014011.png\" \/>\n\t<meta property=\"og:image:width\" content=\"666\" \/>\n\t<meta property=\"og:image:height\" content=\"2560\" \/>\n\t<meta property=\"og:image:type\" content=\"image\/png\" \/>\n<meta name=\"twitter:card\" content=\"summary_large_image\" \/>\n<meta name=\"twitter:label1\" content=\"Ber\u00e4knad l\u00e4stid\" \/>\n\t<meta name=\"twitter:data1\" content=\"1 minut\" \/>\n<!-- \/ Yoast SEO plugin. -->","yoast_head_json":{"title":"Aka-Spray Mono 1 \u00b5m | Diamantspray f\u00f6r Metallografi | Akasel A\/S","description":"F\u00e5 precis polering med v\u00e5r 1 \u00b5m diamantspray, som l\u00e4mnar ett frislipande lager f\u00f6r h\u00f6g avverkningsgrad och exakta ytor vid metallografiska f\u00f6rberedelser.","robots":{"index":"index","follow":"follow","max-snippet":"max-snippet:-1","max-image-preview":"max-image-preview:large","max-video-preview":"max-video-preview:-1"},"canonical":"https:\/\/akasel.com\/se\/shop\/metallografisk-polering\/diamantprodukter\/aka-spray-mono-1-\u00b5m\/","og_locale":"sv_SE","og_type":"article","og_title":"Aka-Spray Mono 1 \u00b5m | Diamantspray f\u00f6r Metallografi | Akasel A\/S","og_description":"F\u00e5 precis polering med v\u00e5r 1 \u00b5m diamantspray, som l\u00e4mnar ett frislipande lager f\u00f6r h\u00f6g avverkningsgrad och exakta ytor vid metallografiska f\u00f6rberedelser.","og_url":"https:\/\/akasel.com\/se\/shop\/metallografisk-polering\/diamantprodukter\/aka-spray-mono-1-\u00b5m\/","og_site_name":"AKASEL A\/S","article_modified_time":"2026-01-05T16:43:03+00:00","og_image":[{"width":666,"height":2560,"url":"https:\/\/akasel.com\/se\/wp-content\/uploads\/sites\/5\/2020\/10\/45014011.png","type":"image\/png"}],"twitter_card":"summary_large_image","twitter_misc":{"Ber\u00e4knad l\u00e4stid":"1 minut"},"schema":{"@context":"https:\/\/schema.org","@graph":[{"@type":"WebPage","@id":"https:\/\/akasel.com\/se\/shop\/metallografisk-polering\/diamantprodukter\/aka-spray-mono-1-%c2%b5m\/","url":"https:\/\/akasel.com\/se\/shop\/metallografisk-polering\/diamantprodukter\/aka-spray-mono-1-%c2%b5m\/","name":"Aka-Spray Mono 1 \u00b5m | Diamantspray f\u00f6r Metallografi | Akasel A\/S","isPartOf":{"@id":"https:\/\/akasel.com\/se\/#website"},"datePublished":"2020-10-29T14:20:14+00:00","dateModified":"2026-01-05T16:43:03+00:00","description":"F\u00e5 precis polering med v\u00e5r 1 \u00b5m diamantspray, som l\u00e4mnar ett frislipande lager f\u00f6r h\u00f6g avverkningsgrad och exakta ytor vid metallografiska f\u00f6rberedelser.","breadcrumb":{"@id":"https:\/\/akasel.com\/se\/shop\/metallografisk-polering\/diamantprodukter\/aka-spray-mono-1-%c2%b5m\/#breadcrumb"},"inLanguage":"sv-SE","potentialAction":[{"@type":"ReadAction","target":["https:\/\/akasel.com\/se\/shop\/metallografisk-polering\/diamantprodukter\/aka-spray-mono-1-%c2%b5m\/"]}]},{"@type":"BreadcrumbList","@id":"https:\/\/akasel.com\/se\/shop\/metallografisk-polering\/diamantprodukter\/aka-spray-mono-1-%c2%b5m\/#breadcrumb","itemListElement":[{"@type":"ListItem","position":1,"name":"Home","item":"https:\/\/akasel.com\/se\/"},{"@type":"ListItem","position":2,"name":"Shop","item":"https:\/\/akasel.com\/se\/shop\/"},{"@type":"ListItem","position":3,"name":"Aka-Spray Mono 1 \u00b5m"}]},{"@type":"WebSite","@id":"https:\/\/akasel.com\/se\/#website","url":"https:\/\/akasel.com\/se\/","name":"AKASEL A\/S","description":"","potentialAction":[{"@type":"SearchAction","target":{"@type":"EntryPoint","urlTemplate":"https:\/\/akasel.com\/se\/?s={search_term_string}"},"query-input":"required name=search_term_string"}],"inLanguage":"sv-SE"}]}},"_links":{"self":[{"href":"https:\/\/akasel.com\/se\/wp-json\/wp\/v3\/product\/10133"}],"collection":[{"href":"https:\/\/akasel.com\/se\/wp-json\/wp\/v3\/product"}],"about":[{"href":"https:\/\/akasel.com\/se\/wp-json\/wp\/v2\/types\/product"}],"wp:featuredmedia":[{"embeddable":true,"href":"https:\/\/akasel.com\/se\/wp-json\/wp\/v2\/media\/11670"}],"wp:attachment":[{"href":"https:\/\/akasel.com\/se\/wp-json\/wp\/v2\/media?parent=10133"}],"wp:term":[{"taxonomy":"product_cat","embeddable":true,"href":"https:\/\/akasel.com\/se\/wp-json\/wp\/v2\/product_cat?post=10133"},{"taxonomy":"product_tag","embeddable":true,"href":"https:\/\/akasel.com\/se\/wp-json\/wp\/v2\/product_tag?post=10133"}],"curies":[{"name":"wp","href":"https:\/\/api.w.org\/{rel}","templated":true}]}}