{"id":10169,"date":"2020-10-29T15:57:47","date_gmt":"2020-10-29T14:57:47","guid":{"rendered":"https:\/\/akasel.com\/p\/aka-ramda\/"},"modified":"2026-01-05T17:41:34","modified_gmt":"2026-01-05T16:41:34","slug":"aka-ramda","status":"publish","type":"product","link":"https:\/\/akasel.com\/se\/shop\/metallografisk-polering\/polerdukar\/aka-ramda\/","title":{"rendered":"Aka-Ramda"},"content":{"rendered":"<p>Tillg\u00e4nglig storlek: 32 mm, 200 mm, 250 mm, 300 mm, 350 mm<\/p>\n<p>Tillg\u00e4ngligt inneh\u00e5ll: 5 st. (32 mm = 25 st.)<\/p>\n<p><a href=\"https:\/\/akasel.com\/wp-content\/uploads\/2024\/07\/4500uk.pdf\">PDS Sj\u00e4lvh\u00e4ftande Polerdukar (EN)<\/a><\/p>\n<p><a href=\"https:\/\/akasel.com\/wp-content\/uploads\/2023\/01\/manual-psa-polishing-cloth-ukde-a5.pdf\">Sj\u00e4lvh\u00e4ftande Polerdukar Anv\u00e4ndarhandb\u00f6cker (EN)<\/a><\/p>\n<p><a href=\"https:\/\/akasel.com\/wp-content\/uploads\/2024\/06\/polishing-cloth-product-brochure.pdf\">Polerdukar Produktbroschyrer (EN)<\/a><\/p>\n<p>&nbsp;<\/p>\n","protected":false},"excerpt":{"rendered":"<p>Sj\u00e4lvh\u00e4ftande PSA-backad polerduk f\u00f6r metallografisk polering.<\/p>\n<p>F\u00f6r polering av alla material.<\/p>\n<p>Ramda \u00e4r en h\u00e5rd, v\u00e4vd acetatduk f\u00f6r diamantpolering fr\u00e5n 3 &#8211; 1 \u00b5m.<\/p>\n<p>H\u00e5rdare polerduk med tunnare textil \u00e4n <a href=\"https:\/\/akasel.com\/se\/shop\/metallografisk-polering\/polerdukar\/aka-daran\/\">Daran<\/a>, vilket ger b\u00e4sta m\u00f6jliga kanth\u00e5llning.<\/p>\n<p>Anv\u00e4nd medelh\u00f6ga till h\u00f6ga krafter; 15 &#8211; 35 N p\u00e5 ett 30 mm prov.<\/p>\n","protected":false},"featured_media":11561,"template":"","meta":[],"product_cat":[344,303,327],"product_tag":[],"class_list":["post-10169","product","type-product","status-publish","has-post-thumbnail","hentry","product_cat-metallografisk-polering","product_cat-polerdukar","product_cat-sjalvhaftande"],"yoast_head":"<!-- This site is optimized with the Yoast SEO plugin v21.7 - https:\/\/yoast.com\/wordpress\/plugins\/seo\/ -->\n<title>Mag-Ramda | Magnetisk V\u00e4vnad av Acetat f\u00f6r Polering | Akasel A\/S<\/title>\n<meta name=\"description\" content=\"Utforska Mag-Ramda, en magnetisk v\u00e4vnad av acetat f\u00f6r polering av alla material. Ger b\u00e4sta m\u00f6jliga kanth\u00e5llning och planhet.\" \/>\n<meta name=\"robots\" content=\"index, follow, max-snippet:-1, max-image-preview:large, max-video-preview:-1\" \/>\n<link rel=\"canonical\" href=\"https:\/\/akasel.com\/se\/shop\/metallografisk-polering\/polerdukar\/aka-ramda\/\" \/>\n<meta property=\"og:locale\" content=\"sv_SE\" \/>\n<meta property=\"og:type\" content=\"article\" \/>\n<meta property=\"og:title\" content=\"Mag-Ramda | Magnetisk V\u00e4vnad av Acetat f\u00f6r Polering | Akasel A\/S\" \/>\n<meta property=\"og:description\" content=\"Utforska Mag-Ramda, en magnetisk v\u00e4vnad av acetat f\u00f6r polering av alla material. Ger b\u00e4sta m\u00f6jliga kanth\u00e5llning och planhet.\" \/>\n<meta property=\"og:url\" content=\"https:\/\/akasel.com\/se\/shop\/metallografisk-polering\/polerdukar\/aka-ramda\/\" \/>\n<meta property=\"og:site_name\" content=\"AKASEL A\/S\" \/>\n<meta property=\"article:modified_time\" content=\"2026-01-05T16:41:34+00:00\" \/>\n<meta property=\"og:image\" content=\"https:\/\/akasel.com\/se\/wp-content\/uploads\/sites\/5\/2020\/10\/aka-ramda-768x734.png\" \/>\n\t<meta property=\"og:image:width\" content=\"768\" \/>\n\t<meta property=\"og:image:height\" content=\"734\" \/>\n\t<meta property=\"og:image:type\" content=\"image\/png\" \/>\n<meta name=\"twitter:card\" content=\"summary_large_image\" \/>\n<meta name=\"twitter:label1\" content=\"Ber\u00e4knad l\u00e4stid\" \/>\n\t<meta name=\"twitter:data1\" content=\"1 minut\" \/>\n<!-- \/ Yoast SEO plugin. -->","yoast_head_json":{"title":"Mag-Ramda | Magnetisk V\u00e4vnad av Acetat f\u00f6r Polering | Akasel A\/S","description":"Utforska Mag-Ramda, en magnetisk v\u00e4vnad av acetat f\u00f6r polering av alla material. Ger b\u00e4sta m\u00f6jliga kanth\u00e5llning och planhet.","robots":{"index":"index","follow":"follow","max-snippet":"max-snippet:-1","max-image-preview":"max-image-preview:large","max-video-preview":"max-video-preview:-1"},"canonical":"https:\/\/akasel.com\/se\/shop\/metallografisk-polering\/polerdukar\/aka-ramda\/","og_locale":"sv_SE","og_type":"article","og_title":"Mag-Ramda | Magnetisk V\u00e4vnad av Acetat f\u00f6r Polering | Akasel A\/S","og_description":"Utforska Mag-Ramda, en magnetisk v\u00e4vnad av acetat f\u00f6r polering av alla material. Ger b\u00e4sta m\u00f6jliga kanth\u00e5llning och planhet.","og_url":"https:\/\/akasel.com\/se\/shop\/metallografisk-polering\/polerdukar\/aka-ramda\/","og_site_name":"AKASEL A\/S","article_modified_time":"2026-01-05T16:41:34+00:00","og_image":[{"width":768,"height":734,"url":"https:\/\/akasel.com\/se\/wp-content\/uploads\/sites\/5\/2020\/10\/aka-ramda-768x734.png","type":"image\/png"}],"twitter_card":"summary_large_image","twitter_misc":{"Ber\u00e4knad l\u00e4stid":"1 minut"},"schema":{"@context":"https:\/\/schema.org","@graph":[{"@type":"WebPage","@id":"https:\/\/akasel.com\/se\/shop\/metallografisk-polering\/polerdukar\/aka-ramda\/","url":"https:\/\/akasel.com\/se\/shop\/metallografisk-polering\/polerdukar\/aka-ramda\/","name":"Mag-Ramda | Magnetisk V\u00e4vnad av Acetat f\u00f6r Polering | Akasel A\/S","isPartOf":{"@id":"https:\/\/akasel.com\/se\/#website"},"datePublished":"2020-10-29T14:57:47+00:00","dateModified":"2026-01-05T16:41:34+00:00","description":"Utforska Mag-Ramda, en magnetisk v\u00e4vnad av acetat f\u00f6r polering av alla material. Ger b\u00e4sta m\u00f6jliga kanth\u00e5llning och planhet.","breadcrumb":{"@id":"https:\/\/akasel.com\/se\/shop\/metallografisk-polering\/polerdukar\/aka-ramda\/#breadcrumb"},"inLanguage":"sv-SE","potentialAction":[{"@type":"ReadAction","target":["https:\/\/akasel.com\/se\/shop\/metallografisk-polering\/polerdukar\/aka-ramda\/"]}]},{"@type":"BreadcrumbList","@id":"https:\/\/akasel.com\/se\/shop\/metallografisk-polering\/polerdukar\/aka-ramda\/#breadcrumb","itemListElement":[{"@type":"ListItem","position":1,"name":"Home","item":"https:\/\/akasel.com\/se\/"},{"@type":"ListItem","position":2,"name":"Shop","item":"https:\/\/akasel.com\/se\/shop\/"},{"@type":"ListItem","position":3,"name":"Aka-Ramda"}]},{"@type":"WebSite","@id":"https:\/\/akasel.com\/se\/#website","url":"https:\/\/akasel.com\/se\/","name":"AKASEL A\/S","description":"","potentialAction":[{"@type":"SearchAction","target":{"@type":"EntryPoint","urlTemplate":"https:\/\/akasel.com\/se\/?s={search_term_string}"},"query-input":"required name=search_term_string"}],"inLanguage":"sv-SE"}]}},"_links":{"self":[{"href":"https:\/\/akasel.com\/se\/wp-json\/wp\/v3\/product\/10169"}],"collection":[{"href":"https:\/\/akasel.com\/se\/wp-json\/wp\/v3\/product"}],"about":[{"href":"https:\/\/akasel.com\/se\/wp-json\/wp\/v2\/types\/product"}],"wp:featuredmedia":[{"embeddable":true,"href":"https:\/\/akasel.com\/se\/wp-json\/wp\/v2\/media\/11561"}],"wp:attachment":[{"href":"https:\/\/akasel.com\/se\/wp-json\/wp\/v2\/media?parent=10169"}],"wp:term":[{"taxonomy":"product_cat","embeddable":true,"href":"https:\/\/akasel.com\/se\/wp-json\/wp\/v2\/product_cat?post=10169"},{"taxonomy":"product_tag","embeddable":true,"href":"https:\/\/akasel.com\/se\/wp-json\/wp\/v2\/product_tag?post=10169"}],"curies":[{"name":"wp","href":"https:\/\/api.w.org\/{rel}","templated":true}]}}