{"id":10179,"date":"2020-10-29T16:04:54","date_gmt":"2020-10-29T15:04:54","guid":{"rendered":"https:\/\/akasel.com\/p\/aka-stick-poly-1-%c2%b5m\/"},"modified":"2026-01-05T17:43:08","modified_gmt":"2026-01-05T16:43:08","slug":"aka-stick-poly-1-%c2%b5m","status":"publish","type":"product","link":"https:\/\/akasel.com\/se\/shop\/metallografisk-polering\/diamantprodukter\/aka-stick-poly-1-%c2%b5m\/","title":{"rendered":"Aka-Stick Poly 1 \u00b5m"},"content":{"rendered":"<p>Tillg\u00e4ngligt inneh\u00e5ll: 20 ml<\/p>\n<p><a href=\"https:\/\/akasel.com\/wp-content\/uploads\/2024\/11\/sds-aka-paste-aka-stick-mono-poly-se-v20.pdf\">SDS Aka-Stick (SE)<\/a><\/p>\n<p><a href=\"https:\/\/akasel.com\/wp-content\/uploads\/2020\/11\/0072-manual-stick_ukde_a5_er.pdf\">Aka-Stick User Guide<\/a><\/p>\n<p><video width=\"1280\" height=\"720\"  \ncontrols \n       preload=\"metadata\" \n       poster=\"https:\/\/akasel.com\/wp-content\/uploads\/2024\/09\/applying-of-aka-stick-e1727164385580.png\"><source src=\"https:\/\/akasel.com\/wp-content\/uploads\/2020\/10\/applying-of-aka-stick.mp4\" type=\"video\/mp4\">Your browser does not support video playback.<\/video><\/p>\n<p>&nbsp;<\/p>\n","protected":false},"excerpt":{"rendered":"<p>Polykristallin diamantstav f\u00f6r metallografisk provberedning.<\/p>\n<p>Aka-Stick Poly \u00e4r det optimala valet f\u00f6r att grunda din nya <a href=\"https:\/\/akasel.com\/se\/category\/metallografisk-polering\/polerdukar\/\">polerduk<\/a> och f\u00f6r manuell preparering. Den ger en j\u00e4mn, icke-excessiv f\u00f6rdelning av diamanterna.<\/p>\n<p>Diamantkoncentration p\u00e5 250 ct\/l<br \/>\n100% polykristallina diamanter<br \/>\nMedian (50%) 1 \u00b5m<br \/>\nTolerans 0,95 &#8211; 1,05 \u00b5m<br \/>\n\u00d6vre gr\u00e4ns (99%) 1,7 \u00b5m<\/p>\n","protected":false},"featured_media":11650,"template":"","meta":[],"product_cat":[344,320,326,304],"product_tag":[],"class_list":["post-10179","product","type-product","status-publish","has-post-thumbnail","hentry","product_cat-metallografisk-polering","product_cat-diamantprodukter","product_cat-andra-diamantprodukter","product_cat-diamantstav"],"yoast_head":"<!-- This site is optimized with the Yoast SEO plugin v21.7 - https:\/\/yoast.com\/wordpress\/plugins\/seo\/ -->\n<title>Aka-Stick Poly 1 \u00b5m | Diamantstav f\u00f6r Metallografi | AKASEL A\/S<\/title>\n<meta name=\"description\" content=\"Optimal f\u00f6r primning av polerdukar och manuell f\u00f6rberedelse. S\u00e4kerst\u00e4ller j\u00e4mn diamantf\u00f6rdelning f\u00f6r konsekventa och effektiva poleringsresultat.\" \/>\n<meta name=\"robots\" content=\"index, follow, max-snippet:-1, max-image-preview:large, max-video-preview:-1\" \/>\n<link rel=\"canonical\" href=\"https:\/\/akasel.com\/se\/shop\/metallografisk-polering\/diamantprodukter\/aka-stick-poly-1-\u00b5m\/\" \/>\n<meta property=\"og:locale\" content=\"sv_SE\" \/>\n<meta property=\"og:type\" content=\"article\" \/>\n<meta property=\"og:title\" content=\"Aka-Stick Poly 1 \u00b5m | Diamantstav f\u00f6r Metallografi | AKASEL A\/S\" \/>\n<meta property=\"og:description\" content=\"Optimal f\u00f6r primning av polerdukar och manuell f\u00f6rberedelse. S\u00e4kerst\u00e4ller j\u00e4mn diamantf\u00f6rdelning f\u00f6r konsekventa och effektiva poleringsresultat.\" \/>\n<meta property=\"og:url\" content=\"https:\/\/akasel.com\/se\/shop\/metallografisk-polering\/diamantprodukter\/aka-stick-poly-1-\u00b5m\/\" \/>\n<meta property=\"og:site_name\" content=\"AKASEL A\/S\" \/>\n<meta property=\"article:modified_time\" content=\"2026-01-05T16:43:08+00:00\" \/>\n<meta property=\"og:image\" content=\"https:\/\/akasel.com\/se\/wp-content\/uploads\/sites\/5\/2020\/10\/46024012.png\" \/>\n\t<meta property=\"og:image:width\" content=\"818\" \/>\n\t<meta property=\"og:image:height\" content=\"2559\" \/>\n\t<meta property=\"og:image:type\" content=\"image\/png\" \/>\n<meta name=\"twitter:card\" content=\"summary_large_image\" \/>\n<meta name=\"twitter:label1\" content=\"Ber\u00e4knad l\u00e4stid\" \/>\n\t<meta name=\"twitter:data1\" content=\"1 minut\" \/>\n<!-- \/ Yoast SEO plugin. -->","yoast_head_json":{"title":"Aka-Stick Poly 1 \u00b5m | Diamantstav f\u00f6r Metallografi | AKASEL A\/S","description":"Optimal f\u00f6r primning av polerdukar och manuell f\u00f6rberedelse. S\u00e4kerst\u00e4ller j\u00e4mn diamantf\u00f6rdelning f\u00f6r konsekventa och effektiva poleringsresultat.","robots":{"index":"index","follow":"follow","max-snippet":"max-snippet:-1","max-image-preview":"max-image-preview:large","max-video-preview":"max-video-preview:-1"},"canonical":"https:\/\/akasel.com\/se\/shop\/metallografisk-polering\/diamantprodukter\/aka-stick-poly-1-\u00b5m\/","og_locale":"sv_SE","og_type":"article","og_title":"Aka-Stick Poly 1 \u00b5m | Diamantstav f\u00f6r Metallografi | AKASEL A\/S","og_description":"Optimal f\u00f6r primning av polerdukar och manuell f\u00f6rberedelse. S\u00e4kerst\u00e4ller j\u00e4mn diamantf\u00f6rdelning f\u00f6r konsekventa och effektiva poleringsresultat.","og_url":"https:\/\/akasel.com\/se\/shop\/metallografisk-polering\/diamantprodukter\/aka-stick-poly-1-\u00b5m\/","og_site_name":"AKASEL A\/S","article_modified_time":"2026-01-05T16:43:08+00:00","og_image":[{"width":818,"height":2559,"url":"https:\/\/akasel.com\/se\/wp-content\/uploads\/sites\/5\/2020\/10\/46024012.png","type":"image\/png"}],"twitter_card":"summary_large_image","twitter_misc":{"Ber\u00e4knad l\u00e4stid":"1 minut"},"schema":{"@context":"https:\/\/schema.org","@graph":[{"@type":"WebPage","@id":"https:\/\/akasel.com\/se\/shop\/metallografisk-polering\/diamantprodukter\/aka-stick-poly-1-%c2%b5m\/","url":"https:\/\/akasel.com\/se\/shop\/metallografisk-polering\/diamantprodukter\/aka-stick-poly-1-%c2%b5m\/","name":"Aka-Stick Poly 1 \u00b5m | Diamantstav f\u00f6r Metallografi | AKASEL A\/S","isPartOf":{"@id":"https:\/\/akasel.com\/se\/#website"},"datePublished":"2020-10-29T15:04:54+00:00","dateModified":"2026-01-05T16:43:08+00:00","description":"Optimal f\u00f6r primning av polerdukar och manuell f\u00f6rberedelse. S\u00e4kerst\u00e4ller j\u00e4mn diamantf\u00f6rdelning f\u00f6r konsekventa och effektiva poleringsresultat.","breadcrumb":{"@id":"https:\/\/akasel.com\/se\/shop\/metallografisk-polering\/diamantprodukter\/aka-stick-poly-1-%c2%b5m\/#breadcrumb"},"inLanguage":"sv-SE","potentialAction":[{"@type":"ReadAction","target":["https:\/\/akasel.com\/se\/shop\/metallografisk-polering\/diamantprodukter\/aka-stick-poly-1-%c2%b5m\/"]}]},{"@type":"BreadcrumbList","@id":"https:\/\/akasel.com\/se\/shop\/metallografisk-polering\/diamantprodukter\/aka-stick-poly-1-%c2%b5m\/#breadcrumb","itemListElement":[{"@type":"ListItem","position":1,"name":"Home","item":"https:\/\/akasel.com\/se\/"},{"@type":"ListItem","position":2,"name":"Shop","item":"https:\/\/akasel.com\/se\/shop\/"},{"@type":"ListItem","position":3,"name":"Aka-Stick Poly 1 \u00b5m"}]},{"@type":"WebSite","@id":"https:\/\/akasel.com\/se\/#website","url":"https:\/\/akasel.com\/se\/","name":"AKASEL A\/S","description":"","potentialAction":[{"@type":"SearchAction","target":{"@type":"EntryPoint","urlTemplate":"https:\/\/akasel.com\/se\/?s={search_term_string}"},"query-input":"required name=search_term_string"}],"inLanguage":"sv-SE"}]}},"_links":{"self":[{"href":"https:\/\/akasel.com\/se\/wp-json\/wp\/v3\/product\/10179"}],"collection":[{"href":"https:\/\/akasel.com\/se\/wp-json\/wp\/v3\/product"}],"about":[{"href":"https:\/\/akasel.com\/se\/wp-json\/wp\/v2\/types\/product"}],"wp:featuredmedia":[{"embeddable":true,"href":"https:\/\/akasel.com\/se\/wp-json\/wp\/v2\/media\/11650"}],"wp:attachment":[{"href":"https:\/\/akasel.com\/se\/wp-json\/wp\/v2\/media?parent=10179"}],"wp:term":[{"taxonomy":"product_cat","embeddable":true,"href":"https:\/\/akasel.com\/se\/wp-json\/wp\/v2\/product_cat?post=10179"},{"taxonomy":"product_tag","embeddable":true,"href":"https:\/\/akasel.com\/se\/wp-json\/wp\/v2\/product_tag?post=10179"}],"curies":[{"name":"wp","href":"https:\/\/api.w.org\/{rel}","templated":true}]}}