{"id":10209,"date":"2020-10-29T16:23:04","date_gmt":"2020-10-29T15:23:04","guid":{"rendered":"https:\/\/akasel.com\/p\/aka-paste-poly-9-%c2%b5m\/"},"modified":"2026-01-05T17:43:13","modified_gmt":"2026-01-05T16:43:13","slug":"aka-paste-poly-9-%c2%b5m","status":"publish","type":"product","link":"https:\/\/akasel.com\/se\/shop\/metallografisk-polering\/diamantprodukter\/aka-paste-poly-9-%c2%b5m\/","title":{"rendered":"Aka-Paste Poly 9 \u00b5m"},"content":{"rendered":"<p>Tillg\u00e4ngligt inneh\u00e5ll: 10 ml<\/p>\n<p><a href=\"https:\/\/akasel.com\/wp-content\/uploads\/2024\/11\/sds-aka-paste-aka-stick-mono-poly-se-v20.pdf\">SDS Aka-Paste (SE)<\/a><\/p>\n<p><a href=\"https:\/\/akasel.com\/wp-content\/uploads\/2020\/11\/0071-manual-paste_ukde_a5_er.pdf\">Aka-Paste User Guides (EN)<\/a><\/p>\n<p>&nbsp;<\/p>\n","protected":false},"excerpt":{"rendered":"<p>Polykristallin diamantpasta f\u00f6r metallografisk provberedning.<\/p>\n<p>Aka-Paste Poly rekommenderas f\u00f6r manuell polering och grundning av nya <a href=\"https:\/\/akasel.com\/se\/category\/metallografisk-polering\/polerdukar\/\">polerdukar<\/a>.<\/p>\n<p>Diamantkoncentration p\u00e5 500 ct\/l<br \/>\n100% polykristallina diamanter<br \/>\nMedian (50%) 9,6 \u00b5m<br \/>\nTolerans 9,12 &#8211; 10,08 \u00b5m<br \/>\n\u00d6vre gr\u00e4ns (99%) 12,9 \u00b5m<\/p>\n<p>F\u00f6rvaras under 40 \u00b0C.<\/p>\n","protected":false},"featured_media":11658,"template":"","meta":[],"product_cat":[344,320,326,321],"product_tag":[],"class_list":["post-10209","product","type-product","status-publish","has-post-thumbnail","hentry","product_cat-metallografisk-polering","product_cat-diamantprodukter","product_cat-andra-diamantprodukter","product_cat-diamantpasta"],"yoast_head":"<!-- This site is optimized with the Yoast SEO plugin v21.7 - https:\/\/yoast.com\/wordpress\/plugins\/seo\/ -->\n<title>Aka-Paste Poly 9 \u00b5m | Diamantpasta f\u00f6r Metallografi | AKASEL A\/S<\/title>\n<meta name=\"description\" content=\"F\u00f6rb\u00e4ttra poleringsprocessen med v\u00e5r 9 \u00b5m diamantpasta, perfekt f\u00f6r manuell polering och f\u00f6r att grunda nya polerdukar med h\u00f6g precision.\" \/>\n<meta name=\"robots\" content=\"index, follow, max-snippet:-1, max-image-preview:large, max-video-preview:-1\" \/>\n<link rel=\"canonical\" href=\"https:\/\/akasel.com\/se\/shop\/metallografisk-polering\/diamantprodukter\/aka-paste-poly-9-\u00b5m\/\" \/>\n<meta property=\"og:locale\" content=\"sv_SE\" \/>\n<meta property=\"og:type\" content=\"article\" \/>\n<meta property=\"og:title\" content=\"Aka-Paste Poly 9 \u00b5m | Diamantpasta f\u00f6r Metallografi | AKASEL A\/S\" \/>\n<meta property=\"og:description\" content=\"F\u00f6rb\u00e4ttra poleringsprocessen med v\u00e5r 9 \u00b5m diamantpasta, perfekt f\u00f6r manuell polering och f\u00f6r att grunda nya polerdukar med h\u00f6g precision.\" \/>\n<meta property=\"og:url\" content=\"https:\/\/akasel.com\/se\/shop\/metallografisk-polering\/diamantprodukter\/aka-paste-poly-9-\u00b5m\/\" \/>\n<meta property=\"og:site_name\" content=\"AKASEL A\/S\" \/>\n<meta property=\"article:modified_time\" content=\"2026-01-05T16:43:13+00:00\" \/>\n<meta property=\"og:image\" content=\"https:\/\/akasel.com\/se\/wp-content\/uploads\/sites\/5\/2020\/10\/47027011-1920x1239.png\" \/>\n\t<meta property=\"og:image:width\" content=\"1920\" \/>\n\t<meta property=\"og:image:height\" content=\"1239\" \/>\n\t<meta property=\"og:image:type\" content=\"image\/png\" \/>\n<meta name=\"twitter:card\" content=\"summary_large_image\" \/>\n<meta name=\"twitter:label1\" content=\"Ber\u00e4knad l\u00e4stid\" \/>\n\t<meta name=\"twitter:data1\" content=\"1 minut\" \/>\n<!-- \/ Yoast SEO plugin. -->","yoast_head_json":{"title":"Aka-Paste Poly 9 \u00b5m | Diamantpasta f\u00f6r Metallografi | AKASEL A\/S","description":"F\u00f6rb\u00e4ttra poleringsprocessen med v\u00e5r 9 \u00b5m diamantpasta, perfekt f\u00f6r manuell polering och f\u00f6r att grunda nya polerdukar med h\u00f6g precision.","robots":{"index":"index","follow":"follow","max-snippet":"max-snippet:-1","max-image-preview":"max-image-preview:large","max-video-preview":"max-video-preview:-1"},"canonical":"https:\/\/akasel.com\/se\/shop\/metallografisk-polering\/diamantprodukter\/aka-paste-poly-9-\u00b5m\/","og_locale":"sv_SE","og_type":"article","og_title":"Aka-Paste Poly 9 \u00b5m | Diamantpasta f\u00f6r Metallografi | AKASEL A\/S","og_description":"F\u00f6rb\u00e4ttra poleringsprocessen med v\u00e5r 9 \u00b5m diamantpasta, perfekt f\u00f6r manuell polering och f\u00f6r att grunda nya polerdukar med h\u00f6g precision.","og_url":"https:\/\/akasel.com\/se\/shop\/metallografisk-polering\/diamantprodukter\/aka-paste-poly-9-\u00b5m\/","og_site_name":"AKASEL A\/S","article_modified_time":"2026-01-05T16:43:13+00:00","og_image":[{"width":1920,"height":1239,"url":"https:\/\/akasel.com\/se\/wp-content\/uploads\/sites\/5\/2020\/10\/47027011-1920x1239.png","type":"image\/png"}],"twitter_card":"summary_large_image","twitter_misc":{"Ber\u00e4knad l\u00e4stid":"1 minut"},"schema":{"@context":"https:\/\/schema.org","@graph":[{"@type":"WebPage","@id":"https:\/\/akasel.com\/se\/shop\/metallografisk-polering\/diamantprodukter\/aka-paste-poly-9-%c2%b5m\/","url":"https:\/\/akasel.com\/se\/shop\/metallografisk-polering\/diamantprodukter\/aka-paste-poly-9-%c2%b5m\/","name":"Aka-Paste Poly 9 \u00b5m | Diamantpasta f\u00f6r Metallografi | AKASEL A\/S","isPartOf":{"@id":"https:\/\/akasel.com\/se\/#website"},"datePublished":"2020-10-29T15:23:04+00:00","dateModified":"2026-01-05T16:43:13+00:00","description":"F\u00f6rb\u00e4ttra poleringsprocessen med v\u00e5r 9 \u00b5m diamantpasta, perfekt f\u00f6r manuell polering och f\u00f6r att grunda nya polerdukar med h\u00f6g precision.","breadcrumb":{"@id":"https:\/\/akasel.com\/se\/shop\/metallografisk-polering\/diamantprodukter\/aka-paste-poly-9-%c2%b5m\/#breadcrumb"},"inLanguage":"sv-SE","potentialAction":[{"@type":"ReadAction","target":["https:\/\/akasel.com\/se\/shop\/metallografisk-polering\/diamantprodukter\/aka-paste-poly-9-%c2%b5m\/"]}]},{"@type":"BreadcrumbList","@id":"https:\/\/akasel.com\/se\/shop\/metallografisk-polering\/diamantprodukter\/aka-paste-poly-9-%c2%b5m\/#breadcrumb","itemListElement":[{"@type":"ListItem","position":1,"name":"Home","item":"https:\/\/akasel.com\/se\/"},{"@type":"ListItem","position":2,"name":"Shop","item":"https:\/\/akasel.com\/se\/shop\/"},{"@type":"ListItem","position":3,"name":"Aka-Paste Poly 9 \u00b5m"}]},{"@type":"WebSite","@id":"https:\/\/akasel.com\/se\/#website","url":"https:\/\/akasel.com\/se\/","name":"AKASEL A\/S","description":"","potentialAction":[{"@type":"SearchAction","target":{"@type":"EntryPoint","urlTemplate":"https:\/\/akasel.com\/se\/?s={search_term_string}"},"query-input":"required name=search_term_string"}],"inLanguage":"sv-SE"}]}},"_links":{"self":[{"href":"https:\/\/akasel.com\/se\/wp-json\/wp\/v3\/product\/10209"}],"collection":[{"href":"https:\/\/akasel.com\/se\/wp-json\/wp\/v3\/product"}],"about":[{"href":"https:\/\/akasel.com\/se\/wp-json\/wp\/v2\/types\/product"}],"wp:featuredmedia":[{"embeddable":true,"href":"https:\/\/akasel.com\/se\/wp-json\/wp\/v2\/media\/11658"}],"wp:attachment":[{"href":"https:\/\/akasel.com\/se\/wp-json\/wp\/v2\/media?parent=10209"}],"wp:term":[{"taxonomy":"product_cat","embeddable":true,"href":"https:\/\/akasel.com\/se\/wp-json\/wp\/v2\/product_cat?post=10209"},{"taxonomy":"product_tag","embeddable":true,"href":"https:\/\/akasel.com\/se\/wp-json\/wp\/v2\/product_tag?post=10209"}],"curies":[{"name":"wp","href":"https:\/\/api.w.org\/{rel}","templated":true}]}}