{"id":10213,"date":"2020-10-29T22:56:44","date_gmt":"2020-10-29T21:56:44","guid":{"rendered":"https:\/\/akasel.com\/p\/fumed-silica-suspension-0-2-%c2%b5m-alkaline\/"},"modified":"2026-01-05T17:43:15","modified_gmt":"2026-01-05T16:43:15","slug":"fumed-silica-suspension-0-2-%c2%b5m-alkaline","status":"publish","type":"product","link":"https:\/\/akasel.com\/se\/shop\/oxidpolering\/fumed-silica-suspension-0-2-%c2%b5m-alkaline\/","title":{"rendered":"Fumed Silica Suspension 0.2 \u00b5m Alkaline"},"content":{"rendered":"<p>Tillg\u00e4ngligt inneh\u00e5ll: 1 l, 5 l<\/p>\n<p><a href=\"https:\/\/akasel.com\/wp-content\/uploads\/2024\/11\/sds-fumed-silica-suspension-02mu-alkaline-se-v10.pdf\">SDS Fumed Silica Suspension 200 nm (SE)<\/a><\/p>\n<p><a href=\"https:\/\/akasel.com\/wp-content\/uploads\/2024\/06\/oxide-polishing-product-brochure.pdf\">Oxidpolering Produktbroschyrer (EN)<\/a><\/p>\n<div style=\"position: relative; padding-bottom: 56.25%; height: 0; overflow: hidden; max-width: 100%; height: auto;\">\n    <video style=\"position: absolute; top: 0; left: 0; width: 100%; height: 100%;\"  \ncontrols \n           preload=\"metadata\" \n           poster=\"https:\/\/akasel.com\/wp-content\/uploads\/2024\/10\/oxide-polishing-trick-thumbnail.jpg\"><source src=\"https:\/\/akasel.com\/wp-content\/uploads\/2024\/10\/oxide-polishing-long-version.mp4\" type=\"video\/mp4\">Your browser does not support video playback.<\/video>\n<\/div>\n","protected":false},"excerpt":{"rendered":"<p>Suspension av pyrogen kiseldioxid f\u00f6r slutlig polering av metallografiska prover.<\/p>\n<p>Suspensionen kan blandas med etsmedel f\u00f6r att f\u00f6rst\u00e4rka polerverkan.<\/p>\n<p>Koncentration av kiseldioxid 238 g\/l<br \/>\nMedian (50%) 0,2 \u00b5m<br \/>\npH 9,5 &#8211; 10,5<\/p>\n<p>Inneh\u00e5ller antitorkmedel. Skaka f\u00f6re anv\u00e4ndning.<\/p>\n","protected":false},"featured_media":11568,"template":"","meta":[],"product_cat":[336,344],"product_tag":[],"class_list":["post-10213","product","type-product","status-publish","has-post-thumbnail","hentry","product_cat-oxidpolering","product_cat-metallografisk-polering"],"yoast_head":"<!-- This site is optimized with the Yoast SEO plugin v21.7 - https:\/\/yoast.com\/wordpress\/plugins\/seo\/ -->\n<title>Fumed Silica Suspension 0.2 \u00b5m Alkaline | Oxidpolering | Akasel<\/title>\n<meta name=\"description\" content=\"Alkalisk fumed silica-suspension f\u00f6r kemisk-mekanisk polering. 0,2 \u00b5m partiklar avl\u00e4gsnar deformationer och ger sl\u00e4ta, h\u00f6gkvalitativa oxidpoleringsytor.\" \/>\n<meta name=\"robots\" content=\"index, follow, max-snippet:-1, max-image-preview:large, max-video-preview:-1\" \/>\n<link rel=\"canonical\" href=\"https:\/\/akasel.com\/se\/shop\/oxidpolering\/fumed-silica-suspension-0-2-\u00b5m-alkaline\/\" \/>\n<meta property=\"og:locale\" content=\"sv_SE\" \/>\n<meta property=\"og:type\" content=\"article\" \/>\n<meta property=\"og:title\" content=\"Fumed Silica Suspension 0.2 \u00b5m Alkaline | Oxidpolering | Akasel\" \/>\n<meta property=\"og:description\" content=\"Alkalisk fumed silica-suspension f\u00f6r kemisk-mekanisk polering. 0,2 \u00b5m partiklar avl\u00e4gsnar deformationer och ger sl\u00e4ta, h\u00f6gkvalitativa oxidpoleringsytor.\" \/>\n<meta property=\"og:url\" content=\"https:\/\/akasel.com\/se\/shop\/oxidpolering\/fumed-silica-suspension-0-2-\u00b5m-alkaline\/\" \/>\n<meta property=\"og:site_name\" content=\"AKASEL A\/S\" \/>\n<meta property=\"article:modified_time\" content=\"2026-01-05T16:43:15+00:00\" \/>\n<meta property=\"og:image\" content=\"https:\/\/akasel.com\/se\/wp-content\/uploads\/sites\/5\/2020\/10\/48123015.png\" \/>\n\t<meta property=\"og:image:width\" content=\"1198\" \/>\n\t<meta property=\"og:image:height\" content=\"2560\" \/>\n\t<meta property=\"og:image:type\" content=\"image\/png\" \/>\n<meta name=\"twitter:card\" content=\"summary_large_image\" \/>\n<meta name=\"twitter:label1\" content=\"Ber\u00e4knad l\u00e4stid\" \/>\n\t<meta name=\"twitter:data1\" content=\"1 minut\" \/>\n<!-- \/ Yoast SEO plugin. -->","yoast_head_json":{"title":"Fumed Silica Suspension 0.2 \u00b5m Alkaline | Oxidpolering | Akasel","description":"Alkalisk fumed silica-suspension f\u00f6r kemisk-mekanisk polering. 0,2 \u00b5m partiklar avl\u00e4gsnar deformationer och ger sl\u00e4ta, h\u00f6gkvalitativa oxidpoleringsytor.","robots":{"index":"index","follow":"follow","max-snippet":"max-snippet:-1","max-image-preview":"max-image-preview:large","max-video-preview":"max-video-preview:-1"},"canonical":"https:\/\/akasel.com\/se\/shop\/oxidpolering\/fumed-silica-suspension-0-2-\u00b5m-alkaline\/","og_locale":"sv_SE","og_type":"article","og_title":"Fumed Silica Suspension 0.2 \u00b5m Alkaline | Oxidpolering | Akasel","og_description":"Alkalisk fumed silica-suspension f\u00f6r kemisk-mekanisk polering. 0,2 \u00b5m partiklar avl\u00e4gsnar deformationer och ger sl\u00e4ta, h\u00f6gkvalitativa oxidpoleringsytor.","og_url":"https:\/\/akasel.com\/se\/shop\/oxidpolering\/fumed-silica-suspension-0-2-\u00b5m-alkaline\/","og_site_name":"AKASEL A\/S","article_modified_time":"2026-01-05T16:43:15+00:00","og_image":[{"width":1198,"height":2560,"url":"https:\/\/akasel.com\/se\/wp-content\/uploads\/sites\/5\/2020\/10\/48123015.png","type":"image\/png"}],"twitter_card":"summary_large_image","twitter_misc":{"Ber\u00e4knad l\u00e4stid":"1 minut"},"schema":{"@context":"https:\/\/schema.org","@graph":[{"@type":"WebPage","@id":"https:\/\/akasel.com\/se\/shop\/oxidpolering\/fumed-silica-suspension-0-2-%c2%b5m-alkaline\/","url":"https:\/\/akasel.com\/se\/shop\/oxidpolering\/fumed-silica-suspension-0-2-%c2%b5m-alkaline\/","name":"Fumed Silica Suspension 0.2 \u00b5m Alkaline | Oxidpolering | Akasel","isPartOf":{"@id":"https:\/\/akasel.com\/se\/#website"},"datePublished":"2020-10-29T21:56:44+00:00","dateModified":"2026-01-05T16:43:15+00:00","description":"Alkalisk fumed silica-suspension f\u00f6r kemisk-mekanisk polering. 0,2 \u00b5m partiklar avl\u00e4gsnar deformationer och ger sl\u00e4ta, h\u00f6gkvalitativa oxidpoleringsytor.","breadcrumb":{"@id":"https:\/\/akasel.com\/se\/shop\/oxidpolering\/fumed-silica-suspension-0-2-%c2%b5m-alkaline\/#breadcrumb"},"inLanguage":"sv-SE","potentialAction":[{"@type":"ReadAction","target":["https:\/\/akasel.com\/se\/shop\/oxidpolering\/fumed-silica-suspension-0-2-%c2%b5m-alkaline\/"]}]},{"@type":"BreadcrumbList","@id":"https:\/\/akasel.com\/se\/shop\/oxidpolering\/fumed-silica-suspension-0-2-%c2%b5m-alkaline\/#breadcrumb","itemListElement":[{"@type":"ListItem","position":1,"name":"Home","item":"https:\/\/akasel.com\/se\/"},{"@type":"ListItem","position":2,"name":"Shop","item":"https:\/\/akasel.com\/se\/shop\/"},{"@type":"ListItem","position":3,"name":"Fumed Silica Suspension 0.2 \u00b5m Alkaline"}]},{"@type":"WebSite","@id":"https:\/\/akasel.com\/se\/#website","url":"https:\/\/akasel.com\/se\/","name":"AKASEL A\/S","description":"","potentialAction":[{"@type":"SearchAction","target":{"@type":"EntryPoint","urlTemplate":"https:\/\/akasel.com\/se\/?s={search_term_string}"},"query-input":"required name=search_term_string"}],"inLanguage":"sv-SE"}]}},"_links":{"self":[{"href":"https:\/\/akasel.com\/se\/wp-json\/wp\/v3\/product\/10213"}],"collection":[{"href":"https:\/\/akasel.com\/se\/wp-json\/wp\/v3\/product"}],"about":[{"href":"https:\/\/akasel.com\/se\/wp-json\/wp\/v2\/types\/product"}],"wp:featuredmedia":[{"embeddable":true,"href":"https:\/\/akasel.com\/se\/wp-json\/wp\/v2\/media\/11568"}],"wp:attachment":[{"href":"https:\/\/akasel.com\/se\/wp-json\/wp\/v2\/media?parent=10213"}],"wp:term":[{"taxonomy":"product_cat","embeddable":true,"href":"https:\/\/akasel.com\/se\/wp-json\/wp\/v2\/product_cat?post=10213"},{"taxonomy":"product_tag","embeddable":true,"href":"https:\/\/akasel.com\/se\/wp-json\/wp\/v2\/product_tag?post=10213"}],"curies":[{"name":"wp","href":"https:\/\/api.w.org\/{rel}","templated":true}]}}