{"id":10217,"date":"2020-10-29T23:01:13","date_gmt":"2020-10-29T22:01:13","guid":{"rendered":"https:\/\/akasel.com\/p\/colloidal-silica-suspension-50-nm-alkaline\/"},"modified":"2026-01-05T17:43:17","modified_gmt":"2026-01-05T16:43:17","slug":"colloidal-silica-suspension-50-nm-alkaline","status":"publish","type":"product","link":"https:\/\/akasel.com\/se\/shop\/oxidpolering\/colloidal-silica-suspension-50-nm-alkaline\/","title":{"rendered":"Colloidal Silica Suspension 50 nm Alkaline"},"content":{"rendered":"<p>Tillg\u00e4ngligt inneh\u00e5ll: 1 l, 5 l<\/p>\n<p><a href=\"https:\/\/akasel.com\/wp-content\/uploads\/2024\/11\/sds-colloidal-silica-suspension-50nm-alkaline-se-v10.pdf\">SDS Colloidal Silica Suspension 50 nm (SE)<\/a><\/p>\n<p><a href=\"https:\/\/akasel.com\/wp-content\/uploads\/2024\/06\/oxide-polishing-product-brochure.pdf\">Oxidpolering Produktbroschyrer (EN)<\/a><\/p>\n<div style=\"width: 1280px;\" class=\"wp-video\"><!--[if lt IE 9]><script>document.createElement('video');<\/script><![endif]-->\n<video class=\"wp-video-shortcode\" id=\"video-10217-1\" width=\"1280\" height=\"720\" poster=\"https:\/\/akasel.com\/wp-content\/uploads\/2024\/10\/oxide-polishing-trick-thumbnail.jpg\" preload=\"metadata\" controls=\"controls\"><source type=\"video\/mp4\" src=\"https:\/\/akasel.com\/wp-content\/uploads\/2024\/10\/oxide-polishing-long-version.mp4?_=1\" \/><a href=\"https:\/\/akasel.com\/wp-content\/uploads\/2024\/10\/oxide-polishing-long-version.mp4\">https:\/\/akasel.com\/wp-content\/uploads\/2024\/10\/oxide-polishing-long-version.mp4<\/a><\/video><\/div>\n<p>&nbsp;<\/p>\n","protected":false},"excerpt":{"rendered":"<p>Suspension av kolloidal kiseldioxid f\u00f6r slutlig polering av metallografiska prover.<\/p>\n<p>Suspensionen kan blandas med etsmedel f\u00f6r att f\u00f6rst\u00e4rka polerverkan.<\/p>\n<p>Koncentration av kiseldioxid 585 g\/l<br \/>\nMedian (50%) 50 nm<br \/>\npH 9,5 &#8211; 10,5<\/p>\n<p>Inneh\u00e5ller antitorkmedel. Skaka f\u00f6re anv\u00e4ndning<\/p>\n","protected":false},"featured_media":11570,"template":"","meta":[],"product_cat":[336,344],"product_tag":[],"class_list":["post-10217","product","type-product","status-publish","has-post-thumbnail","hentry","product_cat-oxidpolering","product_cat-metallografisk-polering"],"yoast_head":"<!-- This site is optimized with the Yoast SEO plugin v21.7 - https:\/\/yoast.com\/wordpress\/plugins\/seo\/ -->\n<title>Colloidal Silica Suspension 50 nm Alkaline | Oxidpolering | Akasel<\/title>\n<meta name=\"description\" content=\"Alkalisk kolloidal kiseldioxidsuspension med 50 nm partiklar f\u00f6r oxidpolering. Idealisk f\u00f6r att ta bort deformationer och uppn\u00e5 en repfri, deformationfri yta.\" \/>\n<meta name=\"robots\" content=\"index, follow, max-snippet:-1, max-image-preview:large, max-video-preview:-1\" \/>\n<link rel=\"canonical\" href=\"https:\/\/akasel.com\/se\/shop\/oxidpolering\/colloidal-silica-suspension-50-nm-alkaline\/\" \/>\n<meta property=\"og:locale\" content=\"sv_SE\" \/>\n<meta property=\"og:type\" content=\"article\" \/>\n<meta property=\"og:title\" content=\"Colloidal Silica Suspension 50 nm Alkaline | Oxidpolering | Akasel\" \/>\n<meta property=\"og:description\" content=\"Alkalisk kolloidal kiseldioxidsuspension med 50 nm partiklar f\u00f6r oxidpolering. Idealisk f\u00f6r att ta bort deformationer och uppn\u00e5 en repfri, deformationfri yta.\" \/>\n<meta property=\"og:url\" content=\"https:\/\/akasel.com\/se\/shop\/oxidpolering\/colloidal-silica-suspension-50-nm-alkaline\/\" \/>\n<meta property=\"og:site_name\" content=\"AKASEL A\/S\" \/>\n<meta property=\"article:modified_time\" content=\"2026-01-05T16:43:17+00:00\" \/>\n<meta property=\"og:image\" content=\"https:\/\/akasel.com\/se\/wp-content\/uploads\/sites\/5\/2020\/10\/48161015.png\" \/>\n\t<meta property=\"og:image:width\" content=\"1198\" \/>\n\t<meta property=\"og:image:height\" content=\"2560\" \/>\n\t<meta property=\"og:image:type\" content=\"image\/png\" \/>\n<meta name=\"twitter:card\" content=\"summary_large_image\" \/>\n<meta name=\"twitter:label1\" content=\"Ber\u00e4knad l\u00e4stid\" \/>\n\t<meta name=\"twitter:data1\" content=\"1 minut\" \/>\n<!-- \/ Yoast SEO plugin. -->","yoast_head_json":{"title":"Colloidal Silica Suspension 50 nm Alkaline | Oxidpolering | Akasel","description":"Alkalisk kolloidal kiseldioxidsuspension med 50 nm partiklar f\u00f6r oxidpolering. Idealisk f\u00f6r att ta bort deformationer och uppn\u00e5 en repfri, deformationfri yta.","robots":{"index":"index","follow":"follow","max-snippet":"max-snippet:-1","max-image-preview":"max-image-preview:large","max-video-preview":"max-video-preview:-1"},"canonical":"https:\/\/akasel.com\/se\/shop\/oxidpolering\/colloidal-silica-suspension-50-nm-alkaline\/","og_locale":"sv_SE","og_type":"article","og_title":"Colloidal Silica Suspension 50 nm Alkaline | Oxidpolering | Akasel","og_description":"Alkalisk kolloidal kiseldioxidsuspension med 50 nm partiklar f\u00f6r oxidpolering. Idealisk f\u00f6r att ta bort deformationer och uppn\u00e5 en repfri, deformationfri yta.","og_url":"https:\/\/akasel.com\/se\/shop\/oxidpolering\/colloidal-silica-suspension-50-nm-alkaline\/","og_site_name":"AKASEL A\/S","article_modified_time":"2026-01-05T16:43:17+00:00","og_image":[{"width":1198,"height":2560,"url":"https:\/\/akasel.com\/se\/wp-content\/uploads\/sites\/5\/2020\/10\/48161015.png","type":"image\/png"}],"twitter_card":"summary_large_image","twitter_misc":{"Ber\u00e4knad l\u00e4stid":"1 minut"},"schema":{"@context":"https:\/\/schema.org","@graph":[{"@type":"WebPage","@id":"https:\/\/akasel.com\/se\/shop\/oxidpolering\/colloidal-silica-suspension-50-nm-alkaline\/","url":"https:\/\/akasel.com\/se\/shop\/oxidpolering\/colloidal-silica-suspension-50-nm-alkaline\/","name":"Colloidal Silica Suspension 50 nm Alkaline | Oxidpolering | Akasel","isPartOf":{"@id":"https:\/\/akasel.com\/se\/#website"},"datePublished":"2020-10-29T22:01:13+00:00","dateModified":"2026-01-05T16:43:17+00:00","description":"Alkalisk kolloidal kiseldioxidsuspension med 50 nm partiklar f\u00f6r oxidpolering. Idealisk f\u00f6r att ta bort deformationer och uppn\u00e5 en repfri, deformationfri yta.","breadcrumb":{"@id":"https:\/\/akasel.com\/se\/shop\/oxidpolering\/colloidal-silica-suspension-50-nm-alkaline\/#breadcrumb"},"inLanguage":"sv-SE","potentialAction":[{"@type":"ReadAction","target":["https:\/\/akasel.com\/se\/shop\/oxidpolering\/colloidal-silica-suspension-50-nm-alkaline\/"]}]},{"@type":"BreadcrumbList","@id":"https:\/\/akasel.com\/se\/shop\/oxidpolering\/colloidal-silica-suspension-50-nm-alkaline\/#breadcrumb","itemListElement":[{"@type":"ListItem","position":1,"name":"Home","item":"https:\/\/akasel.com\/se\/"},{"@type":"ListItem","position":2,"name":"Shop","item":"https:\/\/akasel.com\/se\/shop\/"},{"@type":"ListItem","position":3,"name":"Colloidal Silica Suspension 50 nm Alkaline"}]},{"@type":"WebSite","@id":"https:\/\/akasel.com\/se\/#website","url":"https:\/\/akasel.com\/se\/","name":"AKASEL A\/S","description":"","potentialAction":[{"@type":"SearchAction","target":{"@type":"EntryPoint","urlTemplate":"https:\/\/akasel.com\/se\/?s={search_term_string}"},"query-input":"required name=search_term_string"}],"inLanguage":"sv-SE"}]}},"_links":{"self":[{"href":"https:\/\/akasel.com\/se\/wp-json\/wp\/v3\/product\/10217"}],"collection":[{"href":"https:\/\/akasel.com\/se\/wp-json\/wp\/v3\/product"}],"about":[{"href":"https:\/\/akasel.com\/se\/wp-json\/wp\/v2\/types\/product"}],"wp:featuredmedia":[{"embeddable":true,"href":"https:\/\/akasel.com\/se\/wp-json\/wp\/v2\/media\/11570"}],"wp:attachment":[{"href":"https:\/\/akasel.com\/se\/wp-json\/wp\/v2\/media?parent=10217"}],"wp:term":[{"taxonomy":"product_cat","embeddable":true,"href":"https:\/\/akasel.com\/se\/wp-json\/wp\/v2\/product_cat?post=10217"},{"taxonomy":"product_tag","embeddable":true,"href":"https:\/\/akasel.com\/se\/wp-json\/wp\/v2\/product_tag?post=10217"}],"curies":[{"name":"wp","href":"https:\/\/api.w.org\/{rel}","templated":true}]}}