{"id":10227,"date":"2020-10-30T08:47:28","date_gmt":"2020-10-30T07:47:28","guid":{"rendered":"https:\/\/akasel.com\/p\/aka-lube-yellow\/"},"modified":"2026-01-05T17:43:20","modified_gmt":"2026-01-05T16:43:20","slug":"aka-lube-yellow","status":"publish","type":"product","link":"https:\/\/akasel.com\/se\/shop\/metallografisk-polering\/smorjmedel\/aka-lube-yellow\/","title":{"rendered":"Aka-Lube Yellow"},"content":{"rendered":"<p>Tillg\u00e4ngligt inneh\u00e5ll: 1 l, 5 l<\/p>\n<p><a href=\"https:\/\/akasel.com\/wp-content\/uploads\/2024\/11\/sds-aka-lube-yellow-aka-lube-green-aka-lube-red-se-v20.pdf\">SDS Aka-Lube Yellow, Aka-Lube Green &amp; Aka-Lube Red (S<\/a><a href=\"https:\/\/akasel.com\/wp-content\/uploads\/2024\/11\/sds-aka-lube-yellow-aka-lube-green-aka-lube-red-se-v20.pdf\">E)<\/a><\/p>\n<p>&nbsp;<\/p>\n","protected":false},"excerpt":{"rendered":"<p>Vattenbaserat sm\u00f6rjmedel f\u00f6r metallografisk provberedning.<\/p>\n<p>Medeltjock sm\u00f6rjfilm. Aka-Lube Yellow kan anv\u00e4ndas som ett allm\u00e4nt sm\u00f6rjmedel eller d\u00e4r Aka-Lube Green \u00e4r f\u00f6r aggressiv.<br \/>\nRekommenderas f\u00f6r en m\u00e4ngd olika material, eftersom det ger en bra kombination av sm\u00f6rjning och kylning.<\/p>\n<p>Aka-Lube Yellow har egenskaper som ligger mellan <a href=\"https:\/\/akasel.com\/se\/shop\/metallografisk-polering\/smorjmedel\/aka-lube-green\/\">Aka-Lube Green<\/a> och <a href=\"https:\/\/akasel.com\/se\/shop\/metallografisk-polering\/smorjmedel\/aka-lube-red\/\">Aka-Lube Red<\/a>.<\/p>\n","protected":false},"featured_media":11574,"template":"","meta":[],"product_cat":[344,347],"product_tag":[],"class_list":["post-10227","product","type-product","status-publish","has-post-thumbnail","hentry","product_cat-metallografisk-polering","product_cat-smorjmedel"],"yoast_head":"<!-- This site is optimized with the Yoast SEO plugin v21.7 - https:\/\/yoast.com\/wordpress\/plugins\/seo\/ -->\n<title>Aka-Lube Yellow | Sm\u00f6rjmedel f\u00f6r Metallografisk Polering | Akasel<\/title>\n<meta name=\"description\" content=\"Utforska Aka-Lube Yellow, ett sm\u00f6rjmedel f\u00f6r metallografisk polering. Perfekt f\u00f6r att f\u00f6rb\u00e4ttra poleringsresultat och minska friktion.\" \/>\n<meta name=\"robots\" content=\"index, follow, max-snippet:-1, max-image-preview:large, max-video-preview:-1\" \/>\n<link rel=\"canonical\" href=\"https:\/\/akasel.com\/se\/shop\/metallografisk-polering\/smorjmedel\/aka-lube-yellow\/\" \/>\n<meta property=\"og:locale\" content=\"sv_SE\" \/>\n<meta property=\"og:type\" content=\"article\" \/>\n<meta property=\"og:title\" content=\"Aka-Lube Yellow | Sm\u00f6rjmedel f\u00f6r Metallografisk Polering | Akasel\" \/>\n<meta property=\"og:description\" content=\"Utforska Aka-Lube Yellow, ett sm\u00f6rjmedel f\u00f6r metallografisk polering. Perfekt f\u00f6r att f\u00f6rb\u00e4ttra poleringsresultat och minska friktion.\" \/>\n<meta property=\"og:url\" content=\"https:\/\/akasel.com\/se\/shop\/metallografisk-polering\/smorjmedel\/aka-lube-yellow\/\" \/>\n<meta property=\"og:site_name\" content=\"AKASEL A\/S\" \/>\n<meta property=\"article:modified_time\" content=\"2026-01-05T16:43:20+00:00\" \/>\n<meta property=\"og:image\" content=\"https:\/\/akasel.com\/se\/wp-content\/uploads\/sites\/5\/2020\/10\/49401015.png\" \/>\n\t<meta property=\"og:image:width\" content=\"1224\" \/>\n\t<meta property=\"og:image:height\" content=\"2560\" \/>\n\t<meta property=\"og:image:type\" content=\"image\/png\" \/>\n<meta name=\"twitter:card\" content=\"summary_large_image\" \/>\n<meta name=\"twitter:label1\" content=\"Ber\u00e4knad l\u00e4stid\" \/>\n\t<meta name=\"twitter:data1\" content=\"1 minut\" \/>\n<!-- \/ Yoast SEO plugin. -->","yoast_head_json":{"title":"Aka-Lube Yellow | Sm\u00f6rjmedel f\u00f6r Metallografisk Polering | Akasel","description":"Utforska Aka-Lube Yellow, ett sm\u00f6rjmedel f\u00f6r metallografisk polering. Perfekt f\u00f6r att f\u00f6rb\u00e4ttra poleringsresultat och minska friktion.","robots":{"index":"index","follow":"follow","max-snippet":"max-snippet:-1","max-image-preview":"max-image-preview:large","max-video-preview":"max-video-preview:-1"},"canonical":"https:\/\/akasel.com\/se\/shop\/metallografisk-polering\/smorjmedel\/aka-lube-yellow\/","og_locale":"sv_SE","og_type":"article","og_title":"Aka-Lube Yellow | Sm\u00f6rjmedel f\u00f6r Metallografisk Polering | Akasel","og_description":"Utforska Aka-Lube Yellow, ett sm\u00f6rjmedel f\u00f6r metallografisk polering. Perfekt f\u00f6r att f\u00f6rb\u00e4ttra poleringsresultat och minska friktion.","og_url":"https:\/\/akasel.com\/se\/shop\/metallografisk-polering\/smorjmedel\/aka-lube-yellow\/","og_site_name":"AKASEL A\/S","article_modified_time":"2026-01-05T16:43:20+00:00","og_image":[{"width":1224,"height":2560,"url":"https:\/\/akasel.com\/se\/wp-content\/uploads\/sites\/5\/2020\/10\/49401015.png","type":"image\/png"}],"twitter_card":"summary_large_image","twitter_misc":{"Ber\u00e4knad l\u00e4stid":"1 minut"},"schema":{"@context":"https:\/\/schema.org","@graph":[{"@type":"WebPage","@id":"https:\/\/akasel.com\/se\/shop\/metallografisk-polering\/smorjmedel\/aka-lube-yellow\/","url":"https:\/\/akasel.com\/se\/shop\/metallografisk-polering\/smorjmedel\/aka-lube-yellow\/","name":"Aka-Lube Yellow | Sm\u00f6rjmedel f\u00f6r Metallografisk Polering | Akasel","isPartOf":{"@id":"https:\/\/akasel.com\/se\/#website"},"datePublished":"2020-10-30T07:47:28+00:00","dateModified":"2026-01-05T16:43:20+00:00","description":"Utforska Aka-Lube Yellow, ett sm\u00f6rjmedel f\u00f6r metallografisk polering. Perfekt f\u00f6r att f\u00f6rb\u00e4ttra poleringsresultat och minska friktion.","breadcrumb":{"@id":"https:\/\/akasel.com\/se\/shop\/metallografisk-polering\/smorjmedel\/aka-lube-yellow\/#breadcrumb"},"inLanguage":"sv-SE","potentialAction":[{"@type":"ReadAction","target":["https:\/\/akasel.com\/se\/shop\/metallografisk-polering\/smorjmedel\/aka-lube-yellow\/"]}]},{"@type":"BreadcrumbList","@id":"https:\/\/akasel.com\/se\/shop\/metallografisk-polering\/smorjmedel\/aka-lube-yellow\/#breadcrumb","itemListElement":[{"@type":"ListItem","position":1,"name":"Home","item":"https:\/\/akasel.com\/se\/"},{"@type":"ListItem","position":2,"name":"Shop","item":"https:\/\/akasel.com\/se\/shop\/"},{"@type":"ListItem","position":3,"name":"Aka-Lube Yellow"}]},{"@type":"WebSite","@id":"https:\/\/akasel.com\/se\/#website","url":"https:\/\/akasel.com\/se\/","name":"AKASEL A\/S","description":"","potentialAction":[{"@type":"SearchAction","target":{"@type":"EntryPoint","urlTemplate":"https:\/\/akasel.com\/se\/?s={search_term_string}"},"query-input":"required name=search_term_string"}],"inLanguage":"sv-SE"}]}},"_links":{"self":[{"href":"https:\/\/akasel.com\/se\/wp-json\/wp\/v3\/product\/10227"}],"collection":[{"href":"https:\/\/akasel.com\/se\/wp-json\/wp\/v3\/product"}],"about":[{"href":"https:\/\/akasel.com\/se\/wp-json\/wp\/v2\/types\/product"}],"wp:featuredmedia":[{"embeddable":true,"href":"https:\/\/akasel.com\/se\/wp-json\/wp\/v2\/media\/11574"}],"wp:attachment":[{"href":"https:\/\/akasel.com\/se\/wp-json\/wp\/v2\/media?parent=10227"}],"wp:term":[{"taxonomy":"product_cat","embeddable":true,"href":"https:\/\/akasel.com\/se\/wp-json\/wp\/v2\/product_cat?post=10227"},{"taxonomy":"product_tag","embeddable":true,"href":"https:\/\/akasel.com\/se\/wp-json\/wp\/v2\/product_tag?post=10227"}],"curies":[{"name":"wp","href":"https:\/\/api.w.org\/{rel}","templated":true}]}}