{"id":10240,"date":"2020-10-30T09:25:33","date_gmt":"2020-10-30T08:25:33","guid":{"rendered":"https:\/\/akasel.com\/p\/aka-lube-blue-concentrate\/"},"modified":"2026-01-05T17:43:23","modified_gmt":"2026-01-05T16:43:23","slug":"aka-lube-blue-concentrate","status":"publish","type":"product","link":"https:\/\/akasel.com\/se\/shop\/metallografisk-polering\/smorjmedel\/aka-lube-blue-concentrate\/","title":{"rendered":"Aka-Lube Blue Concentrate"},"content":{"rendered":"<p>Tillg\u00e4ngligt inneh\u00e5ll: 500 ml, 5 l<\/p>\n<p><a href=\"https:\/\/akasel.com\/wp-content\/uploads\/2024\/11\/sds-aka-lube-blue-concentrate-se-v40.pdf\">SDS Aka-Lube Blue, Concentrate (SE)<\/a><\/p>\n<p>&nbsp;<\/p>\n","protected":false},"excerpt":{"rendered":"<p>Aka-Lube Blue Koncentrat \u00e4r <a href=\"https:\/\/akasel.com\/se\/shop\/metallografisk-polering\/smorjmedel\/aka-lube-blue\/\">Aka-Lube Blue<\/a> utan etanol. Eftersom det inte \u00e4r brandfarligt \u00e4r det s\u00e4kert och billigare att transportera.<\/p>\n<p>B\u00f6r blandas med etanol f\u00f6re anv\u00e4ndning. N\u00e4r den blandas med etanol \u00e4r det samma produkt som Aka-Lube Blue. Den ger en tunn sm\u00f6rjfilm och kan anv\u00e4ndas f\u00f6r b\u00e5de finslipning och polering. Den ger utm\u00e4rkt kylning och \u00e4r optimal att anv\u00e4nda f\u00f6r snabb, automatiserad beredning.<\/p>\n<p>Kan \u00e4ven anv\u00e4ndas f\u00f6r beredning av vattenk\u00e4nsliga material.<\/p>\n","protected":false},"featured_media":11572,"template":"","meta":[],"product_cat":[344,347],"product_tag":[],"class_list":["post-10240","product","type-product","status-publish","has-post-thumbnail","hentry","product_cat-metallografisk-polering","product_cat-smorjmedel"],"yoast_head":"<!-- This site is optimized with the Yoast SEO plugin v21.7 - https:\/\/yoast.com\/wordpress\/plugins\/seo\/ -->\n<title>Aka-Lube Blue Concentrate | Metallografiskt Sm\u00f6rjmedel | Akasel<\/title>\n<meta name=\"description\" content=\"Utforska Aka-Lube Blue Concentrate, ett koncentrerat sm\u00f6rjmedel f\u00f6r metallografisk polering. F\u00f6rb\u00e4ttrar poleringsresultat och minskar friktion.\" \/>\n<meta name=\"robots\" content=\"index, follow, max-snippet:-1, max-image-preview:large, max-video-preview:-1\" \/>\n<link rel=\"canonical\" href=\"https:\/\/akasel.com\/se\/shop\/metallografisk-polering\/smorjmedel\/aka-lube-blue-concentrate\/\" \/>\n<meta property=\"og:locale\" content=\"sv_SE\" \/>\n<meta property=\"og:type\" content=\"article\" \/>\n<meta property=\"og:title\" content=\"Aka-Lube Blue Concentrate | Metallografiskt Sm\u00f6rjmedel | Akasel\" \/>\n<meta property=\"og:description\" content=\"Utforska Aka-Lube Blue Concentrate, ett koncentrerat sm\u00f6rjmedel f\u00f6r metallografisk polering. F\u00f6rb\u00e4ttrar poleringsresultat och minskar friktion.\" \/>\n<meta property=\"og:url\" content=\"https:\/\/akasel.com\/se\/shop\/metallografisk-polering\/smorjmedel\/aka-lube-blue-concentrate\/\" \/>\n<meta property=\"og:site_name\" content=\"AKASEL A\/S\" \/>\n<meta property=\"article:modified_time\" content=\"2026-01-05T16:43:23+00:00\" \/>\n<meta property=\"og:image\" content=\"https:\/\/akasel.com\/se\/wp-content\/uploads\/sites\/5\/2020\/10\/49605013.png\" \/>\n\t<meta property=\"og:image:width\" content=\"1322\" \/>\n\t<meta property=\"og:image:height\" content=\"2560\" \/>\n\t<meta property=\"og:image:type\" content=\"image\/png\" \/>\n<meta name=\"twitter:card\" content=\"summary_large_image\" \/>\n<meta name=\"twitter:label1\" content=\"Ber\u00e4knad l\u00e4stid\" \/>\n\t<meta name=\"twitter:data1\" content=\"1 minut\" \/>\n<!-- \/ Yoast SEO plugin. -->","yoast_head_json":{"title":"Aka-Lube Blue Concentrate | Metallografiskt Sm\u00f6rjmedel | Akasel","description":"Utforska Aka-Lube Blue Concentrate, ett koncentrerat sm\u00f6rjmedel f\u00f6r metallografisk polering. F\u00f6rb\u00e4ttrar poleringsresultat och minskar friktion.","robots":{"index":"index","follow":"follow","max-snippet":"max-snippet:-1","max-image-preview":"max-image-preview:large","max-video-preview":"max-video-preview:-1"},"canonical":"https:\/\/akasel.com\/se\/shop\/metallografisk-polering\/smorjmedel\/aka-lube-blue-concentrate\/","og_locale":"sv_SE","og_type":"article","og_title":"Aka-Lube Blue Concentrate | Metallografiskt Sm\u00f6rjmedel | Akasel","og_description":"Utforska Aka-Lube Blue Concentrate, ett koncentrerat sm\u00f6rjmedel f\u00f6r metallografisk polering. F\u00f6rb\u00e4ttrar poleringsresultat och minskar friktion.","og_url":"https:\/\/akasel.com\/se\/shop\/metallografisk-polering\/smorjmedel\/aka-lube-blue-concentrate\/","og_site_name":"AKASEL A\/S","article_modified_time":"2026-01-05T16:43:23+00:00","og_image":[{"width":1322,"height":2560,"url":"https:\/\/akasel.com\/se\/wp-content\/uploads\/sites\/5\/2020\/10\/49605013.png","type":"image\/png"}],"twitter_card":"summary_large_image","twitter_misc":{"Ber\u00e4knad l\u00e4stid":"1 minut"},"schema":{"@context":"https:\/\/schema.org","@graph":[{"@type":"WebPage","@id":"https:\/\/akasel.com\/se\/shop\/metallografisk-polering\/smorjmedel\/aka-lube-blue-concentrate\/","url":"https:\/\/akasel.com\/se\/shop\/metallografisk-polering\/smorjmedel\/aka-lube-blue-concentrate\/","name":"Aka-Lube Blue Concentrate | Metallografiskt Sm\u00f6rjmedel | Akasel","isPartOf":{"@id":"https:\/\/akasel.com\/se\/#website"},"datePublished":"2020-10-30T08:25:33+00:00","dateModified":"2026-01-05T16:43:23+00:00","description":"Utforska Aka-Lube Blue Concentrate, ett koncentrerat sm\u00f6rjmedel f\u00f6r metallografisk polering. F\u00f6rb\u00e4ttrar poleringsresultat och minskar friktion.","breadcrumb":{"@id":"https:\/\/akasel.com\/se\/shop\/metallografisk-polering\/smorjmedel\/aka-lube-blue-concentrate\/#breadcrumb"},"inLanguage":"sv-SE","potentialAction":[{"@type":"ReadAction","target":["https:\/\/akasel.com\/se\/shop\/metallografisk-polering\/smorjmedel\/aka-lube-blue-concentrate\/"]}]},{"@type":"BreadcrumbList","@id":"https:\/\/akasel.com\/se\/shop\/metallografisk-polering\/smorjmedel\/aka-lube-blue-concentrate\/#breadcrumb","itemListElement":[{"@type":"ListItem","position":1,"name":"Home","item":"https:\/\/akasel.com\/se\/"},{"@type":"ListItem","position":2,"name":"Shop","item":"https:\/\/akasel.com\/se\/shop\/"},{"@type":"ListItem","position":3,"name":"Aka-Lube Blue Concentrate"}]},{"@type":"WebSite","@id":"https:\/\/akasel.com\/se\/#website","url":"https:\/\/akasel.com\/se\/","name":"AKASEL A\/S","description":"","potentialAction":[{"@type":"SearchAction","target":{"@type":"EntryPoint","urlTemplate":"https:\/\/akasel.com\/se\/?s={search_term_string}"},"query-input":"required name=search_term_string"}],"inLanguage":"sv-SE"}]}},"_links":{"self":[{"href":"https:\/\/akasel.com\/se\/wp-json\/wp\/v3\/product\/10240"}],"collection":[{"href":"https:\/\/akasel.com\/se\/wp-json\/wp\/v3\/product"}],"about":[{"href":"https:\/\/akasel.com\/se\/wp-json\/wp\/v2\/types\/product"}],"wp:featuredmedia":[{"embeddable":true,"href":"https:\/\/akasel.com\/se\/wp-json\/wp\/v2\/media\/11572"}],"wp:attachment":[{"href":"https:\/\/akasel.com\/se\/wp-json\/wp\/v2\/media?parent=10240"}],"wp:term":[{"taxonomy":"product_cat","embeddable":true,"href":"https:\/\/akasel.com\/se\/wp-json\/wp\/v2\/product_cat?post=10240"},{"taxonomy":"product_tag","embeddable":true,"href":"https:\/\/akasel.com\/se\/wp-json\/wp\/v2\/product_tag?post=10240"}],"curies":[{"name":"wp","href":"https:\/\/api.w.org\/{rel}","templated":true}]}}