{"id":10251,"date":"2020-10-30T09:31:13","date_gmt":"2020-10-30T08:31:13","guid":{"rendered":"https:\/\/akasel.com\/p\/mag-plural\/"},"modified":"2026-01-05T17:42:00","modified_gmt":"2026-01-05T16:42:00","slug":"mag-plural","status":"publish","type":"product","link":"https:\/\/akasel.com\/se\/shop\/metallografisk-polering\/polerdukar\/mag-plural\/","title":{"rendered":"Mag-Plural"},"content":{"rendered":"<p>Tillg\u00e4nglig storlek: 200 mm, 250 mm, 300 mm, 350 mm<\/p>\n<p>Tillg\u00e4ngligt inneh\u00e5ll: 5 st.<\/p>\n<p><a href=\"https:\/\/akasel.com\/wp-content\/uploads\/2024\/05\/10020uk.pdf\">PDS Magnetic Polishing Cloth (EN)<\/a><\/p>\n<p><a href=\"https:\/\/akasel.com\/wp-content\/uploads\/2020\/11\/98012865-67420001_mag-cloth.pdf\">Magnetic Polishing Cloth User Guides (EN)<\/a><\/p>\n<p><a href=\"https:\/\/akasel.com\/wp-content\/uploads\/2024\/06\/polishing-cloth-product-brochure.pdf\">Polerdukar Produktbroschyrer (EN)<\/a><\/p>\n<div style=\"position: relative; padding-bottom: 56.25%; height: 0; overflow: hidden; max-width: 100%; height: auto;\">\n    <video style=\"position: absolute; top: 0; left: 0; width: 100%; height: 100%;\"  \ncontrols \n           preload=\"metadata\" \n           poster=\"https:\/\/akasel.com\/wp-content\/uploads\/2024\/10\/mag-polishing-cloth-thumbnail.jpg\"><source src=\"https:\/\/akasel.com\/wp-content\/uploads\/2024\/10\/user-guide-mag-polishing-cloth-2024.mp4\" type=\"video\/mp4\">Your browser does not support video playback.<\/video>\n<\/div>\n","protected":false},"excerpt":{"rendered":"<p>Polerduk som ska anv\u00e4ndas p\u00e5 en magnetisk st\u00f6dskiva.<\/p>\n<p>F\u00f6r snabb polering i ett steg av st\u00e5l, sintrade karbider och andra h\u00e5rda material samt polering av omonterade prover.<\/p>\n<p>Plural \u00e4r en mjuk, flockad viskosduk f\u00f6r polering med diamanter fr\u00e5n 3 &#8211; 1 \u00b5m.<\/p>\n<p>Anv\u00e4nd medelstora krafter; 15 &#8211; 25 N p\u00e5 ett 30 mm prov.<\/p>\n","protected":false},"featured_media":11555,"template":"","meta":[],"product_cat":[344,303,309],"product_tag":[],"class_list":["post-10251","product","type-product","status-publish","has-post-thumbnail","hentry","product_cat-metallografisk-polering","product_cat-polerdukar","product_cat-magnetisk"],"yoast_head":"<!-- This site is optimized with the Yoast SEO plugin v21.7 - https:\/\/yoast.com\/wordpress\/plugins\/seo\/ -->\n<title>Mag-Plural | Magnetisk Mjuk Viskosduk f\u00f6r Polering | Akasel<\/title>\n<meta name=\"description\" content=\"Uppt\u00e4ck Mag-Plural, en magnetisk mjuk viskosduk f\u00f6r polering av st\u00e5l och h\u00e5rda material. Perfekt f\u00f6r snabb polering i ett steg.\" \/>\n<meta name=\"robots\" content=\"index, follow, max-snippet:-1, max-image-preview:large, max-video-preview:-1\" \/>\n<link rel=\"canonical\" href=\"https:\/\/akasel.com\/se\/shop\/metallografisk-polering\/polerdukar\/mag-plural\/\" \/>\n<meta property=\"og:locale\" content=\"sv_SE\" \/>\n<meta property=\"og:type\" content=\"article\" \/>\n<meta property=\"og:title\" content=\"Mag-Plural | Magnetisk Mjuk Viskosduk f\u00f6r Polering | Akasel\" \/>\n<meta property=\"og:description\" content=\"Uppt\u00e4ck Mag-Plural, en magnetisk mjuk viskosduk f\u00f6r polering av st\u00e5l och h\u00e5rda material. Perfekt f\u00f6r snabb polering i ett steg.\" \/>\n<meta property=\"og:url\" content=\"https:\/\/akasel.com\/se\/shop\/metallografisk-polering\/polerdukar\/mag-plural\/\" \/>\n<meta property=\"og:site_name\" content=\"AKASEL A\/S\" \/>\n<meta property=\"article:modified_time\" content=\"2026-01-05T16:42:00+00:00\" \/>\n<meta property=\"og:image\" content=\"https:\/\/akasel.com\/se\/wp-content\/uploads\/sites\/5\/2020\/10\/mag-plural.png\" \/>\n\t<meta property=\"og:image:width\" content=\"2339\" \/>\n\t<meta property=\"og:image:height\" content=\"2370\" \/>\n\t<meta property=\"og:image:type\" content=\"image\/png\" \/>\n<meta name=\"twitter:card\" content=\"summary_large_image\" \/>\n<meta name=\"twitter:label1\" content=\"Ber\u00e4knad l\u00e4stid\" \/>\n\t<meta name=\"twitter:data1\" content=\"1 minut\" \/>\n<!-- \/ Yoast SEO plugin. -->","yoast_head_json":{"title":"Mag-Plural | Magnetisk Mjuk Viskosduk f\u00f6r Polering | Akasel","description":"Uppt\u00e4ck Mag-Plural, en magnetisk mjuk viskosduk f\u00f6r polering av st\u00e5l och h\u00e5rda material. Perfekt f\u00f6r snabb polering i ett steg.","robots":{"index":"index","follow":"follow","max-snippet":"max-snippet:-1","max-image-preview":"max-image-preview:large","max-video-preview":"max-video-preview:-1"},"canonical":"https:\/\/akasel.com\/se\/shop\/metallografisk-polering\/polerdukar\/mag-plural\/","og_locale":"sv_SE","og_type":"article","og_title":"Mag-Plural | Magnetisk Mjuk Viskosduk f\u00f6r Polering | Akasel","og_description":"Uppt\u00e4ck Mag-Plural, en magnetisk mjuk viskosduk f\u00f6r polering av st\u00e5l och h\u00e5rda material. Perfekt f\u00f6r snabb polering i ett steg.","og_url":"https:\/\/akasel.com\/se\/shop\/metallografisk-polering\/polerdukar\/mag-plural\/","og_site_name":"AKASEL A\/S","article_modified_time":"2026-01-05T16:42:00+00:00","og_image":[{"width":2339,"height":2370,"url":"https:\/\/akasel.com\/se\/wp-content\/uploads\/sites\/5\/2020\/10\/mag-plural.png","type":"image\/png"}],"twitter_card":"summary_large_image","twitter_misc":{"Ber\u00e4knad l\u00e4stid":"1 minut"},"schema":{"@context":"https:\/\/schema.org","@graph":[{"@type":"WebPage","@id":"https:\/\/akasel.com\/se\/shop\/metallografisk-polering\/polerdukar\/mag-plural\/","url":"https:\/\/akasel.com\/se\/shop\/metallografisk-polering\/polerdukar\/mag-plural\/","name":"Mag-Plural | Magnetisk Mjuk Viskosduk f\u00f6r Polering | Akasel","isPartOf":{"@id":"https:\/\/akasel.com\/se\/#website"},"datePublished":"2020-10-30T08:31:13+00:00","dateModified":"2026-01-05T16:42:00+00:00","description":"Uppt\u00e4ck Mag-Plural, en magnetisk mjuk viskosduk f\u00f6r polering av st\u00e5l och h\u00e5rda material. Perfekt f\u00f6r snabb polering i ett steg.","breadcrumb":{"@id":"https:\/\/akasel.com\/se\/shop\/metallografisk-polering\/polerdukar\/mag-plural\/#breadcrumb"},"inLanguage":"sv-SE","potentialAction":[{"@type":"ReadAction","target":["https:\/\/akasel.com\/se\/shop\/metallografisk-polering\/polerdukar\/mag-plural\/"]}]},{"@type":"BreadcrumbList","@id":"https:\/\/akasel.com\/se\/shop\/metallografisk-polering\/polerdukar\/mag-plural\/#breadcrumb","itemListElement":[{"@type":"ListItem","position":1,"name":"Home","item":"https:\/\/akasel.com\/se\/"},{"@type":"ListItem","position":2,"name":"Shop","item":"https:\/\/akasel.com\/se\/shop\/"},{"@type":"ListItem","position":3,"name":"Mag-Plural"}]},{"@type":"WebSite","@id":"https:\/\/akasel.com\/se\/#website","url":"https:\/\/akasel.com\/se\/","name":"AKASEL A\/S","description":"","potentialAction":[{"@type":"SearchAction","target":{"@type":"EntryPoint","urlTemplate":"https:\/\/akasel.com\/se\/?s={search_term_string}"},"query-input":"required name=search_term_string"}],"inLanguage":"sv-SE"}]}},"_links":{"self":[{"href":"https:\/\/akasel.com\/se\/wp-json\/wp\/v3\/product\/10251"}],"collection":[{"href":"https:\/\/akasel.com\/se\/wp-json\/wp\/v3\/product"}],"about":[{"href":"https:\/\/akasel.com\/se\/wp-json\/wp\/v2\/types\/product"}],"wp:featuredmedia":[{"embeddable":true,"href":"https:\/\/akasel.com\/se\/wp-json\/wp\/v2\/media\/11555"}],"wp:attachment":[{"href":"https:\/\/akasel.com\/se\/wp-json\/wp\/v2\/media?parent=10251"}],"wp:term":[{"taxonomy":"product_cat","embeddable":true,"href":"https:\/\/akasel.com\/se\/wp-json\/wp\/v2\/product_cat?post=10251"},{"taxonomy":"product_tag","embeddable":true,"href":"https:\/\/akasel.com\/se\/wp-json\/wp\/v2\/product_tag?post=10251"}],"curies":[{"name":"wp","href":"https:\/\/api.w.org\/{rel}","templated":true}]}}