{"id":10261,"date":"2020-10-30T09:39:00","date_gmt":"2020-10-30T08:39:00","guid":{"rendered":"https:\/\/akasel.com\/p\/protection-cap\/"},"modified":"2026-01-07T06:24:11","modified_gmt":"2026-01-07T05:24:11","slug":"protection-cap","status":"publish","type":"product","link":"https:\/\/akasel.com\/se\/shop\/ingjutning\/tillbehor-for-ingjutning\/protection-cap\/","title":{"rendered":"Protection Cap"},"content":{"rendered":"<p>Tillg\u00e4nglig storlek: 30 mm, 40 mm, 50 mm<\/p>\n<p>Tillg\u00e4ngligt inneh\u00e5ll: 100 st<\/p>\n<p><a href=\"https:\/\/akasel.com\/wp-content\/uploads\/2020\/11\/78313060uk.pdf\">PDS Protection Cap (EN)<\/a><\/p>\n<p>&nbsp;<\/p>\n","protected":false},"excerpt":{"rendered":"<p>Skyddslock \u00e4r ett lock som skyddar proverna efter beredning.<\/p>\n<p>F\u00f6rhindrar repor och andra skador p\u00e5 provytan under lagring.<\/p>\n","protected":false},"featured_media":11530,"template":"","meta":[],"product_cat":[317,345],"product_tag":[],"class_list":["post-10261","product","type-product","status-publish","has-post-thumbnail","hentry","product_cat-ingjutning","product_cat-tillbehor-for-ingjutning"],"yoast_head":"<!-- This site is optimized with the Yoast SEO plugin v21.7 - https:\/\/yoast.com\/wordpress\/plugins\/seo\/ -->\n<title>Protection Cap | Skyddslock f\u00f6r Metallografiska Prover | Akasel A\/S<\/title>\n<meta name=\"description\" content=\"Skydda dina metallografiska prover fr\u00e5n repor och skador under f\u00f6rvaring med v\u00e5rt skyddslock. Idealisk f\u00f6r att bevara ytkvaliteten tills vidare analys.\" \/>\n<meta name=\"robots\" content=\"index, follow, max-snippet:-1, max-image-preview:large, max-video-preview:-1\" \/>\n<link rel=\"canonical\" href=\"https:\/\/akasel.com\/se\/shop\/ingjutning\/tillbehor-for-ingjutning\/protection-cap\/\" \/>\n<meta property=\"og:locale\" content=\"sv_SE\" \/>\n<meta property=\"og:type\" content=\"article\" \/>\n<meta property=\"og:title\" content=\"Protection Cap | Skyddslock f\u00f6r Metallografiska Prover | Akasel A\/S\" \/>\n<meta property=\"og:description\" content=\"Skydda dina metallografiska prover fr\u00e5n repor och skador under f\u00f6rvaring med v\u00e5rt skyddslock. Idealisk f\u00f6r att bevara ytkvaliteten tills vidare analys.\" \/>\n<meta property=\"og:url\" content=\"https:\/\/akasel.com\/se\/shop\/ingjutning\/tillbehor-for-ingjutning\/protection-cap\/\" \/>\n<meta property=\"og:site_name\" content=\"AKASEL A\/S\" \/>\n<meta property=\"article:modified_time\" content=\"2026-01-07T05:24:11+00:00\" \/>\n<meta property=\"og:image\" content=\"https:\/\/akasel.com\/se\/wp-content\/uploads\/sites\/5\/2020\/10\/protection-cap-4-1.png\" \/>\n\t<meta property=\"og:image:width\" content=\"2560\" \/>\n\t<meta property=\"og:image:height\" content=\"1946\" \/>\n\t<meta property=\"og:image:type\" content=\"image\/png\" \/>\n<meta name=\"twitter:card\" content=\"summary_large_image\" \/>\n<meta name=\"twitter:label1\" content=\"Ber\u00e4knad l\u00e4stid\" \/>\n\t<meta name=\"twitter:data1\" content=\"1 minut\" \/>\n<!-- \/ Yoast SEO plugin. -->","yoast_head_json":{"title":"Protection Cap | Skyddslock f\u00f6r Metallografiska Prover | Akasel A\/S","description":"Skydda dina metallografiska prover fr\u00e5n repor och skador under f\u00f6rvaring med v\u00e5rt skyddslock. Idealisk f\u00f6r att bevara ytkvaliteten tills vidare analys.","robots":{"index":"index","follow":"follow","max-snippet":"max-snippet:-1","max-image-preview":"max-image-preview:large","max-video-preview":"max-video-preview:-1"},"canonical":"https:\/\/akasel.com\/se\/shop\/ingjutning\/tillbehor-for-ingjutning\/protection-cap\/","og_locale":"sv_SE","og_type":"article","og_title":"Protection Cap | Skyddslock f\u00f6r Metallografiska Prover | Akasel A\/S","og_description":"Skydda dina metallografiska prover fr\u00e5n repor och skador under f\u00f6rvaring med v\u00e5rt skyddslock. Idealisk f\u00f6r att bevara ytkvaliteten tills vidare analys.","og_url":"https:\/\/akasel.com\/se\/shop\/ingjutning\/tillbehor-for-ingjutning\/protection-cap\/","og_site_name":"AKASEL A\/S","article_modified_time":"2026-01-07T05:24:11+00:00","og_image":[{"width":2560,"height":1946,"url":"https:\/\/akasel.com\/se\/wp-content\/uploads\/sites\/5\/2020\/10\/protection-cap-4-1.png","type":"image\/png"}],"twitter_card":"summary_large_image","twitter_misc":{"Ber\u00e4knad l\u00e4stid":"1 minut"},"schema":{"@context":"https:\/\/schema.org","@graph":[{"@type":"WebPage","@id":"https:\/\/akasel.com\/se\/shop\/ingjutning\/tillbehor-for-ingjutning\/protection-cap\/","url":"https:\/\/akasel.com\/se\/shop\/ingjutning\/tillbehor-for-ingjutning\/protection-cap\/","name":"Protection Cap | Skyddslock f\u00f6r Metallografiska Prover | Akasel A\/S","isPartOf":{"@id":"https:\/\/akasel.com\/se\/#website"},"datePublished":"2020-10-30T08:39:00+00:00","dateModified":"2026-01-07T05:24:11+00:00","description":"Skydda dina metallografiska prover fr\u00e5n repor och skador under f\u00f6rvaring med v\u00e5rt skyddslock. Idealisk f\u00f6r att bevara ytkvaliteten tills vidare analys.","breadcrumb":{"@id":"https:\/\/akasel.com\/se\/shop\/ingjutning\/tillbehor-for-ingjutning\/protection-cap\/#breadcrumb"},"inLanguage":"sv-SE","potentialAction":[{"@type":"ReadAction","target":["https:\/\/akasel.com\/se\/shop\/ingjutning\/tillbehor-for-ingjutning\/protection-cap\/"]}]},{"@type":"BreadcrumbList","@id":"https:\/\/akasel.com\/se\/shop\/ingjutning\/tillbehor-for-ingjutning\/protection-cap\/#breadcrumb","itemListElement":[{"@type":"ListItem","position":1,"name":"Home","item":"https:\/\/akasel.com\/se\/"},{"@type":"ListItem","position":2,"name":"Shop","item":"https:\/\/akasel.com\/se\/shop\/"},{"@type":"ListItem","position":3,"name":"Protection Cap"}]},{"@type":"WebSite","@id":"https:\/\/akasel.com\/se\/#website","url":"https:\/\/akasel.com\/se\/","name":"AKASEL A\/S","description":"","potentialAction":[{"@type":"SearchAction","target":{"@type":"EntryPoint","urlTemplate":"https:\/\/akasel.com\/se\/?s={search_term_string}"},"query-input":"required name=search_term_string"}],"inLanguage":"sv-SE"}]}},"_links":{"self":[{"href":"https:\/\/akasel.com\/se\/wp-json\/wp\/v3\/product\/10261"}],"collection":[{"href":"https:\/\/akasel.com\/se\/wp-json\/wp\/v3\/product"}],"about":[{"href":"https:\/\/akasel.com\/se\/wp-json\/wp\/v2\/types\/product"}],"wp:featuredmedia":[{"embeddable":true,"href":"https:\/\/akasel.com\/se\/wp-json\/wp\/v2\/media\/11530"}],"wp:attachment":[{"href":"https:\/\/akasel.com\/se\/wp-json\/wp\/v2\/media?parent=10261"}],"wp:term":[{"taxonomy":"product_cat","embeddable":true,"href":"https:\/\/akasel.com\/se\/wp-json\/wp\/v2\/product_cat?post=10261"},{"taxonomy":"product_tag","embeddable":true,"href":"https:\/\/akasel.com\/se\/wp-json\/wp\/v2\/product_tag?post=10261"}],"curies":[{"name":"wp","href":"https:\/\/api.w.org\/{rel}","templated":true}]}}