{"id":10278,"date":"2021-01-07T08:20:31","date_gmt":"2021-01-07T07:20:31","guid":{"rendered":"https:\/\/akasel.com\/p\/diaultra-6-%c2%b5m\/"},"modified":"2026-01-05T17:42:27","modified_gmt":"2026-01-05T16:42:27","slug":"diaultra-6-%c2%b5m","status":"publish","type":"product","link":"https:\/\/akasel.com\/se\/shop\/metallografisk-polering\/diamantprodukter\/diaultra-6-%c2%b5m\/","title":{"rendered":"DiaUltra 6 \u00b5m"},"content":{"rendered":"<p>Tillg\u00e4ngligt inneh\u00e5ll: 500 ml, 2.5 l, 5 l<\/p>\n<p><a href=\"https:\/\/akasel.com\/wp-content\/uploads\/2024\/06\/diaultra-product-brochure.pdf\">DiaUltra Product Brochure<\/a><\/p>\n<p><a href=\"https:\/\/akasel.com\/wp-content\/uploads\/2024\/06\/diaultra-2-in-1-diamond-suspension-fact-sheet.pdf\">DiaUltra 2-in-1 Diamond Suspension Fact Sheet<\/a><\/p>\n<p><a href=\"https:\/\/akasel.com\/wp-content\/uploads\/2024\/11\/sds-diaultra-mono-poly-se-v30.pdf\">SDS DiaUltra Mono &amp; Poly (SE) V5.0<\/a><\/p>\n<p>&nbsp;<\/p>\n<p>&nbsp;<\/p>\n","protected":false},"excerpt":{"rendered":"<p>Unik 2-i-1 diamantsuspension.<br \/>\nDiaUltra \u00e4r en \u00f6verl\u00e4gsen, noggrant balanserad blandning av diamantsuspension och sm\u00f6rjmedel.<\/p>\n<p>Rekommenderas f\u00f6r alla material &#8211; utom vattenk\u00e4nsliga.<\/p>\n<p>DiaUltra ger h\u00f6gsta borttagning, kortaste f\u00f6rberedelsetider och b\u00e4sta ytkvalitet i kombination med enkel dosering som s\u00e4kerst\u00e4ller reproducerbarhet.<\/p>\n<p>Diamantkoncentration p\u00e5 20 ct\/l<br \/>\n100% monokristallina diamanter<br \/>\nMedian (50%) 5,7 \u00b5m<br \/>\nTolerans 5,42 &#8211; 5,98 \u00b5m<br \/>\n\u00d6vre gr\u00e4ns (99%) 7,9 \u00b5m<\/p>\n<p>F\u00e5r inte uts\u00e4ttas f\u00f6r direkt solljus.<\/p>\n","protected":false},"featured_media":11582,"template":"","meta":[],"product_cat":[295,344,320,305],"product_tag":[],"class_list":["post-10278","product","type-product","status-publish","has-post-thumbnail","hentry","product_cat-diaultra","product_cat-metallografisk-polering","product_cat-diamantprodukter","product_cat-2-i-1-diamantsuspension"],"yoast_head":"<!-- This site is optimized with the Yoast SEO plugin v21.7 - https:\/\/yoast.com\/wordpress\/plugins\/seo\/ -->\n<title>DiaUltra 6 \u00b5m | Unik 2-i-1 Diamantsuspension | AKASEL A\/S<\/title>\n<meta name=\"description\" content=\"Uppn\u00e5 snabb och effektiv polering med DiaUltra, som erbjuder h\u00f6g avverkningsgrad och b\u00e4ttre ytkvalitet. Perfekt f\u00f6r alla material.\" \/>\n<meta name=\"robots\" content=\"index, follow, max-snippet:-1, max-image-preview:large, max-video-preview:-1\" \/>\n<link rel=\"canonical\" href=\"https:\/\/akasel.com\/se\/shop\/metallografisk-polering\/diamantprodukter\/diaultra-6-\u00b5m\/\" \/>\n<meta property=\"og:locale\" content=\"sv_SE\" \/>\n<meta property=\"og:type\" content=\"article\" \/>\n<meta property=\"og:title\" content=\"DiaUltra 6 \u00b5m | Unik 2-i-1 Diamantsuspension | AKASEL A\/S\" \/>\n<meta property=\"og:description\" content=\"Uppn\u00e5 snabb och effektiv polering med DiaUltra, som erbjuder h\u00f6g avverkningsgrad och b\u00e4ttre ytkvalitet. Perfekt f\u00f6r alla material.\" \/>\n<meta property=\"og:url\" content=\"https:\/\/akasel.com\/se\/shop\/metallografisk-polering\/diamantprodukter\/diaultra-6-\u00b5m\/\" \/>\n<meta property=\"og:site_name\" content=\"AKASEL A\/S\" \/>\n<meta property=\"article:modified_time\" content=\"2026-01-05T16:42:27+00:00\" \/>\n<meta property=\"og:image\" content=\"https:\/\/akasel.com\/se\/wp-content\/uploads\/sites\/5\/2021\/01\/43616013-1073x1920.png\" \/>\n\t<meta property=\"og:image:width\" content=\"1073\" \/>\n\t<meta property=\"og:image:height\" content=\"1920\" \/>\n\t<meta property=\"og:image:type\" content=\"image\/png\" \/>\n<meta name=\"twitter:card\" content=\"summary_large_image\" \/>\n<meta name=\"twitter:label1\" content=\"Ber\u00e4knad l\u00e4stid\" \/>\n\t<meta name=\"twitter:data1\" content=\"1 minut\" \/>\n<!-- \/ Yoast SEO plugin. -->","yoast_head_json":{"title":"DiaUltra 6 \u00b5m | Unik 2-i-1 Diamantsuspension | AKASEL A\/S","description":"Uppn\u00e5 snabb och effektiv polering med DiaUltra, som erbjuder h\u00f6g avverkningsgrad och b\u00e4ttre ytkvalitet. Perfekt f\u00f6r alla material.","robots":{"index":"index","follow":"follow","max-snippet":"max-snippet:-1","max-image-preview":"max-image-preview:large","max-video-preview":"max-video-preview:-1"},"canonical":"https:\/\/akasel.com\/se\/shop\/metallografisk-polering\/diamantprodukter\/diaultra-6-\u00b5m\/","og_locale":"sv_SE","og_type":"article","og_title":"DiaUltra 6 \u00b5m | Unik 2-i-1 Diamantsuspension | AKASEL A\/S","og_description":"Uppn\u00e5 snabb och effektiv polering med DiaUltra, som erbjuder h\u00f6g avverkningsgrad och b\u00e4ttre ytkvalitet. Perfekt f\u00f6r alla material.","og_url":"https:\/\/akasel.com\/se\/shop\/metallografisk-polering\/diamantprodukter\/diaultra-6-\u00b5m\/","og_site_name":"AKASEL A\/S","article_modified_time":"2026-01-05T16:42:27+00:00","og_image":[{"width":1073,"height":1920,"url":"https:\/\/akasel.com\/se\/wp-content\/uploads\/sites\/5\/2021\/01\/43616013-1073x1920.png","type":"image\/png"}],"twitter_card":"summary_large_image","twitter_misc":{"Ber\u00e4knad l\u00e4stid":"1 minut"},"schema":{"@context":"https:\/\/schema.org","@graph":[{"@type":"WebPage","@id":"https:\/\/akasel.com\/se\/shop\/metallografisk-polering\/diamantprodukter\/diaultra-6-%c2%b5m\/","url":"https:\/\/akasel.com\/se\/shop\/metallografisk-polering\/diamantprodukter\/diaultra-6-%c2%b5m\/","name":"DiaUltra 6 \u00b5m | Unik 2-i-1 Diamantsuspension | AKASEL A\/S","isPartOf":{"@id":"https:\/\/akasel.com\/se\/#website"},"datePublished":"2021-01-07T07:20:31+00:00","dateModified":"2026-01-05T16:42:27+00:00","description":"Uppn\u00e5 snabb och effektiv polering med DiaUltra, som erbjuder h\u00f6g avverkningsgrad och b\u00e4ttre ytkvalitet. Perfekt f\u00f6r alla material.","breadcrumb":{"@id":"https:\/\/akasel.com\/se\/shop\/metallografisk-polering\/diamantprodukter\/diaultra-6-%c2%b5m\/#breadcrumb"},"inLanguage":"sv-SE","potentialAction":[{"@type":"ReadAction","target":["https:\/\/akasel.com\/se\/shop\/metallografisk-polering\/diamantprodukter\/diaultra-6-%c2%b5m\/"]}]},{"@type":"BreadcrumbList","@id":"https:\/\/akasel.com\/se\/shop\/metallografisk-polering\/diamantprodukter\/diaultra-6-%c2%b5m\/#breadcrumb","itemListElement":[{"@type":"ListItem","position":1,"name":"Home","item":"https:\/\/akasel.com\/se\/"},{"@type":"ListItem","position":2,"name":"Shop","item":"https:\/\/akasel.com\/se\/shop\/"},{"@type":"ListItem","position":3,"name":"DiaUltra 6 \u00b5m"}]},{"@type":"WebSite","@id":"https:\/\/akasel.com\/se\/#website","url":"https:\/\/akasel.com\/se\/","name":"AKASEL A\/S","description":"","potentialAction":[{"@type":"SearchAction","target":{"@type":"EntryPoint","urlTemplate":"https:\/\/akasel.com\/se\/?s={search_term_string}"},"query-input":"required name=search_term_string"}],"inLanguage":"sv-SE"}]}},"_links":{"self":[{"href":"https:\/\/akasel.com\/se\/wp-json\/wp\/v3\/product\/10278"}],"collection":[{"href":"https:\/\/akasel.com\/se\/wp-json\/wp\/v3\/product"}],"about":[{"href":"https:\/\/akasel.com\/se\/wp-json\/wp\/v2\/types\/product"}],"wp:featuredmedia":[{"embeddable":true,"href":"https:\/\/akasel.com\/se\/wp-json\/wp\/v2\/media\/11582"}],"wp:attachment":[{"href":"https:\/\/akasel.com\/se\/wp-json\/wp\/v2\/media?parent=10278"}],"wp:term":[{"taxonomy":"product_cat","embeddable":true,"href":"https:\/\/akasel.com\/se\/wp-json\/wp\/v2\/product_cat?post=10278"},{"taxonomy":"product_tag","embeddable":true,"href":"https:\/\/akasel.com\/se\/wp-json\/wp\/v2\/product_tag?post=10278"}],"curies":[{"name":"wp","href":"https:\/\/api.w.org\/{rel}","templated":true}]}}