{"id":11182,"date":"2023-12-29T12:58:16","date_gmt":"2023-12-29T11:58:16","guid":{"rendered":"https:\/\/akasel.com\/?post_type=product&#038;p=11182"},"modified":"2026-04-14T13:44:46","modified_gmt":"2026-04-14T11:44:46","slug":"aka-cut-50-hv","status":"publish","type":"product","link":"https:\/\/akasel.com\/se\/shop\/kapskivor\/superabrasiva-kapskivor\/diamantkapskivor\/aka-cut-50-hv\/","title":{"rendered":"Aka-Cut 50 HV"},"content":{"rendered":"<p>Tillg\u00e4nglig storlek: 152 mm, 250 mm<\/p>\n<p><a href=\"https:\/\/akasel.com\/wp-content\/uploads\/2024\/05\/16153150uk-1.pdf\">PDS Superabrasive cut-off wheels (EN)<\/a><\/p>\n<p><a href=\"https:\/\/akasel.com\/wp-content\/uploads\/2020\/11\/98012863-67110001_aka-cut.pdf\">Aka-cut Anv\u00e4ndarhandb\u00f6cker (EN)<\/a><\/p>\n<p>&nbsp;<\/p>\n","protected":false},"excerpt":{"rendered":"<p><span style=\"font-weight: 400;\">Galvaniserad diamantkapskiva f\u00f6r precisionskapning av mjuka material som harts eller plast, t.ex. elektroniska komponenter.<\/span><\/p>\n<p><span style=\"font-weight: 400;\">Kapskivan har m\u00e5tten 152 x 0,8<\/span><\/p>\n<p><span style=\"font-weight: 400;\">x 12,7 mm.<\/span><\/p>\n<p><span style=\"font-weight: 400;\">L\u00e5g koncentration.<\/span><\/p>\n","protected":false},"featured_media":11493,"template":"","meta":[],"product_cat":[404,402],"product_tag":[],"class_list":["post-11182","product","type-product","status-publish","has-post-thumbnail","hentry","product_cat-diamantkapskivor","product_cat-superabrasiva-kapskivor"],"yoast_head":"<!-- This site is optimized with the Yoast SEO plugin v21.7 - https:\/\/yoast.com\/wordpress\/plugins\/seo\/ -->\n<title>Aka-Cut 50 HV | Precision Diamantkapskiva | AKASEL A\/S<\/title>\n<meta name=\"description\" content=\"Diamantbelagd precisionskapskiva f\u00f6r mjuka material. Perfekt f\u00f6r rena snitt med minimal deformation i metallografiska applikationer och k\u00e4nsliga prover.\" \/>\n<meta name=\"robots\" content=\"index, follow, max-snippet:-1, max-image-preview:large, max-video-preview:-1\" \/>\n<link rel=\"canonical\" href=\"https:\/\/akasel.com\/se\/shop\/kapskivor\/superabrasiva-kapskivor\/diamantkapskivor\/aka-cut-50-hv\/\" \/>\n<meta property=\"og:locale\" content=\"sv_SE\" \/>\n<meta property=\"og:type\" content=\"article\" \/>\n<meta property=\"og:title\" content=\"Aka-Cut 50 HV | Precision Diamantkapskiva | AKASEL A\/S\" \/>\n<meta property=\"og:description\" content=\"Diamantbelagd precisionskapskiva f\u00f6r mjuka material. Perfekt f\u00f6r rena snitt med minimal deformation i metallografiska applikationer och k\u00e4nsliga prover.\" \/>\n<meta property=\"og:url\" content=\"https:\/\/akasel.com\/se\/shop\/kapskivor\/superabrasiva-kapskivor\/diamantkapskivor\/aka-cut-50-hv\/\" \/>\n<meta property=\"og:site_name\" content=\"AKASEL A\/S\" \/>\n<meta property=\"article:modified_time\" content=\"2026-04-14T11:44:46+00:00\" \/>\n<meta property=\"og:image\" content=\"https:\/\/akasel.com\/se\/wp-content\/uploads\/sites\/5\/2023\/12\/aka-cut-50-removed-background-768x768.png\" \/>\n\t<meta property=\"og:image:width\" content=\"768\" \/>\n\t<meta property=\"og:image:height\" content=\"768\" \/>\n\t<meta property=\"og:image:type\" content=\"image\/png\" \/>\n<meta name=\"twitter:card\" content=\"summary_large_image\" \/>\n<meta name=\"twitter:label1\" content=\"Ber\u00e4knad l\u00e4stid\" \/>\n\t<meta name=\"twitter:data1\" content=\"1 minut\" \/>\n<!-- \/ Yoast SEO plugin. -->","yoast_head_json":{"title":"Aka-Cut 50 HV | Precision Diamantkapskiva | AKASEL A\/S","description":"Diamantbelagd precisionskapskiva f\u00f6r mjuka material. Perfekt f\u00f6r rena snitt med minimal deformation i metallografiska applikationer och k\u00e4nsliga prover.","robots":{"index":"index","follow":"follow","max-snippet":"max-snippet:-1","max-image-preview":"max-image-preview:large","max-video-preview":"max-video-preview:-1"},"canonical":"https:\/\/akasel.com\/se\/shop\/kapskivor\/superabrasiva-kapskivor\/diamantkapskivor\/aka-cut-50-hv\/","og_locale":"sv_SE","og_type":"article","og_title":"Aka-Cut 50 HV | Precision Diamantkapskiva | AKASEL A\/S","og_description":"Diamantbelagd precisionskapskiva f\u00f6r mjuka material. Perfekt f\u00f6r rena snitt med minimal deformation i metallografiska applikationer och k\u00e4nsliga prover.","og_url":"https:\/\/akasel.com\/se\/shop\/kapskivor\/superabrasiva-kapskivor\/diamantkapskivor\/aka-cut-50-hv\/","og_site_name":"AKASEL A\/S","article_modified_time":"2026-04-14T11:44:46+00:00","og_image":[{"width":768,"height":768,"url":"https:\/\/akasel.com\/se\/wp-content\/uploads\/sites\/5\/2023\/12\/aka-cut-50-removed-background-768x768.png","type":"image\/png"}],"twitter_card":"summary_large_image","twitter_misc":{"Ber\u00e4knad l\u00e4stid":"1 minut"},"schema":{"@context":"https:\/\/schema.org","@graph":[{"@type":"WebPage","@id":"https:\/\/akasel.com\/se\/shop\/kapskivor\/superabrasiva-kapskivor\/diamantkapskivor\/aka-cut-50-hv\/","url":"https:\/\/akasel.com\/se\/shop\/kapskivor\/superabrasiva-kapskivor\/diamantkapskivor\/aka-cut-50-hv\/","name":"Aka-Cut 50 HV | Precision Diamantkapskiva | AKASEL A\/S","isPartOf":{"@id":"https:\/\/akasel.com\/se\/#website"},"datePublished":"2023-12-29T11:58:16+00:00","dateModified":"2026-04-14T11:44:46+00:00","description":"Diamantbelagd precisionskapskiva f\u00f6r mjuka material. Perfekt f\u00f6r rena snitt med minimal deformation i metallografiska applikationer och k\u00e4nsliga prover.","breadcrumb":{"@id":"https:\/\/akasel.com\/se\/shop\/kapskivor\/superabrasiva-kapskivor\/diamantkapskivor\/aka-cut-50-hv\/#breadcrumb"},"inLanguage":"sv-SE","potentialAction":[{"@type":"ReadAction","target":["https:\/\/akasel.com\/se\/shop\/kapskivor\/superabrasiva-kapskivor\/diamantkapskivor\/aka-cut-50-hv\/"]}]},{"@type":"BreadcrumbList","@id":"https:\/\/akasel.com\/se\/shop\/kapskivor\/superabrasiva-kapskivor\/diamantkapskivor\/aka-cut-50-hv\/#breadcrumb","itemListElement":[{"@type":"ListItem","position":1,"name":"Home","item":"https:\/\/akasel.com\/se\/"},{"@type":"ListItem","position":2,"name":"Shop","item":"https:\/\/akasel.com\/se\/shop\/"},{"@type":"ListItem","position":3,"name":"Aka-Cut 50 HV"}]},{"@type":"WebSite","@id":"https:\/\/akasel.com\/se\/#website","url":"https:\/\/akasel.com\/se\/","name":"AKASEL A\/S","description":"","potentialAction":[{"@type":"SearchAction","target":{"@type":"EntryPoint","urlTemplate":"https:\/\/akasel.com\/se\/?s={search_term_string}"},"query-input":"required name=search_term_string"}],"inLanguage":"sv-SE"}]}},"_links":{"self":[{"href":"https:\/\/akasel.com\/se\/wp-json\/wp\/v3\/product\/11182"}],"collection":[{"href":"https:\/\/akasel.com\/se\/wp-json\/wp\/v3\/product"}],"about":[{"href":"https:\/\/akasel.com\/se\/wp-json\/wp\/v2\/types\/product"}],"wp:featuredmedia":[{"embeddable":true,"href":"https:\/\/akasel.com\/se\/wp-json\/wp\/v2\/media\/11493"}],"wp:attachment":[{"href":"https:\/\/akasel.com\/se\/wp-json\/wp\/v2\/media?parent=11182"}],"wp:term":[{"taxonomy":"product_cat","embeddable":true,"href":"https:\/\/akasel.com\/se\/wp-json\/wp\/v2\/product_cat?post=11182"},{"taxonomy":"product_tag","embeddable":true,"href":"https:\/\/akasel.com\/se\/wp-json\/wp\/v2\/product_tag?post=11182"}],"curies":[{"name":"wp","href":"https:\/\/api.w.org\/{rel}","templated":true}]}}