{"id":11184,"date":"2023-12-29T13:08:37","date_gmt":"2023-12-29T12:08:37","guid":{"rendered":"https:\/\/akasel.com\/?post_type=product&#038;p=11184"},"modified":"2026-04-14T13:56:46","modified_gmt":"2026-04-14T11:56:46","slug":"aka-cut-1500-hv","status":"publish","type":"product","link":"https:\/\/akasel.com\/se\/shop\/kapskivor\/superabrasiva-kapskivor\/cbn-kapskivor\/aka-cut-1500-hv\/","title":{"rendered":"Aka-Cut 1500 HV"},"content":{"rendered":"<p>Tillg\u00e4nglig storlek: 152 mm, 250 mm<\/p>\n<p><a href=\"https:\/\/akasel.com\/wp-content\/uploads\/2024\/05\/16153150uk-1.pdf\">PDS Superabrasive cut-off wheels (EN)<\/a><\/p>\n<p><a href=\"https:\/\/akasel.com\/wp-content\/uploads\/2020\/11\/98012863-67110001_aka-cut.pdf\">Aka-cut Anv\u00e4ndarhandb\u00f6cker (EN)<\/a><\/p>\n<p>&nbsp;<\/p>\n","protected":false},"excerpt":{"rendered":"<p>CBN-kappskiva med hartsbindning f\u00f6r precisionskapning av mycket h\u00e5rda j\u00e4rnmetaller med en h\u00e5rdhet p\u00e5<br \/>\n700-1500 HV.<\/p>\n<p>H\u00f6g koncentration.<\/p>\n","protected":false},"featured_media":11494,"template":"","meta":[],"product_cat":[405,402],"product_tag":[],"class_list":["post-11184","product","type-product","status-publish","has-post-thumbnail","hentry","product_cat-cbn-kapskivor","product_cat-superabrasiva-kapskivor"],"yoast_head":"<!-- This site is optimized with the Yoast SEO plugin v21.7 - https:\/\/yoast.com\/wordpress\/plugins\/seo\/ -->\n<title>Aka-Cut 1500 HV | Precision CBN Kapskiva | AKASEL A\/S<\/title>\n<meta name=\"description\" content=\"CBN kapskiva f\u00f6r precis kapning av mycket h\u00e5rda j\u00e4rnmetaller (700-1500 HV), ger rena snitt med minimal termisk p\u00e5verkan och h\u00f6g noggrannhet.\" \/>\n<meta name=\"robots\" content=\"index, follow, max-snippet:-1, max-image-preview:large, max-video-preview:-1\" \/>\n<link rel=\"canonical\" href=\"https:\/\/akasel.com\/se\/shop\/kapskivor\/superabrasiva-kapskivor\/cbn-kapskivor\/aka-cut-1500-hv\/\" \/>\n<meta property=\"og:locale\" content=\"sv_SE\" \/>\n<meta property=\"og:type\" content=\"article\" \/>\n<meta property=\"og:title\" content=\"Aka-Cut 1500 HV | Precision CBN Kapskiva | AKASEL A\/S\" \/>\n<meta property=\"og:description\" content=\"CBN kapskiva f\u00f6r precis kapning av mycket h\u00e5rda j\u00e4rnmetaller (700-1500 HV), ger rena snitt med minimal termisk p\u00e5verkan och h\u00f6g noggrannhet.\" \/>\n<meta property=\"og:url\" content=\"https:\/\/akasel.com\/se\/shop\/kapskivor\/superabrasiva-kapskivor\/cbn-kapskivor\/aka-cut-1500-hv\/\" \/>\n<meta property=\"og:site_name\" content=\"AKASEL A\/S\" \/>\n<meta property=\"article:modified_time\" content=\"2026-04-14T11:56:46+00:00\" \/>\n<meta property=\"og:image\" content=\"https:\/\/akasel.com\/se\/wp-content\/uploads\/sites\/5\/2023\/12\/aka-cut-1500-removed-background-768x770.png\" \/>\n\t<meta property=\"og:image:width\" content=\"768\" \/>\n\t<meta property=\"og:image:height\" content=\"770\" \/>\n\t<meta property=\"og:image:type\" content=\"image\/png\" \/>\n<meta name=\"twitter:card\" content=\"summary_large_image\" \/>\n<meta name=\"twitter:label1\" content=\"Ber\u00e4knad l\u00e4stid\" \/>\n\t<meta name=\"twitter:data1\" content=\"1 minut\" \/>\n<!-- \/ Yoast SEO plugin. -->","yoast_head_json":{"title":"Aka-Cut 1500 HV | Precision CBN Kapskiva | AKASEL A\/S","description":"CBN kapskiva f\u00f6r precis kapning av mycket h\u00e5rda j\u00e4rnmetaller (700-1500 HV), ger rena snitt med minimal termisk p\u00e5verkan och h\u00f6g noggrannhet.","robots":{"index":"index","follow":"follow","max-snippet":"max-snippet:-1","max-image-preview":"max-image-preview:large","max-video-preview":"max-video-preview:-1"},"canonical":"https:\/\/akasel.com\/se\/shop\/kapskivor\/superabrasiva-kapskivor\/cbn-kapskivor\/aka-cut-1500-hv\/","og_locale":"sv_SE","og_type":"article","og_title":"Aka-Cut 1500 HV | Precision CBN Kapskiva | AKASEL A\/S","og_description":"CBN kapskiva f\u00f6r precis kapning av mycket h\u00e5rda j\u00e4rnmetaller (700-1500 HV), ger rena snitt med minimal termisk p\u00e5verkan och h\u00f6g noggrannhet.","og_url":"https:\/\/akasel.com\/se\/shop\/kapskivor\/superabrasiva-kapskivor\/cbn-kapskivor\/aka-cut-1500-hv\/","og_site_name":"AKASEL A\/S","article_modified_time":"2026-04-14T11:56:46+00:00","og_image":[{"width":768,"height":770,"url":"https:\/\/akasel.com\/se\/wp-content\/uploads\/sites\/5\/2023\/12\/aka-cut-1500-removed-background-768x770.png","type":"image\/png"}],"twitter_card":"summary_large_image","twitter_misc":{"Ber\u00e4knad l\u00e4stid":"1 minut"},"schema":{"@context":"https:\/\/schema.org","@graph":[{"@type":"WebPage","@id":"https:\/\/akasel.com\/se\/shop\/kapskivor\/superabrasiva-kapskivor\/cbn-kapskivor\/aka-cut-1500-hv\/","url":"https:\/\/akasel.com\/se\/shop\/kapskivor\/superabrasiva-kapskivor\/cbn-kapskivor\/aka-cut-1500-hv\/","name":"Aka-Cut 1500 HV | Precision CBN Kapskiva | AKASEL A\/S","isPartOf":{"@id":"https:\/\/akasel.com\/se\/#website"},"datePublished":"2023-12-29T12:08:37+00:00","dateModified":"2026-04-14T11:56:46+00:00","description":"CBN kapskiva f\u00f6r precis kapning av mycket h\u00e5rda j\u00e4rnmetaller (700-1500 HV), ger rena snitt med minimal termisk p\u00e5verkan och h\u00f6g noggrannhet.","breadcrumb":{"@id":"https:\/\/akasel.com\/se\/shop\/kapskivor\/superabrasiva-kapskivor\/cbn-kapskivor\/aka-cut-1500-hv\/#breadcrumb"},"inLanguage":"sv-SE","potentialAction":[{"@type":"ReadAction","target":["https:\/\/akasel.com\/se\/shop\/kapskivor\/superabrasiva-kapskivor\/cbn-kapskivor\/aka-cut-1500-hv\/"]}]},{"@type":"BreadcrumbList","@id":"https:\/\/akasel.com\/se\/shop\/kapskivor\/superabrasiva-kapskivor\/cbn-kapskivor\/aka-cut-1500-hv\/#breadcrumb","itemListElement":[{"@type":"ListItem","position":1,"name":"Home","item":"https:\/\/akasel.com\/se\/"},{"@type":"ListItem","position":2,"name":"Shop","item":"https:\/\/akasel.com\/se\/shop\/"},{"@type":"ListItem","position":3,"name":"Aka-Cut 1500 HV"}]},{"@type":"WebSite","@id":"https:\/\/akasel.com\/se\/#website","url":"https:\/\/akasel.com\/se\/","name":"AKASEL A\/S","description":"","potentialAction":[{"@type":"SearchAction","target":{"@type":"EntryPoint","urlTemplate":"https:\/\/akasel.com\/se\/?s={search_term_string}"},"query-input":"required name=search_term_string"}],"inLanguage":"sv-SE"}]}},"_links":{"self":[{"href":"https:\/\/akasel.com\/se\/wp-json\/wp\/v3\/product\/11184"}],"collection":[{"href":"https:\/\/akasel.com\/se\/wp-json\/wp\/v3\/product"}],"about":[{"href":"https:\/\/akasel.com\/se\/wp-json\/wp\/v2\/types\/product"}],"wp:featuredmedia":[{"embeddable":true,"href":"https:\/\/akasel.com\/se\/wp-json\/wp\/v2\/media\/11494"}],"wp:attachment":[{"href":"https:\/\/akasel.com\/se\/wp-json\/wp\/v2\/media?parent=11184"}],"wp:term":[{"taxonomy":"product_cat","embeddable":true,"href":"https:\/\/akasel.com\/se\/wp-json\/wp\/v2\/product_cat?post=11184"},{"taxonomy":"product_tag","embeddable":true,"href":"https:\/\/akasel.com\/se\/wp-json\/wp\/v2\/product_tag?post=11184"}],"curies":[{"name":"wp","href":"https:\/\/api.w.org\/{rel}","templated":true}]}}