{"id":12321,"date":"2025-05-12T13:59:13","date_gmt":"2025-05-12T11:59:13","guid":{"rendered":"https:\/\/akasel.com\/se\/?post_type=product&#038;p=12321"},"modified":"2026-01-05T17:39:58","modified_gmt":"2026-01-05T16:39:58","slug":"aka-resin-pp-orange","status":"publish","type":"product","link":"https:\/\/akasel.com\/se\/shop\/varming-jutning\/aka-resin-pp\/aka-resin-pp-orange\/","title":{"rendered":"Aka-Resin PP, Orange"},"content":{"rendered":"<p>Tillg\u00e4ngligt inneh\u00e5ll: 2,5 kg, 7,5 kg, 30 kg (4 x 7,5 kg)<\/p>\n<p><a href=\"https:\/\/akasel.com\/wp-content\/uploads\/2025\/05\/sds-aka-resin-pp-black-green-orange-red-se-v10.pdf\">SDS Aka-Resin PP (SE)<\/a><\/p>\n<p><a href=\"https:\/\/akasel.com\/wp-content\/uploads\/2025\/05\/fact-sheet-11-aka-resin-pp.pdf\">Aka-Resin PP Fact Sheets (EN)<\/a><\/p>\n<p><a href=\"https:\/\/akasel.com\/wp-content\/uploads\/2025\/05\/hot-mounting-brochure-uk-web.pdf\">Hot Mounting Product Brochures (EN)<\/a><\/p>\n<div style=\"position: relative; padding-bottom: 56.25%; height: 0; overflow: hidden; max-width: 100%; height: auto;\">\n    <video style=\"position: absolute; top: 0; left: 0; width: 100%; height: 100%;\"  \ncontrols \n           preload=\"metadata\" \n           poster=\"https:\/\/akasel.com\/wp-content\/uploads\/2025\/05\/aka-resin-pp-thumbnail.jpg\"><source src=\"https:\/\/akasel.com\/wp-content\/uploads\/2025\/08\/expanding-the-akasel-hot-mounting-range-aka-resin-pp.mp4\" type=\"video\/mp4\">Your browser does not support video playback.<\/video>\n<\/div>\n","protected":false},"excerpt":{"rendered":"<p><span data-sheets-root=\"1\">Orange, mineralfylld polypropenharts f\u00f6r varminb\u00e4ddning. Aka-Resin PP \u00e4r ett dammfritt harts med l\u00e5g krympning, god vidh\u00e4ftning och h\u00f6g\/l\u00e4tt fl\u00f6desf\u00f6rm\u00e5ga f\u00f6r h\u00f6gkvalitativa inb\u00e4ddningar.<\/span><\/p>\n<p><strong>Specifikationer f\u00f6r h\u00e4rdning:<\/strong><br \/>\nDiameter, kraft, uppv\u00e4rmning\/kylningstid:<br \/>\n25 mm: 15 kN, 5\u20137 min \/ 3 min<br \/>\n30 mm: 25 kN, 5\u20137 min \/ 3 min<br \/>\n40 mm: 30 kN, 6\u20138 min \/ 4 min<br \/>\n50 mm: 45 kN, 8\u201310 min \/ 5 min<\/p>\n<p>H\u00e4rdning vid 160 &#8211; 180 \u00b0C, 250 bar, h\u00f6g kylhastighet.<\/p>\n<p>Om inb\u00e4ddningen inte \u00e4r helt h\u00e4rdad, \u00f6ka tiden.<\/p>\n<p>Ovanst\u00e5ende parametrar kan variera beroende p\u00e5 egenskaperna hos den anv\u00e4nda inb\u00e4ddningspressen.<\/p>\n","protected":false},"featured_media":12326,"template":"","meta":[],"product_cat":[420,317,318],"product_tag":[],"class_list":["post-12321","product","type-product","status-publish","has-post-thumbnail","hentry","product_cat-aka-resin-pp","product_cat-ingjutning","product_cat-varming-jutning","alt-image-hover-enabled"],"yoast_head":"<!-- This site is optimized with the Yoast SEO plugin v21.7 - https:\/\/yoast.com\/wordpress\/plugins\/seo\/ -->\n<title>Aka-Resin PP, Orange: Harts f\u00f6r Varmingjutning | AKASEL A\/S<\/title>\n<meta name=\"description\" content=\"Orange dammfri varminkapslingsharts f\u00f6r metallografi. S\u00e4ker anv\u00e4ndning, j\u00e4mn fl\u00f6de och f\u00e4rgkodning ger tydlig och effektiv provgruppering i labbet.\" \/>\n<meta name=\"robots\" content=\"index, follow, max-snippet:-1, max-image-preview:large, max-video-preview:-1\" \/>\n<link rel=\"canonical\" href=\"https:\/\/akasel.com\/se\/shop\/varming-jutning\/aka-resin-pp\/aka-resin-pp-orange\/\" \/>\n<meta property=\"og:locale\" content=\"sv_SE\" \/>\n<meta property=\"og:type\" content=\"article\" \/>\n<meta property=\"og:title\" content=\"Aka-Resin PP, Orange: Harts f\u00f6r Varmingjutning | AKASEL A\/S\" \/>\n<meta property=\"og:description\" content=\"Orange dammfri varminkapslingsharts f\u00f6r metallografi. S\u00e4ker anv\u00e4ndning, j\u00e4mn fl\u00f6de och f\u00e4rgkodning ger tydlig och effektiv provgruppering i labbet.\" \/>\n<meta property=\"og:url\" content=\"https:\/\/akasel.com\/se\/shop\/varming-jutning\/aka-resin-pp\/aka-resin-pp-orange\/\" \/>\n<meta property=\"og:site_name\" content=\"AKASEL A\/S\" \/>\n<meta property=\"article:modified_time\" content=\"2026-01-05T16:39:58+00:00\" \/>\n<meta property=\"og:image\" content=\"https:\/\/akasel.com\/se\/wp-content\/uploads\/sites\/5\/2025\/03\/aka-resin-pp-orange-25-kg.png\" \/>\n\t<meta property=\"og:image:width\" content=\"1506\" \/>\n\t<meta property=\"og:image:height\" content=\"2560\" \/>\n\t<meta property=\"og:image:type\" content=\"image\/png\" \/>\n<meta name=\"twitter:card\" content=\"summary_large_image\" \/>\n<meta name=\"twitter:label1\" content=\"Ber\u00e4knad l\u00e4stid\" \/>\n\t<meta name=\"twitter:data1\" content=\"1 minut\" \/>\n<!-- \/ Yoast SEO plugin. -->","yoast_head_json":{"title":"Aka-Resin PP, Orange: Harts f\u00f6r Varmingjutning | AKASEL A\/S","description":"Orange dammfri varminkapslingsharts f\u00f6r metallografi. S\u00e4ker anv\u00e4ndning, j\u00e4mn fl\u00f6de och f\u00e4rgkodning ger tydlig och effektiv provgruppering i labbet.","robots":{"index":"index","follow":"follow","max-snippet":"max-snippet:-1","max-image-preview":"max-image-preview:large","max-video-preview":"max-video-preview:-1"},"canonical":"https:\/\/akasel.com\/se\/shop\/varming-jutning\/aka-resin-pp\/aka-resin-pp-orange\/","og_locale":"sv_SE","og_type":"article","og_title":"Aka-Resin PP, Orange: Harts f\u00f6r Varmingjutning | AKASEL A\/S","og_description":"Orange dammfri varminkapslingsharts f\u00f6r metallografi. S\u00e4ker anv\u00e4ndning, j\u00e4mn fl\u00f6de och f\u00e4rgkodning ger tydlig och effektiv provgruppering i labbet.","og_url":"https:\/\/akasel.com\/se\/shop\/varming-jutning\/aka-resin-pp\/aka-resin-pp-orange\/","og_site_name":"AKASEL A\/S","article_modified_time":"2026-01-05T16:39:58+00:00","og_image":[{"width":1506,"height":2560,"url":"https:\/\/akasel.com\/se\/wp-content\/uploads\/sites\/5\/2025\/03\/aka-resin-pp-orange-25-kg.png","type":"image\/png"}],"twitter_card":"summary_large_image","twitter_misc":{"Ber\u00e4knad l\u00e4stid":"1 minut"},"schema":{"@context":"https:\/\/schema.org","@graph":[{"@type":"WebPage","@id":"https:\/\/akasel.com\/se\/shop\/varming-jutning\/aka-resin-pp\/aka-resin-pp-orange\/","url":"https:\/\/akasel.com\/se\/shop\/varming-jutning\/aka-resin-pp\/aka-resin-pp-orange\/","name":"Aka-Resin PP, Orange: Harts f\u00f6r Varmingjutning | AKASEL A\/S","isPartOf":{"@id":"https:\/\/akasel.com\/se\/#website"},"datePublished":"2025-05-12T11:59:13+00:00","dateModified":"2026-01-05T16:39:58+00:00","description":"Orange dammfri varminkapslingsharts f\u00f6r metallografi. S\u00e4ker anv\u00e4ndning, j\u00e4mn fl\u00f6de och f\u00e4rgkodning ger tydlig och effektiv provgruppering i labbet.","breadcrumb":{"@id":"https:\/\/akasel.com\/se\/shop\/varming-jutning\/aka-resin-pp\/aka-resin-pp-orange\/#breadcrumb"},"inLanguage":"sv-SE","potentialAction":[{"@type":"ReadAction","target":["https:\/\/akasel.com\/se\/shop\/varming-jutning\/aka-resin-pp\/aka-resin-pp-orange\/"]}]},{"@type":"BreadcrumbList","@id":"https:\/\/akasel.com\/se\/shop\/varming-jutning\/aka-resin-pp\/aka-resin-pp-orange\/#breadcrumb","itemListElement":[{"@type":"ListItem","position":1,"name":"Home","item":"https:\/\/akasel.com\/se\/"},{"@type":"ListItem","position":2,"name":"Shop","item":"https:\/\/akasel.com\/se\/shop\/"},{"@type":"ListItem","position":3,"name":"Aka-Resin PP, Orange"}]},{"@type":"WebSite","@id":"https:\/\/akasel.com\/se\/#website","url":"https:\/\/akasel.com\/se\/","name":"AKASEL A\/S","description":"","potentialAction":[{"@type":"SearchAction","target":{"@type":"EntryPoint","urlTemplate":"https:\/\/akasel.com\/se\/?s={search_term_string}"},"query-input":"required name=search_term_string"}],"inLanguage":"sv-SE"}]}},"_links":{"self":[{"href":"https:\/\/akasel.com\/se\/wp-json\/wp\/v3\/product\/12321"}],"collection":[{"href":"https:\/\/akasel.com\/se\/wp-json\/wp\/v3\/product"}],"about":[{"href":"https:\/\/akasel.com\/se\/wp-json\/wp\/v2\/types\/product"}],"wp:featuredmedia":[{"embeddable":true,"href":"https:\/\/akasel.com\/se\/wp-json\/wp\/v2\/media\/12326"}],"wp:attachment":[{"href":"https:\/\/akasel.com\/se\/wp-json\/wp\/v2\/media?parent=12321"}],"wp:term":[{"taxonomy":"product_cat","embeddable":true,"href":"https:\/\/akasel.com\/se\/wp-json\/wp\/v2\/product_cat?post=12321"},{"taxonomy":"product_tag","embeddable":true,"href":"https:\/\/akasel.com\/se\/wp-json\/wp\/v2\/product_tag?post=12321"}],"curies":[{"name":"wp","href":"https:\/\/api.w.org\/{rel}","templated":true}]}}