{"id":9842,"date":"2020-10-28T20:01:01","date_gmt":"2020-10-28T19:01:01","guid":{"rendered":"https:\/\/akasel.com\/p\/aka-rhaco-flex\/"},"modified":"2026-01-05T17:44:10","modified_gmt":"2026-01-05T16:44:10","slug":"aka-rhaco-flex","status":"publish","type":"product","link":"https:\/\/akasel.com\/se\/shop\/slippapper\/adapterskivor\/aka-rhaco-flex\/","title":{"rendered":"Aka-Rhaco Flex"},"content":{"rendered":"<p>Tillg\u00e4nglig storlek: 200 mm, 230 mm, 250 mm, 300 mm, 350 mm<\/p>\n<p>Tillg\u00e4ngligt inneh\u00e5ll: 2 pcs.<\/p>\n<p><a href=\"https:\/\/akasel.com\/wp-content\/uploads\/2020\/11\/0074-manual-rhaco_ukde_a5_er.pdf\">Aka-Rhaco Produktbroschyrer<\/a><\/p>\n<p><a href=\"https:\/\/akasel.com\/wp-content\/uploads\/2024\/05\/4313uk.pdf\">PDS Aka-Rhaco Flex (EN)<\/a><\/p>\n<div style=\"position: relative; padding-bottom: 56.25%; height: 0; overflow: hidden; max-width: 100%; height: auto;\">\n    <video style=\"position: absolute; top: 0; left: 0; width: 100%; height: 100%;\"  \ncontrols \n           preload=\"metadata\" \n           poster=\"https:\/\/akasel.com\/wp-content\/uploads\/2024\/09\/the-application-areas-of-aka-rhaco-and-rhaco-psa.png\"><source src=\"https:\/\/akasel.com\/wp-content\/uploads\/2020\/11\/the-application-areas-of-aka-rhaco.mp4\" type=\"video\/mp4\">Your browser does not support video playback.<\/video>\n<\/div>\n","protected":false},"excerpt":{"rendered":"<p>Flexibel, sj\u00e4lvh\u00e4ftande adapterskiva med en mjuk polymerbel\u00e4ggning f\u00f6r att h\u00e5lla kvar slippapper.<br \/>\nDen ers\u00e4tter dyra PSA- eller foliebaserade slippapper.<\/p>\n<p>Den kan ocks\u00e5 anv\u00e4ndas med sj\u00e4lvh\u00e4ftande polerdukar (n\u00e4r du inte tar bort linern).<\/p>\n<p>Aka-Rhaco Flex h\u00e5ller f\u00f6r upp till 1000 applikationer.<\/p>\n","protected":false},"featured_media":11544,"template":"","meta":[],"product_cat":[334,335,339],"product_tag":[],"class_list":["post-9842","product","type-product","status-publish","has-post-thumbnail","hentry","product_cat-slipning","product_cat-slippapper","product_cat-adapterskivor"],"yoast_head":"<!-- This site is optimized with the Yoast SEO plugin v21.7 - https:\/\/yoast.com\/wordpress\/plugins\/seo\/ -->\n<title>Aka-Rhaco Flex | Adhesive Adapter f\u00f6r Slippapper | AKASEL A\/S<\/title>\n<meta name=\"description\" content=\"F\u00f6rb\u00e4ttra slipprocessen med en sj\u00e4lvh\u00e4ftande adapterskiva f\u00f6r enkel och s\u00e4ker anv\u00e4ndning av slippapper. Perfekt f\u00f6r effektiv metallografisk beredning.\" \/>\n<meta name=\"robots\" content=\"index, follow, max-snippet:-1, max-image-preview:large, max-video-preview:-1\" \/>\n<link rel=\"canonical\" href=\"https:\/\/akasel.com\/se\/shop\/slippapper\/adapterskivor\/aka-rhaco-flex\/\" \/>\n<meta property=\"og:locale\" content=\"sv_SE\" \/>\n<meta property=\"og:type\" content=\"article\" \/>\n<meta property=\"og:title\" content=\"Aka-Rhaco Flex | Adhesive Adapter f\u00f6r Slippapper | AKASEL A\/S\" \/>\n<meta property=\"og:description\" content=\"F\u00f6rb\u00e4ttra slipprocessen med en sj\u00e4lvh\u00e4ftande adapterskiva f\u00f6r enkel och s\u00e4ker anv\u00e4ndning av slippapper. Perfekt f\u00f6r effektiv metallografisk beredning.\" \/>\n<meta property=\"og:url\" content=\"https:\/\/akasel.com\/se\/shop\/slippapper\/adapterskivor\/aka-rhaco-flex\/\" \/>\n<meta property=\"og:site_name\" content=\"AKASEL A\/S\" \/>\n<meta property=\"article:modified_time\" content=\"2026-01-05T16:44:10+00:00\" \/>\n<meta property=\"og:image\" content=\"https:\/\/akasel.com\/se\/wp-content\/uploads\/sites\/5\/2020\/10\/aka-rhaco-psa.png\" \/>\n\t<meta property=\"og:image:width\" content=\"2560\" \/>\n\t<meta property=\"og:image:height\" content=\"2506\" \/>\n\t<meta property=\"og:image:type\" content=\"image\/png\" \/>\n<meta name=\"twitter:card\" content=\"summary_large_image\" \/>\n<meta name=\"twitter:label1\" content=\"Ber\u00e4knad l\u00e4stid\" \/>\n\t<meta name=\"twitter:data1\" content=\"1 minut\" \/>\n<!-- \/ Yoast SEO plugin. -->","yoast_head_json":{"title":"Aka-Rhaco Flex | Adhesive Adapter f\u00f6r Slippapper | AKASEL A\/S","description":"F\u00f6rb\u00e4ttra slipprocessen med en sj\u00e4lvh\u00e4ftande adapterskiva f\u00f6r enkel och s\u00e4ker anv\u00e4ndning av slippapper. Perfekt f\u00f6r effektiv metallografisk beredning.","robots":{"index":"index","follow":"follow","max-snippet":"max-snippet:-1","max-image-preview":"max-image-preview:large","max-video-preview":"max-video-preview:-1"},"canonical":"https:\/\/akasel.com\/se\/shop\/slippapper\/adapterskivor\/aka-rhaco-flex\/","og_locale":"sv_SE","og_type":"article","og_title":"Aka-Rhaco Flex | Adhesive Adapter f\u00f6r Slippapper | AKASEL A\/S","og_description":"F\u00f6rb\u00e4ttra slipprocessen med en sj\u00e4lvh\u00e4ftande adapterskiva f\u00f6r enkel och s\u00e4ker anv\u00e4ndning av slippapper. Perfekt f\u00f6r effektiv metallografisk beredning.","og_url":"https:\/\/akasel.com\/se\/shop\/slippapper\/adapterskivor\/aka-rhaco-flex\/","og_site_name":"AKASEL A\/S","article_modified_time":"2026-01-05T16:44:10+00:00","og_image":[{"width":2560,"height":2506,"url":"https:\/\/akasel.com\/se\/wp-content\/uploads\/sites\/5\/2020\/10\/aka-rhaco-psa.png","type":"image\/png"}],"twitter_card":"summary_large_image","twitter_misc":{"Ber\u00e4knad l\u00e4stid":"1 minut"},"schema":{"@context":"https:\/\/schema.org","@graph":[{"@type":"WebPage","@id":"https:\/\/akasel.com\/se\/shop\/slippapper\/adapterskivor\/aka-rhaco-flex\/","url":"https:\/\/akasel.com\/se\/shop\/slippapper\/adapterskivor\/aka-rhaco-flex\/","name":"Aka-Rhaco Flex | Adhesive Adapter f\u00f6r Slippapper | AKASEL A\/S","isPartOf":{"@id":"https:\/\/akasel.com\/se\/#website"},"datePublished":"2020-10-28T19:01:01+00:00","dateModified":"2026-01-05T16:44:10+00:00","description":"F\u00f6rb\u00e4ttra slipprocessen med en sj\u00e4lvh\u00e4ftande adapterskiva f\u00f6r enkel och s\u00e4ker anv\u00e4ndning av slippapper. Perfekt f\u00f6r effektiv metallografisk beredning.","breadcrumb":{"@id":"https:\/\/akasel.com\/se\/shop\/slippapper\/adapterskivor\/aka-rhaco-flex\/#breadcrumb"},"inLanguage":"sv-SE","potentialAction":[{"@type":"ReadAction","target":["https:\/\/akasel.com\/se\/shop\/slippapper\/adapterskivor\/aka-rhaco-flex\/"]}]},{"@type":"BreadcrumbList","@id":"https:\/\/akasel.com\/se\/shop\/slippapper\/adapterskivor\/aka-rhaco-flex\/#breadcrumb","itemListElement":[{"@type":"ListItem","position":1,"name":"Home","item":"https:\/\/akasel.com\/se\/"},{"@type":"ListItem","position":2,"name":"Shop","item":"https:\/\/akasel.com\/se\/shop\/"},{"@type":"ListItem","position":3,"name":"Aka-Rhaco Flex"}]},{"@type":"WebSite","@id":"https:\/\/akasel.com\/se\/#website","url":"https:\/\/akasel.com\/se\/","name":"AKASEL A\/S","description":"","potentialAction":[{"@type":"SearchAction","target":{"@type":"EntryPoint","urlTemplate":"https:\/\/akasel.com\/se\/?s={search_term_string}"},"query-input":"required name=search_term_string"}],"inLanguage":"sv-SE"}]}},"_links":{"self":[{"href":"https:\/\/akasel.com\/se\/wp-json\/wp\/v3\/product\/9842"}],"collection":[{"href":"https:\/\/akasel.com\/se\/wp-json\/wp\/v3\/product"}],"about":[{"href":"https:\/\/akasel.com\/se\/wp-json\/wp\/v2\/types\/product"}],"wp:featuredmedia":[{"embeddable":true,"href":"https:\/\/akasel.com\/se\/wp-json\/wp\/v2\/media\/11544"}],"wp:attachment":[{"href":"https:\/\/akasel.com\/se\/wp-json\/wp\/v2\/media?parent=9842"}],"wp:term":[{"taxonomy":"product_cat","embeddable":true,"href":"https:\/\/akasel.com\/se\/wp-json\/wp\/v2\/product_cat?post=9842"},{"taxonomy":"product_tag","embeddable":true,"href":"https:\/\/akasel.com\/se\/wp-json\/wp\/v2\/product_tag?post=9842"}],"curies":[{"name":"wp","href":"https:\/\/api.w.org\/{rel}","templated":true}]}}