{"id":9849,"date":"2020-10-23T12:11:40","date_gmt":"2020-10-23T10:11:40","guid":{"rendered":"https:\/\/akasel.com\/p\/aka-cool-1-l\/"},"modified":"2026-01-05T17:39:49","modified_gmt":"2026-01-05T16:39:49","slug":"aka-cool","status":"publish","type":"product","link":"https:\/\/akasel.com\/se\/shop\/kapskivor\/vattenlosligt-kylmedel-for-metallskarning\/aka-cool\/","title":{"rendered":"Aka-Cool"},"content":{"rendered":"<p>Tillg\u00e4ngligt inneh\u00e5ll: 1 l, 5 l<\/p>\n<p><a href=\"https:\/\/akasel.com\/wp-content\/uploads\/2024\/11\/sds-aka-cool-se-v10.pdf\">SDS Aka-Cool (SE)<\/a><\/p>\n<p><a href=\"https:\/\/akasel.com\/wp-content\/uploads\/2024\/06\/aka-cut-product-brochure.pdf\">Aka-cut, Cut-off Wheels Produktbroschyrer (EN)<\/a><\/p>\n<p>&nbsp;<\/p>\n","protected":false},"excerpt":{"rendered":"<p>Vattenl\u00f6slig kylv\u00e4tska f\u00f6r recirkulationsenheter. F\u00f6r optimala sk\u00e4rresultat med minimala termiska skador och skydd av sk\u00e4rmaskinen mot korrosion.<\/p>\n<p>F\u00f6r optimal prestanda blanda 3-5 % av Aka-Cool med vatten.<\/p>\n","protected":false},"featured_media":11502,"template":"","meta":[],"product_cat":[297,332],"product_tag":[],"class_list":["post-9849","product","type-product","status-publish","has-post-thumbnail","hentry","product_cat-kapskivor","product_cat-vattenlosligt-kylmedel-for-metallskarning"],"yoast_head":"<!-- This site is optimized with the Yoast SEO plugin v21.7 - https:\/\/yoast.com\/wordpress\/plugins\/seo\/ -->\n<title>Aka-Cool | Vattenl\u00f6sligt Kylmedel f\u00f6r Metallografi | Akasel<\/title>\n<meta name=\"description\" content=\"F\u00f6rb\u00e4ttra sk\u00e4rningsprocessen med Aka-Cool, ett vattenl\u00f6sligt kylmedel som minskar v\u00e4rme, f\u00f6rb\u00e4ttrar sm\u00f6rjning och f\u00f6rhindrar korrosion.\" \/>\n<meta name=\"robots\" content=\"index, follow, max-snippet:-1, max-image-preview:large, max-video-preview:-1\" \/>\n<link rel=\"canonical\" href=\"https:\/\/akasel.com\/se\/shop\/kapskivor\/vattenlosligt-kylmedel-for-metallskarning\/aka-cool\/\" \/>\n<meta property=\"og:locale\" content=\"sv_SE\" \/>\n<meta property=\"og:type\" content=\"article\" \/>\n<meta property=\"og:title\" content=\"Aka-Cool | Vattenl\u00f6sligt Kylmedel f\u00f6r Metallografi | Akasel\" \/>\n<meta property=\"og:description\" content=\"F\u00f6rb\u00e4ttra sk\u00e4rningsprocessen med Aka-Cool, ett vattenl\u00f6sligt kylmedel som minskar v\u00e4rme, f\u00f6rb\u00e4ttrar sm\u00f6rjning och f\u00f6rhindrar korrosion.\" \/>\n<meta property=\"og:url\" content=\"https:\/\/akasel.com\/se\/shop\/kapskivor\/vattenlosligt-kylmedel-for-metallskarning\/aka-cool\/\" \/>\n<meta property=\"og:site_name\" content=\"AKASEL A\/S\" \/>\n<meta property=\"article:modified_time\" content=\"2026-01-05T16:39:49+00:00\" \/>\n<meta property=\"og:image\" content=\"https:\/\/akasel.com\/se\/wp-content\/uploads\/sites\/5\/2020\/10\/19201015.png\" \/>\n\t<meta property=\"og:image:width\" content=\"1348\" \/>\n\t<meta property=\"og:image:height\" content=\"2560\" \/>\n\t<meta property=\"og:image:type\" content=\"image\/png\" \/>\n<meta name=\"twitter:card\" content=\"summary_large_image\" \/>\n<meta name=\"twitter:label1\" content=\"Ber\u00e4knad l\u00e4stid\" \/>\n\t<meta name=\"twitter:data1\" content=\"1 minut\" \/>\n<!-- \/ Yoast SEO plugin. -->","yoast_head_json":{"title":"Aka-Cool | Vattenl\u00f6sligt Kylmedel f\u00f6r Metallografi | Akasel","description":"F\u00f6rb\u00e4ttra sk\u00e4rningsprocessen med Aka-Cool, ett vattenl\u00f6sligt kylmedel som minskar v\u00e4rme, f\u00f6rb\u00e4ttrar sm\u00f6rjning och f\u00f6rhindrar korrosion.","robots":{"index":"index","follow":"follow","max-snippet":"max-snippet:-1","max-image-preview":"max-image-preview:large","max-video-preview":"max-video-preview:-1"},"canonical":"https:\/\/akasel.com\/se\/shop\/kapskivor\/vattenlosligt-kylmedel-for-metallskarning\/aka-cool\/","og_locale":"sv_SE","og_type":"article","og_title":"Aka-Cool | Vattenl\u00f6sligt Kylmedel f\u00f6r Metallografi | Akasel","og_description":"F\u00f6rb\u00e4ttra sk\u00e4rningsprocessen med Aka-Cool, ett vattenl\u00f6sligt kylmedel som minskar v\u00e4rme, f\u00f6rb\u00e4ttrar sm\u00f6rjning och f\u00f6rhindrar korrosion.","og_url":"https:\/\/akasel.com\/se\/shop\/kapskivor\/vattenlosligt-kylmedel-for-metallskarning\/aka-cool\/","og_site_name":"AKASEL A\/S","article_modified_time":"2026-01-05T16:39:49+00:00","og_image":[{"width":1348,"height":2560,"url":"https:\/\/akasel.com\/se\/wp-content\/uploads\/sites\/5\/2020\/10\/19201015.png","type":"image\/png"}],"twitter_card":"summary_large_image","twitter_misc":{"Ber\u00e4knad l\u00e4stid":"1 minut"},"schema":{"@context":"https:\/\/schema.org","@graph":[{"@type":"WebPage","@id":"https:\/\/akasel.com\/se\/shop\/kapskivor\/vattenlosligt-kylmedel-for-metallskarning\/aka-cool\/","url":"https:\/\/akasel.com\/se\/shop\/kapskivor\/vattenlosligt-kylmedel-for-metallskarning\/aka-cool\/","name":"Aka-Cool | Vattenl\u00f6sligt Kylmedel f\u00f6r Metallografi | Akasel","isPartOf":{"@id":"https:\/\/akasel.com\/se\/#website"},"datePublished":"2020-10-23T10:11:40+00:00","dateModified":"2026-01-05T16:39:49+00:00","description":"F\u00f6rb\u00e4ttra sk\u00e4rningsprocessen med Aka-Cool, ett vattenl\u00f6sligt kylmedel som minskar v\u00e4rme, f\u00f6rb\u00e4ttrar sm\u00f6rjning och f\u00f6rhindrar korrosion.","breadcrumb":{"@id":"https:\/\/akasel.com\/se\/shop\/kapskivor\/vattenlosligt-kylmedel-for-metallskarning\/aka-cool\/#breadcrumb"},"inLanguage":"sv-SE","potentialAction":[{"@type":"ReadAction","target":["https:\/\/akasel.com\/se\/shop\/kapskivor\/vattenlosligt-kylmedel-for-metallskarning\/aka-cool\/"]}]},{"@type":"BreadcrumbList","@id":"https:\/\/akasel.com\/se\/shop\/kapskivor\/vattenlosligt-kylmedel-for-metallskarning\/aka-cool\/#breadcrumb","itemListElement":[{"@type":"ListItem","position":1,"name":"Home","item":"https:\/\/akasel.com\/se\/"},{"@type":"ListItem","position":2,"name":"Shop","item":"https:\/\/akasel.com\/se\/shop\/"},{"@type":"ListItem","position":3,"name":"Aka-Cool"}]},{"@type":"WebSite","@id":"https:\/\/akasel.com\/se\/#website","url":"https:\/\/akasel.com\/se\/","name":"AKASEL A\/S","description":"","potentialAction":[{"@type":"SearchAction","target":{"@type":"EntryPoint","urlTemplate":"https:\/\/akasel.com\/se\/?s={search_term_string}"},"query-input":"required name=search_term_string"}],"inLanguage":"sv-SE"}]}},"_links":{"self":[{"href":"https:\/\/akasel.com\/se\/wp-json\/wp\/v3\/product\/9849"}],"collection":[{"href":"https:\/\/akasel.com\/se\/wp-json\/wp\/v3\/product"}],"about":[{"href":"https:\/\/akasel.com\/se\/wp-json\/wp\/v2\/types\/product"}],"wp:featuredmedia":[{"embeddable":true,"href":"https:\/\/akasel.com\/se\/wp-json\/wp\/v2\/media\/11502"}],"wp:attachment":[{"href":"https:\/\/akasel.com\/se\/wp-json\/wp\/v2\/media?parent=9849"}],"wp:term":[{"taxonomy":"product_cat","embeddable":true,"href":"https:\/\/akasel.com\/se\/wp-json\/wp\/v2\/product_cat?post=9849"},{"taxonomy":"product_tag","embeddable":true,"href":"https:\/\/akasel.com\/se\/wp-json\/wp\/v2\/product_tag?post=9849"}],"curies":[{"name":"wp","href":"https:\/\/api.w.org\/{rel}","templated":true}]}}