{"id":9855,"date":"2020-10-23T12:24:09","date_gmt":"2020-10-23T10:24:09","guid":{"rendered":"https:\/\/akasel.com\/p\/aka-resin-acrylic\/"},"modified":"2026-01-09T15:00:32","modified_gmt":"2026-01-09T14:00:32","slug":"aka-resin-acrylic","status":"publish","type":"product","link":"https:\/\/akasel.com\/se\/shop\/ingjutning\/aka-resin-acrylic\/","title":{"rendered":"Aka-Resin Acrylic"},"content":{"rendered":"<p>Tillg\u00e4ngligt inneh\u00e5ll: 1 kg, 7,5 kg, 30 kg (4 x 7,5 kg)<\/p>\n<p><a href=\"https:\/\/akasel.com\/wp-content\/uploads\/2024\/11\/sds-aka-resin-acrylic-se-v30.pdf\">SDS Aka-Resin Acrylic (SE)<\/a><\/p>\n<p>&nbsp;<\/p>\n","protected":false},"excerpt":{"rendered":"<p><span style=\"font-weight: 400\">Akrylharts f\u00f6r varmingjutning. Termoplastisk akrylmassa f\u00f6r klar inb\u00e4ddning med l\u00e5g krympning. Klar inb\u00e4ddning \u00e4r optimal vid t.ex. felanalys. <\/span><\/p>\n<p><b>Specifikationer f\u00f6r h\u00e4rdning<\/b><br \/>\n<span style=\"font-weight: 400\">Dia, kraft, uppv\u00e4rmnings-\/kylningstid:<\/span><br \/>\n<span style=\"font-weight: 400\">25 mm: 15 kN, 4-6 min\/6-7 min<\/span><br \/>\n<span style=\"font-weight: 400\">30 mm: 25 kN, 4-6 min\/6-8 min<\/span><br \/>\n<span style=\"font-weight: 400\">40 mm: 45 kN, 4-8 min\/7-9 min<\/span><br \/>\n<span style=\"font-weight: 400\">50 mm: 50-70 kN, 5-10 min\/8-13 min<\/span><\/p>\n<p><span style=\"font-weight: 400\">H\u00e4rdning vid 160-180 \u00b0C, 350 bar, l\u00e5g kylhastighet.<\/span><span style=\"font-weight: 400\"><br \/>\n<\/span><\/p>\n<p><span style=\"font-weight: 400\">Om f\u00e4stet inte \u00e4r helt h\u00e4rdat, \u00f6ka tiden.<\/span><\/p>\n<p><span style=\"font-weight: 400\">Parametrarna ovan kan variera mycket beroende p\u00e5 egenskaperna hos den ingjutningspress som anv\u00e4nds.<\/span><span style=\"font-weight: 400\"><br \/>\n<\/span><\/p>\n<p><span style=\"font-weight: 400\">Om du upplever en vit bomullstuss i ingjutning en har hartset tagit upp fukt. Torka resinet i en ugn vid 60 \u00b0C i 2 timmar f\u00f6r att l\u00f6sa problemet.<\/span><\/p>\n","protected":false},"featured_media":11524,"template":"","meta":[],"product_cat":[317,318],"product_tag":[],"class_list":["post-9855","product","type-product","status-publish","has-post-thumbnail","hentry","product_cat-ingjutning","product_cat-varming-jutning","alt-image-hover-enabled"],"yoast_head":"<!-- This site is optimized with the Yoast SEO plugin v21.7 - https:\/\/yoast.com\/wordpress\/plugins\/seo\/ -->\n<title>Aka-Resin Acrylic | Resinpulver f\u00f6r Varmgjutning | AKASEL A\/S<\/title>\n<meta name=\"description\" content=\"Utforska Aka-Resin Acrylic, resinpulver f\u00f6r effektiv varmgjutning i metallografi. H\u00f6g prestanda och h\u00e5llbarhet.\" \/>\n<meta name=\"robots\" content=\"index, follow, max-snippet:-1, max-image-preview:large, max-video-preview:-1\" \/>\n<link rel=\"canonical\" href=\"https:\/\/akasel.com\/se\/shop\/ingjutning\/aka-resin-acrylic\/\" \/>\n<meta property=\"og:locale\" content=\"sv_SE\" \/>\n<meta property=\"og:type\" content=\"article\" \/>\n<meta property=\"og:title\" content=\"Aka-Resin Acrylic | Resinpulver f\u00f6r Varmgjutning | AKASEL A\/S\" \/>\n<meta property=\"og:description\" content=\"Utforska Aka-Resin Acrylic, resinpulver f\u00f6r effektiv varmgjutning i metallografi. H\u00f6g prestanda och h\u00e5llbarhet.\" \/>\n<meta property=\"og:url\" content=\"https:\/\/akasel.com\/se\/shop\/ingjutning\/aka-resin-acrylic\/\" \/>\n<meta property=\"og:site_name\" content=\"AKASEL A\/S\" \/>\n<meta property=\"article:modified_time\" content=\"2026-01-09T14:00:32+00:00\" \/>\n<meta property=\"og:image\" content=\"https:\/\/akasel.com\/se\/wp-content\/uploads\/sites\/5\/2020\/10\/21201001.png\" \/>\n\t<meta property=\"og:image:width\" content=\"1894\" \/>\n\t<meta property=\"og:image:height\" content=\"2560\" \/>\n\t<meta property=\"og:image:type\" content=\"image\/png\" \/>\n<meta name=\"twitter:card\" content=\"summary_large_image\" \/>\n<meta name=\"twitter:label1\" content=\"Ber\u00e4knad l\u00e4stid\" \/>\n\t<meta name=\"twitter:data1\" content=\"1 minut\" \/>\n<!-- \/ Yoast SEO plugin. -->","yoast_head_json":{"title":"Aka-Resin Acrylic | Resinpulver f\u00f6r Varmgjutning | AKASEL A\/S","description":"Utforska Aka-Resin Acrylic, resinpulver f\u00f6r effektiv varmgjutning i metallografi. H\u00f6g prestanda och h\u00e5llbarhet.","robots":{"index":"index","follow":"follow","max-snippet":"max-snippet:-1","max-image-preview":"max-image-preview:large","max-video-preview":"max-video-preview:-1"},"canonical":"https:\/\/akasel.com\/se\/shop\/ingjutning\/aka-resin-acrylic\/","og_locale":"sv_SE","og_type":"article","og_title":"Aka-Resin Acrylic | Resinpulver f\u00f6r Varmgjutning | AKASEL A\/S","og_description":"Utforska Aka-Resin Acrylic, resinpulver f\u00f6r effektiv varmgjutning i metallografi. H\u00f6g prestanda och h\u00e5llbarhet.","og_url":"https:\/\/akasel.com\/se\/shop\/ingjutning\/aka-resin-acrylic\/","og_site_name":"AKASEL A\/S","article_modified_time":"2026-01-09T14:00:32+00:00","og_image":[{"width":1894,"height":2560,"url":"https:\/\/akasel.com\/se\/wp-content\/uploads\/sites\/5\/2020\/10\/21201001.png","type":"image\/png"}],"twitter_card":"summary_large_image","twitter_misc":{"Ber\u00e4knad l\u00e4stid":"1 minut"},"schema":{"@context":"https:\/\/schema.org","@graph":[{"@type":"WebPage","@id":"https:\/\/akasel.com\/se\/shop\/ingjutning\/aka-resin-acrylic\/","url":"https:\/\/akasel.com\/se\/shop\/ingjutning\/aka-resin-acrylic\/","name":"Aka-Resin Acrylic | Resinpulver f\u00f6r Varmgjutning | AKASEL A\/S","isPartOf":{"@id":"https:\/\/akasel.com\/se\/#website"},"datePublished":"2020-10-23T10:24:09+00:00","dateModified":"2026-01-09T14:00:32+00:00","description":"Utforska Aka-Resin Acrylic, resinpulver f\u00f6r effektiv varmgjutning i metallografi. H\u00f6g prestanda och h\u00e5llbarhet.","breadcrumb":{"@id":"https:\/\/akasel.com\/se\/shop\/ingjutning\/aka-resin-acrylic\/#breadcrumb"},"inLanguage":"sv-SE","potentialAction":[{"@type":"ReadAction","target":["https:\/\/akasel.com\/se\/shop\/ingjutning\/aka-resin-acrylic\/"]}]},{"@type":"BreadcrumbList","@id":"https:\/\/akasel.com\/se\/shop\/ingjutning\/aka-resin-acrylic\/#breadcrumb","itemListElement":[{"@type":"ListItem","position":1,"name":"Home","item":"https:\/\/akasel.com\/se\/"},{"@type":"ListItem","position":2,"name":"Shop","item":"https:\/\/akasel.com\/se\/shop\/"},{"@type":"ListItem","position":3,"name":"Aka-Resin Acrylic"}]},{"@type":"WebSite","@id":"https:\/\/akasel.com\/se\/#website","url":"https:\/\/akasel.com\/se\/","name":"AKASEL A\/S","description":"","potentialAction":[{"@type":"SearchAction","target":{"@type":"EntryPoint","urlTemplate":"https:\/\/akasel.com\/se\/?s={search_term_string}"},"query-input":"required name=search_term_string"}],"inLanguage":"sv-SE"}]}},"_links":{"self":[{"href":"https:\/\/akasel.com\/se\/wp-json\/wp\/v3\/product\/9855"}],"collection":[{"href":"https:\/\/akasel.com\/se\/wp-json\/wp\/v3\/product"}],"about":[{"href":"https:\/\/akasel.com\/se\/wp-json\/wp\/v2\/types\/product"}],"wp:featuredmedia":[{"embeddable":true,"href":"https:\/\/akasel.com\/se\/wp-json\/wp\/v2\/media\/11524"}],"wp:attachment":[{"href":"https:\/\/akasel.com\/se\/wp-json\/wp\/v2\/media?parent=9855"}],"wp:term":[{"taxonomy":"product_cat","embeddable":true,"href":"https:\/\/akasel.com\/se\/wp-json\/wp\/v2\/product_cat?post=9855"},{"taxonomy":"product_tag","embeddable":true,"href":"https:\/\/akasel.com\/se\/wp-json\/wp\/v2\/product_tag?post=9855"}],"curies":[{"name":"wp","href":"https:\/\/api.w.org\/{rel}","templated":true}]}}