{"id":9858,"date":"2020-10-23T12:29:19","date_gmt":"2020-10-23T10:29:19","guid":{"rendered":"https:\/\/akasel.com\/p\/aka-resin-phenolic\/"},"modified":"2026-01-09T15:16:21","modified_gmt":"2026-01-09T14:16:21","slug":"aka-resin-phenolic","status":"publish","type":"product","link":"https:\/\/akasel.com\/se\/shop\/ingjutning\/aka-resin-phenolic\/","title":{"rendered":"Aka-Resin Phenolic"},"content":{"rendered":"<p>Tillg\u00e4ngligt inneh\u00e5ll: 2,5 kg, 7,5 kg, 30 kg (4 x 7,5 kg)<\/p>\n<p><a href=\"https:\/\/akasel.com\/wp-content\/uploads\/2024\/11\/sds-aka-resin-phenolic-se-v30.pdf\">SDS Aka-Resin Phenolic (SE)<\/a><\/p>\n<p>&nbsp;<\/p>\n","protected":false},"excerpt":{"rendered":"<p><span style=\"font-weight: 400\">Svart fenolharts f\u00f6r varmingjutning. Det mest ekonomiska valet f\u00f6r inb\u00e4ddning. Idealisk f\u00f6r fyllning n\u00e4r man arbetar med dyrare hartser som <a href=\"https:\/\/akasel.com\/se\/shop\/ingjutning\/aka-resin-epoxy\/\">Aka-Resin Epoxy<\/a>.<\/span><\/p>\n<p><b>Specifikationer f\u00f6r h\u00e4rdning<\/b><br \/>\n<span style=\"font-weight: 400\">Dia, kraft, uppv\u00e4rmnings-\/kylningstid:<br \/>\n25 mm: 10 kN, 4-5 min\/3-4 min<\/span><br \/>\n<span style=\"font-weight: 400\">30 mm: 20 kN, 4-6 min\/3-4 min<\/span><br \/>\n<span style=\"font-weight: 400\">40 mm: 30 kN, 5-7 min\/4-6 min<\/span><br \/>\n<span style=\"font-weight: 400\">50 mm: 50 kN, 6-9 min\/5-7 min <\/span><\/p>\n<p><span style=\"font-weight: 400\">H\u00e4rdning vid 160 &#8211; 180 \u00b0C, 250 bar, h\u00f6g kylhastighet.<\/span><\/p>\n<p><span style=\"font-weight: 400\">Om f\u00e4stet inte \u00e4r helt h\u00e4rdat, \u00f6ka tiden.<\/span><\/p>\n<p><span style=\"font-weight: 400\">Parametrarna ovan kan variera mycket beroende p\u00e5 egenskaperna hos den ingjutningspress som anv\u00e4nds.<\/span><\/p>\n","protected":false},"featured_media":11527,"template":"","meta":[],"product_cat":[317,318],"product_tag":[],"class_list":["post-9858","product","type-product","status-publish","has-post-thumbnail","hentry","product_cat-ingjutning","product_cat-varming-jutning","alt-image-hover-enabled"],"yoast_head":"<!-- This site is optimized with the Yoast SEO plugin v21.7 - https:\/\/yoast.com\/wordpress\/plugins\/seo\/ -->\n<title>Aka-Resin Fenol | Resinpulver f\u00f6r Varmgjutning | Akasel A\/S<\/title>\n<meta name=\"description\" content=\"Svart fenolharts f\u00f6r varmgjutning. Ekonomiskt val f\u00f6r rutinmontering och idealiskt som fyllning vid anv\u00e4ndning av dyrare hartser som Aka-Resin Epoxy.\" \/>\n<meta name=\"robots\" content=\"index, follow, max-snippet:-1, max-image-preview:large, max-video-preview:-1\" \/>\n<link rel=\"canonical\" href=\"https:\/\/akasel.com\/se\/shop\/ingjutning\/aka-resin-phenolic\/\" \/>\n<meta property=\"og:locale\" content=\"sv_SE\" \/>\n<meta property=\"og:type\" content=\"article\" \/>\n<meta property=\"og:title\" content=\"Aka-Resin Fenol | Resinpulver f\u00f6r Varmgjutning | Akasel A\/S\" \/>\n<meta property=\"og:description\" content=\"Svart fenolharts f\u00f6r varmgjutning. Ekonomiskt val f\u00f6r rutinmontering och idealiskt som fyllning vid anv\u00e4ndning av dyrare hartser som Aka-Resin Epoxy.\" \/>\n<meta property=\"og:url\" content=\"https:\/\/akasel.com\/se\/shop\/ingjutning\/aka-resin-phenolic\/\" \/>\n<meta property=\"og:site_name\" content=\"AKASEL A\/S\" \/>\n<meta property=\"article:modified_time\" content=\"2026-01-09T14:16:21+00:00\" \/>\n<meta property=\"og:image\" content=\"https:\/\/akasel.com\/se\/wp-content\/uploads\/sites\/5\/2020\/10\/21501122.png\" \/>\n\t<meta property=\"og:image:width\" content=\"1797\" \/>\n\t<meta property=\"og:image:height\" content=\"2560\" \/>\n\t<meta property=\"og:image:type\" content=\"image\/png\" \/>\n<meta name=\"twitter:card\" content=\"summary_large_image\" \/>\n<meta name=\"twitter:label1\" content=\"Ber\u00e4knad l\u00e4stid\" \/>\n\t<meta name=\"twitter:data1\" content=\"1 minut\" \/>\n<!-- \/ Yoast SEO plugin. -->","yoast_head_json":{"title":"Aka-Resin Fenol | Resinpulver f\u00f6r Varmgjutning | Akasel A\/S","description":"Svart fenolharts f\u00f6r varmgjutning. Ekonomiskt val f\u00f6r rutinmontering och idealiskt som fyllning vid anv\u00e4ndning av dyrare hartser som Aka-Resin Epoxy.","robots":{"index":"index","follow":"follow","max-snippet":"max-snippet:-1","max-image-preview":"max-image-preview:large","max-video-preview":"max-video-preview:-1"},"canonical":"https:\/\/akasel.com\/se\/shop\/ingjutning\/aka-resin-phenolic\/","og_locale":"sv_SE","og_type":"article","og_title":"Aka-Resin Fenol | Resinpulver f\u00f6r Varmgjutning | Akasel A\/S","og_description":"Svart fenolharts f\u00f6r varmgjutning. Ekonomiskt val f\u00f6r rutinmontering och idealiskt som fyllning vid anv\u00e4ndning av dyrare hartser som Aka-Resin Epoxy.","og_url":"https:\/\/akasel.com\/se\/shop\/ingjutning\/aka-resin-phenolic\/","og_site_name":"AKASEL A\/S","article_modified_time":"2026-01-09T14:16:21+00:00","og_image":[{"width":1797,"height":2560,"url":"https:\/\/akasel.com\/se\/wp-content\/uploads\/sites\/5\/2020\/10\/21501122.png","type":"image\/png"}],"twitter_card":"summary_large_image","twitter_misc":{"Ber\u00e4knad l\u00e4stid":"1 minut"},"schema":{"@context":"https:\/\/schema.org","@graph":[{"@type":"WebPage","@id":"https:\/\/akasel.com\/se\/shop\/ingjutning\/aka-resin-phenolic\/","url":"https:\/\/akasel.com\/se\/shop\/ingjutning\/aka-resin-phenolic\/","name":"Aka-Resin Fenol | Resinpulver f\u00f6r Varmgjutning | Akasel A\/S","isPartOf":{"@id":"https:\/\/akasel.com\/se\/#website"},"datePublished":"2020-10-23T10:29:19+00:00","dateModified":"2026-01-09T14:16:21+00:00","description":"Svart fenolharts f\u00f6r varmgjutning. Ekonomiskt val f\u00f6r rutinmontering och idealiskt som fyllning vid anv\u00e4ndning av dyrare hartser som Aka-Resin Epoxy.","breadcrumb":{"@id":"https:\/\/akasel.com\/se\/shop\/ingjutning\/aka-resin-phenolic\/#breadcrumb"},"inLanguage":"sv-SE","potentialAction":[{"@type":"ReadAction","target":["https:\/\/akasel.com\/se\/shop\/ingjutning\/aka-resin-phenolic\/"]}]},{"@type":"BreadcrumbList","@id":"https:\/\/akasel.com\/se\/shop\/ingjutning\/aka-resin-phenolic\/#breadcrumb","itemListElement":[{"@type":"ListItem","position":1,"name":"Home","item":"https:\/\/akasel.com\/se\/"},{"@type":"ListItem","position":2,"name":"Shop","item":"https:\/\/akasel.com\/se\/shop\/"},{"@type":"ListItem","position":3,"name":"Aka-Resin Phenolic"}]},{"@type":"WebSite","@id":"https:\/\/akasel.com\/se\/#website","url":"https:\/\/akasel.com\/se\/","name":"AKASEL A\/S","description":"","potentialAction":[{"@type":"SearchAction","target":{"@type":"EntryPoint","urlTemplate":"https:\/\/akasel.com\/se\/?s={search_term_string}"},"query-input":"required name=search_term_string"}],"inLanguage":"sv-SE"}]}},"_links":{"self":[{"href":"https:\/\/akasel.com\/se\/wp-json\/wp\/v3\/product\/9858"}],"collection":[{"href":"https:\/\/akasel.com\/se\/wp-json\/wp\/v3\/product"}],"about":[{"href":"https:\/\/akasel.com\/se\/wp-json\/wp\/v2\/types\/product"}],"wp:featuredmedia":[{"embeddable":true,"href":"https:\/\/akasel.com\/se\/wp-json\/wp\/v2\/media\/11527"}],"wp:attachment":[{"href":"https:\/\/akasel.com\/se\/wp-json\/wp\/v2\/media?parent=9858"}],"wp:term":[{"taxonomy":"product_cat","embeddable":true,"href":"https:\/\/akasel.com\/se\/wp-json\/wp\/v2\/product_cat?post=9858"},{"taxonomy":"product_tag","embeddable":true,"href":"https:\/\/akasel.com\/se\/wp-json\/wp\/v2\/product_tag?post=9858"}],"curies":[{"name":"wp","href":"https:\/\/api.w.org\/{rel}","templated":true}]}}