{"id":9868,"date":"2020-10-23T12:48:52","date_gmt":"2020-10-23T10:48:52","guid":{"rendered":"https:\/\/akasel.com\/p\/aka-cure-slow\/"},"modified":"2026-01-05T17:39:59","modified_gmt":"2026-01-05T16:39:59","slug":"aka-cure-slow","status":"publish","type":"product","link":"https:\/\/akasel.com\/se\/shop\/ingjutning\/ingjutning-med-epoxi\/aka-cure-slow\/","title":{"rendered":"Aka-Cure Slow"},"content":{"rendered":"<p>Tillg\u00e4ngligt inneh\u00e5ll: 500 ml<\/p>\n<p><a href=\"https:\/\/akasel.com\/wp-content\/uploads\/2024\/11\/sds-aka-cure-slow-se-v10.pdf\">SDS Aka-Cure Slow (SE)<\/a><\/p>\n<p><a href=\"https:\/\/akasel.com\/wp-content\/uploads\/2024\/06\/aka-cure-slow-user-guide.pdf\">Aka-Cure Slow User Guides (EN)<\/a><\/p>\n<div style=\"position: relative; padding-bottom: 56.25%; height: 0; overflow: hidden; max-width: 100%; height: auto;\">\n    <video style=\"position: absolute; top: 0; left: 0; width: 100%; height: 100%;\"  \ncontrols \n           preload=\"metadata\" \n           poster=\"https:\/\/akasel.com\/wp-content\/uploads\/2024\/09\/the-correct-use-of-epoxy-cold-mounting-resins.jpg\"><source src=\"https:\/\/akasel.com\/wp-content\/uploads\/2020\/11\/the-correct-use-of-epoxy-cold-mounting-resins.mp4\" type=\"video\/mp4\">Your browser does not support video playback.<\/video>\n<\/div>\n","protected":false},"excerpt":{"rendered":"<p>Epoxih\u00e4rdare med l\u00e5ngsamt h\u00e4rdningsf\u00f6rlopp. L\u00e5ng potlife och l\u00e5g topptemperatur g\u00f6r den l\u00e4mplig f\u00f6r b\u00e5de impregnering och ingjutning av v\u00e4rmek\u00e4nsliga provkroppar.<\/p>\n<p>H\u00e4rdar p\u00e5 8-24 timmar vid 22 \u00b0C. Topptemperaturen \u00e4r 40 \u2103 i en ingjutning med 40 mm diameter. F\u00f6r b\u00e4sta resultat applicera en efterh\u00e4rdning vid 100 \u2103 i 1 h.<\/p>\n<p>Det rekommenderas att anv\u00e4nda forcerad kylning i dragsk\u00e5p med formar som \u00e4r st\u00f6rre \u00e4n 40 mm dia. f\u00f6r att undvika termisk rusning.<\/p>\n<p>Blanda exakt 12 g Aka-Cure Slow med 100 g <a href=\"https:\/\/akasel.com\/se\/shop\/ingjutning\/ingjutning-med-epoxi\/aka-resin-liquid-epoxy\/\">Aka-Resin flytande epoxi<\/a> (alternativt 13,5 ml\/100 ml).<\/p>\n<p>Viskositet: 20 cps vid 25 \u2103.<\/p>\n","protected":false},"featured_media":9869,"template":"","meta":[],"product_cat":[299,317,333],"product_tag":[],"class_list":["post-9868","product","type-product","status-publish","has-post-thumbnail","hentry","product_cat-kallingjutning-metallografi","product_cat-ingjutning","product_cat-ingjutning-med-epoxi"],"yoast_head":"<!-- This site is optimized with the Yoast SEO plugin v21.7 - https:\/\/yoast.com\/wordpress\/plugins\/seo\/ -->\n<title>Aka-Cure Slow | Kallingjutning med Epoxih\u00e4rdare | AKASEL A\/S<\/title>\n<meta name=\"description\" content=\"Epoxih\u00e4rdare med l\u00e5ng h\u00e4rdningstid. L\u00e5g topptemperatur och l\u00e5ng livsl\u00e4ngd g\u00f6r den idealisk f\u00f6r v\u00e4rmek\u00e4nsliga prover och impregnering vid kallgjutning.\" \/>\n<meta name=\"robots\" content=\"index, follow, max-snippet:-1, max-image-preview:large, max-video-preview:-1\" \/>\n<link rel=\"canonical\" href=\"https:\/\/akasel.com\/se\/shop\/ingjutning\/ingjutning-med-epoxi\/aka-cure-slow\/\" \/>\n<meta property=\"og:locale\" content=\"sv_SE\" \/>\n<meta property=\"og:type\" content=\"article\" \/>\n<meta property=\"og:title\" content=\"Aka-Cure Slow | Kallingjutning med Epoxih\u00e4rdare | AKASEL A\/S\" \/>\n<meta property=\"og:description\" content=\"Epoxih\u00e4rdare med l\u00e5ng h\u00e4rdningstid. L\u00e5g topptemperatur och l\u00e5ng livsl\u00e4ngd g\u00f6r den idealisk f\u00f6r v\u00e4rmek\u00e4nsliga prover och impregnering vid kallgjutning.\" \/>\n<meta property=\"og:url\" content=\"https:\/\/akasel.com\/se\/shop\/ingjutning\/ingjutning-med-epoxi\/aka-cure-slow\/\" \/>\n<meta property=\"og:site_name\" content=\"AKASEL A\/S\" \/>\n<meta property=\"article:modified_time\" content=\"2026-01-05T16:39:59+00:00\" \/>\n<meta property=\"og:image\" content=\"https:\/\/akasel.com\/se\/wp-content\/uploads\/sites\/5\/2023\/09\/25101213-with-black-lid.png\" \/>\n\t<meta property=\"og:image:width\" content=\"393\" \/>\n\t<meta property=\"og:image:height\" content=\"989\" \/>\n\t<meta property=\"og:image:type\" content=\"image\/png\" \/>\n<meta name=\"twitter:card\" content=\"summary_large_image\" \/>\n<meta name=\"twitter:label1\" content=\"Ber\u00e4knad l\u00e4stid\" \/>\n\t<meta name=\"twitter:data1\" content=\"1 minut\" \/>\n<!-- \/ Yoast SEO plugin. -->","yoast_head_json":{"title":"Aka-Cure Slow | Kallingjutning med Epoxih\u00e4rdare | AKASEL A\/S","description":"Epoxih\u00e4rdare med l\u00e5ng h\u00e4rdningstid. L\u00e5g topptemperatur och l\u00e5ng livsl\u00e4ngd g\u00f6r den idealisk f\u00f6r v\u00e4rmek\u00e4nsliga prover och impregnering vid kallgjutning.","robots":{"index":"index","follow":"follow","max-snippet":"max-snippet:-1","max-image-preview":"max-image-preview:large","max-video-preview":"max-video-preview:-1"},"canonical":"https:\/\/akasel.com\/se\/shop\/ingjutning\/ingjutning-med-epoxi\/aka-cure-slow\/","og_locale":"sv_SE","og_type":"article","og_title":"Aka-Cure Slow | Kallingjutning med Epoxih\u00e4rdare | AKASEL A\/S","og_description":"Epoxih\u00e4rdare med l\u00e5ng h\u00e4rdningstid. L\u00e5g topptemperatur och l\u00e5ng livsl\u00e4ngd g\u00f6r den idealisk f\u00f6r v\u00e4rmek\u00e4nsliga prover och impregnering vid kallgjutning.","og_url":"https:\/\/akasel.com\/se\/shop\/ingjutning\/ingjutning-med-epoxi\/aka-cure-slow\/","og_site_name":"AKASEL A\/S","article_modified_time":"2026-01-05T16:39:59+00:00","og_image":[{"width":393,"height":989,"url":"https:\/\/akasel.com\/se\/wp-content\/uploads\/sites\/5\/2023\/09\/25101213-with-black-lid.png","type":"image\/png"}],"twitter_card":"summary_large_image","twitter_misc":{"Ber\u00e4knad l\u00e4stid":"1 minut"},"schema":{"@context":"https:\/\/schema.org","@graph":[{"@type":"WebPage","@id":"https:\/\/akasel.com\/se\/shop\/ingjutning\/ingjutning-med-epoxi\/aka-cure-slow\/","url":"https:\/\/akasel.com\/se\/shop\/ingjutning\/ingjutning-med-epoxi\/aka-cure-slow\/","name":"Aka-Cure Slow | Kallingjutning med Epoxih\u00e4rdare | AKASEL A\/S","isPartOf":{"@id":"https:\/\/akasel.com\/se\/#website"},"datePublished":"2020-10-23T10:48:52+00:00","dateModified":"2026-01-05T16:39:59+00:00","description":"Epoxih\u00e4rdare med l\u00e5ng h\u00e4rdningstid. L\u00e5g topptemperatur och l\u00e5ng livsl\u00e4ngd g\u00f6r den idealisk f\u00f6r v\u00e4rmek\u00e4nsliga prover och impregnering vid kallgjutning.","breadcrumb":{"@id":"https:\/\/akasel.com\/se\/shop\/ingjutning\/ingjutning-med-epoxi\/aka-cure-slow\/#breadcrumb"},"inLanguage":"sv-SE","potentialAction":[{"@type":"ReadAction","target":["https:\/\/akasel.com\/se\/shop\/ingjutning\/ingjutning-med-epoxi\/aka-cure-slow\/"]}]},{"@type":"BreadcrumbList","@id":"https:\/\/akasel.com\/se\/shop\/ingjutning\/ingjutning-med-epoxi\/aka-cure-slow\/#breadcrumb","itemListElement":[{"@type":"ListItem","position":1,"name":"Home","item":"https:\/\/akasel.com\/se\/"},{"@type":"ListItem","position":2,"name":"Shop","item":"https:\/\/akasel.com\/se\/shop\/"},{"@type":"ListItem","position":3,"name":"Aka-Cure Slow"}]},{"@type":"WebSite","@id":"https:\/\/akasel.com\/se\/#website","url":"https:\/\/akasel.com\/se\/","name":"AKASEL A\/S","description":"","potentialAction":[{"@type":"SearchAction","target":{"@type":"EntryPoint","urlTemplate":"https:\/\/akasel.com\/se\/?s={search_term_string}"},"query-input":"required name=search_term_string"}],"inLanguage":"sv-SE"}]}},"_links":{"self":[{"href":"https:\/\/akasel.com\/se\/wp-json\/wp\/v3\/product\/9868"}],"collection":[{"href":"https:\/\/akasel.com\/se\/wp-json\/wp\/v3\/product"}],"about":[{"href":"https:\/\/akasel.com\/se\/wp-json\/wp\/v2\/types\/product"}],"wp:featuredmedia":[{"embeddable":true,"href":"https:\/\/akasel.com\/se\/wp-json\/wp\/v2\/media\/9869"}],"wp:attachment":[{"href":"https:\/\/akasel.com\/se\/wp-json\/wp\/v2\/media?parent=9868"}],"wp:term":[{"taxonomy":"product_cat","embeddable":true,"href":"https:\/\/akasel.com\/se\/wp-json\/wp\/v2\/product_cat?post=9868"},{"taxonomy":"product_tag","embeddable":true,"href":"https:\/\/akasel.com\/se\/wp-json\/wp\/v2\/product_tag?post=9868"}],"curies":[{"name":"wp","href":"https:\/\/api.w.org\/{rel}","templated":true}]}}