{"id":9876,"date":"2020-10-23T13:01:36","date_gmt":"2020-10-23T11:01:36","guid":{"rendered":"https:\/\/akasel.com\/p\/aka-clear-2-liquid\/"},"modified":"2026-01-05T17:40:03","modified_gmt":"2026-01-05T16:40:03","slug":"aka-clear-2-liquid","status":"publish","type":"product","link":"https:\/\/akasel.com\/se\/shop\/kallingjutning-metallografi\/akrylplast\/aka-clear-2-liquid\/","title":{"rendered":"Aka-Clear-2 Liquid"},"content":{"rendered":"<p>Tillg\u00e4ngligt inneh\u00e5ll: 500 ml, 1 l<\/p>\n<p>Farligt gods: Ytterligare avgifter kan tillkomma f\u00f6r frakt.<\/p>\n<p><a href=\"https:\/\/akasel.com\/wp-content\/uploads\/2024\/06\/aka-clear-2-user-guide.pdf\">Aka-Clear 2 Anv\u00e4ndarhandb\u00f6cker<\/a><\/p>\n<p><a href=\"https:\/\/akasel.com\/wp-content\/uploads\/2024\/11\/sds-aka-clear-2-liquid-se-v10.pdf\">SDS Aka-Clear-2 Liquid (SE)<\/a><\/p>\n","protected":false},"excerpt":{"rendered":"<p>V\u00e4tska f\u00f6r tv\u00e5komponents akrylsystem f\u00f6r transparenta monteringar, som h\u00e4rdar snabbt.<\/p>\n<p>H\u00e4rdar p\u00e5 7 &#8211; 8 min i rumstemperatur. Topptemperaturen \u00e4r 85 &#8211; 89 \u2103.<\/p>\n<p>Blanda 2 &#8211; 2,5 delar pulver med 1 del v\u00e4tska (volym). Aka-Clear-2 har en pot-life p\u00e5 1 &#8211; 2 min. H\u00e5rdheten \u00e4r 85 &#8211; 87 Shore D.<\/p>\n","protected":false},"featured_media":11520,"template":"","meta":[],"product_cat":[299,300,317],"product_tag":[],"class_list":["post-9876","product","type-product","status-publish","has-post-thumbnail","hentry","product_cat-kallingjutning-metallografi","product_cat-akrylplast","product_cat-ingjutning"],"yoast_head":"<!-- This site is optimized with the Yoast SEO plugin v21.7 - https:\/\/yoast.com\/wordpress\/plugins\/seo\/ -->\n<title>Aka-Clear-2 Liquid | Snabbh\u00e4rdande Akryl f\u00f6r Metallografi | Akasel<\/title>\n<meta name=\"description\" content=\"Aka-Clear-2 Liquid \u00e4r en snabbh\u00e4rdande tv\u00e5komponents akryl f\u00f6r p\u00e5litlig montering av metallografiska prover, vilket optimerar din f\u00f6rberedelseprocess.\" \/>\n<meta name=\"robots\" content=\"index, follow, max-snippet:-1, max-image-preview:large, max-video-preview:-1\" \/>\n<link rel=\"canonical\" href=\"https:\/\/akasel.com\/se\/shop\/kallingjutning-metallografi\/akrylplast\/aka-clear-2-liquid\/\" \/>\n<meta property=\"og:locale\" content=\"sv_SE\" \/>\n<meta property=\"og:type\" content=\"article\" \/>\n<meta property=\"og:title\" content=\"Aka-Clear-2 Liquid | Snabbh\u00e4rdande Akryl f\u00f6r Metallografi | Akasel\" \/>\n<meta property=\"og:description\" content=\"Aka-Clear-2 Liquid \u00e4r en snabbh\u00e4rdande tv\u00e5komponents akryl f\u00f6r p\u00e5litlig montering av metallografiska prover, vilket optimerar din f\u00f6rberedelseprocess.\" \/>\n<meta property=\"og:url\" content=\"https:\/\/akasel.com\/se\/shop\/kallingjutning-metallografi\/akrylplast\/aka-clear-2-liquid\/\" \/>\n<meta property=\"og:site_name\" content=\"AKASEL A\/S\" \/>\n<meta property=\"article:modified_time\" content=\"2026-01-05T16:40:03+00:00\" \/>\n<meta property=\"og:image\" content=\"https:\/\/akasel.com\/se\/wp-content\/uploads\/sites\/5\/2020\/10\/25202413-with-black-lid-web-761x1920.png\" \/>\n\t<meta property=\"og:image:width\" content=\"761\" \/>\n\t<meta property=\"og:image:height\" content=\"1920\" \/>\n\t<meta property=\"og:image:type\" content=\"image\/png\" \/>\n<meta name=\"twitter:card\" content=\"summary_large_image\" \/>\n<meta name=\"twitter:label1\" content=\"Ber\u00e4knad l\u00e4stid\" \/>\n\t<meta name=\"twitter:data1\" content=\"1 minut\" \/>\n<!-- \/ Yoast SEO plugin. -->","yoast_head_json":{"title":"Aka-Clear-2 Liquid | Snabbh\u00e4rdande Akryl f\u00f6r Metallografi | Akasel","description":"Aka-Clear-2 Liquid \u00e4r en snabbh\u00e4rdande tv\u00e5komponents akryl f\u00f6r p\u00e5litlig montering av metallografiska prover, vilket optimerar din f\u00f6rberedelseprocess.","robots":{"index":"index","follow":"follow","max-snippet":"max-snippet:-1","max-image-preview":"max-image-preview:large","max-video-preview":"max-video-preview:-1"},"canonical":"https:\/\/akasel.com\/se\/shop\/kallingjutning-metallografi\/akrylplast\/aka-clear-2-liquid\/","og_locale":"sv_SE","og_type":"article","og_title":"Aka-Clear-2 Liquid | Snabbh\u00e4rdande Akryl f\u00f6r Metallografi | Akasel","og_description":"Aka-Clear-2 Liquid \u00e4r en snabbh\u00e4rdande tv\u00e5komponents akryl f\u00f6r p\u00e5litlig montering av metallografiska prover, vilket optimerar din f\u00f6rberedelseprocess.","og_url":"https:\/\/akasel.com\/se\/shop\/kallingjutning-metallografi\/akrylplast\/aka-clear-2-liquid\/","og_site_name":"AKASEL A\/S","article_modified_time":"2026-01-05T16:40:03+00:00","og_image":[{"width":761,"height":1920,"url":"https:\/\/akasel.com\/se\/wp-content\/uploads\/sites\/5\/2020\/10\/25202413-with-black-lid-web-761x1920.png","type":"image\/png"}],"twitter_card":"summary_large_image","twitter_misc":{"Ber\u00e4knad l\u00e4stid":"1 minut"},"schema":{"@context":"https:\/\/schema.org","@graph":[{"@type":"WebPage","@id":"https:\/\/akasel.com\/se\/shop\/kallingjutning-metallografi\/akrylplast\/aka-clear-2-liquid\/","url":"https:\/\/akasel.com\/se\/shop\/kallingjutning-metallografi\/akrylplast\/aka-clear-2-liquid\/","name":"Aka-Clear-2 Liquid | Snabbh\u00e4rdande Akryl f\u00f6r Metallografi | Akasel","isPartOf":{"@id":"https:\/\/akasel.com\/se\/#website"},"datePublished":"2020-10-23T11:01:36+00:00","dateModified":"2026-01-05T16:40:03+00:00","description":"Aka-Clear-2 Liquid \u00e4r en snabbh\u00e4rdande tv\u00e5komponents akryl f\u00f6r p\u00e5litlig montering av metallografiska prover, vilket optimerar din f\u00f6rberedelseprocess.","breadcrumb":{"@id":"https:\/\/akasel.com\/se\/shop\/kallingjutning-metallografi\/akrylplast\/aka-clear-2-liquid\/#breadcrumb"},"inLanguage":"sv-SE","potentialAction":[{"@type":"ReadAction","target":["https:\/\/akasel.com\/se\/shop\/kallingjutning-metallografi\/akrylplast\/aka-clear-2-liquid\/"]}]},{"@type":"BreadcrumbList","@id":"https:\/\/akasel.com\/se\/shop\/kallingjutning-metallografi\/akrylplast\/aka-clear-2-liquid\/#breadcrumb","itemListElement":[{"@type":"ListItem","position":1,"name":"Home","item":"https:\/\/akasel.com\/se\/"},{"@type":"ListItem","position":2,"name":"Shop","item":"https:\/\/akasel.com\/se\/shop\/"},{"@type":"ListItem","position":3,"name":"Aka-Clear-2 Liquid"}]},{"@type":"WebSite","@id":"https:\/\/akasel.com\/se\/#website","url":"https:\/\/akasel.com\/se\/","name":"AKASEL A\/S","description":"","potentialAction":[{"@type":"SearchAction","target":{"@type":"EntryPoint","urlTemplate":"https:\/\/akasel.com\/se\/?s={search_term_string}"},"query-input":"required name=search_term_string"}],"inLanguage":"sv-SE"}]}},"_links":{"self":[{"href":"https:\/\/akasel.com\/se\/wp-json\/wp\/v3\/product\/9876"}],"collection":[{"href":"https:\/\/akasel.com\/se\/wp-json\/wp\/v3\/product"}],"about":[{"href":"https:\/\/akasel.com\/se\/wp-json\/wp\/v2\/types\/product"}],"wp:featuredmedia":[{"embeddable":true,"href":"https:\/\/akasel.com\/se\/wp-json\/wp\/v2\/media\/11520"}],"wp:attachment":[{"href":"https:\/\/akasel.com\/se\/wp-json\/wp\/v2\/media?parent=9876"}],"wp:term":[{"taxonomy":"product_cat","embeddable":true,"href":"https:\/\/akasel.com\/se\/wp-json\/wp\/v2\/product_cat?post=9876"},{"taxonomy":"product_tag","embeddable":true,"href":"https:\/\/akasel.com\/se\/wp-json\/wp\/v2\/product_tag?post=9876"}],"curies":[{"name":"wp","href":"https:\/\/api.w.org\/{rel}","templated":true}]}}