{"id":9891,"date":"2020-10-28T12:48:35","date_gmt":"2020-10-28T11:48:35","guid":{"rendered":"https:\/\/akasel.com\/p\/diamaxx-poly-0-25-%c2%b5m\/"},"modified":"2026-01-05T17:42:07","modified_gmt":"2026-01-05T16:42:07","slug":"diamaxx-poly-025-%c2%b5m","status":"publish","type":"product","link":"https:\/\/akasel.com\/se\/shop\/metallografisk-polering\/diamantprodukter\/diamaxx-poly-025-%c2%b5m\/","title":{"rendered":"DiaMaxx Poly 0,25 \u00b5m"},"content":{"rendered":"<p>Tillg\u00e4ngligt inneh\u00e5ll: 500 ml, 5 l<\/p>\n<p><a href=\"https:\/\/akasel.com\/wp-content\/uploads\/2024\/06\/diamond-suspension-product-brochure.pdf\">Diamond Suspensions Produktbroschyrer<\/a><\/p>\n<p><a href=\"https:\/\/akasel.com\/wp-content\/uploads\/2024\/11\/sds-diamaxx-mono-diamaxx-poly-se-v10.pdf\">SDS DiaMaxx (SE)<\/a><\/p>\n<p>&nbsp;<\/p>\n<p>&nbsp;<\/p>\n","protected":false},"excerpt":{"rendered":"<p>2-i-1 diamantsuspension.<br \/>\nDiaMaxx \u00e4r en noggrant balanserad blandning av diamantsuspension och sm\u00f6rjmedel.<\/p>\n<p>Rekommenderas f\u00f6r alla material \u2013 utom vattenk\u00e4nsliga.<\/p>\n<p>DiaMaxx Poly ger mycket h\u00f6g borttagning och korta f\u00f6rberedelsetider i kombination med enkel dosering som s\u00e4kerst\u00e4ller reproducerbarhet.<\/p>\n<p>Diamantkoncentration p\u00e5 20 ct\/l<br \/>\n100% polykristallina diamanter<br \/>\nMedian (50%) 0,21 \u00b5m<br \/>\nTolerans 0,18 &#8211; 0,24 \u00b5m<br \/>\n\u00d6vre gr\u00e4ns (99%) 0,53 \u00b5m<\/p>\n<p>F\u00e5r inte uts\u00e4ttas f\u00f6r direkt solljus.<\/p>\n","protected":false},"featured_media":11789,"template":"","meta":[],"product_cat":[344,320,305,311],"product_tag":[],"class_list":["post-9891","product","type-product","status-publish","has-post-thumbnail","hentry","product_cat-metallografisk-polering","product_cat-diamantprodukter","product_cat-2-i-1-diamantsuspension","product_cat-diamaxx"],"yoast_head":"<!-- This site is optimized with the Yoast SEO plugin v21.7 - https:\/\/yoast.com\/wordpress\/plugins\/seo\/ -->\n<title>DiaMaxx Poly 0,25 \u00b5m | 2-i-1 Diamantsuspension | Akasel A\/S<\/title>\n<meta name=\"description\" content=\"Ultrafin 2-i-1 diamantsuspension f\u00f6r h\u00f6gprecisionspolering inom metallografi. Snabb f\u00f6rberedelse, enkel dosering, och effektiv reng\u00f6ring f\u00f6r mjuka material.\" \/>\n<meta name=\"robots\" content=\"index, follow, max-snippet:-1, max-image-preview:large, max-video-preview:-1\" \/>\n<link rel=\"canonical\" href=\"https:\/\/akasel.com\/se\/shop\/metallografisk-polering\/diamantprodukter\/diamaxx-poly-025-\u00b5m\/\" \/>\n<meta property=\"og:locale\" content=\"sv_SE\" \/>\n<meta property=\"og:type\" content=\"article\" \/>\n<meta property=\"og:title\" content=\"DiaMaxx Poly 0,25 \u00b5m | 2-i-1 Diamantsuspension | Akasel A\/S\" \/>\n<meta property=\"og:description\" content=\"Ultrafin 2-i-1 diamantsuspension f\u00f6r h\u00f6gprecisionspolering inom metallografi. Snabb f\u00f6rberedelse, enkel dosering, och effektiv reng\u00f6ring f\u00f6r mjuka material.\" \/>\n<meta property=\"og:url\" content=\"https:\/\/akasel.com\/se\/shop\/metallografisk-polering\/diamantprodukter\/diamaxx-poly-025-\u00b5m\/\" \/>\n<meta property=\"og:site_name\" content=\"AKASEL A\/S\" \/>\n<meta property=\"article:modified_time\" content=\"2026-01-05T16:42:07+00:00\" \/>\n<meta property=\"og:image\" content=\"https:\/\/akasel.com\/se\/wp-content\/uploads\/sites\/5\/2022\/09\/43122513.png\" \/>\n\t<meta property=\"og:image:width\" content=\"1247\" \/>\n\t<meta property=\"og:image:height\" content=\"2559\" \/>\n\t<meta property=\"og:image:type\" content=\"image\/png\" \/>\n<meta name=\"twitter:card\" content=\"summary_large_image\" \/>\n<meta name=\"twitter:label1\" content=\"Ber\u00e4knad l\u00e4stid\" \/>\n\t<meta name=\"twitter:data1\" content=\"1 minut\" \/>\n<!-- \/ Yoast SEO plugin. -->","yoast_head_json":{"title":"DiaMaxx Poly 0,25 \u00b5m | 2-i-1 Diamantsuspension | Akasel A\/S","description":"Ultrafin 2-i-1 diamantsuspension f\u00f6r h\u00f6gprecisionspolering inom metallografi. Snabb f\u00f6rberedelse, enkel dosering, och effektiv reng\u00f6ring f\u00f6r mjuka material.","robots":{"index":"index","follow":"follow","max-snippet":"max-snippet:-1","max-image-preview":"max-image-preview:large","max-video-preview":"max-video-preview:-1"},"canonical":"https:\/\/akasel.com\/se\/shop\/metallografisk-polering\/diamantprodukter\/diamaxx-poly-025-\u00b5m\/","og_locale":"sv_SE","og_type":"article","og_title":"DiaMaxx Poly 0,25 \u00b5m | 2-i-1 Diamantsuspension | Akasel A\/S","og_description":"Ultrafin 2-i-1 diamantsuspension f\u00f6r h\u00f6gprecisionspolering inom metallografi. Snabb f\u00f6rberedelse, enkel dosering, och effektiv reng\u00f6ring f\u00f6r mjuka material.","og_url":"https:\/\/akasel.com\/se\/shop\/metallografisk-polering\/diamantprodukter\/diamaxx-poly-025-\u00b5m\/","og_site_name":"AKASEL A\/S","article_modified_time":"2026-01-05T16:42:07+00:00","og_image":[{"width":1247,"height":2559,"url":"https:\/\/akasel.com\/se\/wp-content\/uploads\/sites\/5\/2022\/09\/43122513.png","type":"image\/png"}],"twitter_card":"summary_large_image","twitter_misc":{"Ber\u00e4knad l\u00e4stid":"1 minut"},"schema":{"@context":"https:\/\/schema.org","@graph":[{"@type":"WebPage","@id":"https:\/\/akasel.com\/se\/shop\/metallografisk-polering\/diamantprodukter\/diamaxx-poly-025-%c2%b5m\/","url":"https:\/\/akasel.com\/se\/shop\/metallografisk-polering\/diamantprodukter\/diamaxx-poly-025-%c2%b5m\/","name":"DiaMaxx Poly 0,25 \u00b5m | 2-i-1 Diamantsuspension | Akasel A\/S","isPartOf":{"@id":"https:\/\/akasel.com\/se\/#website"},"datePublished":"2020-10-28T11:48:35+00:00","dateModified":"2026-01-05T16:42:07+00:00","description":"Ultrafin 2-i-1 diamantsuspension f\u00f6r h\u00f6gprecisionspolering inom metallografi. Snabb f\u00f6rberedelse, enkel dosering, och effektiv reng\u00f6ring f\u00f6r mjuka material.","breadcrumb":{"@id":"https:\/\/akasel.com\/se\/shop\/metallografisk-polering\/diamantprodukter\/diamaxx-poly-025-%c2%b5m\/#breadcrumb"},"inLanguage":"sv-SE","potentialAction":[{"@type":"ReadAction","target":["https:\/\/akasel.com\/se\/shop\/metallografisk-polering\/diamantprodukter\/diamaxx-poly-025-%c2%b5m\/"]}]},{"@type":"BreadcrumbList","@id":"https:\/\/akasel.com\/se\/shop\/metallografisk-polering\/diamantprodukter\/diamaxx-poly-025-%c2%b5m\/#breadcrumb","itemListElement":[{"@type":"ListItem","position":1,"name":"Home","item":"https:\/\/akasel.com\/se\/"},{"@type":"ListItem","position":2,"name":"Shop","item":"https:\/\/akasel.com\/se\/shop\/"},{"@type":"ListItem","position":3,"name":"DiaMaxx Poly 0,25 \u00b5m"}]},{"@type":"WebSite","@id":"https:\/\/akasel.com\/se\/#website","url":"https:\/\/akasel.com\/se\/","name":"AKASEL A\/S","description":"","potentialAction":[{"@type":"SearchAction","target":{"@type":"EntryPoint","urlTemplate":"https:\/\/akasel.com\/se\/?s={search_term_string}"},"query-input":"required name=search_term_string"}],"inLanguage":"sv-SE"}]}},"_links":{"self":[{"href":"https:\/\/akasel.com\/se\/wp-json\/wp\/v3\/product\/9891"}],"collection":[{"href":"https:\/\/akasel.com\/se\/wp-json\/wp\/v3\/product"}],"about":[{"href":"https:\/\/akasel.com\/se\/wp-json\/wp\/v2\/types\/product"}],"wp:featuredmedia":[{"embeddable":true,"href":"https:\/\/akasel.com\/se\/wp-json\/wp\/v2\/media\/11789"}],"wp:attachment":[{"href":"https:\/\/akasel.com\/se\/wp-json\/wp\/v2\/media?parent=9891"}],"wp:term":[{"taxonomy":"product_cat","embeddable":true,"href":"https:\/\/akasel.com\/se\/wp-json\/wp\/v2\/product_cat?post=9891"},{"taxonomy":"product_tag","embeddable":true,"href":"https:\/\/akasel.com\/se\/wp-json\/wp\/v2\/product_tag?post=9891"}],"curies":[{"name":"wp","href":"https:\/\/api.w.org\/{rel}","templated":true}]}}