{"id":9916,"date":"2020-10-23T13:44:31","date_gmt":"2020-10-23T11:44:31","guid":{"rendered":"https:\/\/akasel.com\/p\/diadoublo-mono\/"},"modified":"2026-01-05T17:42:17","modified_gmt":"2026-01-05T16:42:17","slug":"diadoublo-mono-15-%c2%b5m","status":"publish","type":"product","link":"https:\/\/akasel.com\/se\/shop\/metallografisk-polering\/diamantprodukter\/diadoublo-mono-15-%c2%b5m\/","title":{"rendered":"DiaDoublo Mono 15 \u00b5m"},"content":{"rendered":"<p>Tillg\u00e4ngligt inneh\u00e5ll: 500 ml, 2.5 l, 5 l<\/p>\n<p><a href=\"https:\/\/akasel.com\/wp-content\/uploads\/2024\/06\/diamond-suspension-product-brochure.pdf\">Diamond Suspensions Produktbroschyrer<\/a><\/p>\n<p><a href=\"https:\/\/akasel.com\/sds-diadoublo-se-v1-0\/\">SDS DiaDoublo (SE)<\/a><\/p>\n<p>&nbsp;<\/p>\n","protected":false},"excerpt":{"rendered":"<p>2-i-1 diamantsuspension.<br \/>\nDiaDoublo \u00e4r en v\u00e4l avv\u00e4gd blandning av diamantsuspension och sm\u00f6rjmedel.<\/p>\n<p>Rekommenderas f\u00f6r mjukare material \u2013 utom vattenk\u00e4nsliga.<\/p>\n<p>DiaDoublo Mono garanterar snabb provberedning och enkel dosering som s\u00e4kerst\u00e4ller konsekventa resultat. Enkel reng\u00f6ring av prover.<\/p>\n<p>Diamantkoncentration p\u00e5 10 ct\/l<br \/>\n100 % monokristallina diamanter<br \/>\nMedian (50%) 15 \u00b5m<br \/>\nTolerans 14,2 &#8211; 15,8 \u00b5m<br \/>\n\u00d6vre gr\u00e4ns (99%) 21,5 \u00b5m<\/p>\n<p>F\u00e5r inte uts\u00e4ttas f\u00f6r direkt solljus.<\/p>\n","protected":false},"featured_media":11592,"template":"","meta":[],"product_cat":[344,320,305,328],"product_tag":[],"class_list":["post-9916","product","type-product","status-publish","has-post-thumbnail","hentry","product_cat-metallografisk-polering","product_cat-diamantprodukter","product_cat-2-i-1-diamantsuspension","product_cat-diadoublo"],"yoast_head":"<!-- This site is optimized with the Yoast SEO plugin v21.7 - https:\/\/yoast.com\/wordpress\/plugins\/seo\/ -->\n<title>DiaDoublo Mono 15 \u00b5m | 2-i-1 Diamantsuspension | Akasel A\/S<\/title>\n<meta name=\"description\" content=\"2-i-1-diamantsuspension och sm\u00f6rjmedel f\u00f6r mjuka material. Snabb beredning, enkel dosering och reng\u00f6ring s\u00e4kerst\u00e4ller h\u00f6gkvalitativa och j\u00e4mna resultat\" \/>\n<meta name=\"robots\" content=\"index, follow, max-snippet:-1, max-image-preview:large, max-video-preview:-1\" \/>\n<link rel=\"canonical\" href=\"https:\/\/akasel.com\/se\/shop\/metallografisk-polering\/diamantprodukter\/diadoublo-mono-15-\u00b5m\/\" \/>\n<meta property=\"og:locale\" content=\"sv_SE\" \/>\n<meta property=\"og:type\" content=\"article\" \/>\n<meta property=\"og:title\" content=\"DiaDoublo Mono 15 \u00b5m | 2-i-1 Diamantsuspension | Akasel A\/S\" \/>\n<meta property=\"og:description\" content=\"2-i-1-diamantsuspension och sm\u00f6rjmedel f\u00f6r mjuka material. Snabb beredning, enkel dosering och reng\u00f6ring s\u00e4kerst\u00e4ller h\u00f6gkvalitativa och j\u00e4mna resultat\" \/>\n<meta property=\"og:url\" content=\"https:\/\/akasel.com\/se\/shop\/metallografisk-polering\/diamantprodukter\/diadoublo-mono-15-\u00b5m\/\" \/>\n<meta property=\"og:site_name\" content=\"AKASEL A\/S\" \/>\n<meta property=\"article:modified_time\" content=\"2026-01-05T16:42:17+00:00\" \/>\n<meta property=\"og:image\" content=\"https:\/\/akasel.com\/se\/wp-content\/uploads\/sites\/5\/2020\/10\/43318013.png\" \/>\n\t<meta property=\"og:image:width\" content=\"1248\" \/>\n\t<meta property=\"og:image:height\" content=\"2560\" \/>\n\t<meta property=\"og:image:type\" content=\"image\/png\" \/>\n<meta name=\"twitter:card\" content=\"summary_large_image\" \/>\n<meta name=\"twitter:label1\" content=\"Ber\u00e4knad l\u00e4stid\" \/>\n\t<meta name=\"twitter:data1\" content=\"1 minut\" \/>\n<!-- \/ Yoast SEO plugin. -->","yoast_head_json":{"title":"DiaDoublo Mono 15 \u00b5m | 2-i-1 Diamantsuspension | Akasel A\/S","description":"2-i-1-diamantsuspension och sm\u00f6rjmedel f\u00f6r mjuka material. Snabb beredning, enkel dosering och reng\u00f6ring s\u00e4kerst\u00e4ller h\u00f6gkvalitativa och j\u00e4mna resultat","robots":{"index":"index","follow":"follow","max-snippet":"max-snippet:-1","max-image-preview":"max-image-preview:large","max-video-preview":"max-video-preview:-1"},"canonical":"https:\/\/akasel.com\/se\/shop\/metallografisk-polering\/diamantprodukter\/diadoublo-mono-15-\u00b5m\/","og_locale":"sv_SE","og_type":"article","og_title":"DiaDoublo Mono 15 \u00b5m | 2-i-1 Diamantsuspension | Akasel A\/S","og_description":"2-i-1-diamantsuspension och sm\u00f6rjmedel f\u00f6r mjuka material. Snabb beredning, enkel dosering och reng\u00f6ring s\u00e4kerst\u00e4ller h\u00f6gkvalitativa och j\u00e4mna resultat","og_url":"https:\/\/akasel.com\/se\/shop\/metallografisk-polering\/diamantprodukter\/diadoublo-mono-15-\u00b5m\/","og_site_name":"AKASEL A\/S","article_modified_time":"2026-01-05T16:42:17+00:00","og_image":[{"width":1248,"height":2560,"url":"https:\/\/akasel.com\/se\/wp-content\/uploads\/sites\/5\/2020\/10\/43318013.png","type":"image\/png"}],"twitter_card":"summary_large_image","twitter_misc":{"Ber\u00e4knad l\u00e4stid":"1 minut"},"schema":{"@context":"https:\/\/schema.org","@graph":[{"@type":"WebPage","@id":"https:\/\/akasel.com\/se\/shop\/metallografisk-polering\/diamantprodukter\/diadoublo-mono-15-%c2%b5m\/","url":"https:\/\/akasel.com\/se\/shop\/metallografisk-polering\/diamantprodukter\/diadoublo-mono-15-%c2%b5m\/","name":"DiaDoublo Mono 15 \u00b5m | 2-i-1 Diamantsuspension | Akasel A\/S","isPartOf":{"@id":"https:\/\/akasel.com\/se\/#website"},"datePublished":"2020-10-23T11:44:31+00:00","dateModified":"2026-01-05T16:42:17+00:00","description":"2-i-1-diamantsuspension och sm\u00f6rjmedel f\u00f6r mjuka material. Snabb beredning, enkel dosering och reng\u00f6ring s\u00e4kerst\u00e4ller h\u00f6gkvalitativa och j\u00e4mna resultat","breadcrumb":{"@id":"https:\/\/akasel.com\/se\/shop\/metallografisk-polering\/diamantprodukter\/diadoublo-mono-15-%c2%b5m\/#breadcrumb"},"inLanguage":"sv-SE","potentialAction":[{"@type":"ReadAction","target":["https:\/\/akasel.com\/se\/shop\/metallografisk-polering\/diamantprodukter\/diadoublo-mono-15-%c2%b5m\/"]}]},{"@type":"BreadcrumbList","@id":"https:\/\/akasel.com\/se\/shop\/metallografisk-polering\/diamantprodukter\/diadoublo-mono-15-%c2%b5m\/#breadcrumb","itemListElement":[{"@type":"ListItem","position":1,"name":"Home","item":"https:\/\/akasel.com\/se\/"},{"@type":"ListItem","position":2,"name":"Shop","item":"https:\/\/akasel.com\/se\/shop\/"},{"@type":"ListItem","position":3,"name":"DiaDoublo Mono 15 \u00b5m"}]},{"@type":"WebSite","@id":"https:\/\/akasel.com\/se\/#website","url":"https:\/\/akasel.com\/se\/","name":"AKASEL A\/S","description":"","potentialAction":[{"@type":"SearchAction","target":{"@type":"EntryPoint","urlTemplate":"https:\/\/akasel.com\/se\/?s={search_term_string}"},"query-input":"required name=search_term_string"}],"inLanguage":"sv-SE"}]}},"_links":{"self":[{"href":"https:\/\/akasel.com\/se\/wp-json\/wp\/v3\/product\/9916"}],"collection":[{"href":"https:\/\/akasel.com\/se\/wp-json\/wp\/v3\/product"}],"about":[{"href":"https:\/\/akasel.com\/se\/wp-json\/wp\/v2\/types\/product"}],"wp:featuredmedia":[{"embeddable":true,"href":"https:\/\/akasel.com\/se\/wp-json\/wp\/v2\/media\/11592"}],"wp:attachment":[{"href":"https:\/\/akasel.com\/se\/wp-json\/wp\/v2\/media?parent=9916"}],"wp:term":[{"taxonomy":"product_cat","embeddable":true,"href":"https:\/\/akasel.com\/se\/wp-json\/wp\/v2\/product_cat?post=9916"},{"taxonomy":"product_tag","embeddable":true,"href":"https:\/\/akasel.com\/se\/wp-json\/wp\/v2\/product_tag?post=9916"}],"curies":[{"name":"wp","href":"https:\/\/api.w.org\/{rel}","templated":true}]}}