{"id":9977,"date":"2020-10-28T16:28:58","date_gmt":"2020-10-28T15:28:58","guid":{"rendered":"https:\/\/akasel.com\/p\/trigger-spray-5-pcs\/"},"modified":"2026-01-07T06:23:55","modified_gmt":"2026-01-07T05:23:55","slug":"trigger-spray-5-pcs","status":"publish","type":"product","link":"https:\/\/akasel.com\/se\/shop\/metallografisk-polering\/smorjmedel\/smorjmedel-tillbehor\/trigger-spray-5-pcs\/","title":{"rendered":"Trigger Spray 5 pcs."},"content":{"rendered":"","protected":false},"excerpt":{"rendered":"<p>Trigger Spray f\u00f6r 250, 500 och 1000 ml flaskor. F\u00f6r enkel och reproducerbar manuell dosering av alla typer av v\u00e4tskor, inklusive diamantsuspensioner och sm\u00f6rjmedel. Ca 0,5 ml\/dosering.<\/p>\n","protected":false},"featured_media":11579,"template":"","meta":[],"product_cat":[344,320,326,346,347,310],"product_tag":[],"class_list":["post-9977","product","type-product","status-publish","has-post-thumbnail","hentry","product_cat-metallografisk-polering","product_cat-diamantprodukter","product_cat-andra-diamantprodukter","product_cat-diamantprodukter-tillbehor","product_cat-smorjmedel","product_cat-smorjmedel-tillbehor"],"yoast_head":"<!-- This site is optimized with the Yoast SEO plugin v21.7 - https:\/\/yoast.com\/wordpress\/plugins\/seo\/ -->\n<title>Avtryckarspray 5 st | F\u00f6r Manuell Dosering i Metallografi | AKASEL<\/title>\n<meta name=\"description\" content=\"Trigger Spray f\u00f6r manuell dosering i metallografi. Passar flaskor p\u00e5 250, 500 och 1000 ml. Ger enkel och exakt dosering av v\u00e4tskor, ca 0,5 ml per dos.\" \/>\n<meta name=\"robots\" content=\"index, follow, max-snippet:-1, max-image-preview:large, max-video-preview:-1\" \/>\n<link rel=\"canonical\" href=\"https:\/\/akasel.com\/se\/shop\/metallografisk-polering\/smorjmedel\/smorjmedel-tillbehor\/trigger-spray-5-pcs\/\" \/>\n<meta property=\"og:locale\" content=\"sv_SE\" \/>\n<meta property=\"og:type\" content=\"article\" \/>\n<meta property=\"og:title\" content=\"Avtryckarspray 5 st | F\u00f6r Manuell Dosering i Metallografi | AKASEL\" \/>\n<meta property=\"og:description\" content=\"Trigger Spray f\u00f6r manuell dosering i metallografi. Passar flaskor p\u00e5 250, 500 och 1000 ml. Ger enkel och exakt dosering av v\u00e4tskor, ca 0,5 ml per dos.\" \/>\n<meta property=\"og:url\" content=\"https:\/\/akasel.com\/se\/shop\/metallografisk-polering\/smorjmedel\/smorjmedel-tillbehor\/trigger-spray-5-pcs\/\" \/>\n<meta property=\"og:site_name\" content=\"AKASEL A\/S\" \/>\n<meta property=\"article:modified_time\" content=\"2026-01-07T05:23:55+00:00\" \/>\n<meta property=\"og:image\" content=\"https:\/\/akasel.com\/se\/wp-content\/uploads\/sites\/5\/2020\/10\/trigger-spray.png\" \/>\n\t<meta property=\"og:image:width\" content=\"2389\" \/>\n\t<meta property=\"og:image:height\" content=\"2560\" \/>\n\t<meta property=\"og:image:type\" content=\"image\/png\" \/>\n<meta name=\"twitter:card\" content=\"summary_large_image\" \/>\n<meta name=\"twitter:label1\" content=\"Ber\u00e4knad l\u00e4stid\" \/>\n\t<meta name=\"twitter:data1\" content=\"1 minut\" \/>\n<!-- \/ Yoast SEO plugin. -->","yoast_head_json":{"title":"Avtryckarspray 5 st | F\u00f6r Manuell Dosering i Metallografi | AKASEL","description":"Trigger Spray f\u00f6r manuell dosering i metallografi. Passar flaskor p\u00e5 250, 500 och 1000 ml. Ger enkel och exakt dosering av v\u00e4tskor, ca 0,5 ml per dos.","robots":{"index":"index","follow":"follow","max-snippet":"max-snippet:-1","max-image-preview":"max-image-preview:large","max-video-preview":"max-video-preview:-1"},"canonical":"https:\/\/akasel.com\/se\/shop\/metallografisk-polering\/smorjmedel\/smorjmedel-tillbehor\/trigger-spray-5-pcs\/","og_locale":"sv_SE","og_type":"article","og_title":"Avtryckarspray 5 st | F\u00f6r Manuell Dosering i Metallografi | AKASEL","og_description":"Trigger Spray f\u00f6r manuell dosering i metallografi. Passar flaskor p\u00e5 250, 500 och 1000 ml. Ger enkel och exakt dosering av v\u00e4tskor, ca 0,5 ml per dos.","og_url":"https:\/\/akasel.com\/se\/shop\/metallografisk-polering\/smorjmedel\/smorjmedel-tillbehor\/trigger-spray-5-pcs\/","og_site_name":"AKASEL A\/S","article_modified_time":"2026-01-07T05:23:55+00:00","og_image":[{"width":2389,"height":2560,"url":"https:\/\/akasel.com\/se\/wp-content\/uploads\/sites\/5\/2020\/10\/trigger-spray.png","type":"image\/png"}],"twitter_card":"summary_large_image","twitter_misc":{"Ber\u00e4knad l\u00e4stid":"1 minut"},"schema":{"@context":"https:\/\/schema.org","@graph":[{"@type":"WebPage","@id":"https:\/\/akasel.com\/se\/shop\/metallografisk-polering\/smorjmedel\/smorjmedel-tillbehor\/trigger-spray-5-pcs\/","url":"https:\/\/akasel.com\/se\/shop\/metallografisk-polering\/smorjmedel\/smorjmedel-tillbehor\/trigger-spray-5-pcs\/","name":"Avtryckarspray 5 st | F\u00f6r Manuell Dosering i Metallografi | AKASEL","isPartOf":{"@id":"https:\/\/akasel.com\/se\/#website"},"datePublished":"2020-10-28T15:28:58+00:00","dateModified":"2026-01-07T05:23:55+00:00","description":"Trigger Spray f\u00f6r manuell dosering i metallografi. Passar flaskor p\u00e5 250, 500 och 1000 ml. Ger enkel och exakt dosering av v\u00e4tskor, ca 0,5 ml per dos.","breadcrumb":{"@id":"https:\/\/akasel.com\/se\/shop\/metallografisk-polering\/smorjmedel\/smorjmedel-tillbehor\/trigger-spray-5-pcs\/#breadcrumb"},"inLanguage":"sv-SE","potentialAction":[{"@type":"ReadAction","target":["https:\/\/akasel.com\/se\/shop\/metallografisk-polering\/smorjmedel\/smorjmedel-tillbehor\/trigger-spray-5-pcs\/"]}]},{"@type":"BreadcrumbList","@id":"https:\/\/akasel.com\/se\/shop\/metallografisk-polering\/smorjmedel\/smorjmedel-tillbehor\/trigger-spray-5-pcs\/#breadcrumb","itemListElement":[{"@type":"ListItem","position":1,"name":"Home","item":"https:\/\/akasel.com\/se\/"},{"@type":"ListItem","position":2,"name":"Shop","item":"https:\/\/akasel.com\/se\/shop\/"},{"@type":"ListItem","position":3,"name":"Trigger Spray 5 pcs."}]},{"@type":"WebSite","@id":"https:\/\/akasel.com\/se\/#website","url":"https:\/\/akasel.com\/se\/","name":"AKASEL A\/S","description":"","potentialAction":[{"@type":"SearchAction","target":{"@type":"EntryPoint","urlTemplate":"https:\/\/akasel.com\/se\/?s={search_term_string}"},"query-input":"required name=search_term_string"}],"inLanguage":"sv-SE"}]}},"_links":{"self":[{"href":"https:\/\/akasel.com\/se\/wp-json\/wp\/v3\/product\/9977"}],"collection":[{"href":"https:\/\/akasel.com\/se\/wp-json\/wp\/v3\/product"}],"about":[{"href":"https:\/\/akasel.com\/se\/wp-json\/wp\/v2\/types\/product"}],"wp:featuredmedia":[{"embeddable":true,"href":"https:\/\/akasel.com\/se\/wp-json\/wp\/v2\/media\/11579"}],"wp:attachment":[{"href":"https:\/\/akasel.com\/se\/wp-json\/wp\/v2\/media?parent=9977"}],"wp:term":[{"taxonomy":"product_cat","embeddable":true,"href":"https:\/\/akasel.com\/se\/wp-json\/wp\/v2\/product_cat?post=9977"},{"taxonomy":"product_tag","embeddable":true,"href":"https:\/\/akasel.com\/se\/wp-json\/wp\/v2\/product_tag?post=9977"}],"curies":[{"name":"wp","href":"https:\/\/api.w.org\/{rel}","templated":true}]}}