{"id":9980,"date":"2020-10-28T16:45:47","date_gmt":"2020-10-28T15:45:47","guid":{"rendered":"https:\/\/akasel.com\/p\/trigger-spray-bottle-3-pcs\/"},"modified":"2026-01-07T06:23:48","modified_gmt":"2026-01-07T05:23:48","slug":"trigger-spray-bottle-3-pcs","status":"publish","type":"product","link":"https:\/\/akasel.com\/se\/shop\/metallografisk-polering\/smorjmedel\/smorjmedel-tillbehor\/trigger-spray-bottle-3-pcs\/","title":{"rendered":"Trigger Spray Bottle"},"content":{"rendered":"","protected":false},"excerpt":{"rendered":"<p>250 ml PET-flaska med avtryckarspray f\u00f6r enkel och reproducerbar manuell dosering av alla typer av v\u00e4tskor, inklusive diamantsuspensioner och sm\u00f6rjmedel. Ca 0,5 ml\/dosering.<\/p>\n","protected":false},"featured_media":11578,"template":"","meta":[],"product_cat":[344,320,326,346,347,310],"product_tag":[],"class_list":["post-9980","product","type-product","status-publish","has-post-thumbnail","hentry","product_cat-metallografisk-polering","product_cat-diamantprodukter","product_cat-andra-diamantprodukter","product_cat-diamantprodukter-tillbehor","product_cat-smorjmedel","product_cat-smorjmedel-tillbehor"],"yoast_head":"<!-- This site is optimized with the Yoast SEO plugin v21.7 - https:\/\/yoast.com\/wordpress\/plugins\/seo\/ -->\n<title>Avtryckarspray | F\u00f6r Manuell Dosering i Metallografi | Akasel A\/S<\/title>\n<meta name=\"description\" content=\"250 ml PET-flaska med trigger spray f\u00f6r exakt dosering i metallografi. Perfekt f\u00f6r sm\u00f6rjmedel och diamantsuspensioner, med ca 0,5 ml per dos.\" \/>\n<meta name=\"robots\" content=\"index, follow, max-snippet:-1, max-image-preview:large, max-video-preview:-1\" \/>\n<link rel=\"canonical\" href=\"https:\/\/akasel.com\/se\/shop\/metallografisk-polering\/smorjmedel\/smorjmedel-tillbehor\/trigger-spray-bottle-3-pcs\/\" \/>\n<meta property=\"og:locale\" content=\"sv_SE\" \/>\n<meta property=\"og:type\" content=\"article\" \/>\n<meta property=\"og:title\" content=\"Avtryckarspray | F\u00f6r Manuell Dosering i Metallografi | Akasel A\/S\" \/>\n<meta property=\"og:description\" content=\"250 ml PET-flaska med trigger spray f\u00f6r exakt dosering i metallografi. Perfekt f\u00f6r sm\u00f6rjmedel och diamantsuspensioner, med ca 0,5 ml per dos.\" \/>\n<meta property=\"og:url\" content=\"https:\/\/akasel.com\/se\/shop\/metallografisk-polering\/smorjmedel\/smorjmedel-tillbehor\/trigger-spray-bottle-3-pcs\/\" \/>\n<meta property=\"og:site_name\" content=\"AKASEL A\/S\" \/>\n<meta property=\"article:modified_time\" content=\"2026-01-07T05:23:48+00:00\" \/>\n<meta property=\"og:image\" content=\"https:\/\/akasel.com\/se\/wp-content\/uploads\/sites\/5\/2020\/10\/trigger-spray-bottle-500-ml.png\" \/>\n\t<meta property=\"og:image:width\" content=\"1299\" \/>\n\t<meta property=\"og:image:height\" content=\"2560\" \/>\n\t<meta property=\"og:image:type\" content=\"image\/png\" \/>\n<meta name=\"twitter:card\" content=\"summary_large_image\" \/>\n<meta name=\"twitter:label1\" content=\"Ber\u00e4knad l\u00e4stid\" \/>\n\t<meta name=\"twitter:data1\" content=\"1 minut\" \/>\n<!-- \/ Yoast SEO plugin. -->","yoast_head_json":{"title":"Avtryckarspray | F\u00f6r Manuell Dosering i Metallografi | Akasel A\/S","description":"250 ml PET-flaska med trigger spray f\u00f6r exakt dosering i metallografi. Perfekt f\u00f6r sm\u00f6rjmedel och diamantsuspensioner, med ca 0,5 ml per dos.","robots":{"index":"index","follow":"follow","max-snippet":"max-snippet:-1","max-image-preview":"max-image-preview:large","max-video-preview":"max-video-preview:-1"},"canonical":"https:\/\/akasel.com\/se\/shop\/metallografisk-polering\/smorjmedel\/smorjmedel-tillbehor\/trigger-spray-bottle-3-pcs\/","og_locale":"sv_SE","og_type":"article","og_title":"Avtryckarspray | F\u00f6r Manuell Dosering i Metallografi | Akasel A\/S","og_description":"250 ml PET-flaska med trigger spray f\u00f6r exakt dosering i metallografi. Perfekt f\u00f6r sm\u00f6rjmedel och diamantsuspensioner, med ca 0,5 ml per dos.","og_url":"https:\/\/akasel.com\/se\/shop\/metallografisk-polering\/smorjmedel\/smorjmedel-tillbehor\/trigger-spray-bottle-3-pcs\/","og_site_name":"AKASEL A\/S","article_modified_time":"2026-01-07T05:23:48+00:00","og_image":[{"width":1299,"height":2560,"url":"https:\/\/akasel.com\/se\/wp-content\/uploads\/sites\/5\/2020\/10\/trigger-spray-bottle-500-ml.png","type":"image\/png"}],"twitter_card":"summary_large_image","twitter_misc":{"Ber\u00e4knad l\u00e4stid":"1 minut"},"schema":{"@context":"https:\/\/schema.org","@graph":[{"@type":"WebPage","@id":"https:\/\/akasel.com\/se\/shop\/metallografisk-polering\/smorjmedel\/smorjmedel-tillbehor\/trigger-spray-bottle-3-pcs\/","url":"https:\/\/akasel.com\/se\/shop\/metallografisk-polering\/smorjmedel\/smorjmedel-tillbehor\/trigger-spray-bottle-3-pcs\/","name":"Avtryckarspray | F\u00f6r Manuell Dosering i Metallografi | Akasel A\/S","isPartOf":{"@id":"https:\/\/akasel.com\/se\/#website"},"datePublished":"2020-10-28T15:45:47+00:00","dateModified":"2026-01-07T05:23:48+00:00","description":"250 ml PET-flaska med trigger spray f\u00f6r exakt dosering i metallografi. Perfekt f\u00f6r sm\u00f6rjmedel och diamantsuspensioner, med ca 0,5 ml per dos.","breadcrumb":{"@id":"https:\/\/akasel.com\/se\/shop\/metallografisk-polering\/smorjmedel\/smorjmedel-tillbehor\/trigger-spray-bottle-3-pcs\/#breadcrumb"},"inLanguage":"sv-SE","potentialAction":[{"@type":"ReadAction","target":["https:\/\/akasel.com\/se\/shop\/metallografisk-polering\/smorjmedel\/smorjmedel-tillbehor\/trigger-spray-bottle-3-pcs\/"]}]},{"@type":"BreadcrumbList","@id":"https:\/\/akasel.com\/se\/shop\/metallografisk-polering\/smorjmedel\/smorjmedel-tillbehor\/trigger-spray-bottle-3-pcs\/#breadcrumb","itemListElement":[{"@type":"ListItem","position":1,"name":"Home","item":"https:\/\/akasel.com\/se\/"},{"@type":"ListItem","position":2,"name":"Shop","item":"https:\/\/akasel.com\/se\/shop\/"},{"@type":"ListItem","position":3,"name":"Trigger Spray Bottle"}]},{"@type":"WebSite","@id":"https:\/\/akasel.com\/se\/#website","url":"https:\/\/akasel.com\/se\/","name":"AKASEL A\/S","description":"","potentialAction":[{"@type":"SearchAction","target":{"@type":"EntryPoint","urlTemplate":"https:\/\/akasel.com\/se\/?s={search_term_string}"},"query-input":"required name=search_term_string"}],"inLanguage":"sv-SE"}]}},"_links":{"self":[{"href":"https:\/\/akasel.com\/se\/wp-json\/wp\/v3\/product\/9980"}],"collection":[{"href":"https:\/\/akasel.com\/se\/wp-json\/wp\/v3\/product"}],"about":[{"href":"https:\/\/akasel.com\/se\/wp-json\/wp\/v2\/types\/product"}],"wp:featuredmedia":[{"embeddable":true,"href":"https:\/\/akasel.com\/se\/wp-json\/wp\/v2\/media\/11578"}],"wp:attachment":[{"href":"https:\/\/akasel.com\/se\/wp-json\/wp\/v2\/media?parent=9980"}],"wp:term":[{"taxonomy":"product_cat","embeddable":true,"href":"https:\/\/akasel.com\/se\/wp-json\/wp\/v2\/product_cat?post=9980"},{"taxonomy":"product_tag","embeddable":true,"href":"https:\/\/akasel.com\/se\/wp-json\/wp\/v2\/product_tag?post=9980"}],"curies":[{"name":"wp","href":"https:\/\/api.w.org\/{rel}","templated":true}]}}