{"id":8117,"date":"2020-11-16T17:50:43","date_gmt":"2020-11-16T16:50:43","guid":{"rendered":"https:\/\/akasel.com\/aka-brief\/aka-brief-deutsch\/"},"modified":"2025-09-26T07:55:28","modified_gmt":"2025-09-26T05:55:28","slug":"aka-brief-deutsch","status":"publish","type":"page","link":"https:\/\/akasel.com\/us\/aka-brief\/aka-brief-deutsch\/","title":{"rendered":"Aka-Brief &#8211; Deutsch"},"content":{"rendered":"<p>Aka-Brief ist eine Pr\u00e4parationsmethode mit allen Parametern f\u00fcr die einzelnen Pr\u00e4parationsstufen.<br \/>\nZus\u00e4tzlich wird ein Mikroskopbild mit dem erwarteten Ergebnis nach jeder Pr\u00e4parationsstufe gezeigt.<br \/>\nDas erm\u00f6glicht ihnen zu bestimmen ob die einzelnen Stufen erfolgreich ausgef\u00fchrt wurden, oder ob \u00c4nderungen notwendig sind.<\/p>\n<p>Es gibt zwei verschiedene Arten von Pr\u00e4parationsmethoden: Spezifische Methoden f\u00fcr bestimmte Materialien und Generelle Methoden f\u00fcr eine ganze Reihe von Werkstoffen, abh\u00e4ngig von deren H\u00e4rte. Alle Methoden wurden sorgf\u00e4ltig optimiert um die bestm\u00f6gliche Qualit\u00e4t bei den g\u00fcnstigsten Kosten zu erreichen.<\/p>\n<p>Klicken Sie auf den untenstehenden Link um den relevanten Aka-Brief zu \u00f6ffnen und herunterzuladen.<\/p>\n<div  class=' split-sektion columns-3 boxed-items'>\n<span  class='split-sektion-item'>\n<figure class=\"wp-block-image\"><img decoding=\"async\" class=\"wp-image-5373\" src=\"https:\/\/akasel.com\/wp-content\/uploads\/2023\/08\/aka-brief-2021-2-uk5-web-pdf-1024x724-1-1.jpg\" alt=\"Aka Brief 2021 2 Uk5 Web Pdf 1024x724 1\" \/><\/figure>\n<p>Kupfer und Kupferlegierungen<\/p>\n<p><a href=\"https:\/\/akasel.com\/de\/wp-content\/uploads\/sites\/2\/2023\/12\/aka-brief-1-de7-web.pdf\" target=\"_blank\" rel=\"noopener\">Link<\/a><\/p>\n<\/span>\n<span  class='split-sektion-item'>\n<figure class=\"wp-block-image\"><img decoding=\"async\" src=\"https:\/\/akasel.com\/de\/wp-content\/uploads\/sites\/2\/2024\/06\/aka-brief-2023-2-de9-web-page-0001.jpg\" alt=\"Aka-Brief-2023_#2_DE9_WEB\" \/><\/figure>\n<p>Keramikvielschicht-Chipkondensators<\/p>\n<p><a href=\"https:\/\/akasel.com\/de\/wp-content\/uploads\/sites\/2\/2024\/06\/aka-brief-2023-2-de9-web.pdf\" target=\"_blank\" rel=\"noopener\">Link<\/a><\/p>\n<\/span>\n<span  class='split-sektion-item'>\n<figure class=\"wp-block-image\"><img decoding=\"async\" src=\"https:\/\/akasel.com\/wp-content\/uploads\/2021\/01\/aka-brief-2021_3_de5_web-1-pdf-1024x724.jpg\" alt=\"\" \/><\/figure>\n<p>Reintitan<\/p>\n<p><a href=\"https:\/\/akasel.com\/de\/wp-content\/uploads\/sites\/2\/2023\/12\/aka-brief-3-de7-web.pdf\" target=\"_blank\" rel=\"noopener\">Link<\/a><\/p>\n<\/span>\n<span  class='split-sektion-item'>\n<figure class=\"wp-block-image\"><img decoding=\"async\" src=\"https:\/\/akasel.com\/wp-content\/uploads\/2021\/01\/aka-brief-2021_4_de5_web-pdf-1024x724.jpg\" alt=\"\" \/><\/figure>\n<p>Aluminiumlegierungen<\/p>\n<p><a href=\"https:\/\/akasel.com\/de\/wp-content\/uploads\/sites\/2\/2023\/12\/aka-brief-4-de7-web.pdf\" target=\"_blank\" rel=\"noopener\">Link<\/a><\/p>\n<\/span>\n<span  class='split-sektion-item'>\n<figure class=\"wp-block-image\"><img decoding=\"async\" src=\"https:\/\/akasel.com\/de\/wp-content\/uploads\/sites\/2\/2023\/12\/aka-brief-5-de-web.png\" alt=\"\" \/><\/figure>\n<p>Thermisch spritzbeschichtete Metalle\/Verbund-werkstoffe<\/p>\n<p><a href=\"https:\/\/akasel.com\/de\/wp-content\/uploads\/sites\/2\/2023\/12\/aka-brief-5-de7-web.pdf\" target=\"_blank\" rel=\"noopener\">Link<\/a><\/p>\n<\/span>\n<span  class='split-sektion-item'>\n<figure class=\"wp-block-image size-full\"><img decoding=\"async\" class=\"wp-image-10836\" src=\"https:\/\/akasel.com\/wp-content\/uploads\/2023\/01\/aka-brief-2023-6-de-web-1-2.png\" alt=\"Aka Brief 2023 6 Uk Web 1 3\" \/><\/figure>\n<p>Beschichtete Hartmetalle<\/p>\n<p><a href=\"https:\/\/akasel.com\/de\/wp-content\/uploads\/sites\/2\/2023\/12\/aka-brief-6-de7-web.pdf\" target=\"_blank\" rel=\"noopener\">Link<\/a><\/p>\n<\/span>\n<span  class='split-sektion-item'>\n<figure class=\"wp-block-image\"><img decoding=\"async\" src=\"https:\/\/akasel.com\/wp-content\/uploads\/2021\/01\/aka-brief-2021_7_de5_web-pdf-1024x724.jpg\" alt=\"\" \/><\/figure>\n<p>Nichtrostende- und Duplexst\u00e4hle<\/p>\n<p><a href=\"https:\/\/akasel.com\/de\/wp-content\/uploads\/sites\/2\/2023\/12\/aka-brief-7-de7-web.pdf\" target=\"_blank\" rel=\"noopener\">Link<\/a><\/p>\n<\/span>\n<span  class='split-sektion-item'>\n<figure class=\"wp-block-image\"><img decoding=\"async\" src=\"https:\/\/akasel.com\/wp-content\/uploads\/2021\/01\/aka-brief-2021_8_de5_web-pdf-1024x724.jpg\" alt=\"\" \/><\/figure>\n<p>Titanlegierungen<\/p>\n<p><a href=\"https:\/\/akasel.com\/de\/wp-content\/uploads\/sites\/2\/2023\/12\/aka-brief-8-de7-web.pdf\" target=\"_blank\" rel=\"noopener\">Link<\/a><\/p>\n<\/span>\n<span  class='split-sektion-item'>\n<figure class=\"wp-block-image\"><img decoding=\"async\" src=\"https:\/\/akasel.com\/de\/wp-content\/uploads\/sites\/2\/2023\/12\/aka-brief-9-de-web.png\" alt=\"\" \/><\/figure>\n<p>Kohlefaser-verbundwerkstoffe<\/p>\n<p><a href=\"https:\/\/akasel.com\/de\/wp-content\/uploads\/sites\/2\/2023\/12\/aka-brief-9-de7-web.pdf\" target=\"_blank\" rel=\"noopener\">Link<\/a><\/p>\n<\/span>\n<span  class='split-sektion-item'>\n<figure class=\"wp-block-image\"><img decoding=\"async\" class=\"wp-image-10529\" src=\"https:\/\/akasel.com\/wp-content\/uploads\/2022\/11\/aka-brief-2022-10-de.jpg\" alt=\"aka-brief-2022-10-1\" \/><\/figure>\n<p>Werkstoffe mit einer H\u00e4rte von 50-150 HV<\/p>\n<p><a href=\"https:\/\/akasel.com\/de\/wp-content\/uploads\/sites\/2\/2023\/12\/aka-brief-10-de7-web.pdf\" target=\"_blank\" rel=\"noopener\">Link<\/a><\/p>\n<\/span>\n<span  class='split-sektion-item'>\n<figure class=\"wp-block-image\"><img decoding=\"async\" class=\"wp-image-10536\" src=\"https:\/\/akasel.com\/wp-content\/uploads\/2022\/11\/aka-brief-2022-11-de.jpg\" alt=\"aka-brief-2022-11uk-1\" \/><\/figure>\n<p>Werkstoffe mit einer H\u00e4rte von 400-700 HV<\/p>\n<p><a href=\"https:\/\/akasel.com\/de\/wp-content\/uploads\/sites\/2\/2023\/12\/aka-brief-11-de7-web.pdf\" target=\"_blank\" rel=\"noopener\">Link<\/a><\/p>\n<\/span>\n<span  class='split-sektion-item'>\n<figure class=\"wp-block-image\"><img loading=\"lazy\" decoding=\"async\" class=\"alignnone size-full wp-image-8129\" src=\"https:\/\/akasel.com\/de\/wp-content\/uploads\/sites\/2\/2024\/06\/aka-brief-2023-12-de9-web-page-0001.jpg\" alt=\"Aka-Brief-2023_#12_DE9_WEB\" width=\"1024\" height=\"724\" \/><\/figure>\n<p>Werkstoffe mit einer H\u00e4rte von 700-2000 HV<\/p>\n<p><a href=\"https:\/\/akasel.com\/de\/wp-content\/uploads\/sites\/2\/2024\/06\/aka-brief-2023-12-de9-web.pdf\" target=\"_blank\" rel=\"noopener\">Link<\/a><\/p>\n<\/span>\n<span  class='split-sektion-item'>\n<figure class=\"wp-block-image\"><img decoding=\"async\" src=\"https:\/\/akasel.com\/wp-content\/uploads\/2021\/01\/aka-brief-2021_13_de5_web-pdf-1024x724.jpg\" alt=\"\" \/><\/figure>\n<p>Elektronische Bauteile<\/p>\n<p><a href=\"https:\/\/akasel.com\/de\/wp-content\/uploads\/sites\/2\/2023\/12\/aka-brief-13-de7-web.pdf\" target=\"_blank\" rel=\"noopener\">Link<\/a><\/p>\n<\/span>\n<span  class='split-sektion-item'>\n<figure class=\"wp-block-image\"><img decoding=\"async\" src=\"https:\/\/akasel.com\/wp-content\/uploads\/2021\/01\/aka-brief-2021_14_de5_web-pdf-1024x724.jpg\" alt=\"\" \/><\/figure>\n<p>Gusseisen<\/p>\n<p><a href=\"https:\/\/akasel.com\/de\/wp-content\/uploads\/sites\/2\/2023\/12\/aka-brief-14-de7-web.pdf\" target=\"_blank\" rel=\"noopener\">Link<\/a><\/p>\n<\/span>\n<span  class='split-sektion-item'>\n<figure class=\"wp-block-image\"><img decoding=\"async\" src=\"https:\/\/akasel.com\/wp-content\/uploads\/2021\/01\/aka-brief-2021_15_de5_web-pdf-1024x724.jpg\" alt=\"\" \/><\/figure>\n<p>Verzinkte St\u00e4hle<\/p>\n<p><a href=\"https:\/\/akasel.com\/de\/wp-content\/uploads\/sites\/2\/2023\/12\/aka-brief-15-de7-web.pdf\" target=\"_blank\" rel=\"noopener\">Link<\/a><\/p>\n<\/span>\n<span  class='split-sektion-item'>\n<figure class=\"wp-block-image\"><img decoding=\"async\" class=\"wp-image-10541\" src=\"https:\/\/akasel.com\/wp-content\/uploads\/2022\/11\/aka-brief-2022-16-de.jpg\" alt=\"aka-brief-2022-16-uk-1\" \/><\/figure>\n<p>Werkstoffe mit einer H\u00e4rte von 150-400 HV<\/p>\n<p><a href=\"https:\/\/akasel.com\/de\/wp-content\/uploads\/sites\/2\/2023\/12\/aka-brief-16-de7-web.pdf\" target=\"_blank\" rel=\"noopener\">Link<\/a><\/p>\n<\/span>\n<span  class='split-sektion-item'>\n<figure class=\"wp-block-image\"><img decoding=\"async\" src=\"https:\/\/akasel.com\/de\/wp-content\/uploads\/sites\/2\/2023\/12\/aka-brief-17-de-web.png\" alt=\"\" \/><\/figure>\n<p>Nitrierte und nitrocarburisierte St\u00e4hle<\/p>\n<p><a href=\"https:\/\/akasel.com\/de\/wp-content\/uploads\/sites\/2\/2023\/12\/aka-brief-17-de7-web.pdf\" target=\"_blank\" rel=\"noopener\">Link<\/a><\/p>\n<\/span>\n<span  class='split-sektion-item'>\n<figure class=\"wp-block-image\"><img decoding=\"async\" src=\"https:\/\/akasel.com\/wp-content\/uploads\/2021\/01\/aka-brief-2021_18_de5_web-pdf-1024x724.jpg\" alt=\"\" \/><\/figure>\n<p>Oberfl\u00e4chengeh\u00e4rtete St\u00e4hle<\/p>\n<p><a href=\"https:\/\/akasel.com\/de\/wp-content\/uploads\/sites\/2\/2023\/12\/aka-brief-18-de7-web.pdf\" target=\"_blank\" rel=\"noopener\">Link<\/a><\/p>\n<\/span>\n<span  class='split-sektion-item'>\n<figure class=\"wp-block-image\"><img decoding=\"async\" src=\"https:\/\/akasel.com\/wp-content\/uploads\/2021\/01\/aka-brief-2021_19_de5_web-pdf-1024x724.jpg\" alt=\"\" \/><\/figure>\n<p>Superlegierungen mit Diffusionsschichten<\/p>\n<p><a href=\"https:\/\/akasel.com\/de\/wp-content\/uploads\/sites\/2\/2023\/12\/aka-brief-19-de7-web.pdf\" target=\"_blank\" rel=\"noopener\">Link<\/a><\/p>\n<\/span>\n<span  class='split-sektion-item'>\n<figure class=\"wp-block-image\"><img decoding=\"async\" src=\"https:\/\/akasel.com\/wp-content\/uploads\/2021\/01\/aka-brief-2021_20_de5_web-pdf-1024x724.jpg\" alt=\"\" \/><\/figure>\n<p>Superlegierungen<\/p>\n<p><a href=\"https:\/\/akasel.com\/de\/wp-content\/uploads\/sites\/2\/2023\/12\/aka-brief-20-de7-web.pdf\" target=\"_blank\" rel=\"noopener\">Link<\/a><\/p>\n<\/span>\n<span  class='split-sektion-item'>\n<figure class=\"wp-block-image\"><img decoding=\"async\" src=\"https:\/\/akasel.com\/de\/wp-content\/uploads\/sites\/2\/2023\/12\/aka-brief-21-de-web.png\" alt=\"\" \/><\/figure>\n<p>Thermisch spritzbeschichtete Keramiken<\/p>\n<p><a href=\"https:\/\/akasel.com\/de\/wp-content\/uploads\/sites\/2\/2023\/12\/aka-brief-21-de7-web.pdf\" target=\"_blank\" rel=\"noopener\">Link<\/a><\/p>\n<\/span>\n<\/div>\n","protected":false},"excerpt":{"rendered":"<p>Aka-Brief ist eine Pr\u00e4parationsmethode mit allen Parametern f\u00fcr die einzelnen Pr\u00e4parationsstufen. Zus\u00e4tzlich wird ein Mikroskopbild mit dem erwarteten Ergebnis nach&#8230;<\/p>\n","protected":false},"author":1,"featured_media":8118,"parent":8064,"menu_order":0,"comment_status":"closed","ping_status":"open","template":"","meta":{"footnotes":""},"class_list":["post-8117","page","type-page","status-publish","has-post-thumbnail","hentry"],"acf":[],"yoast_head":"<!-- This site is optimized with the Yoast SEO plugin v21.7 - https:\/\/yoast.com\/wordpress\/plugins\/seo\/ -->\n<title>Aka-Brief: Metallografie Pr\u00e4parationsmethoden | Deutsch | Akasel<\/title>\n<meta name=\"description\" content=\"Entdecken Sie optimierte Aka-Brief Methoden von Akasel f\u00fcr hochwertige, kosteneffiziente metallografische Probenvorbereitung. Erfahren Sie jetzt mehr.\" \/>\n<meta name=\"robots\" content=\"index, follow, max-snippet:-1, max-image-preview:large, max-video-preview:-1\" \/>\n<link rel=\"canonical\" href=\"https:\/\/akasel.com\/us\/aka-brief\/aka-brief-deutsch\/\" \/>\n<meta property=\"og:locale\" content=\"en_US\" \/>\n<meta property=\"og:type\" content=\"article\" \/>\n<meta property=\"og:title\" content=\"Aka-Brief: Metallografie Pr\u00e4parationsmethoden | Deutsch | Akasel\" \/>\n<meta property=\"og:description\" content=\"Entdecken Sie optimierte Aka-Brief Methoden von Akasel f\u00fcr hochwertige, kosteneffiziente metallografische Probenvorbereitung. Erfahren Sie jetzt mehr.\" \/>\n<meta property=\"og:url\" content=\"https:\/\/akasel.com\/us\/aka-brief\/aka-brief-deutsch\/\" \/>\n<meta property=\"og:site_name\" content=\"AKASEL A\/S\" \/>\n<meta property=\"article:modified_time\" content=\"2025-09-26T05:55:28+00:00\" \/>\n<meta property=\"og:image\" content=\"https:\/\/akasel.com\/us\/wp-content\/uploads\/sites\/6\/2023\/08\/aka-brief-2021-2-uk5-web-pdf-1024x724-1-1.jpg\" \/>\n\t<meta property=\"og:image:width\" content=\"1024\" \/>\n\t<meta property=\"og:image:height\" content=\"724\" \/>\n\t<meta property=\"og:image:type\" content=\"image\/jpeg\" \/>\n<meta name=\"twitter:card\" content=\"summary_large_image\" \/>\n<meta name=\"twitter:label1\" content=\"Est. reading time\" \/>\n\t<meta name=\"twitter:data1\" content=\"6 minutes\" \/>\n<!-- \/ Yoast SEO plugin. -->","yoast_head_json":{"title":"Aka-Brief: Metallografie Pr\u00e4parationsmethoden | Deutsch | Akasel","description":"Entdecken Sie optimierte Aka-Brief Methoden von Akasel f\u00fcr hochwertige, kosteneffiziente metallografische Probenvorbereitung. Erfahren Sie jetzt mehr.","robots":{"index":"index","follow":"follow","max-snippet":"max-snippet:-1","max-image-preview":"max-image-preview:large","max-video-preview":"max-video-preview:-1"},"canonical":"https:\/\/akasel.com\/us\/aka-brief\/aka-brief-deutsch\/","og_locale":"en_US","og_type":"article","og_title":"Aka-Brief: Metallografie Pr\u00e4parationsmethoden | Deutsch | Akasel","og_description":"Entdecken Sie optimierte Aka-Brief Methoden von Akasel f\u00fcr hochwertige, kosteneffiziente metallografische Probenvorbereitung. Erfahren Sie jetzt mehr.","og_url":"https:\/\/akasel.com\/us\/aka-brief\/aka-brief-deutsch\/","og_site_name":"AKASEL A\/S","article_modified_time":"2025-09-26T05:55:28+00:00","og_image":[{"width":1024,"height":724,"url":"https:\/\/akasel.com\/us\/wp-content\/uploads\/sites\/6\/2023\/08\/aka-brief-2021-2-uk5-web-pdf-1024x724-1-1.jpg","type":"image\/jpeg"}],"twitter_card":"summary_large_image","twitter_misc":{"Est. reading time":"6 minutes"},"schema":{"@context":"https:\/\/schema.org","@graph":[{"@type":"WebPage","@id":"https:\/\/akasel.com\/us\/aka-brief\/aka-brief-deutsch\/","url":"https:\/\/akasel.com\/us\/aka-brief\/aka-brief-deutsch\/","name":"Aka-Brief: Metallografie Pr\u00e4parationsmethoden | Deutsch | Akasel","isPartOf":{"@id":"https:\/\/akasel.com\/us\/#website"},"datePublished":"2020-11-16T16:50:43+00:00","dateModified":"2025-09-26T05:55:28+00:00","description":"Entdecken Sie optimierte Aka-Brief Methoden von Akasel f\u00fcr hochwertige, kosteneffiziente metallografische Probenvorbereitung. Erfahren Sie jetzt mehr.","breadcrumb":{"@id":"https:\/\/akasel.com\/us\/aka-brief\/aka-brief-deutsch\/#breadcrumb"},"inLanguage":"en-US","potentialAction":[{"@type":"ReadAction","target":["https:\/\/akasel.com\/us\/aka-brief\/aka-brief-deutsch\/"]}]},{"@type":"BreadcrumbList","@id":"https:\/\/akasel.com\/us\/aka-brief\/aka-brief-deutsch\/#breadcrumb","itemListElement":[{"@type":"ListItem","position":1,"name":"Home","item":"https:\/\/akasel.com\/us\/"},{"@type":"ListItem","position":2,"name":"Aka-Brief","item":"https:\/\/akasel.com\/us\/aka-brief\/"},{"@type":"ListItem","position":3,"name":"Aka-Brief &#8211; Deutsch"}]},{"@type":"WebSite","@id":"https:\/\/akasel.com\/us\/#website","url":"https:\/\/akasel.com\/us\/","name":"AKASEL A\/S","description":"","potentialAction":[{"@type":"SearchAction","target":{"@type":"EntryPoint","urlTemplate":"https:\/\/akasel.com\/us\/?s={search_term_string}"},"query-input":"required name=search_term_string"}],"inLanguage":"en-US"}]}},"_links":{"self":[{"href":"https:\/\/akasel.com\/us\/wp-json\/wp\/v2\/pages\/8117"}],"collection":[{"href":"https:\/\/akasel.com\/us\/wp-json\/wp\/v2\/pages"}],"about":[{"href":"https:\/\/akasel.com\/us\/wp-json\/wp\/v2\/types\/page"}],"author":[{"embeddable":true,"href":"https:\/\/akasel.com\/us\/wp-json\/wp\/v2\/users\/1"}],"replies":[{"embeddable":true,"href":"https:\/\/akasel.com\/us\/wp-json\/wp\/v2\/comments?post=8117"}],"version-history":[{"count":7,"href":"https:\/\/akasel.com\/us\/wp-json\/wp\/v2\/pages\/8117\/revisions"}],"predecessor-version":[{"id":12079,"href":"https:\/\/akasel.com\/us\/wp-json\/wp\/v2\/pages\/8117\/revisions\/12079"}],"up":[{"embeddable":true,"href":"https:\/\/akasel.com\/us\/wp-json\/wp\/v2\/pages\/8064"}],"wp:featuredmedia":[{"embeddable":true,"href":"https:\/\/akasel.com\/us\/wp-json\/wp\/v2\/media\/8118"}],"wp:attachment":[{"href":"https:\/\/akasel.com\/us\/wp-json\/wp\/v2\/media?parent=8117"}],"curies":[{"name":"wp","href":"https:\/\/api.w.org\/{rel}","templated":true}]}}