{"id":8146,"date":"2020-11-16T18:20:05","date_gmt":"2020-11-16T17:20:05","guid":{"rendered":"https:\/\/akasel.com\/aka-brief\/aka-brief-espanol\/"},"modified":"2025-09-26T07:55:29","modified_gmt":"2025-09-26T05:55:29","slug":"aka-brief-espanol","status":"publish","type":"page","link":"https:\/\/akasel.com\/us\/aka-brief\/aka-brief-espanol\/","title":{"rendered":"Aka-Brief &#8211; Espa\u00f1ol"},"content":{"rendered":"<p>Aka-Brief es un m\u00e9todo de preparaci\u00f3n para distintos tipos de materiales donde se describen los pasos necesarios para conseguir el mejor resultado.<\/p>\n<p>Esto hace posible determinar si los pasos individuales se han llevado a cabo con \u00e9xito o si es necesario cambiar algo.<\/p>\n<p>En la segunda p\u00e1gina, encontrar\u00e1 varias micrograf\u00edas que muestran el resultado final con distintas iluminaciones o ataques.<\/p>\n<p>Hay dos tipos diferentes de m\u00e9todos de preparaci\u00f3n: M\u00e9todos espec\u00edficos para materiales concretos y M\u00e9todos generales para una gama de materiales basados en sus durezas. Todos los m\u00e9todos est\u00e1n cuidadosamente optimizados para proporcionar la mejor calidad posible al menor costo posible.<\/p>\n<div  class=' split-sektion columns-3 boxed-items'>\n<span  class='split-sektion-item'>\n<figure class=\"wp-block-image\"><img decoding=\"async\" src=\"https:\/\/akasel.com\/wp-content\/uploads\/2024\/09\/aka-brief-2024-es-1.jpg\" alt=\"\" \/><\/figure>\n<p>Cobre y Aleaciones de Cobre<\/p>\n<p><a href=\"https:\/\/akasel.com\/wp-content\/uploads\/2024\/09\/aka-brief-1-es.pdf\">Link<\/a><\/p>\n<\/span>\n<span  class='split-sektion-item'>\n<figure class=\"wp-block-image\"><img decoding=\"async\" src=\"https:\/\/akasel.com\/wp-content\/uploads\/2024\/09\/aka-brief-2024-es-2.jpg\" alt=\"\" \/><\/figure>\n<p>Capacitores Cer\u00e1micos Multicapa (MLCC)<\/p>\n<p><a href=\"https:\/\/akasel.com\/wp-content\/uploads\/2024\/09\/aka-brief-2-es.pdf\">Link<\/a><\/p>\n<\/span>\n<span  class='split-sektion-item'>\n<figure class=\"wp-block-image\"><img decoding=\"async\" src=\"https:\/\/akasel.com\/wp-content\/uploads\/2024\/09\/aka-brief-2024-es-3.jpg\" alt=\"\" \/><\/figure>\n<p>Titanio\u00a0Puro<\/p>\n<p><a href=\"https:\/\/akasel.com\/wp-content\/uploads\/2024\/09\/aka-brief-3-es.pdf\">Link<\/a><\/p>\n<\/span>\n<span  class='split-sektion-item'>\n<figure class=\"wp-block-image\"><img decoding=\"async\" src=\"https:\/\/akasel.com\/wp-content\/uploads\/2024\/09\/aka-brief-2024-es-4.jpg\" alt=\"\" \/><\/figure>\n<p>Aleaciones de Aluminio<\/p>\n<p><a href=\"https:\/\/akasel.com\/wp-content\/uploads\/2024\/09\/aka-brief-4-es.pdf\">Link<\/a><\/p>\n<\/span>\n<span  class='split-sektion-item'>\n<figure class=\"wp-block-image\"><img decoding=\"async\" src=\"https:\/\/akasel.com\/wp-content\/uploads\/2024\/09\/aka-brief-2024-es-5.jpg\" alt=\"\" \/><\/figure>\n<p>Piezas Recubiertas con Spray T\u00e9rmico Met\u00e1lico\/Compuesto<\/p>\n<p><a href=\"https:\/\/akasel.com\/wp-content\/uploads\/2024\/09\/aka-brief-5-es.pdf\">Link<\/a><\/p>\n<\/span>\n<span  class='split-sektion-item'>\n<figure class=\"wp-block-image\"><img decoding=\"async\" src=\"https:\/\/akasel.com\/wp-content\/uploads\/2024\/09\/aka-brief-2024-es-6.jpg\" alt=\"\" \/><\/figure>\n<p>Carburos Sinterizados Recubiertos<\/p>\n<p><a href=\"https:\/\/akasel.com\/wp-content\/uploads\/2024\/09\/aka-brief-6-es.pdf\">Link<\/a><\/p>\n<\/span>\n<span  class='split-sektion-item'>\n<figure class=\"wp-block-image\"><img decoding=\"async\" src=\"https:\/\/akasel.com\/wp-content\/uploads\/2024\/09\/aka-brief-2024-es-7.jpg\" alt=\"\" \/><\/figure>\n<p>Acero Inoxidable y Duplex<\/p>\n<p><a href=\"https:\/\/akasel.com\/wp-content\/uploads\/2024\/09\/aka-brief-7-es.pdf\">Link<\/a><\/p>\n<\/span>\n<span  class='split-sektion-item'>\n<figure class=\"wp-block-image\"><img decoding=\"async\" src=\"https:\/\/akasel.com\/wp-content\/uploads\/2024\/09\/aka-brief-2024-es-8.jpg\" alt=\"\" \/><\/figure>\n<p>Aleaciones de Titanio<\/p>\n<p><a href=\"https:\/\/akasel.com\/wp-content\/uploads\/2024\/09\/aka-brief-8-es.pdf\">Link<\/a><\/p>\n<\/span>\n<span  class='split-sektion-item'>\n<figure class=\"wp-block-image\"><img decoding=\"async\" src=\"https:\/\/akasel.com\/wp-content\/uploads\/2024\/09\/aka-brief-2024-es-9.jpg\" alt=\"\" \/><\/figure>\n<p>Compuestos de Fibras de Carbono<\/p>\n<p><a href=\"https:\/\/akasel.com\/wp-content\/uploads\/2024\/09\/aka-brief-9-es.pdf\">Link<\/a><\/p>\n<\/span>\n<span  class='split-sektion-item'>\n<figure class=\"wp-block-image\"><img decoding=\"async\" src=\"https:\/\/akasel.com\/wp-content\/uploads\/2024\/09\/aka-brief-2024-es-10.jpg\" alt=\"\" \/><\/figure>\n<p>Materiales con Dureza de 50-150 HV<\/p>\n<p><a href=\"https:\/\/akasel.com\/wp-content\/uploads\/2024\/09\/aka-brief-10-es.pdf\">Link<\/a><\/p>\n<\/span>\n<span  class='split-sektion-item'>\n<figure class=\"wp-block-image\"><img decoding=\"async\" src=\"https:\/\/akasel.com\/wp-content\/uploads\/2024\/09\/aka-brief-2024-es-11.jpg\" alt=\"\" \/><\/figure>\n<p>Materiales con Dureza de 400-700 HV<\/p>\n<p><a href=\"https:\/\/akasel.com\/wp-content\/uploads\/2024\/09\/aka-brief-11-es.pdf\">Link<\/a><\/p>\n<\/span>\n<span  class='split-sektion-item'>\n<figure class=\"wp-block-image\"><img decoding=\"async\" src=\"https:\/\/akasel.com\/wp-content\/uploads\/2024\/09\/aka-brief-2024-es-12.jpg\" alt=\"\" \/><\/figure>\n<p>Materiales con Dureza de 700-2000 HV<\/p>\n<p><a href=\"https:\/\/akasel.com\/wp-content\/uploads\/2024\/09\/aka-brief-12-es.pdf\">Link<\/a><\/p>\n<\/span>\n<span  class='split-sektion-item'>\n<figure class=\"wp-block-image\"><img decoding=\"async\" src=\"https:\/\/akasel.com\/wp-content\/uploads\/2024\/09\/aka-brief-2024-es-13.jpg\" alt=\"\" \/><\/figure>\n<p>Componentes Electr\u00f3nicos<\/p>\n<p><a href=\"https:\/\/akasel.com\/wp-content\/uploads\/2024\/09\/aka-brief-13-es.pdf\">Link<\/a><\/p>\n<\/span>\n<span  class='split-sektion-item'>\n<figure class=\"wp-block-image\"><img decoding=\"async\" src=\"https:\/\/akasel.com\/wp-content\/uploads\/2024\/09\/aka-brief-2024-es-14.jpg\" alt=\"\" \/><\/figure>\n<p>Hierro Fundido<\/p>\n<p><a href=\"https:\/\/akasel.com\/wp-content\/uploads\/2024\/09\/aka-brief-14-es.pdf\">Link<\/a><\/p>\n<\/span>\n<span  class='split-sektion-item'>\n<figure class=\"wp-block-image\"><img decoding=\"async\" src=\"https:\/\/akasel.com\/wp-content\/uploads\/2024\/09\/aka-brief-2024-es-15.jpg\" alt=\"\" \/><\/figure>\n<p>Aceros Zincados<\/p>\n<p><a href=\"https:\/\/akasel.com\/wp-content\/uploads\/2024\/09\/aka-brief-15-es.pdf\">Link<\/a><\/p>\n<\/span>\n<span  class='split-sektion-item'>\n<figure class=\"wp-block-image\"><img decoding=\"async\" src=\"https:\/\/akasel.com\/wp-content\/uploads\/2024\/09\/aka-brief-2024-es-16.jpg\" alt=\"\" \/><\/figure>\n<p>Materiales con Dureza de 150-400 HV<\/p>\n<p><a href=\"https:\/\/akasel.com\/wp-content\/uploads\/2024\/09\/aka-brief-16-es.pdf\">Link<\/a><\/p>\n<\/span>\n<span  class='split-sektion-item'>\n<figure class=\"wp-block-image\"><img decoding=\"async\" src=\"https:\/\/akasel.com\/wp-content\/uploads\/2024\/09\/aka-brief-2024-es-17.jpg\" alt=\"\" \/><\/figure>\n<p>Aceros Nitrurados y Nitrocarburizados<\/p>\n<p><a href=\"https:\/\/akasel.com\/wp-content\/uploads\/2024\/09\/aka-brief-17-es.pdf\">Link<\/a><\/p>\n<\/span>\n<span  class='split-sektion-item'>\n<figure class=\"wp-block-image\"><img decoding=\"async\" src=\"https:\/\/akasel.com\/wp-content\/uploads\/2024\/09\/aka-brief-2024-es-18.jpg\" alt=\"\" \/><\/figure>\n<p>Aceros Endurecidos Superficialmente<\/p>\n<p><a href=\"https:\/\/akasel.com\/wp-content\/uploads\/2024\/09\/aka-brief-18-es.pdf\">Link<\/a><\/p>\n<\/span>\n<span  class='split-sektion-item'>\n<figure class=\"wp-block-image\"><img decoding=\"async\" src=\"https:\/\/akasel.com\/wp-content\/uploads\/2024\/09\/aka-brief-2024-es-19.jpg\" alt=\"\" \/><\/figure>\n<p>Super Aleaciones con recubrimientos de difusi\u00f3n<\/p>\n<p><a href=\"https:\/\/akasel.com\/wp-content\/uploads\/2024\/09\/aka-brief-19-es.pdf\">Link<\/a><\/p>\n<\/span>\n<span  class='split-sektion-item'>\n<figure class=\"wp-block-image\"><img decoding=\"async\" src=\"https:\/\/akasel.com\/wp-content\/uploads\/2024\/09\/aka-brief-2024-es-20.jpg\" alt=\"\" \/><\/figure>\n<p>Super Aleaciones<\/p>\n<p><a href=\"https:\/\/akasel.com\/wp-content\/uploads\/2024\/09\/aka-brief-20-es.pdf\">Link<\/a><\/p>\n<\/span>\n<span  class='split-sektion-item'>\n<figure class=\"wp-block-image\"><img decoding=\"async\" src=\"https:\/\/akasel.com\/wp-content\/uploads\/2024\/09\/aka-brief-2024-es-21.jpg\" alt=\"\" \/><\/figure>\n<p>Piezas Recubiertas con Spray T\u00e9rmico Cer\u00e1mico<\/p>\n<p><a href=\"https:\/\/akasel.com\/wp-content\/uploads\/2024\/09\/aka-brief-21-es.pdf\">Link<\/a><\/p>\n<\/span>\n<\/div>\n","protected":false},"excerpt":{"rendered":"<p>Aka-Brief es un m\u00e9todo de preparaci\u00f3n para distintos tipos de materiales donde se describen los pasos necesarios para conseguir el&#8230;<\/p>\n","protected":false},"author":1,"featured_media":8147,"parent":8064,"menu_order":0,"comment_status":"closed","ping_status":"open","template":"","meta":{"footnotes":""},"class_list":["post-8146","page","type-page","status-publish","has-post-thumbnail","hentry"],"acf":[],"yoast_head":"<!-- This site is optimized with the Yoast SEO plugin v21.7 - https:\/\/yoast.com\/wordpress\/plugins\/seo\/ -->\n<title>Aka-Brief: M\u00e9todos de Preparaci\u00f3n Metalogr\u00e1fica | Akasel A\/S<\/title>\n<meta name=\"description\" content=\"Descubra los m\u00e9todos Aka-Brief optimizados para la preparaci\u00f3n eficiente de muestras metalogr\u00e1ficas. Resultados de alta calidad. M\u00e1s informaci\u00f3n aqu\u00ed.\" \/>\n<meta name=\"robots\" content=\"index, follow, max-snippet:-1, max-image-preview:large, max-video-preview:-1\" \/>\n<link rel=\"canonical\" href=\"https:\/\/akasel.com\/us\/aka-brief\/aka-brief-espanol\/\" \/>\n<meta property=\"og:locale\" content=\"en_US\" \/>\n<meta property=\"og:type\" content=\"article\" \/>\n<meta property=\"og:title\" content=\"Aka-Brief: M\u00e9todos de Preparaci\u00f3n Metalogr\u00e1fica | Akasel A\/S\" \/>\n<meta property=\"og:description\" content=\"Descubra los m\u00e9todos Aka-Brief optimizados para la preparaci\u00f3n eficiente de muestras metalogr\u00e1ficas. Resultados de alta calidad. M\u00e1s informaci\u00f3n aqu\u00ed.\" \/>\n<meta property=\"og:url\" content=\"https:\/\/akasel.com\/us\/aka-brief\/aka-brief-espanol\/\" \/>\n<meta property=\"og:site_name\" content=\"AKASEL A\/S\" \/>\n<meta property=\"article:modified_time\" content=\"2025-09-26T05:55:29+00:00\" \/>\n<meta property=\"og:image\" content=\"https:\/\/akasel.com\/us\/wp-content\/uploads\/sites\/6\/2023\/08\/aka-brief-1-es-pdf-1024x724-1.jpg\" \/>\n\t<meta property=\"og:image:width\" content=\"1024\" \/>\n\t<meta property=\"og:image:height\" content=\"724\" \/>\n\t<meta property=\"og:image:type\" content=\"image\/jpeg\" \/>\n<meta name=\"twitter:card\" content=\"summary_large_image\" \/>\n<meta name=\"twitter:label1\" content=\"Est. reading time\" \/>\n\t<meta name=\"twitter:data1\" content=\"6 minutes\" \/>\n<!-- \/ Yoast SEO plugin. -->","yoast_head_json":{"title":"Aka-Brief: M\u00e9todos de Preparaci\u00f3n Metalogr\u00e1fica | Akasel A\/S","description":"Descubra los m\u00e9todos Aka-Brief optimizados para la preparaci\u00f3n eficiente de muestras metalogr\u00e1ficas. Resultados de alta calidad. M\u00e1s informaci\u00f3n aqu\u00ed.","robots":{"index":"index","follow":"follow","max-snippet":"max-snippet:-1","max-image-preview":"max-image-preview:large","max-video-preview":"max-video-preview:-1"},"canonical":"https:\/\/akasel.com\/us\/aka-brief\/aka-brief-espanol\/","og_locale":"en_US","og_type":"article","og_title":"Aka-Brief: M\u00e9todos de Preparaci\u00f3n Metalogr\u00e1fica | Akasel A\/S","og_description":"Descubra los m\u00e9todos Aka-Brief optimizados para la preparaci\u00f3n eficiente de muestras metalogr\u00e1ficas. Resultados de alta calidad. M\u00e1s informaci\u00f3n aqu\u00ed.","og_url":"https:\/\/akasel.com\/us\/aka-brief\/aka-brief-espanol\/","og_site_name":"AKASEL A\/S","article_modified_time":"2025-09-26T05:55:29+00:00","og_image":[{"width":1024,"height":724,"url":"https:\/\/akasel.com\/us\/wp-content\/uploads\/sites\/6\/2023\/08\/aka-brief-1-es-pdf-1024x724-1.jpg","type":"image\/jpeg"}],"twitter_card":"summary_large_image","twitter_misc":{"Est. reading time":"6 minutes"},"schema":{"@context":"https:\/\/schema.org","@graph":[{"@type":"WebPage","@id":"https:\/\/akasel.com\/us\/aka-brief\/aka-brief-espanol\/","url":"https:\/\/akasel.com\/us\/aka-brief\/aka-brief-espanol\/","name":"Aka-Brief: M\u00e9todos de Preparaci\u00f3n Metalogr\u00e1fica | Akasel A\/S","isPartOf":{"@id":"https:\/\/akasel.com\/us\/#website"},"datePublished":"2020-11-16T17:20:05+00:00","dateModified":"2025-09-26T05:55:29+00:00","description":"Descubra los m\u00e9todos Aka-Brief optimizados para la preparaci\u00f3n eficiente de muestras metalogr\u00e1ficas. Resultados de alta calidad. M\u00e1s informaci\u00f3n aqu\u00ed.","breadcrumb":{"@id":"https:\/\/akasel.com\/us\/aka-brief\/aka-brief-espanol\/#breadcrumb"},"inLanguage":"en-US","potentialAction":[{"@type":"ReadAction","target":["https:\/\/akasel.com\/us\/aka-brief\/aka-brief-espanol\/"]}]},{"@type":"BreadcrumbList","@id":"https:\/\/akasel.com\/us\/aka-brief\/aka-brief-espanol\/#breadcrumb","itemListElement":[{"@type":"ListItem","position":1,"name":"Home","item":"https:\/\/akasel.com\/us\/"},{"@type":"ListItem","position":2,"name":"Aka-Brief","item":"https:\/\/akasel.com\/us\/aka-brief\/"},{"@type":"ListItem","position":3,"name":"Aka-Brief &#8211; Espa\u00f1ol"}]},{"@type":"WebSite","@id":"https:\/\/akasel.com\/us\/#website","url":"https:\/\/akasel.com\/us\/","name":"AKASEL A\/S","description":"","potentialAction":[{"@type":"SearchAction","target":{"@type":"EntryPoint","urlTemplate":"https:\/\/akasel.com\/us\/?s={search_term_string}"},"query-input":"required name=search_term_string"}],"inLanguage":"en-US"}]}},"_links":{"self":[{"href":"https:\/\/akasel.com\/us\/wp-json\/wp\/v2\/pages\/8146"}],"collection":[{"href":"https:\/\/akasel.com\/us\/wp-json\/wp\/v2\/pages"}],"about":[{"href":"https:\/\/akasel.com\/us\/wp-json\/wp\/v2\/types\/page"}],"author":[{"embeddable":true,"href":"https:\/\/akasel.com\/us\/wp-json\/wp\/v2\/users\/1"}],"replies":[{"embeddable":true,"href":"https:\/\/akasel.com\/us\/wp-json\/wp\/v2\/comments?post=8146"}],"version-history":[{"count":6,"href":"https:\/\/akasel.com\/us\/wp-json\/wp\/v2\/pages\/8146\/revisions"}],"predecessor-version":[{"id":12248,"href":"https:\/\/akasel.com\/us\/wp-json\/wp\/v2\/pages\/8146\/revisions\/12248"}],"up":[{"embeddable":true,"href":"https:\/\/akasel.com\/us\/wp-json\/wp\/v2\/pages\/8064"}],"wp:featuredmedia":[{"embeddable":true,"href":"https:\/\/akasel.com\/us\/wp-json\/wp\/v2\/media\/8147"}],"wp:attachment":[{"href":"https:\/\/akasel.com\/us\/wp-json\/wp\/v2\/media?parent=8146"}],"curies":[{"name":"wp","href":"https:\/\/api.w.org\/{rel}","templated":true}]}}