{"id":8168,"date":"2020-11-16T18:52:17","date_gmt":"2020-11-16T17:52:17","guid":{"rendered":"https:\/\/akasel.com\/aka-brief\/aka-brief-turkce\/"},"modified":"2025-09-26T07:55:29","modified_gmt":"2025-09-26T05:55:29","slug":"aka-brief-turkce","status":"publish","type":"page","link":"https:\/\/akasel.com\/us\/aka-brief\/aka-brief-turkce\/","title":{"rendered":"Aka-Brief &#8211; T\u00fcrk\u00e7e"},"content":{"rendered":"<p>Aka-Brief, her bir haz\u0131rlama a\u015famas\u0131 i\u00e7in b\u00fct\u00fcn de\u011fi\u015fkenleri i\u00e7eren bir haz\u0131rlama metodudur.<\/p>\n<p>Ek olarak her bir a\u015fama i\u00e7in beklenen haz\u0131rlama sonucunu g\u00f6steren bir mikrograf vard\u0131r. B\u00f6ylece her bir a\u015faman\u0131n ba\u015far\u0131l\u0131 bir \u015fekilde tamamland\u0131\u011f\u0131n\u0131 veya de\u011fi\u015ftirilecek bir \u015feyin olup olmad\u0131\u011f\u0131n\u0131 anlayabilirsiniz.<\/p>\n<p>\u0130kinci sayfada, bir \u00e7ok nihai sonu\u00e7 mikrograflar\u0131 g\u00f6sterilmi\u015ftir.<\/p>\n<p>\u0130ki \u00e7e\u015fit haz\u0131rlama metodu bulunmaktad\u0131r.\u00a0Belli Malzemeler i\u00e7in \u00d6zel Metotlar ve Malzemelerin Sertli\u011fi Baz Al\u0131narak Haz\u0131rlanm\u0131\u015f Genel Metotlar. B\u00fct\u00fcn metotlar m\u00fcmk\u00fcn olan en iyi kalitede ve en d\u00fc\u015f\u00fck maliyette sonu\u00e7 alabilmeniz i\u00e7in dikkatlice haz\u0131rlanm\u0131\u015ft\u0131r.<\/p>\n<p>Aka-Brief&#8217;leri g\u00f6r\u00fcnt\u00fclemek ve indirmek i\u00e7in a\u015fa\u011f\u0131daki ba\u011flant\u0131ya bas\u0131n\u0131z.<\/p>\n<div  class=' split-sektion columns-3 boxed-items'> <span  class='split-sektion-item'>\n<figure class=\"wp-block-image\"><img decoding=\"async\" src=\"https:\/\/akasel.com\/wp-content\/uploads\/2024\/07\/aka-brief-tr-1.jpg\" alt=\"\" \/><\/figure>\n<p>Pirin\u00e7 ve Pirin\u00e7 Ala\u015f\u0131mlar\u0131<\/p>\n<p><a href=\"https:\/\/akasel.com\/wp-content\/uploads\/2024\/07\/aka-brief-2024-1-tr-web.pdf\">Link<\/a><\/p>\n<\/span> <span  class='split-sektion-item'>\n<figure class=\"wp-block-image\"><img decoding=\"async\" src=\"https:\/\/akasel.com\/wp-content\/uploads\/2024\/07\/aka-brief-tr-2.jpg\" alt=\"\" \/><\/figure>\n<p>\u00c7ok Katmanl\u0131 Seramik Kondansat\u00f6rler (MLCC)<\/p>\n<p><a href=\"https:\/\/akasel.com\/wp-content\/uploads\/2024\/07\/aka-brief-2024-2-tr-web.pdf\">Link<\/a><\/p>\n<\/span> <span  class='split-sektion-item'>\n<figure class=\"wp-block-image\"><img decoding=\"async\" src=\"https:\/\/akasel.com\/wp-content\/uploads\/2024\/07\/aka-brief-tr-3.jpg\" alt=\"\" \/><\/figure>\n<p>Titanyum Ala\u015f\u0131mlar\u0131<\/p>\n<p><a href=\"https:\/\/akasel.com\/wp-content\/uploads\/2024\/07\/aka-brief-2024-3-tr-web.pdf\">Link<\/a><\/p>\n<\/span> <span  class='split-sektion-item'>\n<figure class=\"wp-block-image\"><img decoding=\"async\" src=\"https:\/\/akasel.com\/wp-content\/uploads\/2024\/07\/aka-brief-tr-4.jpg\" alt=\"\" \/><\/figure>\n<p>Al\u00fcminyum Ala\u015f\u0131mlar\u0131<\/p>\n<p><a href=\"https:\/\/akasel.com\/wp-content\/uploads\/2024\/07\/aka-brief-2024-4-tr-web.pdf\">Link<\/a><\/p>\n<\/span> <span  class='split-sektion-item'>\n<figure class=\"wp-block-image\"><img decoding=\"async\" src=\"https:\/\/akasel.com\/wp-content\/uploads\/2024\/07\/aka-brief-tr-5.jpg\" alt=\"\" \/><\/figure>\n<p>Metal\/Kompozit Termal Sprey Kaplamal\u0131 Par\u00e7alar<\/p>\n<p><a href=\"https:\/\/akasel.com\/wp-content\/uploads\/2024\/07\/aka-brief-2024-5-tr-web.pdf\">Link<\/a><\/p>\n<\/span> <span  class='split-sektion-item'>\n<figure class=\"wp-block-image\"><img decoding=\"async\" src=\"https:\/\/akasel.com\/wp-content\/uploads\/2024\/07\/aka-brief-tr-6.jpg\" alt=\"\" \/><\/figure>\n<p>Kaplamal\u0131 Sinterlenmi\u015f Karb\u00fcrler<\/p>\n<p><a href=\"https:\/\/akasel.com\/wp-content\/uploads\/2024\/07\/aka-brief-2024-6-tr-web.pdf\">Link<\/a><\/p>\n<\/span> <span  class='split-sektion-item'>\n<figure class=\"wp-block-image\"><img decoding=\"async\" src=\"https:\/\/akasel.com\/wp-content\/uploads\/2024\/07\/aka-brief-tr-7.jpg\" alt=\"\" \/><\/figure>\n<p>Paslanmaz ve Dubleks \u00c7elik<\/p>\n<p><a href=\"https:\/\/akasel.com\/wp-content\/uploads\/2024\/07\/aka-brief-2024-7-tr-web.pdf\">Link<\/a><\/p>\n<\/span> <span  class='split-sektion-item'>\n<figure class=\"wp-block-image\"><img decoding=\"async\" src=\"https:\/\/akasel.com\/wp-content\/uploads\/2024\/07\/aka-brief-tr-8.jpg\" alt=\"\" \/><\/figure>\n<p>Titanyum Ba\u011flant\u0131 Elemanlar\u0131<\/p>\n<p><a href=\"https:\/\/akasel.com\/wp-content\/uploads\/2024\/07\/aka-brief-2024-8-tr-web.pdf\">Link<\/a><\/p>\n<\/span> <span  class='split-sektion-item'>\n<figure class=\"wp-block-image\"><img decoding=\"async\" src=\"https:\/\/akasel.com\/wp-content\/uploads\/2024\/07\/aka-brief-tr-9.jpg\" alt=\"\" \/><\/figure>\n<p>Karbon Kompozitler<\/p>\n<p><a href=\"https:\/\/akasel.com\/wp-content\/uploads\/2024\/07\/aka-brief-2024-9-tr-web.pdf\">Link<\/a><\/p>\n<\/span> <span  class='split-sektion-item'>\n<figure class=\"wp-block-image\"><img decoding=\"async\" src=\"https:\/\/akasel.com\/wp-content\/uploads\/2024\/07\/aka-brief-tr-10.jpg\" alt=\"\" \/><\/figure>\n<p>Yumu\u015fak Malzemeler 50-150 HV<\/p>\n<p><a href=\"https:\/\/akasel.com\/wp-content\/uploads\/2024\/07\/aka-brief-2024-10-tr-web.pdf\">Link<\/a><\/p>\n<\/span> <span  class='split-sektion-item'>\n<figure class=\"wp-block-image\"><img decoding=\"async\" src=\"https:\/\/akasel.com\/wp-content\/uploads\/2024\/07\/aka-brief-tr-11.jpg\" alt=\"\" \/><\/figure>\n<p>Yumu\u015fak Malzemeler 400-700 HV<\/p>\n<p><a href=\"https:\/\/akasel.com\/wp-content\/uploads\/2024\/07\/aka-brief-2024-11-tr-web.pdf\">Link<\/a><\/p>\n<\/span> <span  class='split-sektion-item'>\n<figure class=\"wp-block-image\"><img decoding=\"async\" src=\"https:\/\/akasel.com\/wp-content\/uploads\/2024\/07\/aka-brief-tr-12.jpg\" alt=\"\" \/><\/figure>\n<p>Sert Malzemeler 700-2000 HV<\/p>\n<p><a href=\"https:\/\/akasel.com\/wp-content\/uploads\/2024\/07\/aka-brief-2024-12-tr-web.pdf\">Link<\/a><\/p>\n<\/span> <span  class='split-sektion-item'>\n<figure class=\"wp-block-image\"><img decoding=\"async\" src=\"https:\/\/akasel.com\/wp-content\/uploads\/2024\/07\/aka-brief-tr-13.jpg\" alt=\"\" \/><\/figure>\n<p>Elektronik Komponentler<\/p>\n<p><a href=\"https:\/\/akasel.com\/wp-content\/uploads\/2024\/07\/aka-brief-2024-13-tr-web.pdf\">Link<\/a><\/p>\n<\/span> <span  class='split-sektion-item'>\n<figure class=\"wp-block-image\"><img decoding=\"async\" src=\"https:\/\/akasel.com\/wp-content\/uploads\/2024\/07\/aka-brief-tr-14.jpg\" alt=\"\" \/><\/figure>\n<p>D\u00f6kme Demir<\/p>\n<p><a href=\"https:\/\/akasel.com\/wp-content\/uploads\/2024\/07\/aka-brief-2024-14-tr-web.pdf\">Link<\/a><\/p>\n<\/span> <span  class='split-sektion-item'>\n<figure class=\"wp-block-image\"><img decoding=\"async\" src=\"https:\/\/akasel.com\/wp-content\/uploads\/2024\/07\/aka-brief-tr-15.jpg\" alt=\"\" \/><\/figure>\n<p>\u00c7inko Kaplamal\u0131 \u00c7elik<\/p>\n<p><a href=\"https:\/\/akasel.com\/wp-content\/uploads\/2024\/07\/aka-brief-2024-15-tr-web.pdf\">Link<\/a><\/p>\n<\/span> <span  class='split-sektion-item'>\n<figure class=\"wp-block-image\"><img decoding=\"async\" src=\"https:\/\/akasel.com\/wp-content\/uploads\/2024\/07\/aka-brief-tr-16.jpg\" alt=\"\" \/><\/figure>\n<p>Orta Yumu\u015fak Malzemeler 150-400 HV<\/p>\n<p><a href=\"https:\/\/akasel.com\/wp-content\/uploads\/2024\/07\/aka-brief-2024-16-tr-web.pdf\">Link<\/a><\/p>\n<\/span> <span  class='split-sektion-item'>\n<figure class=\"wp-block-image\"><img decoding=\"async\" src=\"https:\/\/akasel.com\/wp-content\/uploads\/2024\/07\/aka-brief-tr-17.jpg\" alt=\"\" \/><\/figure>\n<p>Nitrasyonlu \u00c7elik<\/p>\n<p><a href=\"https:\/\/akasel.com\/wp-content\/uploads\/2024\/07\/aka-brief-2024-17-tr-web.pdf\">Link<\/a><\/p>\n<\/span> <span  class='split-sektion-item'>\n<figure class=\"wp-block-image\"><img decoding=\"async\" src=\"https:\/\/akasel.com\/wp-content\/uploads\/2024\/07\/aka-brief-tr-18.jpg\" alt=\"\" \/><\/figure>\n<p>Y\u00fczeyi Sertle\u015ftirilmi\u015f \u00c7elik<\/p>\n<p><a href=\"https:\/\/akasel.com\/wp-content\/uploads\/2024\/07\/aka-brief-2024-18-tr-web.pdf\">Link<\/a><\/p>\n<\/span> <span  class='split-sektion-item'>\n<figure class=\"wp-block-image\"><img decoding=\"async\" src=\"https:\/\/akasel.com\/wp-content\/uploads\/2024\/07\/aka-brief-tr-19.jpg\" alt=\"\" \/><\/figure>\n<p>Dif\u00fczyon Kaplamal\u0131 S\u00fcperala\u015f\u0131mlar<\/p>\n<p><a href=\"https:\/\/akasel.com\/wp-content\/uploads\/2024\/07\/aka-brief-2024-19-tr-web.pdf\">Link<\/a><\/p>\n<\/span> <span  class='split-sektion-item'>\n<figure class=\"wp-block-image\"><img decoding=\"async\" src=\"https:\/\/akasel.com\/wp-content\/uploads\/2024\/07\/aka-brief-tr-20.jpg\" alt=\"\" \/><\/figure>\n<p>S\u00fcperala\u015f\u0131mlar<\/p>\n<p><a href=\"https:\/\/akasel.com\/wp-content\/uploads\/2024\/07\/aka-brief-2024-20-tr-web.pdf\">Link<\/a><\/p>\n<\/span> <span  class='split-sektion-item'>\n<figure class=\"wp-block-image\"><img decoding=\"async\" src=\"https:\/\/akasel.com\/wp-content\/uploads\/2024\/07\/aka-brief-tr-21.jpg\" alt=\"\" \/><\/figure>\n<p>Ceramic Thermal Spray Coated Parts<\/p>\n<p><a href=\"https:\/\/akasel.com\/wp-content\/uploads\/2024\/07\/aka-brief-2024-21-tr-web.pdf\">Link<\/a><\/p>\n<\/span> <\/div>\n","protected":false},"excerpt":{"rendered":"<p>Aka-Brief, her bir haz\u0131rlama a\u015famas\u0131 i\u00e7in b\u00fct\u00fcn de\u011fi\u015fkenleri i\u00e7eren bir haz\u0131rlama metodudur. Ek olarak her bir a\u015fama i\u00e7in beklenen haz\u0131rlama&#8230;<\/p>\n","protected":false},"author":1,"featured_media":12097,"parent":8064,"menu_order":0,"comment_status":"closed","ping_status":"open","template":"","meta":{"footnotes":""},"class_list":["post-8168","page","type-page","status-publish","has-post-thumbnail","hentry"],"acf":[],"yoast_head":"<!-- This site is optimized with the Yoast SEO plugin v21.7 - https:\/\/yoast.com\/wordpress\/plugins\/seo\/ -->\n<title>Aka-Brief: Metalografi Haz\u0131rl\u0131k Y\u00f6ntemleri T\u00fcrk\u00e7e | Akasel A\/S<\/title>\n<meta name=\"description\" content=\"Akasel&#039;in Aka-Brief y\u00f6ntemleri ile T\u00fcrk\u00e7e metalografik numune haz\u0131rl\u0131\u011f\u0131nda y\u00fcksek kalite ve verimlilik elde edin. Daha fazla bilgi edinin.\" \/>\n<meta name=\"robots\" content=\"index, follow, max-snippet:-1, max-image-preview:large, max-video-preview:-1\" \/>\n<link rel=\"canonical\" href=\"https:\/\/akasel.com\/us\/aka-brief\/aka-brief-turkce\/\" \/>\n<meta property=\"og:locale\" content=\"en_US\" \/>\n<meta property=\"og:type\" content=\"article\" \/>\n<meta property=\"og:title\" content=\"Aka-Brief: Metalografi Haz\u0131rl\u0131k Y\u00f6ntemleri T\u00fcrk\u00e7e | Akasel A\/S\" \/>\n<meta property=\"og:description\" content=\"Akasel&#039;in Aka-Brief y\u00f6ntemleri ile T\u00fcrk\u00e7e metalografik numune haz\u0131rl\u0131\u011f\u0131nda y\u00fcksek kalite ve verimlilik elde edin. Daha fazla bilgi edinin.\" \/>\n<meta property=\"og:url\" content=\"https:\/\/akasel.com\/us\/aka-brief\/aka-brief-turkce\/\" \/>\n<meta property=\"og:site_name\" content=\"AKASEL A\/S\" \/>\n<meta property=\"article:modified_time\" content=\"2025-09-26T05:55:29+00:00\" \/>\n<meta property=\"og:image\" content=\"https:\/\/akasel.com\/us\/wp-content\/uploads\/sites\/6\/2024\/08\/aka-brief-tr-1-front.jpg\" \/>\n\t<meta property=\"og:image:width\" content=\"2048\" \/>\n\t<meta property=\"og:image:height\" content=\"1440\" \/>\n\t<meta property=\"og:image:type\" content=\"image\/jpeg\" \/>\n<meta name=\"twitter:card\" content=\"summary_large_image\" \/>\n<meta name=\"twitter:label1\" content=\"Est. reading time\" \/>\n\t<meta name=\"twitter:data1\" content=\"6 minutes\" \/>\n<!-- \/ Yoast SEO plugin. -->","yoast_head_json":{"title":"Aka-Brief: Metalografi Haz\u0131rl\u0131k Y\u00f6ntemleri T\u00fcrk\u00e7e | Akasel A\/S","description":"Akasel'in Aka-Brief y\u00f6ntemleri ile T\u00fcrk\u00e7e metalografik numune haz\u0131rl\u0131\u011f\u0131nda y\u00fcksek kalite ve verimlilik elde edin. Daha fazla bilgi edinin.","robots":{"index":"index","follow":"follow","max-snippet":"max-snippet:-1","max-image-preview":"max-image-preview:large","max-video-preview":"max-video-preview:-1"},"canonical":"https:\/\/akasel.com\/us\/aka-brief\/aka-brief-turkce\/","og_locale":"en_US","og_type":"article","og_title":"Aka-Brief: Metalografi Haz\u0131rl\u0131k Y\u00f6ntemleri T\u00fcrk\u00e7e | Akasel A\/S","og_description":"Akasel'in Aka-Brief y\u00f6ntemleri ile T\u00fcrk\u00e7e metalografik numune haz\u0131rl\u0131\u011f\u0131nda y\u00fcksek kalite ve verimlilik elde edin. Daha fazla bilgi edinin.","og_url":"https:\/\/akasel.com\/us\/aka-brief\/aka-brief-turkce\/","og_site_name":"AKASEL A\/S","article_modified_time":"2025-09-26T05:55:29+00:00","og_image":[{"width":2048,"height":1440,"url":"https:\/\/akasel.com\/us\/wp-content\/uploads\/sites\/6\/2024\/08\/aka-brief-tr-1-front.jpg","type":"image\/jpeg"}],"twitter_card":"summary_large_image","twitter_misc":{"Est. reading time":"6 minutes"},"schema":{"@context":"https:\/\/schema.org","@graph":[{"@type":"WebPage","@id":"https:\/\/akasel.com\/us\/aka-brief\/aka-brief-turkce\/","url":"https:\/\/akasel.com\/us\/aka-brief\/aka-brief-turkce\/","name":"Aka-Brief: Metalografi Haz\u0131rl\u0131k Y\u00f6ntemleri T\u00fcrk\u00e7e | Akasel A\/S","isPartOf":{"@id":"https:\/\/akasel.com\/us\/#website"},"datePublished":"2020-11-16T17:52:17+00:00","dateModified":"2025-09-26T05:55:29+00:00","description":"Akasel'in Aka-Brief y\u00f6ntemleri ile T\u00fcrk\u00e7e metalografik numune haz\u0131rl\u0131\u011f\u0131nda y\u00fcksek kalite ve verimlilik elde edin. Daha fazla bilgi edinin.","breadcrumb":{"@id":"https:\/\/akasel.com\/us\/aka-brief\/aka-brief-turkce\/#breadcrumb"},"inLanguage":"en-US","potentialAction":[{"@type":"ReadAction","target":["https:\/\/akasel.com\/us\/aka-brief\/aka-brief-turkce\/"]}]},{"@type":"BreadcrumbList","@id":"https:\/\/akasel.com\/us\/aka-brief\/aka-brief-turkce\/#breadcrumb","itemListElement":[{"@type":"ListItem","position":1,"name":"Home","item":"https:\/\/akasel.com\/us\/"},{"@type":"ListItem","position":2,"name":"Aka-Brief","item":"https:\/\/akasel.com\/us\/aka-brief\/"},{"@type":"ListItem","position":3,"name":"Aka-Brief &#8211; T\u00fcrk\u00e7e"}]},{"@type":"WebSite","@id":"https:\/\/akasel.com\/us\/#website","url":"https:\/\/akasel.com\/us\/","name":"AKASEL A\/S","description":"","potentialAction":[{"@type":"SearchAction","target":{"@type":"EntryPoint","urlTemplate":"https:\/\/akasel.com\/us\/?s={search_term_string}"},"query-input":"required name=search_term_string"}],"inLanguage":"en-US"}]}},"_links":{"self":[{"href":"https:\/\/akasel.com\/us\/wp-json\/wp\/v2\/pages\/8168"}],"collection":[{"href":"https:\/\/akasel.com\/us\/wp-json\/wp\/v2\/pages"}],"about":[{"href":"https:\/\/akasel.com\/us\/wp-json\/wp\/v2\/types\/page"}],"author":[{"embeddable":true,"href":"https:\/\/akasel.com\/us\/wp-json\/wp\/v2\/users\/1"}],"replies":[{"embeddable":true,"href":"https:\/\/akasel.com\/us\/wp-json\/wp\/v2\/comments?post=8168"}],"version-history":[{"count":5,"href":"https:\/\/akasel.com\/us\/wp-json\/wp\/v2\/pages\/8168\/revisions"}],"predecessor-version":[{"id":12062,"href":"https:\/\/akasel.com\/us\/wp-json\/wp\/v2\/pages\/8168\/revisions\/12062"}],"up":[{"embeddable":true,"href":"https:\/\/akasel.com\/us\/wp-json\/wp\/v2\/pages\/8064"}],"wp:featuredmedia":[{"embeddable":true,"href":"https:\/\/akasel.com\/us\/wp-json\/wp\/v2\/media\/12097"}],"wp:attachment":[{"href":"https:\/\/akasel.com\/us\/wp-json\/wp\/v2\/media?parent=8168"}],"curies":[{"name":"wp","href":"https:\/\/api.w.org\/{rel}","templated":true}]}}