{"id":8215,"date":"2020-11-16T19:16:39","date_gmt":"2020-11-16T18:16:39","guid":{"rendered":"https:\/\/akasel.com\/sds-espanol\/"},"modified":"2026-03-12T09:09:18","modified_gmt":"2026-03-12T08:09:18","slug":"sds-espanol","status":"publish","type":"page","link":"https:\/\/akasel.com\/us\/sds-pds\/sds\/sds-espanol\/","title":{"rendered":"SDS &#8211; Espa\u00f1ol"},"content":{"rendered":"<p>En Akasel nos tomamos muy en serio nuestra responsabilidad para con la seguridad del operario. Por lo tanto, todos los productos que presenten un peligro potencial tienen una hoja de datos de seguridad (SDS) disponible aqu\u00ed para su descarga directa. Tambi\u00e9n puede encontrar hojas de datos de seguridad sobre nuestros productos l\u00edquidos aqu\u00ed, incluso si no est\u00e1n asociados con un peligro potencial.<\/p>\n<p>Del mismo modo, los productos s\u00f3lidos sin peligros asociados disponen de una hoja de datos del producto, PDS.<\/p>\n<p>Haga clic bajo la descripci\u00f3n del producto para abrir la correspondiente hoja de datos de seguridad.<\/p>\n<p><strong>Corte<br \/>\n<\/strong><a href=\"https:\/\/akasel.com\/wp-content\/uploads\/2024\/07\/sds-aka-cool-es-v30.pdf\" target=\"_blank\" rel=\"noreferrer noopener\" data-type=\"URL\" data-id=\"https:\/\/akasel.com\/wp-content\/uploads\/2024\/07\/sds-aka-cool-es-v30.pdf\">Aka-Cool<\/a><br \/>\n<a href=\"https:\/\/akasel.com\/wp-content\/uploads\/2024\/07\/sds-aka-nofoam-es-v20.pdf\" target=\"_blank\" rel=\"noreferrer noopener\" data-type=\"URL\" data-id=\"https:\/\/akasel.com\/wp-content\/uploads\/2024\/07\/sds-aka-nofoam-es-v20.pdf\">Aka-NoFoam<\/a><\/p>\n<p><strong><span class=\"s1\">Empastillado<br \/>\n<\/span><\/strong><a href=\"https:\/\/akasel.com\/wp-content\/uploads\/2024\/07\/sds-aka-clear-2-liquid-es-v70.pdf\" target=\"_blank\" rel=\"noreferrer noopener\" data-type=\"URL\" data-id=\"https:\/\/akasel.com\/wp-content\/uploads\/2024\/07\/sds-aka-clear-2-liquid-es-v70.pdf\">Aka-Clear-2 Liquid<br \/>\n<\/a><a href=\"https:\/\/akasel.com\/wp-content\/uploads\/2024\/02\/sds-aka-clear-2-powder-es-v20.pdf\" target=\"_blank\" rel=\"noreferrer noopener\">Aka-Clear-2 Powder<\/a><br \/>\n<a href=\"https:\/\/akasel.com\/wp-content\/uploads\/2026\/03\/sds-aka-cure-quick-es-v30.pdf\" target=\"_blank\" rel=\"noreferrer noopener\" data-type=\"URL\" data-id=\"https:\/\/akasel.com\/wp-content\/uploads\/2024\/07\/sds-aka-cure-quick-es-v20.pdf\">Aka-Cure Quick<br \/>\n<\/a><a href=\"https:\/\/akasel.com\/wp-content\/uploads\/2024\/12\/sds-aka-cure-slow-es-v20.pdf\" target=\"_blank\" rel=\"noreferrer noopener\" data-type=\"URL\" data-id=\"https:\/\/akasel.com\/wp-content\/uploads\/2024\/12\/sds-aka-cure-slow-es-v20.pdf\">Aka-Cure Slow<\/a><br \/>\n<a href=\"https:\/\/akasel.com\/wp-content\/uploads\/2024\/07\/sds-aka-nostick-liquid-es-v20.pdf\" target=\"_blank\" rel=\"noreferrer noopener\" data-type=\"URL\" data-id=\"https:\/\/akasel.com\/wp-content\/uploads\/2024\/07\/sds-aka-nostick-liquid-es-v20.pdf\">Aka-NoStick Liquid<\/a><br \/>\n<a href=\"https:\/\/akasel.com\/wp-content\/uploads\/2024\/07\/sds-aka-resin-liquid-epoxy-es-v20.pdf\" target=\"_blank\" rel=\"noreferrer noopener\" data-type=\"URL\" data-id=\"https:\/\/akasel.com\/wp-content\/uploads\/2024\/07\/sds-aka-resin-liquid-epoxy-es-v20.pdf\">Aka-Resin Liquid Epoxy<\/a><br \/>\n<a href=\"https:\/\/akasel.com\/wp-content\/uploads\/2024\/07\/sds-aka-resin-acrylic-es-v30.pdf\" target=\"_blank\" rel=\"noreferrer noopener\">Aka-Resin Acrylic<\/a><br \/>\n<a href=\"https:\/\/akasel.com\/wp-content\/uploads\/2024\/07\/sds-aka-resin-epoxy-es-v30.pdf\" target=\"_blank\" rel=\"noreferrer noopener\">Aka-Resin Epoxy (before 01\/09\/2025)<\/a><br \/>\n<a href=\"https:\/\/akasel.com\/wp-content\/uploads\/2025\/09\/sds-aka-resin-epoxy-nh-es-v10.pdf\" target=\"_blank\" rel=\"noreferrer noopener\">Aka-Resin Epoxy (from 01\/09\/2025)<\/a><br \/>\n<a href=\"https:\/\/akasel.com\/wp-content\/uploads\/2024\/07\/sds-aka-resin-melamine-es-v20.pdf\" target=\"_blank\" rel=\"noreferrer noopener\" data-type=\"URL\" data-id=\"https:\/\/akasel.com\/wp-content\/uploads\/2024\/07\/sds-aka-resin-melamine-es-v20.pdf\">Aka-Resin Melamine<\/a><a href=\"https:\/\/akasel.com\/wp-content\/uploads\/2020\/11\/8701es.pdf\" target=\"_blank\" rel=\"noopener noreferrer\"><br \/>\n<\/a><a href=\"https:\/\/akasel.com\/wp-content\/uploads\/2025\/05\/sds-aka-resin-pp-black-green-orange-red-es-v10.pdf\" target=\"_blank\" rel=\"noreferrer noopener\" data-type=\"URL\" data-id=\"https:\/\/akasel.com\/wp-content\/uploads\/2025\/05\/sds-aka-resin-pp-black-green-orange-red-es-v10.pdf\">Aka-Resin PP<\/a><a href=\"https:\/\/akasel.com\/wp-content\/uploads\/2024\/07\/sds-aka-resin-phenolic-es-v20.pdf\" target=\"_blank\" rel=\"noreferrer noopener\" data-type=\"URL\" data-id=\"https:\/\/akasel.com\/wp-content\/uploads\/2024\/07\/sds-aka-resin-phenolic-es-v20.pdf\">Aka-Resin Phenolic<\/a><br \/>\n<a href=\"https:\/\/akasel.com\/wp-content\/uploads\/2023\/02\/sds-aka-resin-phenolic-2-black-es-v20.pdf\" target=\"_blank\" rel=\"noreferrer noopener\" data-type=\"URL\" data-id=\"https:\/\/akasel.com\/wp-content\/uploads\/2023\/02\/sds-aka-resin-phenolic-2-black-es-v20.pdf\">Aka-Resin Phenolic-2, Black<\/a><a href=\"https:\/\/akasel.com\/wp-content\/uploads\/2021\/10\/sds-aka-resin-phenolic-es-v10.pdf\" target=\"_blank\" rel=\"noreferrer noopener\" data-type=\"URL\" data-id=\"https:\/\/akasel.com\/wp-content\/uploads\/2021\/10\/sds-aka-resin-phenolic-es-v10.pdf\"><br \/>\n<\/a><a href=\"https:\/\/akasel.com\/wp-content\/uploads\/2024\/07\/sds-aka-resin-phenolic-sem-es-v20.pdf\" target=\"_blank\" rel=\"noreferrer noopener\" data-type=\"URL\" data-id=\"https:\/\/akasel.com\/wp-content\/uploads\/2024\/07\/sds-aka-resin-phenolic-sem-es-v20.pdf\">Aka-Resin Phenolic SEM<\/a><\/p>\n<p><strong>Lijado<\/strong><\/p>\n<p><strong>Pulido<\/strong><br \/>\n<a href=\"https:\/\/akasel.com\/wp-content\/uploads\/2024\/07\/sds-aka-lube-blue-es-v20.pdf\" target=\"_blank\" rel=\"noreferrer noopener\" data-type=\"URL\" data-id=\"https:\/\/akasel.com\/wp-content\/uploads\/2024\/07\/sds-aka-lube-blue-es-v20.pdf\">Aka-Lube Blue<\/a><br \/>\n<a href=\"https:\/\/akasel.com\/wp-content\/uploads\/2024\/07\/sds-aka-lube-blue-concentrate-es-v20.pdf\" target=\"_blank\" rel=\"noreferrer noopener\" data-type=\"URL\" data-id=\"https:\/\/akasel.com\/wp-content\/uploads\/2024\/07\/sds-aka-lube-blue-concentrate-es-v20.pdf\">Aka-Lube Blue, Concentrate<\/a><br \/>\n<a href=\"https:\/\/akasel.com\/wp-content\/uploads\/2024\/07\/sds-aka-lube-clear-es-v20.pdf\" target=\"_blank\" rel=\"noreferrer noopener\" data-type=\"URL\" data-id=\"https:\/\/akasel.com\/wp-content\/uploads\/2024\/07\/sds-aka-lube-clear-es-v20.pdf\">Aka-Lube Clear+<\/a><br \/>\n<a href=\"https:\/\/akasel.com\/wp-content\/uploads\/2024\/07\/sds-aka-lube-clear-wf-es-v20.pdf\" target=\"_blank\" rel=\"noreferrer noopener\" data-type=\"URL\" data-id=\"https:\/\/akasel.com\/wp-content\/uploads\/2024\/07\/sds-aka-lube-clear-wf-es-v20.pdf\">Aka-Lube Clear WF<\/a><br \/>\n<a href=\"https:\/\/akasel.com\/wp-content\/uploads\/2024\/07\/sds-aka-lube-yellow-green-red-es-v40.pdf\" target=\"_blank\" rel=\"noreferrer noopener\" data-type=\"URL\" data-id=\"https:\/\/akasel.com\/wp-content\/uploads\/2024\/07\/sds-aka-lube-yellow-green-red-es-v40.pdf\">Aka-Lube Yellow, Aka-Lube Green &amp; Aka-Lube Red<\/a><br \/>\n<a href=\"https:\/\/akasel.com\/wp-content\/uploads\/2024\/07\/sds-aka-paste-aka-stick-es-v30.pdf\" target=\"_blank\" rel=\"noreferrer noopener\" data-type=\"URL\" data-id=\"https:\/\/akasel.com\/wp-content\/uploads\/2024\/07\/sds-aka-paste-aka-stick-es-v30.pdf\">Aka-Paste<\/a><br \/>\n<a href=\"https:\/\/akasel.com\/wp-content\/uploads\/2024\/12\/sds-aka-mono-aka-poly-aka-mono-aka-poly-es-v20.pdf\" target=\"_blank\" rel=\"noreferrer noopener\" data-type=\"URL\" data-id=\"https:\/\/akasel.com\/wp-content\/uploads\/2024\/12\/sds-aka-mono-aka-poly-aka-mono-aka-poly-es-v20.pdf\">Aka-Poly &amp; Aka-Mono<\/a><br \/>\n<a href=\"https:\/\/akasel.com\/wp-content\/uploads\/2024\/12\/sds-aka-mono-aka-poly-aka-mono-aka-poly-es-v20.pdf\" target=\"_blank\" rel=\"noreferrer noopener\" data-type=\"URL\" data-id=\"https:\/\/akasel.com\/wp-content\/uploads\/2024\/12\/sds-aka-mono-aka-poly-aka-mono-aka-poly-es-v20.pdf\">Aka-Poly+ &amp; Aka-Mono+<\/a><br \/>\n<a href=\"https:\/\/akasel.com\/wp-content\/uploads\/2024\/07\/sds-aka-poly-water-free-es-v20.pdf\" target=\"_blank\" rel=\"noreferrer noopener\" data-type=\"URL\" data-id=\"https:\/\/akasel.com\/wp-content\/uploads\/2024\/07\/sds-aka-poly-water-free-es-v20.pdf\">Aka-Poly WF<\/a><br \/>\n<a href=\"https:\/\/akasel.com\/wp-content\/uploads\/2026\/03\/sds-aka-spray-mono-poly-es-v30.pdf\" target=\"_blank\" rel=\"noreferrer noopener\" data-type=\"URL\" data-id=\"https:\/\/akasel.com\/wp-content\/uploads\/2024\/07\/sds-aka-spray-mono-poly-es-v20.pdf\">Aka-Spray<\/a><br \/>\n<a href=\"https:\/\/akasel.com\/wp-content\/uploads\/2024\/07\/sds-aka-paste-aka-stick-es-v30.pdf\" target=\"_blank\" rel=\"noreferrer noopener\" data-type=\"URL\" data-id=\"https:\/\/akasel.com\/wp-content\/uploads\/2024\/07\/sds-aka-paste-aka-stick-es-v30.pdf\">Aka-Stick<\/a><br \/>\n<a href=\"https:\/\/akasel.com\/wp-content\/uploads\/2024\/07\/sds-diadoublo-mono-poly-es-v20.pdf\" target=\"_blank\" rel=\"noreferrer noopener\" data-type=\"URL\" data-id=\"https:\/\/akasel.com\/wp-content\/uploads\/2024\/07\/sds-diadoublo-mono-poly-es-v20.pdf\">DiaDoublo<\/a><br \/>\n<a href=\"https:\/\/akasel.com\/wp-content\/uploads\/2024\/12\/sds-diamaxx-mono-poly-es-v20.pdf\" target=\"_blank\" rel=\"noreferrer noopener\" data-type=\"URL\" data-id=\"https:\/\/akasel.com\/wp-content\/uploads\/2024\/12\/sds-diamaxx-mono-poly-es-v20.pdf\">DiaMaxx<\/a><br \/>\n<a href=\"https:\/\/akasel.com\/wp-content\/uploads\/2024\/01\/sds-diaultra-mono-poly-es-v50.pdf\" target=\"_blank\" rel=\"noreferrer noopener\" data-type=\"URL\" data-id=\"https:\/\/akasel.com\/wp-content\/uploads\/2021\/10\/sds-diaultra-es-v30.pdf\">DiaUltra<\/a><\/p>\n<p><strong>Pulido Final<br \/>\n<\/strong><a href=\"https:\/\/akasel.com\/wp-content\/uploads\/2024\/07\/sds-alumina-suspension-50nm-es-v20.pdf\" target=\"_blank\" rel=\"noreferrer noopener\">Alumina Suspension 50 nm<\/a><br \/>\n<a href=\"https:\/\/akasel.com\/wp-content\/uploads\/2024\/12\/sds-colloidal-silica-50nm-alkaline-es-v20.pdf\" target=\"_blank\" rel=\"noreferrer noopener\" data-type=\"URL\" data-id=\"https:\/\/akasel.com\/wp-content\/uploads\/2024\/12\/sds-colloidal-silica-50nm-alkaline-es-v20.pdf\">Colloidal Silica Suspension 50 nm<\/a><a href=\"https:\/\/akasel.com\/wp-content\/uploads\/2024\/07\/sds-colloidal-silica-50nm-alkaline-es-v20.pdf\" target=\"_blank\" rel=\"noreferrer noopener\" data-type=\"URL\" data-id=\"https:\/\/akasel.com\/wp-content\/uploads\/2024\/07\/sds-colloidal-silica-50nm-alkaline-es-v20.pdf\"><br \/>\n<\/a><a href=\"https:\/\/akasel.com\/wp-content\/uploads\/2024\/07\/sds-fumed-silica-02my-alkaline-es-v30.pdf\" target=\"_blank\" rel=\"noreferrer noopener\" data-type=\"URL\" data-id=\"https:\/\/akasel.com\/wp-content\/uploads\/2024\/07\/sds-fumed-silica-02my-alkaline-es-v30.pdf\">Fumed Silica Suspension 200 nm<\/a><a href=\"https:\/\/akasel.com\/wp-content\/uploads\/2020\/11\/1000es.pdf\" target=\"_blank\" rel=\"noopener noreferrer\"><br \/>\n<\/a><a href=\"https:\/\/akasel.com\/wp-content\/uploads\/2024\/07\/sds-fumed-silica-suspension-02m-water-free-es-v20.pdf\" target=\"_blank\" rel=\"noreferrer noopener\" data-type=\"URL\" data-id=\"https:\/\/akasel.com\/wp-content\/uploads\/2024\/07\/sds-fumed-silica-suspension-02m-water-free-es-v20.pdf\">Fumed Silica Suspension 200 nm Water-free<\/a><\/p>\n","protected":false},"excerpt":{"rendered":"<p>En Akasel nos tomamos muy en serio nuestra responsabilidad para con la seguridad del operario. Por lo tanto, todos los&#8230;<\/p>\n","protected":false},"author":1,"featured_media":0,"parent":8212,"menu_order":0,"comment_status":"closed","ping_status":"open","template":"","meta":{"footnotes":""},"class_list":["post-8215","page","type-page","status-publish","hentry"],"acf":[],"yoast_head":"<!-- This site is optimized with the Yoast SEO plugin v21.7 - https:\/\/yoast.com\/wordpress\/plugins\/seo\/ -->\n<title>Spanish Safety Data Sheets (SDS) for Akasel Consumables<\/title>\n<meta name=\"description\" content=\"Download Spanish safety data sheets for Akasel consumables. Get detailed information to ensure safe handling and use in metallographic processes.\" \/>\n<meta name=\"robots\" content=\"index, follow, max-snippet:-1, max-image-preview:large, max-video-preview:-1\" \/>\n<link rel=\"canonical\" href=\"https:\/\/akasel.com\/us\/sds-pds\/sds\/sds-espanol\/\" \/>\n<meta property=\"og:locale\" content=\"en_US\" \/>\n<meta property=\"og:type\" content=\"article\" \/>\n<meta property=\"og:title\" content=\"Spanish Safety Data Sheets (SDS) for Akasel Consumables\" \/>\n<meta property=\"og:description\" content=\"Download Spanish safety data sheets for Akasel consumables. Get detailed information to ensure safe handling and use in metallographic processes.\" \/>\n<meta property=\"og:url\" content=\"https:\/\/akasel.com\/us\/sds-pds\/sds\/sds-espanol\/\" \/>\n<meta property=\"og:site_name\" content=\"AKASEL A\/S\" \/>\n<meta property=\"article:modified_time\" content=\"2026-03-12T08:09:18+00:00\" \/>\n<meta name=\"twitter:card\" content=\"summary_large_image\" \/>\n<meta name=\"twitter:label1\" content=\"Est. reading time\" \/>\n\t<meta name=\"twitter:data1\" content=\"1 minute\" \/>\n<!-- \/ Yoast SEO plugin. -->","yoast_head_json":{"title":"Spanish Safety Data Sheets (SDS) for Akasel Consumables","description":"Download Spanish safety data sheets for Akasel consumables. Get detailed information to ensure safe handling and use in metallographic processes.","robots":{"index":"index","follow":"follow","max-snippet":"max-snippet:-1","max-image-preview":"max-image-preview:large","max-video-preview":"max-video-preview:-1"},"canonical":"https:\/\/akasel.com\/us\/sds-pds\/sds\/sds-espanol\/","og_locale":"en_US","og_type":"article","og_title":"Spanish Safety Data Sheets (SDS) for Akasel Consumables","og_description":"Download Spanish safety data sheets for Akasel consumables. Get detailed information to ensure safe handling and use in metallographic processes.","og_url":"https:\/\/akasel.com\/us\/sds-pds\/sds\/sds-espanol\/","og_site_name":"AKASEL A\/S","article_modified_time":"2026-03-12T08:09:18+00:00","twitter_card":"summary_large_image","twitter_misc":{"Est. reading time":"1 minute"},"schema":{"@context":"https:\/\/schema.org","@graph":[{"@type":"WebPage","@id":"https:\/\/akasel.com\/us\/sds-pds\/sds\/sds-espanol\/","url":"https:\/\/akasel.com\/us\/sds-pds\/sds\/sds-espanol\/","name":"Spanish Safety Data Sheets (SDS) for Akasel Consumables","isPartOf":{"@id":"https:\/\/akasel.com\/us\/#website"},"datePublished":"2020-11-16T18:16:39+00:00","dateModified":"2026-03-12T08:09:18+00:00","description":"Download Spanish safety data sheets for Akasel consumables. Get detailed information to ensure safe handling and use in metallographic processes.","breadcrumb":{"@id":"https:\/\/akasel.com\/us\/sds-pds\/sds\/sds-espanol\/#breadcrumb"},"inLanguage":"en-US","potentialAction":[{"@type":"ReadAction","target":["https:\/\/akasel.com\/us\/sds-pds\/sds\/sds-espanol\/"]}]},{"@type":"BreadcrumbList","@id":"https:\/\/akasel.com\/us\/sds-pds\/sds\/sds-espanol\/#breadcrumb","itemListElement":[{"@type":"ListItem","position":1,"name":"Home","item":"https:\/\/akasel.com\/us\/"},{"@type":"ListItem","position":2,"name":"SDS\/PDS","item":"https:\/\/akasel.com\/us\/sds-pds\/"},{"@type":"ListItem","position":3,"name":"SDS","item":"https:\/\/akasel.com\/us\/sds-pds\/sds\/"},{"@type":"ListItem","position":4,"name":"SDS &#8211; Espa\u00f1ol"}]},{"@type":"WebSite","@id":"https:\/\/akasel.com\/us\/#website","url":"https:\/\/akasel.com\/us\/","name":"AKASEL A\/S","description":"","potentialAction":[{"@type":"SearchAction","target":{"@type":"EntryPoint","urlTemplate":"https:\/\/akasel.com\/us\/?s={search_term_string}"},"query-input":"required name=search_term_string"}],"inLanguage":"en-US"}]}},"_links":{"self":[{"href":"https:\/\/akasel.com\/us\/wp-json\/wp\/v2\/pages\/8215"}],"collection":[{"href":"https:\/\/akasel.com\/us\/wp-json\/wp\/v2\/pages"}],"about":[{"href":"https:\/\/akasel.com\/us\/wp-json\/wp\/v2\/types\/page"}],"author":[{"embeddable":true,"href":"https:\/\/akasel.com\/us\/wp-json\/wp\/v2\/users\/1"}],"replies":[{"embeddable":true,"href":"https:\/\/akasel.com\/us\/wp-json\/wp\/v2\/comments?post=8215"}],"version-history":[{"count":9,"href":"https:\/\/akasel.com\/us\/wp-json\/wp\/v2\/pages\/8215\/revisions"}],"predecessor-version":[{"id":12653,"href":"https:\/\/akasel.com\/us\/wp-json\/wp\/v2\/pages\/8215\/revisions\/12653"}],"up":[{"embeddable":true,"href":"https:\/\/akasel.com\/us\/wp-json\/wp\/v2\/pages\/8212"}],"wp:attachment":[{"href":"https:\/\/akasel.com\/us\/wp-json\/wp\/v2\/media?parent=8215"}],"curies":[{"name":"wp","href":"https:\/\/api.w.org\/{rel}","templated":true}]}}